{"id":8697,"date":"2020-03-08T13:06:02","date_gmt":"2020-03-08T12:06:02","guid":{"rendered":"https:\/\/mennconcept.com\/?post_type=product&#038;p=8697"},"modified":"2025-12-26T13:11:34","modified_gmt":"2025-12-26T12:11:34","slug":"lavabo-cuivre-marocain-moroccan-copper-sink-18","status":"publish","type":"product","link":"https:\/\/mennconcept.com\/it\/decoration\/lavandino\/lavabo-cuivre-marocain-moroccan-copper-sink-18\/","title":{"rendered":"Lavabo cuivre marocain\/ Moroccan Copper sink 18"},"content":{"rendered":"<p>40cm<\/p>\n<p>\ud83c\uddeb\ud83c\uddf7 Lavabo cuivre artisanat marocain traditionnel\u00a0 cuisine salle de bains laiton maillechort Marrakech Maroc martel\u00e9 ext\u00e9rieur non castr\u00e9e artisanale<\/p>\n<p>Fabrication sur mesure aussiT<\/p>\n<p>TVA inclut + Transport gratuit France<\/p>\n<p>\ud83c\uddec\ud83c\udde7 Copper sink traditional Moroccan crafts bathroom kitchen nickel silver brass Marrakech Morocco hammered exterior non castrated artisanal<\/p>\n<p>Made to measure too<\/p>\n<p>VAT included + Free transport France<\/p>\n","protected":false},"excerpt":{"rendered":"<p>40cm<\/p>\n<p>\ud83c\uddeb\ud83c\uddf7 Lavabo cuivre artisanat marocain traditionnel\u00a0 cuisine salle de bains laiton maillechort Marrakech Maroc martel\u00e9 ext\u00e9rieur non castr\u00e9e artisanale<\/p>\n<p>Fabrication sur mesure aussiT<\/p>\n<p>TVA inclut + Transport gratuit France<\/p>\n<p>\ud83c\uddec\ud83c\udde7 Copper sink traditional Moroccan crafts bathroom kitchen nickel silver brass Marrakech Morocco hammered exterior non castrated artisanal<\/p>\n<p>Made to measure too<\/p>\n<p>VAT included + Free transport France<\/p>\n","protected":false},"featured_media":13776,"comment_status":"open","ping_status":"closed","template":"","meta":{"_monsterinsights_skip_tracking":false,"_monsterinsights_sitenote_active":false,"_monsterinsights_sitenote_note":"","_monsterinsights_sitenote_category":0,"_joinchat":[],"jetpack_publicize_message":"","jetpack_publicize_feature_enabled":true,"jetpack_social_post_already_shared":true,"jetpack_social_options":{"image_generator_settings":{"template":"highway","default_image_id":0,"font":"","enabled":false},"version":2}},"product_brand":[],"product_cat":[44],"product_tag":[],"class_list":{"0":"post-8697","1":"product","2":"type-product","3":"status-publish","4":"has-post-thumbnail","6":"product_cat-lavabo","8":"first","9":"instock","10":"taxable","11":"shipping-taxable","12":"purchasable","13":"product-type-simple"},"yoast_head":"<!-- This site is optimized with the Yoast SEO plugin v27.3 - https:\/\/yoast.com\/product\/yoast-seo-wordpress\/ -->\n<title>Lavabo cuivre marocain\/ Moroccan Copper sink 18 - Artisanat Marocain Mennconcept<\/title>\n<meta name=\"robots\" content=\"index, follow, max-snippet:-1, max-image-preview:large, max-video-preview:-1\" \/>\n<link rel=\"canonical\" href=\"https:\/\/mennconcept.com\/it\/decoration\/lavandino\/lavabo-cuivre-marocain-moroccan-copper-sink-18\/\" \/>\n<meta property=\"og:locale\" content=\"it_IT\" \/>\n<meta property=\"og:type\" content=\"article\" \/>\n<meta property=\"og:title\" content=\"Lavabo cuivre marocain\/ Moroccan Copper sink 18 - Artisanat Marocain Mennconcept\" \/>\n<meta property=\"og:description\" content=\"40cm  \ud83c\uddeb\ud83c\uddf7 Lavabo cuivre artisanat marocain traditionnel\u00a0 cuisine salle de bains laiton maillechort Marrakech Maroc martel\u00e9 ext\u00e9rieur non castr\u00e9e artisanale  Fabrication sur mesure aussiT  TVA inclut + Transport gratuit France  \ud83c\uddec\ud83c\udde7 Copper sink traditional Moroccan crafts bathroom kitchen nickel silver brass Marrakech Morocco hammered exterior non castrated artisanal  Made to measure too  VAT included + Free transport France\" \/>\n<meta property=\"og:url\" content=\"https:\/\/mennconcept.com\/it\/decoration\/lavandino\/lavabo-cuivre-marocain-moroccan-copper-sink-18\/\" \/>\n<meta property=\"og:site_name\" content=\"Artisanat Marocain Mennconcept\" \/>\n<meta property=\"article:modified_time\" content=\"2025-12-26T12:11:34+00:00\" \/>\n<meta property=\"og:image\" content=\"https:\/\/mennconcept.com\/wp-content\/uploads\/2019\/12\/lavabo-cuivre-marocain-Moroccan-Copper-sink-18.jpg\" \/>\n\t<meta property=\"og:image:width\" content=\"687\" \/>\n\t<meta property=\"og:image:height\" content=\"490\" \/>\n\t<meta property=\"og:image:type\" content=\"image\/jpeg\" \/>\n<meta name=\"twitter:card\" content=\"summary_large_image\" \/>\n<meta name=\"twitter:site\" content=\"@ArtisanatM\" \/>\n<meta name=\"twitter:label1\" content=\"Tempo di lettura stimato\" \/>\n\t<meta name=\"twitter:data1\" content=\"1 minuto\" \/>\n<script type=\"application\/ld+json\" class=\"yoast-schema-graph\">{\"@context\":\"https:\\\/\\\/schema.org\",\"@graph\":[{\"@type\":\"WebPage\",\"@id\":\"https:\\\/\\\/mennconcept.com\\\/it\\\/decoration\\\/lavandino\\\/lavabo-cuivre-marocain-moroccan-copper-sink-18\\\/\",\"url\":\"https:\\\/\\\/mennconcept.com\\\/it\\\/decoration\\\/lavandino\\\/lavabo-cuivre-marocain-moroccan-copper-sink-18\\\/\",\"name\":\"Lavabo cuivre marocain\\\/ Moroccan Copper sink 18 - Artisanat Marocain Mennconcept\",\"isPartOf\":{\"@id\":\"https:\\\/\\\/mennconcept.com\\\/it\\\/#website\"},\"primaryImageOfPage\":{\"@id\":\"https:\\\/\\\/mennconcept.com\\\/it\\\/decoration\\\/lavandino\\\/lavabo-cuivre-marocain-moroccan-copper-sink-18\\\/#primaryimage\"},\"image\":{\"@id\":\"https:\\\/\\\/mennconcept.com\\\/it\\\/decoration\\\/lavandino\\\/lavabo-cuivre-marocain-moroccan-copper-sink-18\\\/#primaryimage\"},\"thumbnailUrl\":\"https:\\\/\\\/mennconcept.com\\\/wp-content\\\/uploads\\\/2019\\\/12\\\/lavabo-cuivre-marocain-Moroccan-Copper-sink-18.jpg\",\"datePublished\":\"2020-03-08T12:06:02+00:00\",\"dateModified\":\"2025-12-26T12:11:34+00:00\",\"breadcrumb\":{\"@id\":\"https:\\\/\\\/mennconcept.com\\\/it\\\/decoration\\\/lavandino\\\/lavabo-cuivre-marocain-moroccan-copper-sink-18\\\/#breadcrumb\"},\"inLanguage\":\"it-IT\",\"potentialAction\":[{\"@type\":\"ReadAction\",\"target\":[\"https:\\\/\\\/mennconcept.com\\\/it\\\/decoration\\\/lavandino\\\/lavabo-cuivre-marocain-moroccan-copper-sink-18\\\/\"]}]},{\"@type\":\"ImageObject\",\"inLanguage\":\"it-IT\",\"@id\":\"https:\\\/\\\/mennconcept.com\\\/it\\\/decoration\\\/lavandino\\\/lavabo-cuivre-marocain-moroccan-copper-sink-18\\\/#primaryimage\",\"url\":\"https:\\\/\\\/mennconcept.com\\\/wp-content\\\/uploads\\\/2019\\\/12\\\/lavabo-cuivre-marocain-Moroccan-Copper-sink-18.jpg\",\"contentUrl\":\"https:\\\/\\\/mennconcept.com\\\/wp-content\\\/uploads\\\/2019\\\/12\\\/lavabo-cuivre-marocain-Moroccan-Copper-sink-18.jpg\",\"width\":687,\"height\":490},{\"@type\":\"BreadcrumbList\",\"@id\":\"https:\\\/\\\/mennconcept.com\\\/it\\\/decoration\\\/lavandino\\\/lavabo-cuivre-marocain-moroccan-copper-sink-18\\\/#breadcrumb\",\"itemListElement\":[{\"@type\":\"ListItem\",\"position\":1,\"name\":\"Accueil\",\"item\":\"https:\\\/\\\/mennconcept.com\\\/it\\\/\"},{\"@type\":\"ListItem\",\"position\":2,\"name\":\"Negozio\",\"item\":\"https:\\\/\\\/mennconcept.com\\\/it\\\/negozio\\\/\"},{\"@type\":\"ListItem\",\"position\":3,\"name\":\"Lavabo cuivre marocain\\\/ Moroccan Copper sink 18\"}]},{\"@type\":\"WebSite\",\"@id\":\"https:\\\/\\\/mennconcept.com\\\/it\\\/#website\",\"url\":\"https:\\\/\\\/mennconcept.com\\\/it\\\/\",\"name\":\"Artisanat Marocain Mennconcept\",\"description\":\"L&#039;Art de la Lumi\u00e8re. Artisanat Marocain de Luxe &amp; Cuivre Massif.\",\"publisher\":{\"@id\":\"https:\\\/\\\/mennconcept.com\\\/it\\\/#\\\/schema\\\/person\\\/2b311a14878282b83fdf0b876d5463fd\"},\"potentialAction\":[{\"@type\":\"SearchAction\",\"target\":{\"@type\":\"EntryPoint\",\"urlTemplate\":\"https:\\\/\\\/mennconcept.com\\\/it\\\/?s={search_term_string}\"},\"query-input\":{\"@type\":\"PropertyValueSpecification\",\"valueRequired\":true,\"valueName\":\"search_term_string\"}}],\"inLanguage\":\"it-IT\"},{\"@type\":[\"Person\",\"Organization\"],\"@id\":\"https:\\\/\\\/mennconcept.com\\\/it\\\/#\\\/schema\\\/person\\\/2b311a14878282b83fdf0b876d5463fd\",\"name\":\"mennconcept\",\"image\":{\"@type\":\"ImageObject\",\"inLanguage\":\"it-IT\",\"@id\":\"https:\\\/\\\/mennconcept.com\\\/wp-content\\\/uploads\\\/2021\\\/09\\\/rxyrsugfiinmmzpjdwly_400x400.png\",\"url\":\"https:\\\/\\\/mennconcept.com\\\/wp-content\\\/uploads\\\/2021\\\/09\\\/rxyrsugfiinmmzpjdwly_400x400.png\",\"contentUrl\":\"https:\\\/\\\/mennconcept.com\\\/wp-content\\\/uploads\\\/2021\\\/09\\\/rxyrsugfiinmmzpjdwly_400x400.png\",\"width\":400,\"height\":400,\"caption\":\"mennconcept\"},\"logo\":{\"@id\":\"https:\\\/\\\/mennconcept.com\\\/wp-content\\\/uploads\\\/2021\\\/09\\\/rxyrsugfiinmmzpjdwly_400x400.png\"}}]}<\/script>\n<!-- \/ Yoast SEO plugin. -->","yoast_head_json":{"title":"Lavabo cuivre marocain\/ Moroccan Copper sink 18 - Artisanat Marocain Mennconcept","robots":{"index":"index","follow":"follow","max-snippet":"max-snippet:-1","max-image-preview":"max-image-preview:large","max-video-preview":"max-video-preview:-1"},"canonical":"https:\/\/mennconcept.com\/it\/decoration\/lavandino\/lavabo-cuivre-marocain-moroccan-copper-sink-18\/","og_locale":"it_IT","og_type":"article","og_title":"Lavabo cuivre marocain\/ Moroccan Copper sink 18 - Artisanat Marocain Mennconcept","og_description":"40cm  \ud83c\uddeb\ud83c\uddf7 Lavabo cuivre artisanat marocain traditionnel\u00a0 cuisine salle de bains laiton maillechort Marrakech Maroc martel\u00e9 ext\u00e9rieur non castr\u00e9e artisanale  Fabrication sur mesure aussiT  TVA inclut + Transport gratuit France  \ud83c\uddec\ud83c\udde7 Copper sink traditional Moroccan crafts bathroom kitchen nickel silver brass Marrakech Morocco hammered exterior non castrated artisanal  Made to measure too  VAT included + Free transport France","og_url":"https:\/\/mennconcept.com\/it\/decoration\/lavandino\/lavabo-cuivre-marocain-moroccan-copper-sink-18\/","og_site_name":"Artisanat Marocain Mennconcept","article_modified_time":"2025-12-26T12:11:34+00:00","og_image":[{"width":687,"height":490,"url":"https:\/\/mennconcept.com\/wp-content\/uploads\/2019\/12\/lavabo-cuivre-marocain-Moroccan-Copper-sink-18.jpg","type":"image\/jpeg"}],"twitter_card":"summary_large_image","twitter_site":"@ArtisanatM","twitter_misc":{"Tempo di lettura stimato":"1 minuto"},"schema":{"@context":"https:\/\/schema.org","@graph":[{"@type":"WebPage","@id":"https:\/\/mennconcept.com\/it\/decoration\/lavandino\/lavabo-cuivre-marocain-moroccan-copper-sink-18\/","url":"https:\/\/mennconcept.com\/it\/decoration\/lavandino\/lavabo-cuivre-marocain-moroccan-copper-sink-18\/","name":"Lavabo cuivre marocain\/ Moroccan Copper sink 18 - Artisanat Marocain Mennconcept","isPartOf":{"@id":"https:\/\/mennconcept.com\/it\/#website"},"primaryImageOfPage":{"@id":"https:\/\/mennconcept.com\/it\/decoration\/lavandino\/lavabo-cuivre-marocain-moroccan-copper-sink-18\/#primaryimage"},"image":{"@id":"https:\/\/mennconcept.com\/it\/decoration\/lavandino\/lavabo-cuivre-marocain-moroccan-copper-sink-18\/#primaryimage"},"thumbnailUrl":"https:\/\/mennconcept.com\/wp-content\/uploads\/2019\/12\/lavabo-cuivre-marocain-Moroccan-Copper-sink-18.jpg","datePublished":"2020-03-08T12:06:02+00:00","dateModified":"2025-12-26T12:11:34+00:00","breadcrumb":{"@id":"https:\/\/mennconcept.com\/it\/decoration\/lavandino\/lavabo-cuivre-marocain-moroccan-copper-sink-18\/#breadcrumb"},"inLanguage":"it-IT","potentialAction":[{"@type":"ReadAction","target":["https:\/\/mennconcept.com\/it\/decoration\/lavandino\/lavabo-cuivre-marocain-moroccan-copper-sink-18\/"]}]},{"@type":"ImageObject","inLanguage":"it-IT","@id":"https:\/\/mennconcept.com\/it\/decoration\/lavandino\/lavabo-cuivre-marocain-moroccan-copper-sink-18\/#primaryimage","url":"https:\/\/mennconcept.com\/wp-content\/uploads\/2019\/12\/lavabo-cuivre-marocain-Moroccan-Copper-sink-18.jpg","contentUrl":"https:\/\/mennconcept.com\/wp-content\/uploads\/2019\/12\/lavabo-cuivre-marocain-Moroccan-Copper-sink-18.jpg","width":687,"height":490},{"@type":"BreadcrumbList","@id":"https:\/\/mennconcept.com\/it\/decoration\/lavandino\/lavabo-cuivre-marocain-moroccan-copper-sink-18\/#breadcrumb","itemListElement":[{"@type":"ListItem","position":1,"name":"Accueil","item":"https:\/\/mennconcept.com\/it\/"},{"@type":"ListItem","position":2,"name":"Negozio","item":"https:\/\/mennconcept.com\/it\/negozio\/"},{"@type":"ListItem","position":3,"name":"Lavabo cuivre marocain\/ Moroccan Copper sink 18"}]},{"@type":"WebSite","@id":"https:\/\/mennconcept.com\/it\/#website","url":"https:\/\/mennconcept.com\/it\/","name":"Artisanat Marocain Mennconcept","description":"L&#039;Art de la Lumi\u00e8re. Artisanat Marocain de Luxe &amp; Cuivre Massif.","publisher":{"@id":"https:\/\/mennconcept.com\/it\/#\/schema\/person\/2b311a14878282b83fdf0b876d5463fd"},"potentialAction":[{"@type":"SearchAction","target":{"@type":"EntryPoint","urlTemplate":"https:\/\/mennconcept.com\/it\/?s={search_term_string}"},"query-input":{"@type":"PropertyValueSpecification","valueRequired":true,"valueName":"search_term_string"}}],"inLanguage":"it-IT"},{"@type":["Person","Organization"],"@id":"https:\/\/mennconcept.com\/it\/#\/schema\/person\/2b311a14878282b83fdf0b876d5463fd","name":"mennconcept","image":{"@type":"ImageObject","inLanguage":"it-IT","@id":"https:\/\/mennconcept.com\/wp-content\/uploads\/2021\/09\/rxyrsugfiinmmzpjdwly_400x400.png","url":"https:\/\/mennconcept.com\/wp-content\/uploads\/2021\/09\/rxyrsugfiinmmzpjdwly_400x400.png","contentUrl":"https:\/\/mennconcept.com\/wp-content\/uploads\/2021\/09\/rxyrsugfiinmmzpjdwly_400x400.png","width":400,"height":400,"caption":"mennconcept"},"logo":{"@id":"https:\/\/mennconcept.com\/wp-content\/uploads\/2021\/09\/rxyrsugfiinmmzpjdwly_400x400.png"}}]}},"jetpack_publicize_connections":[],"amp_enabled":true,"_links":{"self":[{"href":"https:\/\/mennconcept.com\/it\/wp-json\/wp\/v2\/product\/8697","targetHints":{"allow":["GET"]}}],"collection":[{"href":"https:\/\/mennconcept.com\/it\/wp-json\/wp\/v2\/product"}],"about":[{"href":"https:\/\/mennconcept.com\/it\/wp-json\/wp\/v2\/types\/product"}],"replies":[{"embeddable":true,"href":"https:\/\/mennconcept.com\/it\/wp-json\/wp\/v2\/comments?post=8697"}],"wp:featuredmedia":[{"embeddable":true,"href":"https:\/\/mennconcept.com\/it\/wp-json\/wp\/v2\/media\/13776"}],"wp:attachment":[{"href":"https:\/\/mennconcept.com\/it\/wp-json\/wp\/v2\/media?parent=8697"}],"wp:term":[{"taxonomy":"product_brand","embeddable":true,"href":"https:\/\/mennconcept.com\/it\/wp-json\/wp\/v2\/product_brand?post=8697"},{"taxonomy":"product_cat","embeddable":true,"href":"https:\/\/mennconcept.com\/it\/wp-json\/wp\/v2\/product_cat?post=8697"},{"taxonomy":"product_tag","embeddable":true,"href":"https:\/\/mennconcept.com\/it\/wp-json\/wp\/v2\/product_tag?post=8697"}],"curies":[{"name":"wp","href":"https:\/\/api.w.org\/{rel}","templated":true}]}}