{"id":429,"date":"2016-08-29T14:51:37","date_gmt":"2016-08-29T13:51:37","guid":{"rendered":"https:\/\/mennconcept.com\/?post_type=product&#038;p=429"},"modified":"2021-04-17T23:10:23","modified_gmt":"2021-04-17T21:10:23","slug":"lanterne-marocain-en-cuivre-moroccan-copper-lantern-23","status":"publish","type":"product","link":"https:\/\/mennconcept.com\/it\/decoration\/lanterna-inserita\/lanterne-marocain-en-cuivre-moroccan-copper-lantern-23\/","title":{"rendered":"Lanterne marocain en cuivre \/ moroccan copper lantern 23"},"content":{"rendered":"<p><strong>100\/40cm<\/strong><\/p>\n<p>&nbsp;<\/p>\n<p><strong>\ud83c\uddeb\ud83c\uddf7\u00a0<\/strong><strong>\u00a0<\/strong>Lampe en cuivre style marocain, berb\u00e8re, filigrane, arabesque, islamique, oriental, lanterne, \u00e0 poser, pondant suspension marocaine traditionnel maillechort cuivre laiton patin\u00e9 vieillis d\u2019ores argent\u00e9 artisanat marocain, artisanale Marrakech Maroc traditionnel lampe salon, couloir , chambre, salle \u00e0 manger, terrasse, chambre \u00e0 coucher, Cuisine, escalier\u2026.<\/p>\n<p>Fabrication sur mesure, de diff\u00e9rant tailles et mati\u00e8res, production sp\u00e9ciale pour un charme et une d\u00e9coration sp\u00e9ciale<\/p>\n<p>Transport gratuit France.<\/p>\n<p>T.V.A inclut.<\/p>\n<p>&nbsp;<\/p>\n<p><strong>\ud83c\uddec\ud83c\udde7\u00a0<\/strong>\u00a0<strong>\u00a0<\/strong>Moroccan style copper lamp, Berber, filigree, arabesque, Islamic, oriental, lantern, to pose, laying traditional Moroccan pendant light nickel silver copper patinated brass aged silver Moroccan craftsmanship, traditional Marrakech Morocco traditional lamp living room, hallway, bedroom, dining room dining, terrace, bedroom, kitchen, staircase\u2026.<\/p>\n<p>Made to measure, in different sizes and materials, special production for a special charm and decoration<\/p>\n<p>Free transport France.<\/p>\n<p>VAT included<\/p>\n","protected":false},"excerpt":{"rendered":"<p><strong>100\/40cm<\/strong><\/p>\n<p>&nbsp;<\/p>\n<p><strong>\ud83c\uddeb\ud83c\uddf7\u00a0<\/strong><strong>\u00a0<\/strong>Lampe en cuivre style marocain, berb\u00e8re, filigrane, arabesque, islamique, oriental, lanterne, \u00e0 poser, pondant suspension marocaine traditionnel maillechort cuivre laiton patin\u00e9 vieillis d\u2019ores argent\u00e9 artisanat marocain, artisanale Marrakech Maroc traditionnel lampe salon, couloir , chambre, salle \u00e0 manger, terrasse, chambre \u00e0 coucher, Cuisine, escalier\u2026.<\/p>\n<p>Fabrication sur mesure, de diff\u00e9rant tailles et mati\u00e8res, production sp\u00e9ciale pour un charme et une d\u00e9coration sp\u00e9ciale<\/p>\n<p>Transport gratuit France.<\/p>\n<p>T.V.A inclut.<\/p>\n<p>&nbsp;<\/p>\n<p><strong>\ud83c\uddec\ud83c\udde7\u00a0<\/strong>\u00a0<strong>\u00a0<\/strong>Moroccan style copper lamp, Berber, filigree, arabesque, Islamic, oriental, lantern, to pose, laying traditional Moroccan pendant light nickel silver copper patinated brass aged silver Moroccan craftsmanship, traditional Marrakech Morocco traditional lamp living room, hallway, bedroom, dining room dining, terrace, bedroom, kitchen, staircase\u2026.<\/p>\n<p>Made to measure, in different sizes and materials, special production for a special charm and decoration<\/p>\n<p>Free transport France.<\/p>\n<p>VAT included<\/p>\n","protected":false},"featured_media":13811,"comment_status":"open","ping_status":"closed","template":"","meta":{"_monsterinsights_skip_tracking":false,"_monsterinsights_sitenote_active":false,"_monsterinsights_sitenote_note":"","_monsterinsights_sitenote_category":0,"_joinchat":[],"jetpack_publicize_message":"","jetpack_publicize_feature_enabled":true,"jetpack_social_post_already_shared":true,"jetpack_social_options":{"image_generator_settings":{"template":"highway","default_image_id":0,"font":"","enabled":false},"version":2}},"product_brand":[],"product_cat":[80],"product_tag":[],"class_list":{"0":"post-429","1":"product","2":"type-product","3":"status-publish","4":"has-post-thumbnail","6":"product_cat-lampe-de-chevet-marocain","8":"first","9":"instock","10":"featured","11":"taxable","12":"shipping-taxable","13":"purchasable","14":"product-type-simple"},"yoast_head":"<!-- This site is optimized with the Yoast SEO plugin v27.3 - https:\/\/yoast.com\/product\/yoast-seo-wordpress\/ -->\n<title>Lanterne marocain en cuivre \/ moroccan copper lantern 23 - Artisanat Marocain Mennconcept<\/title>\n<meta name=\"robots\" content=\"index, follow, max-snippet:-1, max-image-preview:large, max-video-preview:-1\" \/>\n<link rel=\"canonical\" href=\"https:\/\/mennconcept.com\/it\/decoration\/lanterna-inserita\/lanterne-marocain-en-cuivre-moroccan-copper-lantern-23\/\" \/>\n<meta property=\"og:locale\" content=\"it_IT\" \/>\n<meta property=\"og:type\" content=\"article\" \/>\n<meta property=\"og:title\" content=\"Lanterne marocain en cuivre \/ moroccan copper lantern 23 - Artisanat Marocain Mennconcept\" \/>\n<meta property=\"og:description\" content=\"100\/40cm  &nbsp;  \ud83c\uddeb\ud83c\uddf7\u00a0\u00a0Lampe en cuivre style marocain, berb\u00e8re, filigrane, arabesque, islamique, oriental, lanterne, \u00e0 poser, pondant suspension marocaine traditionnel maillechort cuivre laiton patin\u00e9 vieillis d\u2019ores argent\u00e9 artisanat marocain, artisanale Marrakech Maroc traditionnel lampe salon, couloir , chambre, salle \u00e0 manger, terrasse, chambre \u00e0 coucher, Cuisine, escalier\u2026.  Fabrication sur mesure, de diff\u00e9rant tailles et mati\u00e8res, production sp\u00e9ciale pour un charme et une d\u00e9coration sp\u00e9ciale  Transport gratuit France.  T.V.A inclut.  &nbsp;  \ud83c\uddec\ud83c\udde7\u00a0\u00a0\u00a0Moroccan style copper lamp, Berber, filigree, arabesque, Islamic, oriental, lantern, to pose, laying traditional Moroccan pendant light nickel silver copper patinated brass aged silver Moroccan craftsmanship, traditional Marrakech Morocco traditional lamp living room, hallway, bedroom, dining room dining, terrace, bedroom, kitchen, staircase\u2026.  Made to measure, in different sizes and materials, special production for a special charm and decoration  Free transport France.  VAT included\" \/>\n<meta property=\"og:url\" content=\"https:\/\/mennconcept.com\/it\/decoration\/lanterna-inserita\/lanterne-marocain-en-cuivre-moroccan-copper-lantern-23\/\" \/>\n<meta property=\"og:site_name\" content=\"Artisanat Marocain Mennconcept\" \/>\n<meta property=\"article:modified_time\" content=\"2021-04-17T21:10:23+00:00\" \/>\n<meta property=\"og:image\" content=\"https:\/\/i1.wp.com\/mennconcept.com\/wp-content\/uploads\/2020\/05\/Lanterne-marocaine-en-cuivre-Moroccan-Copper-lantern-23.jpeg?fit=480%2C477&ssl=1\" \/>\n\t<meta property=\"og:image:width\" content=\"480\" \/>\n\t<meta property=\"og:image:height\" content=\"477\" \/>\n\t<meta property=\"og:image:type\" content=\"image\/jpeg\" \/>\n<meta name=\"twitter:card\" content=\"summary_large_image\" \/>\n<meta name=\"twitter:site\" content=\"@ArtisanatM\" \/>\n<meta name=\"twitter:label1\" content=\"Tempo di lettura stimato\" \/>\n\t<meta name=\"twitter:data1\" content=\"1 minuto\" \/>\n<script type=\"application\/ld+json\" class=\"yoast-schema-graph\">{\"@context\":\"https:\\\/\\\/schema.org\",\"@graph\":[{\"@type\":\"WebPage\",\"@id\":\"https:\\\/\\\/mennconcept.com\\\/it\\\/decoration\\\/lanterna-inserita\\\/lanterne-marocain-en-cuivre-moroccan-copper-lantern-23\\\/\",\"url\":\"https:\\\/\\\/mennconcept.com\\\/it\\\/decoration\\\/lanterna-inserita\\\/lanterne-marocain-en-cuivre-moroccan-copper-lantern-23\\\/\",\"name\":\"Lanterne marocain en cuivre \\\/ moroccan copper lantern 23 - Artisanat Marocain Mennconcept\",\"isPartOf\":{\"@id\":\"https:\\\/\\\/mennconcept.com\\\/it\\\/#website\"},\"primaryImageOfPage\":{\"@id\":\"https:\\\/\\\/mennconcept.com\\\/it\\\/decoration\\\/lanterna-inserita\\\/lanterne-marocain-en-cuivre-moroccan-copper-lantern-23\\\/#primaryimage\"},\"image\":{\"@id\":\"https:\\\/\\\/mennconcept.com\\\/it\\\/decoration\\\/lanterna-inserita\\\/lanterne-marocain-en-cuivre-moroccan-copper-lantern-23\\\/#primaryimage\"},\"thumbnailUrl\":\"https:\\\/\\\/mennconcept.com\\\/wp-content\\\/uploads\\\/2020\\\/05\\\/Lanterne-marocaine-en-cuivre-Moroccan-Copper-lantern-23.jpeg\",\"datePublished\":\"2016-08-29T13:51:37+00:00\",\"dateModified\":\"2021-04-17T21:10:23+00:00\",\"breadcrumb\":{\"@id\":\"https:\\\/\\\/mennconcept.com\\\/it\\\/decoration\\\/lanterna-inserita\\\/lanterne-marocain-en-cuivre-moroccan-copper-lantern-23\\\/#breadcrumb\"},\"inLanguage\":\"it-IT\",\"potentialAction\":[{\"@type\":\"ReadAction\",\"target\":[\"https:\\\/\\\/mennconcept.com\\\/it\\\/decoration\\\/lanterna-inserita\\\/lanterne-marocain-en-cuivre-moroccan-copper-lantern-23\\\/\"]}]},{\"@type\":\"ImageObject\",\"inLanguage\":\"it-IT\",\"@id\":\"https:\\\/\\\/mennconcept.com\\\/it\\\/decoration\\\/lanterna-inserita\\\/lanterne-marocain-en-cuivre-moroccan-copper-lantern-23\\\/#primaryimage\",\"url\":\"https:\\\/\\\/mennconcept.com\\\/wp-content\\\/uploads\\\/2020\\\/05\\\/Lanterne-marocaine-en-cuivre-Moroccan-Copper-lantern-23.jpeg\",\"contentUrl\":\"https:\\\/\\\/mennconcept.com\\\/wp-content\\\/uploads\\\/2020\\\/05\\\/Lanterne-marocaine-en-cuivre-Moroccan-Copper-lantern-23.jpeg\",\"width\":480,\"height\":477},{\"@type\":\"BreadcrumbList\",\"@id\":\"https:\\\/\\\/mennconcept.com\\\/it\\\/decoration\\\/lanterna-inserita\\\/lanterne-marocain-en-cuivre-moroccan-copper-lantern-23\\\/#breadcrumb\",\"itemListElement\":[{\"@type\":\"ListItem\",\"position\":1,\"name\":\"Accueil\",\"item\":\"https:\\\/\\\/mennconcept.com\\\/it\\\/\"},{\"@type\":\"ListItem\",\"position\":2,\"name\":\"Negozio\",\"item\":\"https:\\\/\\\/mennconcept.com\\\/it\\\/negozio\\\/\"},{\"@type\":\"ListItem\",\"position\":3,\"name\":\"Lanterne marocain en cuivre \\\/ moroccan copper lantern 23\"}]},{\"@type\":\"WebSite\",\"@id\":\"https:\\\/\\\/mennconcept.com\\\/it\\\/#website\",\"url\":\"https:\\\/\\\/mennconcept.com\\\/it\\\/\",\"name\":\"Artisanat Marocain Mennconcept\",\"description\":\"L&#039;Art de la Lumi\u00e8re. Artisanat Marocain de Luxe &amp; Cuivre Massif.\",\"publisher\":{\"@id\":\"https:\\\/\\\/mennconcept.com\\\/it\\\/#\\\/schema\\\/person\\\/2b311a14878282b83fdf0b876d5463fd\"},\"potentialAction\":[{\"@type\":\"SearchAction\",\"target\":{\"@type\":\"EntryPoint\",\"urlTemplate\":\"https:\\\/\\\/mennconcept.com\\\/it\\\/?s={search_term_string}\"},\"query-input\":{\"@type\":\"PropertyValueSpecification\",\"valueRequired\":true,\"valueName\":\"search_term_string\"}}],\"inLanguage\":\"it-IT\"},{\"@type\":[\"Person\",\"Organization\"],\"@id\":\"https:\\\/\\\/mennconcept.com\\\/it\\\/#\\\/schema\\\/person\\\/2b311a14878282b83fdf0b876d5463fd\",\"name\":\"mennconcept\",\"image\":{\"@type\":\"ImageObject\",\"inLanguage\":\"it-IT\",\"@id\":\"https:\\\/\\\/mennconcept.com\\\/wp-content\\\/uploads\\\/2021\\\/09\\\/rxyrsugfiinmmzpjdwly_400x400.png\",\"url\":\"https:\\\/\\\/mennconcept.com\\\/wp-content\\\/uploads\\\/2021\\\/09\\\/rxyrsugfiinmmzpjdwly_400x400.png\",\"contentUrl\":\"https:\\\/\\\/mennconcept.com\\\/wp-content\\\/uploads\\\/2021\\\/09\\\/rxyrsugfiinmmzpjdwly_400x400.png\",\"width\":400,\"height\":400,\"caption\":\"mennconcept\"},\"logo\":{\"@id\":\"https:\\\/\\\/mennconcept.com\\\/wp-content\\\/uploads\\\/2021\\\/09\\\/rxyrsugfiinmmzpjdwly_400x400.png\"}}]}<\/script>\n<!-- \/ Yoast SEO plugin. -->","yoast_head_json":{"title":"Lanterne marocain en cuivre \/ moroccan copper lantern 23 - Artisanat Marocain Mennconcept","robots":{"index":"index","follow":"follow","max-snippet":"max-snippet:-1","max-image-preview":"max-image-preview:large","max-video-preview":"max-video-preview:-1"},"canonical":"https:\/\/mennconcept.com\/it\/decoration\/lanterna-inserita\/lanterne-marocain-en-cuivre-moroccan-copper-lantern-23\/","og_locale":"it_IT","og_type":"article","og_title":"Lanterne marocain en cuivre \/ moroccan copper lantern 23 - Artisanat Marocain Mennconcept","og_description":"100\/40cm  &nbsp;  \ud83c\uddeb\ud83c\uddf7\u00a0\u00a0Lampe en cuivre style marocain, berb\u00e8re, filigrane, arabesque, islamique, oriental, lanterne, \u00e0 poser, pondant suspension marocaine traditionnel maillechort cuivre laiton patin\u00e9 vieillis d\u2019ores argent\u00e9 artisanat marocain, artisanale Marrakech Maroc traditionnel lampe salon, couloir , chambre, salle \u00e0 manger, terrasse, chambre \u00e0 coucher, Cuisine, escalier\u2026.  Fabrication sur mesure, de diff\u00e9rant tailles et mati\u00e8res, production sp\u00e9ciale pour un charme et une d\u00e9coration sp\u00e9ciale  Transport gratuit France.  T.V.A inclut.  &nbsp;  \ud83c\uddec\ud83c\udde7\u00a0\u00a0\u00a0Moroccan style copper lamp, Berber, filigree, arabesque, Islamic, oriental, lantern, to pose, laying traditional Moroccan pendant light nickel silver copper patinated brass aged silver Moroccan craftsmanship, traditional Marrakech Morocco traditional lamp living room, hallway, bedroom, dining room dining, terrace, bedroom, kitchen, staircase\u2026.  Made to measure, in different sizes and materials, special production for a special charm and decoration  Free transport France.  VAT included","og_url":"https:\/\/mennconcept.com\/it\/decoration\/lanterna-inserita\/lanterne-marocain-en-cuivre-moroccan-copper-lantern-23\/","og_site_name":"Artisanat Marocain Mennconcept","article_modified_time":"2021-04-17T21:10:23+00:00","og_image":[{"width":480,"height":477,"url":"https:\/\/i1.wp.com\/mennconcept.com\/wp-content\/uploads\/2020\/05\/Lanterne-marocaine-en-cuivre-Moroccan-Copper-lantern-23.jpeg?fit=480%2C477&ssl=1","type":"image\/jpeg"}],"twitter_card":"summary_large_image","twitter_site":"@ArtisanatM","twitter_misc":{"Tempo di lettura stimato":"1 minuto"},"schema":{"@context":"https:\/\/schema.org","@graph":[{"@type":"WebPage","@id":"https:\/\/mennconcept.com\/it\/decoration\/lanterna-inserita\/lanterne-marocain-en-cuivre-moroccan-copper-lantern-23\/","url":"https:\/\/mennconcept.com\/it\/decoration\/lanterna-inserita\/lanterne-marocain-en-cuivre-moroccan-copper-lantern-23\/","name":"Lanterne marocain en cuivre \/ moroccan copper lantern 23 - Artisanat Marocain Mennconcept","isPartOf":{"@id":"https:\/\/mennconcept.com\/it\/#website"},"primaryImageOfPage":{"@id":"https:\/\/mennconcept.com\/it\/decoration\/lanterna-inserita\/lanterne-marocain-en-cuivre-moroccan-copper-lantern-23\/#primaryimage"},"image":{"@id":"https:\/\/mennconcept.com\/it\/decoration\/lanterna-inserita\/lanterne-marocain-en-cuivre-moroccan-copper-lantern-23\/#primaryimage"},"thumbnailUrl":"https:\/\/mennconcept.com\/wp-content\/uploads\/2020\/05\/Lanterne-marocaine-en-cuivre-Moroccan-Copper-lantern-23.jpeg","datePublished":"2016-08-29T13:51:37+00:00","dateModified":"2021-04-17T21:10:23+00:00","breadcrumb":{"@id":"https:\/\/mennconcept.com\/it\/decoration\/lanterna-inserita\/lanterne-marocain-en-cuivre-moroccan-copper-lantern-23\/#breadcrumb"},"inLanguage":"it-IT","potentialAction":[{"@type":"ReadAction","target":["https:\/\/mennconcept.com\/it\/decoration\/lanterna-inserita\/lanterne-marocain-en-cuivre-moroccan-copper-lantern-23\/"]}]},{"@type":"ImageObject","inLanguage":"it-IT","@id":"https:\/\/mennconcept.com\/it\/decoration\/lanterna-inserita\/lanterne-marocain-en-cuivre-moroccan-copper-lantern-23\/#primaryimage","url":"https:\/\/mennconcept.com\/wp-content\/uploads\/2020\/05\/Lanterne-marocaine-en-cuivre-Moroccan-Copper-lantern-23.jpeg","contentUrl":"https:\/\/mennconcept.com\/wp-content\/uploads\/2020\/05\/Lanterne-marocaine-en-cuivre-Moroccan-Copper-lantern-23.jpeg","width":480,"height":477},{"@type":"BreadcrumbList","@id":"https:\/\/mennconcept.com\/it\/decoration\/lanterna-inserita\/lanterne-marocain-en-cuivre-moroccan-copper-lantern-23\/#breadcrumb","itemListElement":[{"@type":"ListItem","position":1,"name":"Accueil","item":"https:\/\/mennconcept.com\/it\/"},{"@type":"ListItem","position":2,"name":"Negozio","item":"https:\/\/mennconcept.com\/it\/negozio\/"},{"@type":"ListItem","position":3,"name":"Lanterne marocain en cuivre \/ moroccan copper lantern 23"}]},{"@type":"WebSite","@id":"https:\/\/mennconcept.com\/it\/#website","url":"https:\/\/mennconcept.com\/it\/","name":"Artisanat Marocain Mennconcept","description":"L&#039;Art de la Lumi\u00e8re. Artisanat Marocain de Luxe &amp; Cuivre Massif.","publisher":{"@id":"https:\/\/mennconcept.com\/it\/#\/schema\/person\/2b311a14878282b83fdf0b876d5463fd"},"potentialAction":[{"@type":"SearchAction","target":{"@type":"EntryPoint","urlTemplate":"https:\/\/mennconcept.com\/it\/?s={search_term_string}"},"query-input":{"@type":"PropertyValueSpecification","valueRequired":true,"valueName":"search_term_string"}}],"inLanguage":"it-IT"},{"@type":["Person","Organization"],"@id":"https:\/\/mennconcept.com\/it\/#\/schema\/person\/2b311a14878282b83fdf0b876d5463fd","name":"mennconcept","image":{"@type":"ImageObject","inLanguage":"it-IT","@id":"https:\/\/mennconcept.com\/wp-content\/uploads\/2021\/09\/rxyrsugfiinmmzpjdwly_400x400.png","url":"https:\/\/mennconcept.com\/wp-content\/uploads\/2021\/09\/rxyrsugfiinmmzpjdwly_400x400.png","contentUrl":"https:\/\/mennconcept.com\/wp-content\/uploads\/2021\/09\/rxyrsugfiinmmzpjdwly_400x400.png","width":400,"height":400,"caption":"mennconcept"},"logo":{"@id":"https:\/\/mennconcept.com\/wp-content\/uploads\/2021\/09\/rxyrsugfiinmmzpjdwly_400x400.png"}}]}},"jetpack_publicize_connections":[],"amp_enabled":true,"_links":{"self":[{"href":"https:\/\/mennconcept.com\/it\/wp-json\/wp\/v2\/product\/429","targetHints":{"allow":["GET"]}}],"collection":[{"href":"https:\/\/mennconcept.com\/it\/wp-json\/wp\/v2\/product"}],"about":[{"href":"https:\/\/mennconcept.com\/it\/wp-json\/wp\/v2\/types\/product"}],"replies":[{"embeddable":true,"href":"https:\/\/mennconcept.com\/it\/wp-json\/wp\/v2\/comments?post=429"}],"wp:featuredmedia":[{"embeddable":true,"href":"https:\/\/mennconcept.com\/it\/wp-json\/wp\/v2\/media\/13811"}],"wp:attachment":[{"href":"https:\/\/mennconcept.com\/it\/wp-json\/wp\/v2\/media?parent=429"}],"wp:term":[{"taxonomy":"product_brand","embeddable":true,"href":"https:\/\/mennconcept.com\/it\/wp-json\/wp\/v2\/product_brand?post=429"},{"taxonomy":"product_cat","embeddable":true,"href":"https:\/\/mennconcept.com\/it\/wp-json\/wp\/v2\/product_cat?post=429"},{"taxonomy":"product_tag","embeddable":true,"href":"https:\/\/mennconcept.com\/it\/wp-json\/wp\/v2\/product_tag?post=429"}],"curies":[{"name":"wp","href":"https:\/\/api.w.org\/{rel}","templated":true}]}}