{"id":4191,"date":"2019-11-19T13:27:09","date_gmt":"2019-11-19T12:27:09","guid":{"rendered":"https:\/\/mennconcept.com\/?post_type=product&#038;p=4191"},"modified":"2021-05-04T23:31:45","modified_gmt":"2021-05-04T21:31:45","slug":"robinet-cuivre-marocain-moroccan-copper-tap-05","status":"publish","type":"product","link":"https:\/\/mennconcept.com\/it\/decoration\/rubinetto\/robinet-cuivre-marocain-moroccan-copper-tap-05\/","title":{"rendered":"Robinet cuivre marocain\/ moroccan copper tap 05"},"content":{"rendered":"<p><strong>\ud83c\uddeb\ud83c\uddf7 Robinet cuivre m\u00e9langeur, mitigeurs artisanat laiton bronze artisanal m\u00e9tal traditionnel marocain grav\u00e9e, accessoires sanitaires, pour salle de bains, pour toilettes, pour douches, lavabos vasques, baignoire, installations douches lampe cuivre style marocain lanterne pondant suspension marocaine traditionnel maillechort cuivre laiton patin\u00e9 vieillis d\u2019ores argent\u00e9 artisanat marocain, artisanale Marrakech Maroc traditionnel lampe salon, couloir , chambre, salle \u00e0 manger, terrasse, chambre \u00e0 coucher, Cuisine,<\/strong><\/p>\n<p><strong>Fabrication sur mesure, de diff\u00e9rant taille et mati\u00e8re, production sp\u00e9ciale pour un charme et d\u00e9coration sp\u00e9cial<\/strong><\/p>\n<p><strong>livraison gratuite pour la France<\/strong><\/p>\n<p><strong>TVA inclus<\/strong><\/p>\n<p><strong>\ud83c\uddec\ud83c\udde7 Copper mixer tap, handcrafted brass handcrafted traditional Moroccan metal engraved metal taps, sanitary accessories, for bathroom, for toilets, for showers, wash basins, bathtubs, shower installations copper lamp Moroccan style lantern laying traditional Moroccan suspension nickel silver copper patinated brass aged d &#8216;ores argent\u00e9 marocan artisanat, artisanale Marrakech Maroc traditional lamp living room, hallway, bedroom, dining room, terrace, bedroom, Kitchen,<\/strong><\/p>\n<p><strong>Custom manufacturing, of different size and material, special production for a special charm and decoration<\/strong><\/p>\n<p><strong>free shipping\u00a0 for France<\/strong><\/p>\n<p><strong>TVA included<\/strong><\/p>\n","protected":false},"excerpt":{"rendered":"<p><strong>\ud83c\uddeb\ud83c\uddf7 Robinet cuivre m\u00e9langeur, mitigeurs artisanat laiton bronze artisanal m\u00e9tal traditionnel marocain grav\u00e9e, accessoires sanitaires, pour salle de bains, pour toilettes, pour douches, lavabos vasques, baignoire, installations douches lampe cuivre style marocain lanterne pondant suspension marocaine traditionnel maillechort cuivre laiton patin\u00e9 vieillis d\u2019ores argent\u00e9 artisanat marocain, artisanale Marrakech Maroc traditionnel lampe salon, couloir , chambre, salle \u00e0 manger, terrasse, chambre \u00e0 coucher, Cuisine,<\/strong><\/p>\n<p><strong>Fabrication sur mesure, de diff\u00e9rant taille et mati\u00e8re, production sp\u00e9ciale pour un charme et d\u00e9coration sp\u00e9cial<\/strong><\/p>\n<p><strong>livraison gratuite pour la France<\/strong><\/p>\n<p><strong>TVA inclus<\/strong><\/p>\n<p><strong>\ud83c\uddec\ud83c\udde7 Copper mixer tap, handcrafted brass handcrafted traditional Moroccan metal engraved metal taps, sanitary accessories, for bathroom, for toilets, for showers, wash basins, bathtubs, shower installations copper lamp Moroccan style lantern laying traditional Moroccan suspension nickel silver copper patinated brass aged d &#8216;ores argent\u00e9 marocan artisanat, artisanale Marrakech Maroc traditional lamp living room, hallway, bedroom, dining room, terrace, bedroom, Kitchen,<\/strong><\/p>\n<p><strong>Custom manufacturing, of different size and material, special production for a special charm and decoration<\/strong><\/p>\n<p><strong>free shipping\u00a0 for France<\/strong><\/p>\n<p><strong>TVA included<\/strong><\/p>\n","protected":false},"featured_media":572,"comment_status":"open","ping_status":"closed","template":"","meta":{"_monsterinsights_skip_tracking":false,"_monsterinsights_sitenote_active":false,"_monsterinsights_sitenote_note":"","_monsterinsights_sitenote_category":0,"_joinchat":[],"jetpack_publicize_message":"","jetpack_publicize_feature_enabled":true,"jetpack_social_post_already_shared":true,"jetpack_social_options":{"image_generator_settings":{"template":"highway","default_image_id":0,"font":"","enabled":false},"version":2}},"product_brand":[],"product_cat":[236],"product_tag":[],"class_list":{"0":"post-4191","1":"product","2":"type-product","3":"status-publish","4":"has-post-thumbnail","6":"product_cat-robinet","8":"first","9":"instock","10":"taxable","11":"shipping-taxable","12":"purchasable","13":"product-type-simple"},"yoast_head":"<!-- This site is optimized with the Yoast SEO plugin v27.3 - https:\/\/yoast.com\/product\/yoast-seo-wordpress\/ -->\n<title>Robinet cuivre,artisanat laiton bronze artisanal m\u00e9tal sale de bain<\/title>\n<meta name=\"description\" content=\"Robinet cuivre salle de bein,cuisine...m\u00e9langeur,artisanat marocain laiton bronze artisanal m\u00e9tal traditionnel marocain fait main,graver\u00a0marrakech\" \/>\n<meta name=\"robots\" content=\"index, follow, max-snippet:-1, max-image-preview:large, max-video-preview:-1\" \/>\n<link rel=\"canonical\" href=\"https:\/\/mennconcept.com\/it\/decoration\/rubinetto\/robinet-cuivre-marocain-moroccan-copper-tap-05\/\" \/>\n<meta property=\"og:locale\" content=\"it_IT\" \/>\n<meta property=\"og:type\" content=\"article\" \/>\n<meta property=\"og:title\" content=\"Robinet cuivre,artisanat laiton bronze artisanal m\u00e9tal sale de bain\" \/>\n<meta property=\"og:description\" content=\"Robinet cuivre salle de bein,cuisine...m\u00e9langeur,artisanat marocain laiton bronze artisanal m\u00e9tal traditionnel marocain fait main,graver\u00a0marrakech\" \/>\n<meta property=\"og:url\" content=\"https:\/\/mennconcept.com\/it\/decoration\/rubinetto\/robinet-cuivre-marocain-moroccan-copper-tap-05\/\" \/>\n<meta property=\"og:site_name\" content=\"Artisanat Marocain Mennconcept\" \/>\n<meta property=\"article:modified_time\" content=\"2021-05-04T21:31:45+00:00\" \/>\n<meta property=\"og:image\" content=\"https:\/\/i0.wp.com\/mennconcept.com\/wp-content\/uploads\/2016\/10\/000.jpg?fit=359%2C342&ssl=1\" \/>\n\t<meta property=\"og:image:width\" content=\"359\" \/>\n\t<meta property=\"og:image:height\" content=\"342\" \/>\n\t<meta property=\"og:image:type\" content=\"image\/jpeg\" \/>\n<meta name=\"twitter:card\" content=\"summary_large_image\" \/>\n<meta name=\"twitter:site\" content=\"@ArtisanatM\" \/>\n<meta name=\"twitter:label1\" content=\"Tempo di lettura stimato\" \/>\n\t<meta name=\"twitter:data1\" content=\"1 minuto\" \/>\n<script type=\"application\/ld+json\" class=\"yoast-schema-graph\">{\"@context\":\"https:\\\/\\\/schema.org\",\"@graph\":[{\"@type\":\"WebPage\",\"@id\":\"https:\\\/\\\/mennconcept.com\\\/it\\\/decoration\\\/rubinetto\\\/robinet-cuivre-marocain-moroccan-copper-tap-05\\\/\",\"url\":\"https:\\\/\\\/mennconcept.com\\\/it\\\/decoration\\\/rubinetto\\\/robinet-cuivre-marocain-moroccan-copper-tap-05\\\/\",\"name\":\"Robinet cuivre,artisanat laiton bronze artisanal m\u00e9tal sale de bain\",\"isPartOf\":{\"@id\":\"https:\\\/\\\/mennconcept.com\\\/it\\\/#website\"},\"primaryImageOfPage\":{\"@id\":\"https:\\\/\\\/mennconcept.com\\\/it\\\/decoration\\\/rubinetto\\\/robinet-cuivre-marocain-moroccan-copper-tap-05\\\/#primaryimage\"},\"image\":{\"@id\":\"https:\\\/\\\/mennconcept.com\\\/it\\\/decoration\\\/rubinetto\\\/robinet-cuivre-marocain-moroccan-copper-tap-05\\\/#primaryimage\"},\"thumbnailUrl\":\"https:\\\/\\\/mennconcept.com\\\/wp-content\\\/uploads\\\/2016\\\/10\\\/000.jpg\",\"datePublished\":\"2019-11-19T12:27:09+00:00\",\"dateModified\":\"2021-05-04T21:31:45+00:00\",\"description\":\"Robinet cuivre salle de bein,cuisine...m\u00e9langeur,artisanat marocain laiton bronze artisanal m\u00e9tal traditionnel marocain fait main,graver\u00a0marrakech\",\"breadcrumb\":{\"@id\":\"https:\\\/\\\/mennconcept.com\\\/it\\\/decoration\\\/rubinetto\\\/robinet-cuivre-marocain-moroccan-copper-tap-05\\\/#breadcrumb\"},\"inLanguage\":\"it-IT\",\"potentialAction\":[{\"@type\":\"ReadAction\",\"target\":[\"https:\\\/\\\/mennconcept.com\\\/it\\\/decoration\\\/rubinetto\\\/robinet-cuivre-marocain-moroccan-copper-tap-05\\\/\"]}]},{\"@type\":\"ImageObject\",\"inLanguage\":\"it-IT\",\"@id\":\"https:\\\/\\\/mennconcept.com\\\/it\\\/decoration\\\/rubinetto\\\/robinet-cuivre-marocain-moroccan-copper-tap-05\\\/#primaryimage\",\"url\":\"https:\\\/\\\/mennconcept.com\\\/wp-content\\\/uploads\\\/2016\\\/10\\\/000.jpg\",\"contentUrl\":\"https:\\\/\\\/mennconcept.com\\\/wp-content\\\/uploads\\\/2016\\\/10\\\/000.jpg\",\"width\":359,\"height\":342,\"caption\":\"Robinet cuivre\"},{\"@type\":\"BreadcrumbList\",\"@id\":\"https:\\\/\\\/mennconcept.com\\\/it\\\/decoration\\\/rubinetto\\\/robinet-cuivre-marocain-moroccan-copper-tap-05\\\/#breadcrumb\",\"itemListElement\":[{\"@type\":\"ListItem\",\"position\":1,\"name\":\"Accueil\",\"item\":\"https:\\\/\\\/mennconcept.com\\\/it\\\/\"},{\"@type\":\"ListItem\",\"position\":2,\"name\":\"Negozio\",\"item\":\"https:\\\/\\\/mennconcept.com\\\/it\\\/negozio\\\/\"},{\"@type\":\"ListItem\",\"position\":3,\"name\":\"Robinet cuivre marocain\\\/ moroccan copper tap 05\"}]},{\"@type\":\"WebSite\",\"@id\":\"https:\\\/\\\/mennconcept.com\\\/it\\\/#website\",\"url\":\"https:\\\/\\\/mennconcept.com\\\/it\\\/\",\"name\":\"Artisanat Marocain Mennconcept\",\"description\":\"L&#039;Art de la Lumi\u00e8re. Artisanat Marocain de Luxe &amp; Cuivre Massif.\",\"publisher\":{\"@id\":\"https:\\\/\\\/mennconcept.com\\\/it\\\/#\\\/schema\\\/person\\\/2b311a14878282b83fdf0b876d5463fd\"},\"potentialAction\":[{\"@type\":\"SearchAction\",\"target\":{\"@type\":\"EntryPoint\",\"urlTemplate\":\"https:\\\/\\\/mennconcept.com\\\/it\\\/?s={search_term_string}\"},\"query-input\":{\"@type\":\"PropertyValueSpecification\",\"valueRequired\":true,\"valueName\":\"search_term_string\"}}],\"inLanguage\":\"it-IT\"},{\"@type\":[\"Person\",\"Organization\"],\"@id\":\"https:\\\/\\\/mennconcept.com\\\/it\\\/#\\\/schema\\\/person\\\/2b311a14878282b83fdf0b876d5463fd\",\"name\":\"mennconcept\",\"image\":{\"@type\":\"ImageObject\",\"inLanguage\":\"it-IT\",\"@id\":\"https:\\\/\\\/mennconcept.com\\\/wp-content\\\/uploads\\\/2021\\\/09\\\/rxyrsugfiinmmzpjdwly_400x400.png\",\"url\":\"https:\\\/\\\/mennconcept.com\\\/wp-content\\\/uploads\\\/2021\\\/09\\\/rxyrsugfiinmmzpjdwly_400x400.png\",\"contentUrl\":\"https:\\\/\\\/mennconcept.com\\\/wp-content\\\/uploads\\\/2021\\\/09\\\/rxyrsugfiinmmzpjdwly_400x400.png\",\"width\":400,\"height\":400,\"caption\":\"mennconcept\"},\"logo\":{\"@id\":\"https:\\\/\\\/mennconcept.com\\\/wp-content\\\/uploads\\\/2021\\\/09\\\/rxyrsugfiinmmzpjdwly_400x400.png\"}}]}<\/script>\n<!-- \/ Yoast SEO plugin. -->","yoast_head_json":{"title":"Robinet cuivre,artisanat laiton bronze artisanal m\u00e9tal sale de bain","description":"Robinet cuivre salle de bein,cuisine...m\u00e9langeur,artisanat marocain laiton bronze artisanal m\u00e9tal traditionnel marocain fait main,graver\u00a0marrakech","robots":{"index":"index","follow":"follow","max-snippet":"max-snippet:-1","max-image-preview":"max-image-preview:large","max-video-preview":"max-video-preview:-1"},"canonical":"https:\/\/mennconcept.com\/it\/decoration\/rubinetto\/robinet-cuivre-marocain-moroccan-copper-tap-05\/","og_locale":"it_IT","og_type":"article","og_title":"Robinet cuivre,artisanat laiton bronze artisanal m\u00e9tal sale de bain","og_description":"Robinet cuivre salle de bein,cuisine...m\u00e9langeur,artisanat marocain laiton bronze artisanal m\u00e9tal traditionnel marocain fait main,graver\u00a0marrakech","og_url":"https:\/\/mennconcept.com\/it\/decoration\/rubinetto\/robinet-cuivre-marocain-moroccan-copper-tap-05\/","og_site_name":"Artisanat Marocain Mennconcept","article_modified_time":"2021-05-04T21:31:45+00:00","og_image":[{"width":359,"height":342,"url":"https:\/\/i0.wp.com\/mennconcept.com\/wp-content\/uploads\/2016\/10\/000.jpg?fit=359%2C342&ssl=1","type":"image\/jpeg"}],"twitter_card":"summary_large_image","twitter_site":"@ArtisanatM","twitter_misc":{"Tempo di lettura stimato":"1 minuto"},"schema":{"@context":"https:\/\/schema.org","@graph":[{"@type":"WebPage","@id":"https:\/\/mennconcept.com\/it\/decoration\/rubinetto\/robinet-cuivre-marocain-moroccan-copper-tap-05\/","url":"https:\/\/mennconcept.com\/it\/decoration\/rubinetto\/robinet-cuivre-marocain-moroccan-copper-tap-05\/","name":"Robinet cuivre,artisanat laiton bronze artisanal m\u00e9tal sale de bain","isPartOf":{"@id":"https:\/\/mennconcept.com\/it\/#website"},"primaryImageOfPage":{"@id":"https:\/\/mennconcept.com\/it\/decoration\/rubinetto\/robinet-cuivre-marocain-moroccan-copper-tap-05\/#primaryimage"},"image":{"@id":"https:\/\/mennconcept.com\/it\/decoration\/rubinetto\/robinet-cuivre-marocain-moroccan-copper-tap-05\/#primaryimage"},"thumbnailUrl":"https:\/\/mennconcept.com\/wp-content\/uploads\/2016\/10\/000.jpg","datePublished":"2019-11-19T12:27:09+00:00","dateModified":"2021-05-04T21:31:45+00:00","description":"Robinet cuivre salle de bein,cuisine...m\u00e9langeur,artisanat marocain laiton bronze artisanal m\u00e9tal traditionnel marocain fait main,graver\u00a0marrakech","breadcrumb":{"@id":"https:\/\/mennconcept.com\/it\/decoration\/rubinetto\/robinet-cuivre-marocain-moroccan-copper-tap-05\/#breadcrumb"},"inLanguage":"it-IT","potentialAction":[{"@type":"ReadAction","target":["https:\/\/mennconcept.com\/it\/decoration\/rubinetto\/robinet-cuivre-marocain-moroccan-copper-tap-05\/"]}]},{"@type":"ImageObject","inLanguage":"it-IT","@id":"https:\/\/mennconcept.com\/it\/decoration\/rubinetto\/robinet-cuivre-marocain-moroccan-copper-tap-05\/#primaryimage","url":"https:\/\/mennconcept.com\/wp-content\/uploads\/2016\/10\/000.jpg","contentUrl":"https:\/\/mennconcept.com\/wp-content\/uploads\/2016\/10\/000.jpg","width":359,"height":342,"caption":"Robinet cuivre"},{"@type":"BreadcrumbList","@id":"https:\/\/mennconcept.com\/it\/decoration\/rubinetto\/robinet-cuivre-marocain-moroccan-copper-tap-05\/#breadcrumb","itemListElement":[{"@type":"ListItem","position":1,"name":"Accueil","item":"https:\/\/mennconcept.com\/it\/"},{"@type":"ListItem","position":2,"name":"Negozio","item":"https:\/\/mennconcept.com\/it\/negozio\/"},{"@type":"ListItem","position":3,"name":"Robinet cuivre marocain\/ moroccan copper tap 05"}]},{"@type":"WebSite","@id":"https:\/\/mennconcept.com\/it\/#website","url":"https:\/\/mennconcept.com\/it\/","name":"Artisanat Marocain Mennconcept","description":"L&#039;Art de la Lumi\u00e8re. Artisanat Marocain de Luxe &amp; Cuivre Massif.","publisher":{"@id":"https:\/\/mennconcept.com\/it\/#\/schema\/person\/2b311a14878282b83fdf0b876d5463fd"},"potentialAction":[{"@type":"SearchAction","target":{"@type":"EntryPoint","urlTemplate":"https:\/\/mennconcept.com\/it\/?s={search_term_string}"},"query-input":{"@type":"PropertyValueSpecification","valueRequired":true,"valueName":"search_term_string"}}],"inLanguage":"it-IT"},{"@type":["Person","Organization"],"@id":"https:\/\/mennconcept.com\/it\/#\/schema\/person\/2b311a14878282b83fdf0b876d5463fd","name":"mennconcept","image":{"@type":"ImageObject","inLanguage":"it-IT","@id":"https:\/\/mennconcept.com\/wp-content\/uploads\/2021\/09\/rxyrsugfiinmmzpjdwly_400x400.png","url":"https:\/\/mennconcept.com\/wp-content\/uploads\/2021\/09\/rxyrsugfiinmmzpjdwly_400x400.png","contentUrl":"https:\/\/mennconcept.com\/wp-content\/uploads\/2021\/09\/rxyrsugfiinmmzpjdwly_400x400.png","width":400,"height":400,"caption":"mennconcept"},"logo":{"@id":"https:\/\/mennconcept.com\/wp-content\/uploads\/2021\/09\/rxyrsugfiinmmzpjdwly_400x400.png"}}]}},"jetpack_publicize_connections":[],"amp_enabled":true,"_links":{"self":[{"href":"https:\/\/mennconcept.com\/it\/wp-json\/wp\/v2\/product\/4191","targetHints":{"allow":["GET"]}}],"collection":[{"href":"https:\/\/mennconcept.com\/it\/wp-json\/wp\/v2\/product"}],"about":[{"href":"https:\/\/mennconcept.com\/it\/wp-json\/wp\/v2\/types\/product"}],"replies":[{"embeddable":true,"href":"https:\/\/mennconcept.com\/it\/wp-json\/wp\/v2\/comments?post=4191"}],"wp:featuredmedia":[{"embeddable":true,"href":"https:\/\/mennconcept.com\/it\/wp-json\/wp\/v2\/media\/572"}],"wp:attachment":[{"href":"https:\/\/mennconcept.com\/it\/wp-json\/wp\/v2\/media?parent=4191"}],"wp:term":[{"taxonomy":"product_brand","embeddable":true,"href":"https:\/\/mennconcept.com\/it\/wp-json\/wp\/v2\/product_brand?post=4191"},{"taxonomy":"product_cat","embeddable":true,"href":"https:\/\/mennconcept.com\/it\/wp-json\/wp\/v2\/product_cat?post=4191"},{"taxonomy":"product_tag","embeddable":true,"href":"https:\/\/mennconcept.com\/it\/wp-json\/wp\/v2\/product_tag?post=4191"}],"curies":[{"name":"wp","href":"https:\/\/api.w.org\/{rel}","templated":true}]}}