{"id":3010,"date":"2019-08-03T16:56:35","date_gmt":"2019-08-03T14:56:35","guid":{"rendered":"https:\/\/mennconcept.com\/?post_type=product&#038;p=3010"},"modified":"2021-07-28T01:45:13","modified_gmt":"2021-07-27T23:45:13","slug":"brulure-diffuseur-parfum","status":"publish","type":"product","link":"https:\/\/mennconcept.com\/it\/decoration\/accessori-per-la-tavola\/brulure-diffuseur-parfum\/","title":{"rendered":"Br\u00fblure diffuseur parfum"},"content":{"rendered":"<p>Fabrication sur mesure de tous les mod\u00e8les, Fabrication sp\u00e9ciale pour une d\u00e9coration sp\u00e9ciale<\/p>\n<p>Livraison gratuite pour la France<\/p>\n<p>La TVA inclue<\/p>\n<p>Photophore marocain photophore artisanal photophore euh berb\u00e8re photophore cuivre photophore pour table photophore pour terrasse photophore pour salle de bain photophore pour couloir photophore en cuivre photophore en maillechort photophore en fer photophore en fer blanc photophore patin\u00e9 photophore dor\u00e9 photophore argent\u00e9e photophore color\u00e9 photophore noir photophore rouill\u00e9 photophore vieux<\/p>\n<p>Quantit\u00e9 minimal \u00e0 commander\u00a0: 10 pi\u00e8ces<\/p>\n","protected":false},"excerpt":{"rendered":"<p>\u2013<\/p>\n<p>Fabrication sur mesure de tous les mod\u00e8les, Fabrication sp\u00e9ciale pour une d\u00e9coration sp\u00e9ciale<\/p>\n<p>Livraison gratuite pour la France<\/p>\n<p>La TVA inclue<\/p>\n<p>Photophore marocain photophore artisanal photophore euh berb\u00e8re photophore cuivre photophore pour table photophore pour terrasse photophore pour salle de bain photophore pour couloir photophore en cuivre photophore en maillechort photophore en fer photophore en fer blanc photophore patin\u00e9 photophore dor\u00e9 photophore argent\u00e9e photophore color\u00e9 photophore noir photophore rouill\u00e9 photophore vieux<\/p>\n<p>Quantit\u00e9 minimal \u00e0 commander\u00a0: 10 pi\u00e8ces<\/p>\n","protected":false},"featured_media":861,"comment_status":"open","ping_status":"closed","template":"","meta":{"_monsterinsights_skip_tracking":false,"_monsterinsights_sitenote_active":false,"_monsterinsights_sitenote_note":"","_monsterinsights_sitenote_category":0,"_joinchat":[],"jetpack_publicize_message":"","jetpack_publicize_feature_enabled":true,"jetpack_social_post_already_shared":true,"jetpack_social_options":{"image_generator_settings":{"template":"highway","default_image_id":0,"font":"","enabled":false},"version":2}},"product_brand":[],"product_cat":[28],"product_tag":[],"class_list":{"0":"post-3010","1":"product","2":"type-product","3":"status-publish","4":"has-post-thumbnail","6":"product_cat-accessoires-de-table","8":"first","9":"instock","10":"taxable","11":"shipping-taxable","12":"purchasable","13":"product-type-simple"},"yoast_head":"<!-- This site is optimized with the Yoast SEO plugin v27.3 - https:\/\/yoast.com\/product\/yoast-seo-wordpress\/ -->\n<title>Br\u00fblure diffuseur parfum - Artisanat Marocain Mennconcept<\/title>\n<meta name=\"robots\" content=\"index, follow, max-snippet:-1, max-image-preview:large, max-video-preview:-1\" \/>\n<link rel=\"canonical\" href=\"https:\/\/mennconcept.com\/it\/decoration\/accessori-per-la-tavola\/brulure-diffuseur-parfum\/\" \/>\n<meta property=\"og:locale\" content=\"it_IT\" \/>\n<meta property=\"og:type\" content=\"article\" \/>\n<meta property=\"og:title\" content=\"Br\u00fblure diffuseur parfum - Artisanat Marocain Mennconcept\" \/>\n<meta property=\"og:description\" content=\"\u2013  Fabrication sur mesure de tous les mod\u00e8les, Fabrication sp\u00e9ciale pour une d\u00e9coration sp\u00e9ciale  Livraison gratuite pour la France  La TVA inclue  Photophore marocain photophore artisanal photophore euh berb\u00e8re photophore cuivre photophore pour table photophore pour terrasse photophore pour salle de bain photophore pour couloir photophore en cuivre photophore en maillechort photophore en fer photophore en fer blanc photophore patin\u00e9 photophore dor\u00e9 photophore argent\u00e9e photophore color\u00e9 photophore noir photophore rouill\u00e9 photophore vieux  Quantit\u00e9 minimal \u00e0 commander\u00a0: 10 pi\u00e8ces\" \/>\n<meta property=\"og:url\" content=\"https:\/\/mennconcept.com\/it\/decoration\/accessori-per-la-tavola\/brulure-diffuseur-parfum\/\" \/>\n<meta property=\"og:site_name\" content=\"Artisanat Marocain Mennconcept\" \/>\n<meta property=\"article:modified_time\" content=\"2021-07-27T23:45:13+00:00\" \/>\n<meta property=\"og:image\" content=\"https:\/\/i0.wp.com\/mennconcept.com\/wp-content\/uploads\/2018\/07\/IMG_20180714_104149.jpg?fit=2448%2C3264&ssl=1\" \/>\n\t<meta property=\"og:image:width\" content=\"2448\" \/>\n\t<meta property=\"og:image:height\" content=\"3264\" \/>\n\t<meta property=\"og:image:type\" content=\"image\/jpeg\" \/>\n<meta name=\"twitter:card\" content=\"summary_large_image\" \/>\n<meta name=\"twitter:site\" content=\"@ArtisanatM\" \/>\n<meta name=\"twitter:label1\" content=\"Tempo di lettura stimato\" \/>\n\t<meta name=\"twitter:data1\" content=\"1 minuto\" \/>\n<script type=\"application\/ld+json\" class=\"yoast-schema-graph\">{\"@context\":\"https:\\\/\\\/schema.org\",\"@graph\":[{\"@type\":\"WebPage\",\"@id\":\"https:\\\/\\\/mennconcept.com\\\/it\\\/decoration\\\/accessori-per-la-tavola\\\/brulure-diffuseur-parfum\\\/\",\"url\":\"https:\\\/\\\/mennconcept.com\\\/it\\\/decoration\\\/accessori-per-la-tavola\\\/brulure-diffuseur-parfum\\\/\",\"name\":\"Br\u00fblure diffuseur parfum - Artisanat Marocain Mennconcept\",\"isPartOf\":{\"@id\":\"https:\\\/\\\/mennconcept.com\\\/it\\\/#website\"},\"primaryImageOfPage\":{\"@id\":\"https:\\\/\\\/mennconcept.com\\\/it\\\/decoration\\\/accessori-per-la-tavola\\\/brulure-diffuseur-parfum\\\/#primaryimage\"},\"image\":{\"@id\":\"https:\\\/\\\/mennconcept.com\\\/it\\\/decoration\\\/accessori-per-la-tavola\\\/brulure-diffuseur-parfum\\\/#primaryimage\"},\"thumbnailUrl\":\"https:\\\/\\\/mennconcept.com\\\/wp-content\\\/uploads\\\/2018\\\/07\\\/IMG_20180714_104149.jpg\",\"datePublished\":\"2019-08-03T14:56:35+00:00\",\"dateModified\":\"2021-07-27T23:45:13+00:00\",\"breadcrumb\":{\"@id\":\"https:\\\/\\\/mennconcept.com\\\/it\\\/decoration\\\/accessori-per-la-tavola\\\/brulure-diffuseur-parfum\\\/#breadcrumb\"},\"inLanguage\":\"it-IT\",\"potentialAction\":[{\"@type\":\"ReadAction\",\"target\":[\"https:\\\/\\\/mennconcept.com\\\/it\\\/decoration\\\/accessori-per-la-tavola\\\/brulure-diffuseur-parfum\\\/\"]}]},{\"@type\":\"ImageObject\",\"inLanguage\":\"it-IT\",\"@id\":\"https:\\\/\\\/mennconcept.com\\\/it\\\/decoration\\\/accessori-per-la-tavola\\\/brulure-diffuseur-parfum\\\/#primaryimage\",\"url\":\"https:\\\/\\\/mennconcept.com\\\/wp-content\\\/uploads\\\/2018\\\/07\\\/IMG_20180714_104149.jpg\",\"contentUrl\":\"https:\\\/\\\/mennconcept.com\\\/wp-content\\\/uploads\\\/2018\\\/07\\\/IMG_20180714_104149.jpg\",\"width\":2448,\"height\":3264},{\"@type\":\"BreadcrumbList\",\"@id\":\"https:\\\/\\\/mennconcept.com\\\/it\\\/decoration\\\/accessori-per-la-tavola\\\/brulure-diffuseur-parfum\\\/#breadcrumb\",\"itemListElement\":[{\"@type\":\"ListItem\",\"position\":1,\"name\":\"Accueil\",\"item\":\"https:\\\/\\\/mennconcept.com\\\/it\\\/\"},{\"@type\":\"ListItem\",\"position\":2,\"name\":\"Negozio\",\"item\":\"https:\\\/\\\/mennconcept.com\\\/it\\\/negozio\\\/\"},{\"@type\":\"ListItem\",\"position\":3,\"name\":\"Br\u00fblure diffuseur parfum\"}]},{\"@type\":\"WebSite\",\"@id\":\"https:\\\/\\\/mennconcept.com\\\/it\\\/#website\",\"url\":\"https:\\\/\\\/mennconcept.com\\\/it\\\/\",\"name\":\"Artisanat Marocain Mennconcept\",\"description\":\"L&#039;Art de la Lumi\u00e8re. Artisanat Marocain de Luxe &amp; Cuivre Massif.\",\"publisher\":{\"@id\":\"https:\\\/\\\/mennconcept.com\\\/it\\\/#\\\/schema\\\/person\\\/2b311a14878282b83fdf0b876d5463fd\"},\"potentialAction\":[{\"@type\":\"SearchAction\",\"target\":{\"@type\":\"EntryPoint\",\"urlTemplate\":\"https:\\\/\\\/mennconcept.com\\\/it\\\/?s={search_term_string}\"},\"query-input\":{\"@type\":\"PropertyValueSpecification\",\"valueRequired\":true,\"valueName\":\"search_term_string\"}}],\"inLanguage\":\"it-IT\"},{\"@type\":[\"Person\",\"Organization\"],\"@id\":\"https:\\\/\\\/mennconcept.com\\\/it\\\/#\\\/schema\\\/person\\\/2b311a14878282b83fdf0b876d5463fd\",\"name\":\"mennconcept\",\"image\":{\"@type\":\"ImageObject\",\"inLanguage\":\"it-IT\",\"@id\":\"https:\\\/\\\/mennconcept.com\\\/wp-content\\\/uploads\\\/2021\\\/09\\\/rxyrsugfiinmmzpjdwly_400x400.png\",\"url\":\"https:\\\/\\\/mennconcept.com\\\/wp-content\\\/uploads\\\/2021\\\/09\\\/rxyrsugfiinmmzpjdwly_400x400.png\",\"contentUrl\":\"https:\\\/\\\/mennconcept.com\\\/wp-content\\\/uploads\\\/2021\\\/09\\\/rxyrsugfiinmmzpjdwly_400x400.png\",\"width\":400,\"height\":400,\"caption\":\"mennconcept\"},\"logo\":{\"@id\":\"https:\\\/\\\/mennconcept.com\\\/wp-content\\\/uploads\\\/2021\\\/09\\\/rxyrsugfiinmmzpjdwly_400x400.png\"}}]}<\/script>\n<!-- \/ Yoast SEO plugin. -->","yoast_head_json":{"title":"Br\u00fblure diffuseur parfum - Artisanat Marocain Mennconcept","robots":{"index":"index","follow":"follow","max-snippet":"max-snippet:-1","max-image-preview":"max-image-preview:large","max-video-preview":"max-video-preview:-1"},"canonical":"https:\/\/mennconcept.com\/it\/decoration\/accessori-per-la-tavola\/brulure-diffuseur-parfum\/","og_locale":"it_IT","og_type":"article","og_title":"Br\u00fblure diffuseur parfum - Artisanat Marocain Mennconcept","og_description":"\u2013  Fabrication sur mesure de tous les mod\u00e8les, Fabrication sp\u00e9ciale pour une d\u00e9coration sp\u00e9ciale  Livraison gratuite pour la France  La TVA inclue  Photophore marocain photophore artisanal photophore euh berb\u00e8re photophore cuivre photophore pour table photophore pour terrasse photophore pour salle de bain photophore pour couloir photophore en cuivre photophore en maillechort photophore en fer photophore en fer blanc photophore patin\u00e9 photophore dor\u00e9 photophore argent\u00e9e photophore color\u00e9 photophore noir photophore rouill\u00e9 photophore vieux  Quantit\u00e9 minimal \u00e0 commander\u00a0: 10 pi\u00e8ces","og_url":"https:\/\/mennconcept.com\/it\/decoration\/accessori-per-la-tavola\/brulure-diffuseur-parfum\/","og_site_name":"Artisanat Marocain Mennconcept","article_modified_time":"2021-07-27T23:45:13+00:00","og_image":[{"width":2448,"height":3264,"url":"https:\/\/i0.wp.com\/mennconcept.com\/wp-content\/uploads\/2018\/07\/IMG_20180714_104149.jpg?fit=2448%2C3264&ssl=1","type":"image\/jpeg"}],"twitter_card":"summary_large_image","twitter_site":"@ArtisanatM","twitter_misc":{"Tempo di lettura stimato":"1 minuto"},"schema":{"@context":"https:\/\/schema.org","@graph":[{"@type":"WebPage","@id":"https:\/\/mennconcept.com\/it\/decoration\/accessori-per-la-tavola\/brulure-diffuseur-parfum\/","url":"https:\/\/mennconcept.com\/it\/decoration\/accessori-per-la-tavola\/brulure-diffuseur-parfum\/","name":"Br\u00fblure diffuseur parfum - Artisanat Marocain Mennconcept","isPartOf":{"@id":"https:\/\/mennconcept.com\/it\/#website"},"primaryImageOfPage":{"@id":"https:\/\/mennconcept.com\/it\/decoration\/accessori-per-la-tavola\/brulure-diffuseur-parfum\/#primaryimage"},"image":{"@id":"https:\/\/mennconcept.com\/it\/decoration\/accessori-per-la-tavola\/brulure-diffuseur-parfum\/#primaryimage"},"thumbnailUrl":"https:\/\/mennconcept.com\/wp-content\/uploads\/2018\/07\/IMG_20180714_104149.jpg","datePublished":"2019-08-03T14:56:35+00:00","dateModified":"2021-07-27T23:45:13+00:00","breadcrumb":{"@id":"https:\/\/mennconcept.com\/it\/decoration\/accessori-per-la-tavola\/brulure-diffuseur-parfum\/#breadcrumb"},"inLanguage":"it-IT","potentialAction":[{"@type":"ReadAction","target":["https:\/\/mennconcept.com\/it\/decoration\/accessori-per-la-tavola\/brulure-diffuseur-parfum\/"]}]},{"@type":"ImageObject","inLanguage":"it-IT","@id":"https:\/\/mennconcept.com\/it\/decoration\/accessori-per-la-tavola\/brulure-diffuseur-parfum\/#primaryimage","url":"https:\/\/mennconcept.com\/wp-content\/uploads\/2018\/07\/IMG_20180714_104149.jpg","contentUrl":"https:\/\/mennconcept.com\/wp-content\/uploads\/2018\/07\/IMG_20180714_104149.jpg","width":2448,"height":3264},{"@type":"BreadcrumbList","@id":"https:\/\/mennconcept.com\/it\/decoration\/accessori-per-la-tavola\/brulure-diffuseur-parfum\/#breadcrumb","itemListElement":[{"@type":"ListItem","position":1,"name":"Accueil","item":"https:\/\/mennconcept.com\/it\/"},{"@type":"ListItem","position":2,"name":"Negozio","item":"https:\/\/mennconcept.com\/it\/negozio\/"},{"@type":"ListItem","position":3,"name":"Br\u00fblure diffuseur parfum"}]},{"@type":"WebSite","@id":"https:\/\/mennconcept.com\/it\/#website","url":"https:\/\/mennconcept.com\/it\/","name":"Artisanat Marocain Mennconcept","description":"L&#039;Art de la Lumi\u00e8re. Artisanat Marocain de Luxe &amp; Cuivre Massif.","publisher":{"@id":"https:\/\/mennconcept.com\/it\/#\/schema\/person\/2b311a14878282b83fdf0b876d5463fd"},"potentialAction":[{"@type":"SearchAction","target":{"@type":"EntryPoint","urlTemplate":"https:\/\/mennconcept.com\/it\/?s={search_term_string}"},"query-input":{"@type":"PropertyValueSpecification","valueRequired":true,"valueName":"search_term_string"}}],"inLanguage":"it-IT"},{"@type":["Person","Organization"],"@id":"https:\/\/mennconcept.com\/it\/#\/schema\/person\/2b311a14878282b83fdf0b876d5463fd","name":"mennconcept","image":{"@type":"ImageObject","inLanguage":"it-IT","@id":"https:\/\/mennconcept.com\/wp-content\/uploads\/2021\/09\/rxyrsugfiinmmzpjdwly_400x400.png","url":"https:\/\/mennconcept.com\/wp-content\/uploads\/2021\/09\/rxyrsugfiinmmzpjdwly_400x400.png","contentUrl":"https:\/\/mennconcept.com\/wp-content\/uploads\/2021\/09\/rxyrsugfiinmmzpjdwly_400x400.png","width":400,"height":400,"caption":"mennconcept"},"logo":{"@id":"https:\/\/mennconcept.com\/wp-content\/uploads\/2021\/09\/rxyrsugfiinmmzpjdwly_400x400.png"}}]}},"jetpack_publicize_connections":[],"amp_enabled":true,"_links":{"self":[{"href":"https:\/\/mennconcept.com\/it\/wp-json\/wp\/v2\/product\/3010","targetHints":{"allow":["GET"]}}],"collection":[{"href":"https:\/\/mennconcept.com\/it\/wp-json\/wp\/v2\/product"}],"about":[{"href":"https:\/\/mennconcept.com\/it\/wp-json\/wp\/v2\/types\/product"}],"replies":[{"embeddable":true,"href":"https:\/\/mennconcept.com\/it\/wp-json\/wp\/v2\/comments?post=3010"}],"wp:featuredmedia":[{"embeddable":true,"href":"https:\/\/mennconcept.com\/it\/wp-json\/wp\/v2\/media\/861"}],"wp:attachment":[{"href":"https:\/\/mennconcept.com\/it\/wp-json\/wp\/v2\/media?parent=3010"}],"wp:term":[{"taxonomy":"product_brand","embeddable":true,"href":"https:\/\/mennconcept.com\/it\/wp-json\/wp\/v2\/product_brand?post=3010"},{"taxonomy":"product_cat","embeddable":true,"href":"https:\/\/mennconcept.com\/it\/wp-json\/wp\/v2\/product_cat?post=3010"},{"taxonomy":"product_tag","embeddable":true,"href":"https:\/\/mennconcept.com\/it\/wp-json\/wp\/v2\/product_tag?post=3010"}],"curies":[{"name":"wp","href":"https:\/\/api.w.org\/{rel}","templated":true}]}}