{"id":14350,"date":"2021-05-28T23:44:35","date_gmt":"2021-05-28T21:44:35","guid":{"rendered":"https:\/\/mennconcept.com\/?post_type=product&#038;p=14350"},"modified":"2021-05-28T23:44:35","modified_gmt":"2021-05-28T21:44:35","slug":"porte-savon-marocain-en-cuivre-moroccan-copper-soap-dish-08","status":"publish","type":"product","link":"https:\/\/mennconcept.com\/it\/decoration\/portasapone-marocchino\/porte-savon-marocain-en-cuivre-moroccan-copper-soap-dish-08\/","title":{"rendered":"Porte-savon marocain en cuivre\/Moroccan copper soap dish 08"},"content":{"rendered":"<p>Quantit\u00e9 minimale a command\u00e9: 10 pi\u00e8ces<\/p>\n<p>Porte savon, savonnettes, porte-savon cuivre, porte-savon maillechort, porte-savon argent\u00e9e, porte savon cuivr\u00e9, porte savon patin\u00e9, porte savon moul\u00e9e, porte savon bronze, porte savon aluminium, porte savon marocaine\u00a0, porte savon artisanal, accessoires sanitaires, accessoires salle de bain, lavabo, Baignoire, porte serviette, porte papiers g\u00e9nique, porte papier toilette, marocaine, artisanale, traditionnel, berb\u00e8re.<\/p>\n<p>Fabrication sur-mesure de n\u2019importe quelle taille avec diff\u00e9rentes mati\u00e8res, fabrication sp\u00e9ciale pour une d\u00e9coration sp\u00e9ciale.<\/p>\n<p>Livraison gratuite pour la France<\/p>\n<p>La TVA inclue<\/p>\n<p>Minimum order quantity: 10 pieces<\/p>\n<p>Soap dish, soap bars, copper soap dish, nickel silver soap dish, silver soap dish, copper soap dish, patinated soap dish, molded soap dish, bronze soap dish, aluminum soap dish, Moroccan soap dish, handmade soap dish, sanitary accessories , bathroom accessories, sink, bathtub, towel holder, gene paper holder, toilet paper holder, Moroccan, artisanal, traditional, Berber.<\/p>\n<p>Custom manufacturing of any size with different materials, special manufacturing for a special decoration.<\/p>\n<p>Free delivery for France<\/p>\n<p>VAT included<\/p>\n","protected":false},"excerpt":{"rendered":"<p>Quantit\u00e9 minimale a command\u00e9: 10 pi\u00e8ces<\/p>\n<p>Porte savon, savonnettes, porte-savon cuivre, porte-savon maillechort, porte-savon argent\u00e9e, porte savon cuivr\u00e9, porte savon patin\u00e9, porte savon moul\u00e9e, porte savon bronze, porte savon aluminium, porte savon marocaine\u00a0, porte savon artisanal, accessoires sanitaires, accessoires salle de bain, lavabo, Baignoire, porte serviette, porte papiers g\u00e9nique, porte papier toilette, marocaine, artisanale, traditionnel, berb\u00e8re.<\/p>\n<p>Fabrication sur-mesure de n\u2019importe quelle taille avec diff\u00e9rentes mati\u00e8res, fabrication sp\u00e9ciale pour une d\u00e9coration sp\u00e9ciale.<\/p>\n<p>Livraison gratuite pour la France<\/p>\n<p>La TVA inclue<\/p>\n<p>Minimum order quantity: 10 pieces<\/p>\n<p>Soap dish, soap bars, copper soap dish, nickel silver soap dish, silver soap dish, copper soap dish, patinated soap dish, molded soap dish, bronze soap dish, aluminum soap dish, Moroccan soap dish, handmade soap dish, sanitary accessories , bathroom accessories, sink, bathtub, towel holder, gene paper holder, toilet paper holder, Moroccan, artisanal, traditional, Berber.<\/p>\n<p>Custom manufacturing of any size with different materials, special manufacturing for a special decoration.<\/p>\n<p>Free delivery for France<\/p>\n<p>VAT included<\/p>\n","protected":false},"featured_media":14300,"comment_status":"open","ping_status":"closed","template":"","meta":{"_monsterinsights_skip_tracking":false,"_monsterinsights_sitenote_active":false,"_monsterinsights_sitenote_note":"","_monsterinsights_sitenote_category":0,"_joinchat":[],"jetpack_publicize_message":"","jetpack_publicize_feature_enabled":true,"jetpack_social_post_already_shared":false,"jetpack_social_options":{"image_generator_settings":{"template":"highway","default_image_id":0,"font":"","enabled":false},"version":2}},"product_brand":[],"product_cat":[261],"product_tag":[],"class_list":{"0":"post-14350","1":"product","2":"type-product","3":"status-publish","4":"has-post-thumbnail","6":"product_cat-porte-savon-marocain","8":"first","9":"instock","10":"taxable","11":"shipping-taxable","12":"purchasable","13":"product-type-simple"},"yoast_head":"<!-- This site is optimized with the Yoast SEO plugin v27.3 - https:\/\/yoast.com\/product\/yoast-seo-wordpress\/ -->\n<title>Porte-savon marocain en cuivre\/Moroccan copper soap dish 08 - Artisanat Marocain Mennconcept<\/title>\n<meta name=\"robots\" content=\"index, follow, max-snippet:-1, max-image-preview:large, max-video-preview:-1\" \/>\n<link rel=\"canonical\" href=\"https:\/\/mennconcept.com\/it\/decoration\/portasapone-marocchino\/porte-savon-marocain-en-cuivre-moroccan-copper-soap-dish-08\/\" \/>\n<meta property=\"og:locale\" content=\"it_IT\" \/>\n<meta property=\"og:type\" content=\"article\" \/>\n<meta property=\"og:title\" content=\"Porte-savon marocain en cuivre\/Moroccan copper soap dish 08 - Artisanat Marocain Mennconcept\" \/>\n<meta property=\"og:description\" content=\"Quantit\u00e9 minimale a command\u00e9: 10 pi\u00e8ces  Porte savon, savonnettes, porte-savon cuivre, porte-savon maillechort, porte-savon argent\u00e9e, porte savon cuivr\u00e9, porte savon patin\u00e9, porte savon moul\u00e9e, porte savon bronze, porte savon aluminium, porte savon marocaine\u00a0, porte savon artisanal, accessoires sanitaires, accessoires salle de bain, lavabo, Baignoire, porte serviette, porte papiers g\u00e9nique, porte papier toilette, marocaine, artisanale, traditionnel, berb\u00e8re.  Fabrication sur-mesure de n\u2019importe quelle taille avec diff\u00e9rentes mati\u00e8res, fabrication sp\u00e9ciale pour une d\u00e9coration sp\u00e9ciale.  Livraison gratuite pour la France  La TVA inclue  Minimum order quantity: 10 pieces  Soap dish, soap bars, copper soap dish, nickel silver soap dish, silver soap dish, copper soap dish, patinated soap dish, molded soap dish, bronze soap dish, aluminum soap dish, Moroccan soap dish, handmade soap dish, sanitary accessories , bathroom accessories, sink, bathtub, towel holder, gene paper holder, toilet paper holder, Moroccan, artisanal, traditional, Berber.  Custom manufacturing of any size with different materials, special manufacturing for a special decoration.  Free delivery for France  VAT included\" \/>\n<meta property=\"og:url\" content=\"https:\/\/mennconcept.com\/it\/decoration\/portasapone-marocchino\/porte-savon-marocain-en-cuivre-moroccan-copper-soap-dish-08\/\" \/>\n<meta property=\"og:site_name\" content=\"Artisanat Marocain Mennconcept\" \/>\n<meta property=\"og:image\" content=\"https:\/\/i0.wp.com\/mennconcept.com\/wp-content\/uploads\/2021\/05\/porte-savon-8.jpg?fit=480%2C512&ssl=1\" \/>\n\t<meta property=\"og:image:width\" content=\"480\" \/>\n\t<meta property=\"og:image:height\" content=\"512\" \/>\n\t<meta property=\"og:image:type\" content=\"image\/jpeg\" \/>\n<meta name=\"twitter:card\" content=\"summary_large_image\" \/>\n<meta name=\"twitter:site\" content=\"@ArtisanatM\" \/>\n<meta name=\"twitter:label1\" content=\"Tempo di lettura stimato\" \/>\n\t<meta name=\"twitter:data1\" content=\"1 minuto\" \/>\n<script type=\"application\/ld+json\" class=\"yoast-schema-graph\">{\"@context\":\"https:\\\/\\\/schema.org\",\"@graph\":[{\"@type\":\"WebPage\",\"@id\":\"https:\\\/\\\/mennconcept.com\\\/it\\\/decoration\\\/portasapone-marocchino\\\/porte-savon-marocain-en-cuivre-moroccan-copper-soap-dish-08\\\/\",\"url\":\"https:\\\/\\\/mennconcept.com\\\/it\\\/decoration\\\/portasapone-marocchino\\\/porte-savon-marocain-en-cuivre-moroccan-copper-soap-dish-08\\\/\",\"name\":\"Porte-savon marocain en cuivre\\\/Moroccan copper soap dish 08 - Artisanat Marocain Mennconcept\",\"isPartOf\":{\"@id\":\"https:\\\/\\\/mennconcept.com\\\/it\\\/#website\"},\"primaryImageOfPage\":{\"@id\":\"https:\\\/\\\/mennconcept.com\\\/it\\\/decoration\\\/portasapone-marocchino\\\/porte-savon-marocain-en-cuivre-moroccan-copper-soap-dish-08\\\/#primaryimage\"},\"image\":{\"@id\":\"https:\\\/\\\/mennconcept.com\\\/it\\\/decoration\\\/portasapone-marocchino\\\/porte-savon-marocain-en-cuivre-moroccan-copper-soap-dish-08\\\/#primaryimage\"},\"thumbnailUrl\":\"https:\\\/\\\/mennconcept.com\\\/wp-content\\\/uploads\\\/2021\\\/05\\\/porte-savon-8.jpg\",\"datePublished\":\"2021-05-28T21:44:35+00:00\",\"breadcrumb\":{\"@id\":\"https:\\\/\\\/mennconcept.com\\\/it\\\/decoration\\\/portasapone-marocchino\\\/porte-savon-marocain-en-cuivre-moroccan-copper-soap-dish-08\\\/#breadcrumb\"},\"inLanguage\":\"it-IT\",\"potentialAction\":[{\"@type\":\"ReadAction\",\"target\":[\"https:\\\/\\\/mennconcept.com\\\/it\\\/decoration\\\/portasapone-marocchino\\\/porte-savon-marocain-en-cuivre-moroccan-copper-soap-dish-08\\\/\"]}]},{\"@type\":\"ImageObject\",\"inLanguage\":\"it-IT\",\"@id\":\"https:\\\/\\\/mennconcept.com\\\/it\\\/decoration\\\/portasapone-marocchino\\\/porte-savon-marocain-en-cuivre-moroccan-copper-soap-dish-08\\\/#primaryimage\",\"url\":\"https:\\\/\\\/mennconcept.com\\\/wp-content\\\/uploads\\\/2021\\\/05\\\/porte-savon-8.jpg\",\"contentUrl\":\"https:\\\/\\\/mennconcept.com\\\/wp-content\\\/uploads\\\/2021\\\/05\\\/porte-savon-8.jpg\",\"width\":480,\"height\":512},{\"@type\":\"BreadcrumbList\",\"@id\":\"https:\\\/\\\/mennconcept.com\\\/it\\\/decoration\\\/portasapone-marocchino\\\/porte-savon-marocain-en-cuivre-moroccan-copper-soap-dish-08\\\/#breadcrumb\",\"itemListElement\":[{\"@type\":\"ListItem\",\"position\":1,\"name\":\"Accueil\",\"item\":\"https:\\\/\\\/mennconcept.com\\\/it\\\/\"},{\"@type\":\"ListItem\",\"position\":2,\"name\":\"Negozio\",\"item\":\"https:\\\/\\\/mennconcept.com\\\/it\\\/negozio\\\/\"},{\"@type\":\"ListItem\",\"position\":3,\"name\":\"Porte-savon marocain en cuivre\\\/Moroccan copper soap dish 08\"}]},{\"@type\":\"WebSite\",\"@id\":\"https:\\\/\\\/mennconcept.com\\\/it\\\/#website\",\"url\":\"https:\\\/\\\/mennconcept.com\\\/it\\\/\",\"name\":\"Artisanat Marocain Mennconcept\",\"description\":\"L&#039;Art de la Lumi\u00e8re. Artisanat Marocain de Luxe &amp; Cuivre Massif.\",\"publisher\":{\"@id\":\"https:\\\/\\\/mennconcept.com\\\/it\\\/#\\\/schema\\\/person\\\/2b311a14878282b83fdf0b876d5463fd\"},\"potentialAction\":[{\"@type\":\"SearchAction\",\"target\":{\"@type\":\"EntryPoint\",\"urlTemplate\":\"https:\\\/\\\/mennconcept.com\\\/it\\\/?s={search_term_string}\"},\"query-input\":{\"@type\":\"PropertyValueSpecification\",\"valueRequired\":true,\"valueName\":\"search_term_string\"}}],\"inLanguage\":\"it-IT\"},{\"@type\":[\"Person\",\"Organization\"],\"@id\":\"https:\\\/\\\/mennconcept.com\\\/it\\\/#\\\/schema\\\/person\\\/2b311a14878282b83fdf0b876d5463fd\",\"name\":\"mennconcept\",\"image\":{\"@type\":\"ImageObject\",\"inLanguage\":\"it-IT\",\"@id\":\"https:\\\/\\\/mennconcept.com\\\/wp-content\\\/uploads\\\/2021\\\/09\\\/rxyrsugfiinmmzpjdwly_400x400.png\",\"url\":\"https:\\\/\\\/mennconcept.com\\\/wp-content\\\/uploads\\\/2021\\\/09\\\/rxyrsugfiinmmzpjdwly_400x400.png\",\"contentUrl\":\"https:\\\/\\\/mennconcept.com\\\/wp-content\\\/uploads\\\/2021\\\/09\\\/rxyrsugfiinmmzpjdwly_400x400.png\",\"width\":400,\"height\":400,\"caption\":\"mennconcept\"},\"logo\":{\"@id\":\"https:\\\/\\\/mennconcept.com\\\/wp-content\\\/uploads\\\/2021\\\/09\\\/rxyrsugfiinmmzpjdwly_400x400.png\"}}]}<\/script>\n<!-- \/ Yoast SEO plugin. -->","yoast_head_json":{"title":"Porte-savon marocain en cuivre\/Moroccan copper soap dish 08 - Artisanat Marocain Mennconcept","robots":{"index":"index","follow":"follow","max-snippet":"max-snippet:-1","max-image-preview":"max-image-preview:large","max-video-preview":"max-video-preview:-1"},"canonical":"https:\/\/mennconcept.com\/it\/decoration\/portasapone-marocchino\/porte-savon-marocain-en-cuivre-moroccan-copper-soap-dish-08\/","og_locale":"it_IT","og_type":"article","og_title":"Porte-savon marocain en cuivre\/Moroccan copper soap dish 08 - Artisanat Marocain Mennconcept","og_description":"Quantit\u00e9 minimale a command\u00e9: 10 pi\u00e8ces  Porte savon, savonnettes, porte-savon cuivre, porte-savon maillechort, porte-savon argent\u00e9e, porte savon cuivr\u00e9, porte savon patin\u00e9, porte savon moul\u00e9e, porte savon bronze, porte savon aluminium, porte savon marocaine\u00a0, porte savon artisanal, accessoires sanitaires, accessoires salle de bain, lavabo, Baignoire, porte serviette, porte papiers g\u00e9nique, porte papier toilette, marocaine, artisanale, traditionnel, berb\u00e8re.  Fabrication sur-mesure de n\u2019importe quelle taille avec diff\u00e9rentes mati\u00e8res, fabrication sp\u00e9ciale pour une d\u00e9coration sp\u00e9ciale.  Livraison gratuite pour la France  La TVA inclue  Minimum order quantity: 10 pieces  Soap dish, soap bars, copper soap dish, nickel silver soap dish, silver soap dish, copper soap dish, patinated soap dish, molded soap dish, bronze soap dish, aluminum soap dish, Moroccan soap dish, handmade soap dish, sanitary accessories , bathroom accessories, sink, bathtub, towel holder, gene paper holder, toilet paper holder, Moroccan, artisanal, traditional, Berber.  Custom manufacturing of any size with different materials, special manufacturing for a special decoration.  Free delivery for France  VAT included","og_url":"https:\/\/mennconcept.com\/it\/decoration\/portasapone-marocchino\/porte-savon-marocain-en-cuivre-moroccan-copper-soap-dish-08\/","og_site_name":"Artisanat Marocain Mennconcept","og_image":[{"width":480,"height":512,"url":"https:\/\/i0.wp.com\/mennconcept.com\/wp-content\/uploads\/2021\/05\/porte-savon-8.jpg?fit=480%2C512&ssl=1","type":"image\/jpeg"}],"twitter_card":"summary_large_image","twitter_site":"@ArtisanatM","twitter_misc":{"Tempo di lettura stimato":"1 minuto"},"schema":{"@context":"https:\/\/schema.org","@graph":[{"@type":"WebPage","@id":"https:\/\/mennconcept.com\/it\/decoration\/portasapone-marocchino\/porte-savon-marocain-en-cuivre-moroccan-copper-soap-dish-08\/","url":"https:\/\/mennconcept.com\/it\/decoration\/portasapone-marocchino\/porte-savon-marocain-en-cuivre-moroccan-copper-soap-dish-08\/","name":"Porte-savon marocain en cuivre\/Moroccan copper soap dish 08 - Artisanat Marocain Mennconcept","isPartOf":{"@id":"https:\/\/mennconcept.com\/it\/#website"},"primaryImageOfPage":{"@id":"https:\/\/mennconcept.com\/it\/decoration\/portasapone-marocchino\/porte-savon-marocain-en-cuivre-moroccan-copper-soap-dish-08\/#primaryimage"},"image":{"@id":"https:\/\/mennconcept.com\/it\/decoration\/portasapone-marocchino\/porte-savon-marocain-en-cuivre-moroccan-copper-soap-dish-08\/#primaryimage"},"thumbnailUrl":"https:\/\/mennconcept.com\/wp-content\/uploads\/2021\/05\/porte-savon-8.jpg","datePublished":"2021-05-28T21:44:35+00:00","breadcrumb":{"@id":"https:\/\/mennconcept.com\/it\/decoration\/portasapone-marocchino\/porte-savon-marocain-en-cuivre-moroccan-copper-soap-dish-08\/#breadcrumb"},"inLanguage":"it-IT","potentialAction":[{"@type":"ReadAction","target":["https:\/\/mennconcept.com\/it\/decoration\/portasapone-marocchino\/porte-savon-marocain-en-cuivre-moroccan-copper-soap-dish-08\/"]}]},{"@type":"ImageObject","inLanguage":"it-IT","@id":"https:\/\/mennconcept.com\/it\/decoration\/portasapone-marocchino\/porte-savon-marocain-en-cuivre-moroccan-copper-soap-dish-08\/#primaryimage","url":"https:\/\/mennconcept.com\/wp-content\/uploads\/2021\/05\/porte-savon-8.jpg","contentUrl":"https:\/\/mennconcept.com\/wp-content\/uploads\/2021\/05\/porte-savon-8.jpg","width":480,"height":512},{"@type":"BreadcrumbList","@id":"https:\/\/mennconcept.com\/it\/decoration\/portasapone-marocchino\/porte-savon-marocain-en-cuivre-moroccan-copper-soap-dish-08\/#breadcrumb","itemListElement":[{"@type":"ListItem","position":1,"name":"Accueil","item":"https:\/\/mennconcept.com\/it\/"},{"@type":"ListItem","position":2,"name":"Negozio","item":"https:\/\/mennconcept.com\/it\/negozio\/"},{"@type":"ListItem","position":3,"name":"Porte-savon marocain en cuivre\/Moroccan copper soap dish 08"}]},{"@type":"WebSite","@id":"https:\/\/mennconcept.com\/it\/#website","url":"https:\/\/mennconcept.com\/it\/","name":"Artisanat Marocain Mennconcept","description":"L&#039;Art de la Lumi\u00e8re. Artisanat Marocain de Luxe &amp; Cuivre Massif.","publisher":{"@id":"https:\/\/mennconcept.com\/it\/#\/schema\/person\/2b311a14878282b83fdf0b876d5463fd"},"potentialAction":[{"@type":"SearchAction","target":{"@type":"EntryPoint","urlTemplate":"https:\/\/mennconcept.com\/it\/?s={search_term_string}"},"query-input":{"@type":"PropertyValueSpecification","valueRequired":true,"valueName":"search_term_string"}}],"inLanguage":"it-IT"},{"@type":["Person","Organization"],"@id":"https:\/\/mennconcept.com\/it\/#\/schema\/person\/2b311a14878282b83fdf0b876d5463fd","name":"mennconcept","image":{"@type":"ImageObject","inLanguage":"it-IT","@id":"https:\/\/mennconcept.com\/wp-content\/uploads\/2021\/09\/rxyrsugfiinmmzpjdwly_400x400.png","url":"https:\/\/mennconcept.com\/wp-content\/uploads\/2021\/09\/rxyrsugfiinmmzpjdwly_400x400.png","contentUrl":"https:\/\/mennconcept.com\/wp-content\/uploads\/2021\/09\/rxyrsugfiinmmzpjdwly_400x400.png","width":400,"height":400,"caption":"mennconcept"},"logo":{"@id":"https:\/\/mennconcept.com\/wp-content\/uploads\/2021\/09\/rxyrsugfiinmmzpjdwly_400x400.png"}}]}},"jetpack_publicize_connections":[],"amp_enabled":true,"_links":{"self":[{"href":"https:\/\/mennconcept.com\/it\/wp-json\/wp\/v2\/product\/14350","targetHints":{"allow":["GET"]}}],"collection":[{"href":"https:\/\/mennconcept.com\/it\/wp-json\/wp\/v2\/product"}],"about":[{"href":"https:\/\/mennconcept.com\/it\/wp-json\/wp\/v2\/types\/product"}],"replies":[{"embeddable":true,"href":"https:\/\/mennconcept.com\/it\/wp-json\/wp\/v2\/comments?post=14350"}],"wp:featuredmedia":[{"embeddable":true,"href":"https:\/\/mennconcept.com\/it\/wp-json\/wp\/v2\/media\/14300"}],"wp:attachment":[{"href":"https:\/\/mennconcept.com\/it\/wp-json\/wp\/v2\/media?parent=14350"}],"wp:term":[{"taxonomy":"product_brand","embeddable":true,"href":"https:\/\/mennconcept.com\/it\/wp-json\/wp\/v2\/product_brand?post=14350"},{"taxonomy":"product_cat","embeddable":true,"href":"https:\/\/mennconcept.com\/it\/wp-json\/wp\/v2\/product_cat?post=14350"},{"taxonomy":"product_tag","embeddable":true,"href":"https:\/\/mennconcept.com\/it\/wp-json\/wp\/v2\/product_tag?post=14350"}],"curies":[{"name":"wp","href":"https:\/\/api.w.org\/{rel}","templated":true}]}}