{"id":14276,"date":"2021-05-21T01:19:05","date_gmt":"2021-05-20T23:19:05","guid":{"rendered":"https:\/\/mennconcept.com\/?post_type=product&#038;p=14276"},"modified":"2021-05-21T01:19:18","modified_gmt":"2021-05-20T23:19:18","slug":"chaise-marocaine-en-fer-forge-moroccan-wrought-iron-chair-34","status":"publish","type":"product","link":"https:\/\/mennconcept.com\/it\/decoration\/sedia-e-divano-e-sgabello\/chaise-marocaine-en-fer-forge-moroccan-wrought-iron-chair-34\/","title":{"rendered":"Chaise marocaine en fer forg\u00e9 \/ Moroccan wrought iron chair 34"},"content":{"rendered":"<p><strong>Chaise en fer forg\u00e9, chaise marocaine artisanale, tabouret, chaise pour salle \u00e0 manger, chaise pour jardin, canap\u00e9, Fauteuil en fer forg\u00e9, fauteuil p\u00e9tale rotin et fer forg\u00e9, fauteuil chaise en fer forg\u00e9 et cuir, Salon en fer forg\u00e9 marocain, \u00a0canap\u00e9 fer forg\u00e9, canap\u00e9 pour s\u00e9jours, \u00a0canap\u00e9 pour salon, pour jardin, pour terrasse , Chaise en rotin chaise en lin chaise naturel chaise en palmier.\u00a0 Transat en fer forg\u00e9, chaise longue en fer forg\u00e9, mobilier en fer forg\u00e9, canap\u00e9 piscine en fer forg\u00e9 \u00a0bar marocain artisanale. <\/strong><\/p>\n<p><strong>Fabrication sur mesure, de diff\u00e9rant tailles et mati\u00e8res, production sp\u00e9ciale pour un charme et une d\u00e9coration sp\u00e9ciale<\/strong><\/p>\n<p><strong>Livraison gratuite France<\/strong><\/p>\n<p><strong>TVA inclu<\/strong><\/p>\n<p><strong>\u00a0<\/strong><\/p>\n<p><strong>Wrought iron chair, handcrafted Moroccan chair, stool, dining room chair, garden chair, sofa, wrought iron armchair, rattan and wrought iron petal armchair, wrought iron and leather armchair, Moroccan wrought iron living room, sofa wrought iron, sofa for living rooms, sofa for living room, for garden, for terrace, Rattan chair linen chair natural chair palm tree chair. Wrought iron deckchair, wrought iron lounge chair, wrought iron furniture, wrought iron pool sofa, artisanal Moroccan bar.<\/strong><\/p>\n<p><strong>Made to measure, in different sizes and materials, special production for a special charm and decoration<\/strong><\/p>\n<p><strong>Free delivery France<\/strong><\/p>\n<p><strong>VAT included<\/strong><\/p>\n","protected":false},"excerpt":{"rendered":"<p><strong>Chaise en fer forg\u00e9, chaise marocaine artisanale, tabouret, chaise pour salle \u00e0 manger, chaise pour jardin, canap\u00e9, Fauteuil en fer forg\u00e9, fauteuil p\u00e9tale rotin et fer forg\u00e9, fauteuil chaise en fer forg\u00e9 et cuir, Salon en fer forg\u00e9 marocain, \u00a0canap\u00e9 fer forg\u00e9, canap\u00e9 pour s\u00e9jours, \u00a0canap\u00e9 pour salon, pour jardin, pour terrasse , Chaise en rotin chaise en lin chaise naturel chaise en palmier.\u00a0 Transat en fer forg\u00e9, chaise longue en fer forg\u00e9, mobilier en fer forg\u00e9, canap\u00e9 piscine en fer forg\u00e9 \u00a0bar marocain artisanale. <\/strong><\/p>\n<p><strong>Fabrication sur mesure, de diff\u00e9rant tailles et mati\u00e8res, production sp\u00e9ciale pour un charme et une d\u00e9coration sp\u00e9ciale<\/strong><\/p>\n<p><strong>Livraison gratuite France<\/strong><\/p>\n<p><strong>TVA inclu<\/strong><\/p>\n<p><strong>\u00a0<\/strong><\/p>\n<p><strong>Wrought iron chair, handcrafted Moroccan chair, stool, dining room chair, garden chair, sofa, wrought iron armchair, rattan and wrought iron petal armchair, wrought iron and leather armchair, Moroccan wrought iron living room, sofa wrought iron, sofa for living rooms, sofa for living room, for garden, for terrace, Rattan chair linen chair natural chair palm tree chair. Wrought iron deckchair, wrought iron lounge chair, wrought iron furniture, wrought iron pool sofa, artisanal Moroccan bar.<\/strong><\/p>\n<p><strong>Made to measure, in different sizes and materials, special production for a special charm and decoration<\/strong><\/p>\n<p><strong>Free delivery France<\/strong><\/p>\n<p><strong>VAT included<\/strong><\/p>\n","protected":false},"featured_media":14236,"comment_status":"open","ping_status":"closed","template":"","meta":{"_monsterinsights_skip_tracking":false,"_monsterinsights_sitenote_active":false,"_monsterinsights_sitenote_note":"","_monsterinsights_sitenote_category":0,"_joinchat":[],"jetpack_publicize_message":"","jetpack_publicize_feature_enabled":true,"jetpack_social_post_already_shared":false,"jetpack_social_options":{"image_generator_settings":{"template":"highway","default_image_id":0,"font":"","enabled":false},"version":2}},"product_brand":[],"product_cat":[260],"product_tag":[],"class_list":{"0":"post-14276","1":"product","2":"type-product","3":"status-publish","4":"has-post-thumbnail","6":"product_cat-chaise-et-canape-et-tabouret","8":"first","9":"instock","10":"taxable","11":"shipping-taxable","12":"purchasable","13":"product-type-simple"},"yoast_head":"<!-- This site is optimized with the Yoast SEO plugin v27.3 - https:\/\/yoast.com\/product\/yoast-seo-wordpress\/ -->\n<title>Chaise marocaine en fer forg\u00e9 \/ Moroccan wrought iron chair 34 - Artisanat Marocain Mennconcept<\/title>\n<meta name=\"robots\" content=\"index, follow, max-snippet:-1, max-image-preview:large, max-video-preview:-1\" \/>\n<link rel=\"canonical\" href=\"https:\/\/mennconcept.com\/it\/decoration\/sedia-e-divano-e-sgabello\/chaise-marocaine-en-fer-forge-moroccan-wrought-iron-chair-34\/\" \/>\n<meta property=\"og:locale\" content=\"it_IT\" \/>\n<meta property=\"og:type\" content=\"article\" \/>\n<meta property=\"og:title\" content=\"Chaise marocaine en fer forg\u00e9 \/ Moroccan wrought iron chair 34 - Artisanat Marocain Mennconcept\" \/>\n<meta property=\"og:description\" content=\"Chaise en fer forg\u00e9, chaise marocaine artisanale, tabouret, chaise pour salle \u00e0 manger, chaise pour jardin, canap\u00e9, Fauteuil en fer forg\u00e9, fauteuil p\u00e9tale rotin et fer forg\u00e9, fauteuil chaise en fer forg\u00e9 et cuir, Salon en fer forg\u00e9 marocain, \u00a0canap\u00e9 fer forg\u00e9, canap\u00e9 pour s\u00e9jours, \u00a0canap\u00e9 pour salon, pour jardin, pour terrasse , Chaise en rotin chaise en lin chaise naturel chaise en palmier.\u00a0 Transat en fer forg\u00e9, chaise longue en fer forg\u00e9, mobilier en fer forg\u00e9, canap\u00e9 piscine en fer forg\u00e9 \u00a0bar marocain artisanale.   Fabrication sur mesure, de diff\u00e9rant tailles et mati\u00e8res, production sp\u00e9ciale pour un charme et une d\u00e9coration sp\u00e9ciale  Livraison gratuite France  TVA inclu  \u00a0  Wrought iron chair, handcrafted Moroccan chair, stool, dining room chair, garden chair, sofa, wrought iron armchair, rattan and wrought iron petal armchair, wrought iron and leather armchair, Moroccan wrought iron living room, sofa wrought iron, sofa for living rooms, sofa for living room, for garden, for terrace, Rattan chair linen chair natural chair palm tree chair. Wrought iron deckchair, wrought iron lounge chair, wrought iron furniture, wrought iron pool sofa, artisanal Moroccan bar.  Made to measure, in different sizes and materials, special production for a special charm and decoration  Free delivery France  VAT included\" \/>\n<meta property=\"og:url\" content=\"https:\/\/mennconcept.com\/it\/decoration\/sedia-e-divano-e-sgabello\/chaise-marocaine-en-fer-forge-moroccan-wrought-iron-chair-34\/\" \/>\n<meta property=\"og:site_name\" content=\"Artisanat Marocain Mennconcept\" \/>\n<meta property=\"article:modified_time\" content=\"2021-05-20T23:19:18+00:00\" \/>\n<meta property=\"og:image\" content=\"https:\/\/i1.wp.com\/mennconcept.com\/wp-content\/uploads\/2021\/05\/chiase-marocain-34.jpg?fit=600%2C600&ssl=1\" \/>\n\t<meta property=\"og:image:width\" content=\"600\" \/>\n\t<meta property=\"og:image:height\" content=\"600\" \/>\n\t<meta property=\"og:image:type\" content=\"image\/jpeg\" \/>\n<meta name=\"twitter:card\" content=\"summary_large_image\" \/>\n<meta name=\"twitter:site\" content=\"@ArtisanatM\" \/>\n<meta name=\"twitter:label1\" content=\"Tempo di lettura stimato\" \/>\n\t<meta name=\"twitter:data1\" content=\"1 minuto\" \/>\n<script type=\"application\/ld+json\" class=\"yoast-schema-graph\">{\"@context\":\"https:\\\/\\\/schema.org\",\"@graph\":[{\"@type\":\"WebPage\",\"@id\":\"https:\\\/\\\/mennconcept.com\\\/it\\\/decoration\\\/sedia-e-divano-e-sgabello\\\/chaise-marocaine-en-fer-forge-moroccan-wrought-iron-chair-34\\\/\",\"url\":\"https:\\\/\\\/mennconcept.com\\\/it\\\/decoration\\\/sedia-e-divano-e-sgabello\\\/chaise-marocaine-en-fer-forge-moroccan-wrought-iron-chair-34\\\/\",\"name\":\"Chaise marocaine en fer forg\u00e9 \\\/ Moroccan wrought iron chair 34 - Artisanat Marocain Mennconcept\",\"isPartOf\":{\"@id\":\"https:\\\/\\\/mennconcept.com\\\/it\\\/#website\"},\"primaryImageOfPage\":{\"@id\":\"https:\\\/\\\/mennconcept.com\\\/it\\\/decoration\\\/sedia-e-divano-e-sgabello\\\/chaise-marocaine-en-fer-forge-moroccan-wrought-iron-chair-34\\\/#primaryimage\"},\"image\":{\"@id\":\"https:\\\/\\\/mennconcept.com\\\/it\\\/decoration\\\/sedia-e-divano-e-sgabello\\\/chaise-marocaine-en-fer-forge-moroccan-wrought-iron-chair-34\\\/#primaryimage\"},\"thumbnailUrl\":\"https:\\\/\\\/mennconcept.com\\\/wp-content\\\/uploads\\\/2021\\\/05\\\/chiase-marocain-34.jpg\",\"datePublished\":\"2021-05-20T23:19:05+00:00\",\"dateModified\":\"2021-05-20T23:19:18+00:00\",\"breadcrumb\":{\"@id\":\"https:\\\/\\\/mennconcept.com\\\/it\\\/decoration\\\/sedia-e-divano-e-sgabello\\\/chaise-marocaine-en-fer-forge-moroccan-wrought-iron-chair-34\\\/#breadcrumb\"},\"inLanguage\":\"it-IT\",\"potentialAction\":[{\"@type\":\"ReadAction\",\"target\":[\"https:\\\/\\\/mennconcept.com\\\/it\\\/decoration\\\/sedia-e-divano-e-sgabello\\\/chaise-marocaine-en-fer-forge-moroccan-wrought-iron-chair-34\\\/\"]}]},{\"@type\":\"ImageObject\",\"inLanguage\":\"it-IT\",\"@id\":\"https:\\\/\\\/mennconcept.com\\\/it\\\/decoration\\\/sedia-e-divano-e-sgabello\\\/chaise-marocaine-en-fer-forge-moroccan-wrought-iron-chair-34\\\/#primaryimage\",\"url\":\"https:\\\/\\\/mennconcept.com\\\/wp-content\\\/uploads\\\/2021\\\/05\\\/chiase-marocain-34.jpg\",\"contentUrl\":\"https:\\\/\\\/mennconcept.com\\\/wp-content\\\/uploads\\\/2021\\\/05\\\/chiase-marocain-34.jpg\",\"width\":600,\"height\":600},{\"@type\":\"BreadcrumbList\",\"@id\":\"https:\\\/\\\/mennconcept.com\\\/it\\\/decoration\\\/sedia-e-divano-e-sgabello\\\/chaise-marocaine-en-fer-forge-moroccan-wrought-iron-chair-34\\\/#breadcrumb\",\"itemListElement\":[{\"@type\":\"ListItem\",\"position\":1,\"name\":\"Accueil\",\"item\":\"https:\\\/\\\/mennconcept.com\\\/it\\\/\"},{\"@type\":\"ListItem\",\"position\":2,\"name\":\"Negozio\",\"item\":\"https:\\\/\\\/mennconcept.com\\\/it\\\/negozio\\\/\"},{\"@type\":\"ListItem\",\"position\":3,\"name\":\"Chaise marocaine en fer forg\u00e9 \\\/ Moroccan wrought iron chair 34\"}]},{\"@type\":\"WebSite\",\"@id\":\"https:\\\/\\\/mennconcept.com\\\/it\\\/#website\",\"url\":\"https:\\\/\\\/mennconcept.com\\\/it\\\/\",\"name\":\"Artisanat Marocain Mennconcept\",\"description\":\"L&#039;Art de la Lumi\u00e8re. Artisanat Marocain de Luxe &amp; Cuivre Massif.\",\"publisher\":{\"@id\":\"https:\\\/\\\/mennconcept.com\\\/it\\\/#\\\/schema\\\/person\\\/2b311a14878282b83fdf0b876d5463fd\"},\"potentialAction\":[{\"@type\":\"SearchAction\",\"target\":{\"@type\":\"EntryPoint\",\"urlTemplate\":\"https:\\\/\\\/mennconcept.com\\\/it\\\/?s={search_term_string}\"},\"query-input\":{\"@type\":\"PropertyValueSpecification\",\"valueRequired\":true,\"valueName\":\"search_term_string\"}}],\"inLanguage\":\"it-IT\"},{\"@type\":[\"Person\",\"Organization\"],\"@id\":\"https:\\\/\\\/mennconcept.com\\\/it\\\/#\\\/schema\\\/person\\\/2b311a14878282b83fdf0b876d5463fd\",\"name\":\"mennconcept\",\"image\":{\"@type\":\"ImageObject\",\"inLanguage\":\"it-IT\",\"@id\":\"https:\\\/\\\/mennconcept.com\\\/wp-content\\\/uploads\\\/2021\\\/09\\\/rxyrsugfiinmmzpjdwly_400x400.png\",\"url\":\"https:\\\/\\\/mennconcept.com\\\/wp-content\\\/uploads\\\/2021\\\/09\\\/rxyrsugfiinmmzpjdwly_400x400.png\",\"contentUrl\":\"https:\\\/\\\/mennconcept.com\\\/wp-content\\\/uploads\\\/2021\\\/09\\\/rxyrsugfiinmmzpjdwly_400x400.png\",\"width\":400,\"height\":400,\"caption\":\"mennconcept\"},\"logo\":{\"@id\":\"https:\\\/\\\/mennconcept.com\\\/wp-content\\\/uploads\\\/2021\\\/09\\\/rxyrsugfiinmmzpjdwly_400x400.png\"}}]}<\/script>\n<!-- \/ Yoast SEO plugin. -->","yoast_head_json":{"title":"Chaise marocaine en fer forg\u00e9 \/ Moroccan wrought iron chair 34 - Artisanat Marocain Mennconcept","robots":{"index":"index","follow":"follow","max-snippet":"max-snippet:-1","max-image-preview":"max-image-preview:large","max-video-preview":"max-video-preview:-1"},"canonical":"https:\/\/mennconcept.com\/it\/decoration\/sedia-e-divano-e-sgabello\/chaise-marocaine-en-fer-forge-moroccan-wrought-iron-chair-34\/","og_locale":"it_IT","og_type":"article","og_title":"Chaise marocaine en fer forg\u00e9 \/ Moroccan wrought iron chair 34 - Artisanat Marocain Mennconcept","og_description":"Chaise en fer forg\u00e9, chaise marocaine artisanale, tabouret, chaise pour salle \u00e0 manger, chaise pour jardin, canap\u00e9, Fauteuil en fer forg\u00e9, fauteuil p\u00e9tale rotin et fer forg\u00e9, fauteuil chaise en fer forg\u00e9 et cuir, Salon en fer forg\u00e9 marocain, \u00a0canap\u00e9 fer forg\u00e9, canap\u00e9 pour s\u00e9jours, \u00a0canap\u00e9 pour salon, pour jardin, pour terrasse , Chaise en rotin chaise en lin chaise naturel chaise en palmier.\u00a0 Transat en fer forg\u00e9, chaise longue en fer forg\u00e9, mobilier en fer forg\u00e9, canap\u00e9 piscine en fer forg\u00e9 \u00a0bar marocain artisanale.   Fabrication sur mesure, de diff\u00e9rant tailles et mati\u00e8res, production sp\u00e9ciale pour un charme et une d\u00e9coration sp\u00e9ciale  Livraison gratuite France  TVA inclu  \u00a0  Wrought iron chair, handcrafted Moroccan chair, stool, dining room chair, garden chair, sofa, wrought iron armchair, rattan and wrought iron petal armchair, wrought iron and leather armchair, Moroccan wrought iron living room, sofa wrought iron, sofa for living rooms, sofa for living room, for garden, for terrace, Rattan chair linen chair natural chair palm tree chair. Wrought iron deckchair, wrought iron lounge chair, wrought iron furniture, wrought iron pool sofa, artisanal Moroccan bar.  Made to measure, in different sizes and materials, special production for a special charm and decoration  Free delivery France  VAT included","og_url":"https:\/\/mennconcept.com\/it\/decoration\/sedia-e-divano-e-sgabello\/chaise-marocaine-en-fer-forge-moroccan-wrought-iron-chair-34\/","og_site_name":"Artisanat Marocain Mennconcept","article_modified_time":"2021-05-20T23:19:18+00:00","og_image":[{"width":600,"height":600,"url":"https:\/\/i1.wp.com\/mennconcept.com\/wp-content\/uploads\/2021\/05\/chiase-marocain-34.jpg?fit=600%2C600&ssl=1","type":"image\/jpeg"}],"twitter_card":"summary_large_image","twitter_site":"@ArtisanatM","twitter_misc":{"Tempo di lettura stimato":"1 minuto"},"schema":{"@context":"https:\/\/schema.org","@graph":[{"@type":"WebPage","@id":"https:\/\/mennconcept.com\/it\/decoration\/sedia-e-divano-e-sgabello\/chaise-marocaine-en-fer-forge-moroccan-wrought-iron-chair-34\/","url":"https:\/\/mennconcept.com\/it\/decoration\/sedia-e-divano-e-sgabello\/chaise-marocaine-en-fer-forge-moroccan-wrought-iron-chair-34\/","name":"Chaise marocaine en fer forg\u00e9 \/ Moroccan wrought iron chair 34 - Artisanat Marocain Mennconcept","isPartOf":{"@id":"https:\/\/mennconcept.com\/it\/#website"},"primaryImageOfPage":{"@id":"https:\/\/mennconcept.com\/it\/decoration\/sedia-e-divano-e-sgabello\/chaise-marocaine-en-fer-forge-moroccan-wrought-iron-chair-34\/#primaryimage"},"image":{"@id":"https:\/\/mennconcept.com\/it\/decoration\/sedia-e-divano-e-sgabello\/chaise-marocaine-en-fer-forge-moroccan-wrought-iron-chair-34\/#primaryimage"},"thumbnailUrl":"https:\/\/mennconcept.com\/wp-content\/uploads\/2021\/05\/chiase-marocain-34.jpg","datePublished":"2021-05-20T23:19:05+00:00","dateModified":"2021-05-20T23:19:18+00:00","breadcrumb":{"@id":"https:\/\/mennconcept.com\/it\/decoration\/sedia-e-divano-e-sgabello\/chaise-marocaine-en-fer-forge-moroccan-wrought-iron-chair-34\/#breadcrumb"},"inLanguage":"it-IT","potentialAction":[{"@type":"ReadAction","target":["https:\/\/mennconcept.com\/it\/decoration\/sedia-e-divano-e-sgabello\/chaise-marocaine-en-fer-forge-moroccan-wrought-iron-chair-34\/"]}]},{"@type":"ImageObject","inLanguage":"it-IT","@id":"https:\/\/mennconcept.com\/it\/decoration\/sedia-e-divano-e-sgabello\/chaise-marocaine-en-fer-forge-moroccan-wrought-iron-chair-34\/#primaryimage","url":"https:\/\/mennconcept.com\/wp-content\/uploads\/2021\/05\/chiase-marocain-34.jpg","contentUrl":"https:\/\/mennconcept.com\/wp-content\/uploads\/2021\/05\/chiase-marocain-34.jpg","width":600,"height":600},{"@type":"BreadcrumbList","@id":"https:\/\/mennconcept.com\/it\/decoration\/sedia-e-divano-e-sgabello\/chaise-marocaine-en-fer-forge-moroccan-wrought-iron-chair-34\/#breadcrumb","itemListElement":[{"@type":"ListItem","position":1,"name":"Accueil","item":"https:\/\/mennconcept.com\/it\/"},{"@type":"ListItem","position":2,"name":"Negozio","item":"https:\/\/mennconcept.com\/it\/negozio\/"},{"@type":"ListItem","position":3,"name":"Chaise marocaine en fer forg\u00e9 \/ Moroccan wrought iron chair 34"}]},{"@type":"WebSite","@id":"https:\/\/mennconcept.com\/it\/#website","url":"https:\/\/mennconcept.com\/it\/","name":"Artisanat Marocain Mennconcept","description":"L&#039;Art de la Lumi\u00e8re. Artisanat Marocain de Luxe &amp; Cuivre Massif.","publisher":{"@id":"https:\/\/mennconcept.com\/it\/#\/schema\/person\/2b311a14878282b83fdf0b876d5463fd"},"potentialAction":[{"@type":"SearchAction","target":{"@type":"EntryPoint","urlTemplate":"https:\/\/mennconcept.com\/it\/?s={search_term_string}"},"query-input":{"@type":"PropertyValueSpecification","valueRequired":true,"valueName":"search_term_string"}}],"inLanguage":"it-IT"},{"@type":["Person","Organization"],"@id":"https:\/\/mennconcept.com\/it\/#\/schema\/person\/2b311a14878282b83fdf0b876d5463fd","name":"mennconcept","image":{"@type":"ImageObject","inLanguage":"it-IT","@id":"https:\/\/mennconcept.com\/wp-content\/uploads\/2021\/09\/rxyrsugfiinmmzpjdwly_400x400.png","url":"https:\/\/mennconcept.com\/wp-content\/uploads\/2021\/09\/rxyrsugfiinmmzpjdwly_400x400.png","contentUrl":"https:\/\/mennconcept.com\/wp-content\/uploads\/2021\/09\/rxyrsugfiinmmzpjdwly_400x400.png","width":400,"height":400,"caption":"mennconcept"},"logo":{"@id":"https:\/\/mennconcept.com\/wp-content\/uploads\/2021\/09\/rxyrsugfiinmmzpjdwly_400x400.png"}}]}},"jetpack_publicize_connections":[],"amp_enabled":true,"_links":{"self":[{"href":"https:\/\/mennconcept.com\/it\/wp-json\/wp\/v2\/product\/14276","targetHints":{"allow":["GET"]}}],"collection":[{"href":"https:\/\/mennconcept.com\/it\/wp-json\/wp\/v2\/product"}],"about":[{"href":"https:\/\/mennconcept.com\/it\/wp-json\/wp\/v2\/types\/product"}],"replies":[{"embeddable":true,"href":"https:\/\/mennconcept.com\/it\/wp-json\/wp\/v2\/comments?post=14276"}],"wp:featuredmedia":[{"embeddable":true,"href":"https:\/\/mennconcept.com\/it\/wp-json\/wp\/v2\/media\/14236"}],"wp:attachment":[{"href":"https:\/\/mennconcept.com\/it\/wp-json\/wp\/v2\/media?parent=14276"}],"wp:term":[{"taxonomy":"product_brand","embeddable":true,"href":"https:\/\/mennconcept.com\/it\/wp-json\/wp\/v2\/product_brand?post=14276"},{"taxonomy":"product_cat","embeddable":true,"href":"https:\/\/mennconcept.com\/it\/wp-json\/wp\/v2\/product_cat?post=14276"},{"taxonomy":"product_tag","embeddable":true,"href":"https:\/\/mennconcept.com\/it\/wp-json\/wp\/v2\/product_tag?post=14276"}],"curies":[{"name":"wp","href":"https:\/\/api.w.org\/{rel}","templated":true}]}}