{"id":14186,"date":"2021-05-16T19:51:08","date_gmt":"2021-05-16T17:51:08","guid":{"rendered":"https:\/\/mennconcept.com\/?post_type=product&#038;p=14186"},"modified":"2025-12-24T18:37:07","modified_gmt":"2025-12-24T17:37:07","slug":"baignoire-marocaine-1","status":"publish","type":"product","link":"https:\/\/mennconcept.com\/it\/decoration\/vasca-da-bagno\/baignoire-marocaine-1\/","title":{"rendered":"Baignoire Marocaine 1"},"content":{"rendered":"<p><em>Baignoire marocaine en cuivre ( Laiton), fais a la main, d&#8217;<\/em>artisanat marocain en ligne.<\/p>\n<p><em>Baignoire marocaine martel\u00e9 ext\u00e9rieur non castr\u00e9e, Pour ( salle de bain, douche, hammam, spa )\u00a0<\/em><\/p>\n<p>Fabrication sur mesure, de diff\u00e9rant tailles et mati\u00e8res ( <em>argent\u00e9 ou dor\u00e9 ou rouge ou patin\u00e9 viell\u00e9 , noire , fonc\u00e9 , antique, laiton maillechort cuivre )<\/em>, production sp\u00e9ciale pour un charme et une d\u00e9coration sp\u00e9ciale pour vous..<\/p>\n<p>Transports gratuit pour la France<\/p>\n<p>TVA inclut<\/p>\n<p><em><strong>Longueur<\/strong> : 160 cm<\/em><\/p>\n<p><em><strong>Largeur <\/strong>: 70 cm<\/em><\/p>\n<p><em><strong>Hauteur<\/strong> : 70 cm<\/em><\/p>\n<p><em>Fabrication sur mesure, de diff\u00e9rant tailles et mati\u00e8res, production sp\u00e9ciale pour un charme et une d\u00e9coration sp\u00e9ciale<\/em><\/p>\n<p><strong><em>Livraison gratuite France<\/em><\/strong><\/p>\n<p><em>TVA inclus.<\/em><\/p>\n","protected":false},"excerpt":{"rendered":"<p><em>Baignoire marocaine en cuivre, fais a la main, d&#8217;<\/em>artisanat marocain en ligne.<\/p>\n<p>Fabrication sur mesure, de diff\u00e9rant tailles et mati\u00e8res, production sp\u00e9ciale pour un charme et une d\u00e9coration sp\u00e9ciale pour vous ..<\/p>\n<p>Transports gratuit pour la France<\/p>\n<p>TVA inclut<\/p>\n","protected":false},"featured_media":14099,"comment_status":"open","ping_status":"closed","template":"","meta":{"_monsterinsights_skip_tracking":false,"_monsterinsights_sitenote_active":false,"_monsterinsights_sitenote_note":"","_monsterinsights_sitenote_category":0,"_joinchat":[],"jetpack_publicize_message":"","jetpack_publicize_feature_enabled":true,"jetpack_social_post_already_shared":false,"jetpack_social_options":{"image_generator_settings":{"template":"highway","default_image_id":0,"font":"","enabled":false},"version":2}},"product_brand":[],"product_cat":[40],"product_tag":[264],"class_list":{"0":"post-14186","1":"product","2":"type-product","3":"status-publish","4":"has-post-thumbnail","6":"product_cat-baignoire","7":"product_tag-baignoire-marocaine","9":"first","10":"instock","11":"taxable","12":"shipping-taxable","13":"purchasable","14":"product-type-simple"},"yoast_head":"<!-- This site is optimized with the Yoast SEO plugin v27.3 - https:\/\/yoast.com\/product\/yoast-seo-wordpress\/ -->\n<title>Baignoire Marocaine 1 - Artisanat Marocain Mennconcept<\/title>\n<meta name=\"description\" content=\"Baignoire marocaine en cuivre ( Laiton), fais a la main, d&#039;artisanat marocain en ligne. Transports gratuit pour la France\" \/>\n<meta name=\"robots\" content=\"index, follow, max-snippet:-1, max-image-preview:large, max-video-preview:-1\" \/>\n<link rel=\"canonical\" href=\"https:\/\/mennconcept.com\/it\/decoration\/vasca-da-bagno\/baignoire-marocaine-1\/\" \/>\n<meta property=\"og:locale\" content=\"it_IT\" \/>\n<meta property=\"og:type\" content=\"article\" \/>\n<meta property=\"og:title\" content=\"Baignoire Marocaine 1 - Artisanat Marocain Mennconcept\" \/>\n<meta property=\"og:description\" content=\"Baignoire marocaine en cuivre ( Laiton), fais a la main, d&#039;artisanat marocain en ligne. Transports gratuit pour la France\" \/>\n<meta property=\"og:url\" content=\"https:\/\/mennconcept.com\/it\/decoration\/vasca-da-bagno\/baignoire-marocaine-1\/\" \/>\n<meta property=\"og:site_name\" content=\"Artisanat Marocain Mennconcept\" \/>\n<meta property=\"article:modified_time\" content=\"2025-12-24T17:37:07+00:00\" \/>\n<meta property=\"og:image\" content=\"https:\/\/mennconcept.com\/wp-content\/uploads\/2020\/05\/Baignoire-cuivre-copper-bathtub-1.png\" \/>\n\t<meta property=\"og:image:width\" content=\"416\" \/>\n\t<meta property=\"og:image:height\" content=\"209\" \/>\n\t<meta property=\"og:image:type\" content=\"image\/png\" \/>\n<meta name=\"twitter:card\" content=\"summary_large_image\" \/>\n<meta name=\"twitter:site\" content=\"@ArtisanatM\" \/>\n<meta name=\"twitter:label1\" content=\"Tempo di lettura stimato\" \/>\n\t<meta name=\"twitter:data1\" content=\"1 minuto\" \/>\n<script type=\"application\/ld+json\" class=\"yoast-schema-graph\">{\"@context\":\"https:\\\/\\\/schema.org\",\"@graph\":[{\"@type\":\"WebPage\",\"@id\":\"https:\\\/\\\/mennconcept.com\\\/it\\\/decoration\\\/vasca-da-bagno\\\/baignoire-marocaine-1\\\/\",\"url\":\"https:\\\/\\\/mennconcept.com\\\/it\\\/decoration\\\/vasca-da-bagno\\\/baignoire-marocaine-1\\\/\",\"name\":\"Baignoire Marocaine 1 - Artisanat Marocain Mennconcept\",\"isPartOf\":{\"@id\":\"https:\\\/\\\/mennconcept.com\\\/it\\\/#website\"},\"primaryImageOfPage\":{\"@id\":\"https:\\\/\\\/mennconcept.com\\\/it\\\/decoration\\\/vasca-da-bagno\\\/baignoire-marocaine-1\\\/#primaryimage\"},\"image\":{\"@id\":\"https:\\\/\\\/mennconcept.com\\\/it\\\/decoration\\\/vasca-da-bagno\\\/baignoire-marocaine-1\\\/#primaryimage\"},\"thumbnailUrl\":\"https:\\\/\\\/mennconcept.com\\\/wp-content\\\/uploads\\\/2020\\\/05\\\/Baignoire-cuivre-copper-bathtub-1.png\",\"datePublished\":\"2021-05-16T17:51:08+00:00\",\"dateModified\":\"2025-12-24T17:37:07+00:00\",\"description\":\"Baignoire marocaine en cuivre ( Laiton), fais a la main, d'artisanat marocain en ligne. Transports gratuit pour la France\",\"breadcrumb\":{\"@id\":\"https:\\\/\\\/mennconcept.com\\\/it\\\/decoration\\\/vasca-da-bagno\\\/baignoire-marocaine-1\\\/#breadcrumb\"},\"inLanguage\":\"it-IT\",\"potentialAction\":[{\"@type\":\"ReadAction\",\"target\":[\"https:\\\/\\\/mennconcept.com\\\/it\\\/decoration\\\/vasca-da-bagno\\\/baignoire-marocaine-1\\\/\"]}]},{\"@type\":\"ImageObject\",\"inLanguage\":\"it-IT\",\"@id\":\"https:\\\/\\\/mennconcept.com\\\/it\\\/decoration\\\/vasca-da-bagno\\\/baignoire-marocaine-1\\\/#primaryimage\",\"url\":\"https:\\\/\\\/mennconcept.com\\\/wp-content\\\/uploads\\\/2020\\\/05\\\/Baignoire-cuivre-copper-bathtub-1.png\",\"contentUrl\":\"https:\\\/\\\/mennconcept.com\\\/wp-content\\\/uploads\\\/2020\\\/05\\\/Baignoire-cuivre-copper-bathtub-1.png\",\"width\":416,\"height\":209,\"caption\":\"baignoire marocaine\"},{\"@type\":\"BreadcrumbList\",\"@id\":\"https:\\\/\\\/mennconcept.com\\\/it\\\/decoration\\\/vasca-da-bagno\\\/baignoire-marocaine-1\\\/#breadcrumb\",\"itemListElement\":[{\"@type\":\"ListItem\",\"position\":1,\"name\":\"Accueil\",\"item\":\"https:\\\/\\\/mennconcept.com\\\/it\\\/\"},{\"@type\":\"ListItem\",\"position\":2,\"name\":\"Negozio\",\"item\":\"https:\\\/\\\/mennconcept.com\\\/it\\\/negozio\\\/\"},{\"@type\":\"ListItem\",\"position\":3,\"name\":\"Baignoire Marocaine 1\"}]},{\"@type\":\"WebSite\",\"@id\":\"https:\\\/\\\/mennconcept.com\\\/it\\\/#website\",\"url\":\"https:\\\/\\\/mennconcept.com\\\/it\\\/\",\"name\":\"Artisanat Marocain Mennconcept\",\"description\":\"L&#039;Art de la Lumi\u00e8re. Artisanat Marocain de Luxe &amp; Cuivre Massif.\",\"publisher\":{\"@id\":\"https:\\\/\\\/mennconcept.com\\\/it\\\/#\\\/schema\\\/person\\\/2b311a14878282b83fdf0b876d5463fd\"},\"potentialAction\":[{\"@type\":\"SearchAction\",\"target\":{\"@type\":\"EntryPoint\",\"urlTemplate\":\"https:\\\/\\\/mennconcept.com\\\/it\\\/?s={search_term_string}\"},\"query-input\":{\"@type\":\"PropertyValueSpecification\",\"valueRequired\":true,\"valueName\":\"search_term_string\"}}],\"inLanguage\":\"it-IT\"},{\"@type\":[\"Person\",\"Organization\"],\"@id\":\"https:\\\/\\\/mennconcept.com\\\/it\\\/#\\\/schema\\\/person\\\/2b311a14878282b83fdf0b876d5463fd\",\"name\":\"mennconcept\",\"image\":{\"@type\":\"ImageObject\",\"inLanguage\":\"it-IT\",\"@id\":\"https:\\\/\\\/mennconcept.com\\\/wp-content\\\/uploads\\\/2021\\\/09\\\/rxyrsugfiinmmzpjdwly_400x400.png\",\"url\":\"https:\\\/\\\/mennconcept.com\\\/wp-content\\\/uploads\\\/2021\\\/09\\\/rxyrsugfiinmmzpjdwly_400x400.png\",\"contentUrl\":\"https:\\\/\\\/mennconcept.com\\\/wp-content\\\/uploads\\\/2021\\\/09\\\/rxyrsugfiinmmzpjdwly_400x400.png\",\"width\":400,\"height\":400,\"caption\":\"mennconcept\"},\"logo\":{\"@id\":\"https:\\\/\\\/mennconcept.com\\\/wp-content\\\/uploads\\\/2021\\\/09\\\/rxyrsugfiinmmzpjdwly_400x400.png\"}}]}<\/script>\n<!-- \/ Yoast SEO plugin. -->","yoast_head_json":{"title":"Baignoire Marocaine 1 - Artisanat Marocain Mennconcept","description":"Baignoire marocaine en cuivre ( Laiton), fais a la main, d'artisanat marocain en ligne. Transports gratuit pour la France","robots":{"index":"index","follow":"follow","max-snippet":"max-snippet:-1","max-image-preview":"max-image-preview:large","max-video-preview":"max-video-preview:-1"},"canonical":"https:\/\/mennconcept.com\/it\/decoration\/vasca-da-bagno\/baignoire-marocaine-1\/","og_locale":"it_IT","og_type":"article","og_title":"Baignoire Marocaine 1 - Artisanat Marocain Mennconcept","og_description":"Baignoire marocaine en cuivre ( Laiton), fais a la main, d'artisanat marocain en ligne. Transports gratuit pour la France","og_url":"https:\/\/mennconcept.com\/it\/decoration\/vasca-da-bagno\/baignoire-marocaine-1\/","og_site_name":"Artisanat Marocain Mennconcept","article_modified_time":"2025-12-24T17:37:07+00:00","og_image":[{"width":416,"height":209,"url":"https:\/\/mennconcept.com\/wp-content\/uploads\/2020\/05\/Baignoire-cuivre-copper-bathtub-1.png","type":"image\/png"}],"twitter_card":"summary_large_image","twitter_site":"@ArtisanatM","twitter_misc":{"Tempo di lettura stimato":"1 minuto"},"schema":{"@context":"https:\/\/schema.org","@graph":[{"@type":"WebPage","@id":"https:\/\/mennconcept.com\/it\/decoration\/vasca-da-bagno\/baignoire-marocaine-1\/","url":"https:\/\/mennconcept.com\/it\/decoration\/vasca-da-bagno\/baignoire-marocaine-1\/","name":"Baignoire Marocaine 1 - Artisanat Marocain Mennconcept","isPartOf":{"@id":"https:\/\/mennconcept.com\/it\/#website"},"primaryImageOfPage":{"@id":"https:\/\/mennconcept.com\/it\/decoration\/vasca-da-bagno\/baignoire-marocaine-1\/#primaryimage"},"image":{"@id":"https:\/\/mennconcept.com\/it\/decoration\/vasca-da-bagno\/baignoire-marocaine-1\/#primaryimage"},"thumbnailUrl":"https:\/\/mennconcept.com\/wp-content\/uploads\/2020\/05\/Baignoire-cuivre-copper-bathtub-1.png","datePublished":"2021-05-16T17:51:08+00:00","dateModified":"2025-12-24T17:37:07+00:00","description":"Baignoire marocaine en cuivre ( Laiton), fais a la main, d'artisanat marocain en ligne. Transports gratuit pour la France","breadcrumb":{"@id":"https:\/\/mennconcept.com\/it\/decoration\/vasca-da-bagno\/baignoire-marocaine-1\/#breadcrumb"},"inLanguage":"it-IT","potentialAction":[{"@type":"ReadAction","target":["https:\/\/mennconcept.com\/it\/decoration\/vasca-da-bagno\/baignoire-marocaine-1\/"]}]},{"@type":"ImageObject","inLanguage":"it-IT","@id":"https:\/\/mennconcept.com\/it\/decoration\/vasca-da-bagno\/baignoire-marocaine-1\/#primaryimage","url":"https:\/\/mennconcept.com\/wp-content\/uploads\/2020\/05\/Baignoire-cuivre-copper-bathtub-1.png","contentUrl":"https:\/\/mennconcept.com\/wp-content\/uploads\/2020\/05\/Baignoire-cuivre-copper-bathtub-1.png","width":416,"height":209,"caption":"baignoire marocaine"},{"@type":"BreadcrumbList","@id":"https:\/\/mennconcept.com\/it\/decoration\/vasca-da-bagno\/baignoire-marocaine-1\/#breadcrumb","itemListElement":[{"@type":"ListItem","position":1,"name":"Accueil","item":"https:\/\/mennconcept.com\/it\/"},{"@type":"ListItem","position":2,"name":"Negozio","item":"https:\/\/mennconcept.com\/it\/negozio\/"},{"@type":"ListItem","position":3,"name":"Baignoire Marocaine 1"}]},{"@type":"WebSite","@id":"https:\/\/mennconcept.com\/it\/#website","url":"https:\/\/mennconcept.com\/it\/","name":"Artisanat Marocain Mennconcept","description":"L&#039;Art de la Lumi\u00e8re. Artisanat Marocain de Luxe &amp; Cuivre Massif.","publisher":{"@id":"https:\/\/mennconcept.com\/it\/#\/schema\/person\/2b311a14878282b83fdf0b876d5463fd"},"potentialAction":[{"@type":"SearchAction","target":{"@type":"EntryPoint","urlTemplate":"https:\/\/mennconcept.com\/it\/?s={search_term_string}"},"query-input":{"@type":"PropertyValueSpecification","valueRequired":true,"valueName":"search_term_string"}}],"inLanguage":"it-IT"},{"@type":["Person","Organization"],"@id":"https:\/\/mennconcept.com\/it\/#\/schema\/person\/2b311a14878282b83fdf0b876d5463fd","name":"mennconcept","image":{"@type":"ImageObject","inLanguage":"it-IT","@id":"https:\/\/mennconcept.com\/wp-content\/uploads\/2021\/09\/rxyrsugfiinmmzpjdwly_400x400.png","url":"https:\/\/mennconcept.com\/wp-content\/uploads\/2021\/09\/rxyrsugfiinmmzpjdwly_400x400.png","contentUrl":"https:\/\/mennconcept.com\/wp-content\/uploads\/2021\/09\/rxyrsugfiinmmzpjdwly_400x400.png","width":400,"height":400,"caption":"mennconcept"},"logo":{"@id":"https:\/\/mennconcept.com\/wp-content\/uploads\/2021\/09\/rxyrsugfiinmmzpjdwly_400x400.png"}}]}},"jetpack_publicize_connections":[],"amp_enabled":true,"_links":{"self":[{"href":"https:\/\/mennconcept.com\/it\/wp-json\/wp\/v2\/product\/14186","targetHints":{"allow":["GET"]}}],"collection":[{"href":"https:\/\/mennconcept.com\/it\/wp-json\/wp\/v2\/product"}],"about":[{"href":"https:\/\/mennconcept.com\/it\/wp-json\/wp\/v2\/types\/product"}],"replies":[{"embeddable":true,"href":"https:\/\/mennconcept.com\/it\/wp-json\/wp\/v2\/comments?post=14186"}],"wp:featuredmedia":[{"embeddable":true,"href":"https:\/\/mennconcept.com\/it\/wp-json\/wp\/v2\/media\/14099"}],"wp:attachment":[{"href":"https:\/\/mennconcept.com\/it\/wp-json\/wp\/v2\/media?parent=14186"}],"wp:term":[{"taxonomy":"product_brand","embeddable":true,"href":"https:\/\/mennconcept.com\/it\/wp-json\/wp\/v2\/product_brand?post=14186"},{"taxonomy":"product_cat","embeddable":true,"href":"https:\/\/mennconcept.com\/it\/wp-json\/wp\/v2\/product_cat?post=14186"},{"taxonomy":"product_tag","embeddable":true,"href":"https:\/\/mennconcept.com\/it\/wp-json\/wp\/v2\/product_tag?post=14186"}],"curies":[{"name":"wp","href":"https:\/\/api.w.org\/{rel}","templated":true}]}}