{"id":14075,"date":"2021-05-04T17:21:52","date_gmt":"2021-05-04T15:21:52","guid":{"rendered":"https:\/\/mennconcept.com\/?post_type=product&#038;p=14075"},"modified":"2021-05-16T12:41:50","modified_gmt":"2021-05-16T10:41:50","slug":"miroir-marocain-rond-raphia-06","status":"publish","type":"product","link":"https:\/\/mennconcept.com\/it\/decoration\/specchio-di-vimini-raffia-palma-rattan\/miroir-marocain-rond-raphia-06\/","title":{"rendered":"Miroir marocain rond raphia 06"},"content":{"rendered":"<p>50 cm<\/p>\n<p>\ud83c\uddeb\ud83c\uddf7 Miroir en osier, miroir naturel , miroir raphia Miroir en rotin miroir en palmier miroir pour salle de bain miroir pour salon miroir pour couloir miroir on m\u00e9tal miroir Boh\u00e8me miroir style berb\u00e8re artisanat marocain Marrakech Maroc<\/p>\n<p>Livraison gratuite France<\/p>\n<p>TVA inclus.<\/p>\n<p>\ud83c\uddec\ud83c\udde7 Wicker mirror, natural mirror, raffia mirror Rattan mirror palm mirror mirror for bathroom mirror for living room mirror for hallway mirror on metal mirror Bohemian mirror Berber style Moroccan crafts Marrakech Morocco.<\/p>\n<p>free delivery for France.<\/p>\n<p>VAT included<\/p>\n","protected":false},"excerpt":{"rendered":"<p>50 cm<\/p>\n<p>\ud83c\uddeb\ud83c\uddf7 Miroir en osier, miroir naturel , miroir raphia Miroir en rotin miroir en palmier miroir pour salle de bain miroir pour salon miroir pour couloir miroir on m\u00e9tal miroir Boh\u00e8me miroir style berb\u00e8re artisanat marocain Marrakech Maroc<\/p>\n<p>Livraison gratuite France<\/p>\n<p>TVA inclus.<\/p>\n<p>\ud83c\uddec\ud83c\udde7 Wicker mirror, natural mirror, raffia mirror Rattan mirror palm mirror mirror for bathroom mirror for living room mirror for hallway mirror on metal mirror Bohemian mirror Berber style Moroccan crafts Marrakech Morocco.<\/p>\n<p>free delivery for France.<\/p>\n<p>VAT included<\/p>\n","protected":false},"featured_media":13955,"comment_status":"open","ping_status":"closed","template":"","meta":{"_monsterinsights_skip_tracking":false,"_monsterinsights_sitenote_active":false,"_monsterinsights_sitenote_note":"","_monsterinsights_sitenote_category":0,"_joinchat":[],"jetpack_publicize_message":"","jetpack_publicize_feature_enabled":true,"jetpack_social_post_already_shared":false,"jetpack_social_options":{"image_generator_settings":{"template":"highway","default_image_id":0,"font":"","enabled":false},"version":2}},"product_brand":[],"product_cat":[259],"product_tag":[],"class_list":{"0":"post-14075","1":"product","2":"type-product","3":"status-publish","4":"has-post-thumbnail","6":"product_cat-miroir-osier-raphia-palmier-rotin","8":"first","9":"instock","10":"taxable","11":"shipping-taxable","12":"purchasable","13":"product-type-simple"},"yoast_head":"<!-- This site is optimized with the Yoast SEO plugin v27.3 - https:\/\/yoast.com\/product\/yoast-seo-wordpress\/ -->\n<title>Miroir marocain rond raphia 06 - Artisanat Marocain Mennconcept<\/title>\n<meta name=\"robots\" content=\"index, follow, max-snippet:-1, max-image-preview:large, max-video-preview:-1\" \/>\n<link rel=\"canonical\" href=\"https:\/\/mennconcept.com\/it\/decoration\/specchio-di-vimini-raffia-palma-rattan\/miroir-marocain-rond-raphia-06\/\" \/>\n<meta property=\"og:locale\" content=\"it_IT\" \/>\n<meta property=\"og:type\" content=\"article\" \/>\n<meta property=\"og:title\" content=\"Miroir marocain rond raphia 06 - Artisanat Marocain Mennconcept\" \/>\n<meta property=\"og:description\" content=\"50 cm  \ud83c\uddeb\ud83c\uddf7 Miroir en osier, miroir naturel , miroir raphia Miroir en rotin miroir en palmier miroir pour salle de bain miroir pour salon miroir pour couloir miroir on m\u00e9tal miroir Boh\u00e8me miroir style berb\u00e8re artisanat marocain Marrakech Maroc  Livraison gratuite France  TVA inclus.  \ud83c\uddec\ud83c\udde7 Wicker mirror, natural mirror, raffia mirror Rattan mirror palm mirror mirror for bathroom mirror for living room mirror for hallway mirror on metal mirror Bohemian mirror Berber style Moroccan crafts Marrakech Morocco.  free delivery for France.  VAT included\" \/>\n<meta property=\"og:url\" content=\"https:\/\/mennconcept.com\/it\/decoration\/specchio-di-vimini-raffia-palma-rattan\/miroir-marocain-rond-raphia-06\/\" \/>\n<meta property=\"og:site_name\" content=\"Artisanat Marocain Mennconcept\" \/>\n<meta property=\"article:modified_time\" content=\"2021-05-16T10:41:50+00:00\" \/>\n<meta property=\"og:image\" content=\"https:\/\/i1.wp.com\/mennconcept.com\/wp-content\/uploads\/2021\/04\/miroir-osier-rotin-raphia-palmier-7.jpg?fit=702%2C691&ssl=1\" \/>\n\t<meta property=\"og:image:width\" content=\"702\" \/>\n\t<meta property=\"og:image:height\" content=\"691\" \/>\n\t<meta property=\"og:image:type\" content=\"image\/jpeg\" \/>\n<meta name=\"twitter:card\" content=\"summary_large_image\" \/>\n<meta name=\"twitter:site\" content=\"@ArtisanatM\" \/>\n<script type=\"application\/ld+json\" class=\"yoast-schema-graph\">{\"@context\":\"https:\\\/\\\/schema.org\",\"@graph\":[{\"@type\":\"WebPage\",\"@id\":\"https:\\\/\\\/mennconcept.com\\\/it\\\/decoration\\\/specchio-di-vimini-raffia-palma-rattan\\\/miroir-marocain-rond-raphia-06\\\/\",\"url\":\"https:\\\/\\\/mennconcept.com\\\/it\\\/decoration\\\/specchio-di-vimini-raffia-palma-rattan\\\/miroir-marocain-rond-raphia-06\\\/\",\"name\":\"Miroir marocain rond raphia 06 - Artisanat Marocain Mennconcept\",\"isPartOf\":{\"@id\":\"https:\\\/\\\/mennconcept.com\\\/it\\\/#website\"},\"primaryImageOfPage\":{\"@id\":\"https:\\\/\\\/mennconcept.com\\\/it\\\/decoration\\\/specchio-di-vimini-raffia-palma-rattan\\\/miroir-marocain-rond-raphia-06\\\/#primaryimage\"},\"image\":{\"@id\":\"https:\\\/\\\/mennconcept.com\\\/it\\\/decoration\\\/specchio-di-vimini-raffia-palma-rattan\\\/miroir-marocain-rond-raphia-06\\\/#primaryimage\"},\"thumbnailUrl\":\"https:\\\/\\\/mennconcept.com\\\/wp-content\\\/uploads\\\/2021\\\/04\\\/miroir-osier-rotin-raphia-palmier-7.jpg\",\"datePublished\":\"2021-05-04T15:21:52+00:00\",\"dateModified\":\"2021-05-16T10:41:50+00:00\",\"breadcrumb\":{\"@id\":\"https:\\\/\\\/mennconcept.com\\\/it\\\/decoration\\\/specchio-di-vimini-raffia-palma-rattan\\\/miroir-marocain-rond-raphia-06\\\/#breadcrumb\"},\"inLanguage\":\"it-IT\",\"potentialAction\":[{\"@type\":\"ReadAction\",\"target\":[\"https:\\\/\\\/mennconcept.com\\\/it\\\/decoration\\\/specchio-di-vimini-raffia-palma-rattan\\\/miroir-marocain-rond-raphia-06\\\/\"]}]},{\"@type\":\"ImageObject\",\"inLanguage\":\"it-IT\",\"@id\":\"https:\\\/\\\/mennconcept.com\\\/it\\\/decoration\\\/specchio-di-vimini-raffia-palma-rattan\\\/miroir-marocain-rond-raphia-06\\\/#primaryimage\",\"url\":\"https:\\\/\\\/mennconcept.com\\\/wp-content\\\/uploads\\\/2021\\\/04\\\/miroir-osier-rotin-raphia-palmier-7.jpg\",\"contentUrl\":\"https:\\\/\\\/mennconcept.com\\\/wp-content\\\/uploads\\\/2021\\\/04\\\/miroir-osier-rotin-raphia-palmier-7.jpg\",\"width\":702,\"height\":691},{\"@type\":\"BreadcrumbList\",\"@id\":\"https:\\\/\\\/mennconcept.com\\\/it\\\/decoration\\\/specchio-di-vimini-raffia-palma-rattan\\\/miroir-marocain-rond-raphia-06\\\/#breadcrumb\",\"itemListElement\":[{\"@type\":\"ListItem\",\"position\":1,\"name\":\"Accueil\",\"item\":\"https:\\\/\\\/mennconcept.com\\\/it\\\/\"},{\"@type\":\"ListItem\",\"position\":2,\"name\":\"Negozio\",\"item\":\"https:\\\/\\\/mennconcept.com\\\/it\\\/negozio\\\/\"},{\"@type\":\"ListItem\",\"position\":3,\"name\":\"Miroir marocain rond raphia 06\"}]},{\"@type\":\"WebSite\",\"@id\":\"https:\\\/\\\/mennconcept.com\\\/it\\\/#website\",\"url\":\"https:\\\/\\\/mennconcept.com\\\/it\\\/\",\"name\":\"Artisanat Marocain Mennconcept\",\"description\":\"L&#039;Art de la Lumi\u00e8re. Artisanat Marocain de Luxe &amp; Cuivre Massif.\",\"publisher\":{\"@id\":\"https:\\\/\\\/mennconcept.com\\\/it\\\/#\\\/schema\\\/person\\\/2b311a14878282b83fdf0b876d5463fd\"},\"potentialAction\":[{\"@type\":\"SearchAction\",\"target\":{\"@type\":\"EntryPoint\",\"urlTemplate\":\"https:\\\/\\\/mennconcept.com\\\/it\\\/?s={search_term_string}\"},\"query-input\":{\"@type\":\"PropertyValueSpecification\",\"valueRequired\":true,\"valueName\":\"search_term_string\"}}],\"inLanguage\":\"it-IT\"},{\"@type\":[\"Person\",\"Organization\"],\"@id\":\"https:\\\/\\\/mennconcept.com\\\/it\\\/#\\\/schema\\\/person\\\/2b311a14878282b83fdf0b876d5463fd\",\"name\":\"mennconcept\",\"image\":{\"@type\":\"ImageObject\",\"inLanguage\":\"it-IT\",\"@id\":\"https:\\\/\\\/mennconcept.com\\\/wp-content\\\/uploads\\\/2021\\\/09\\\/rxyrsugfiinmmzpjdwly_400x400.png\",\"url\":\"https:\\\/\\\/mennconcept.com\\\/wp-content\\\/uploads\\\/2021\\\/09\\\/rxyrsugfiinmmzpjdwly_400x400.png\",\"contentUrl\":\"https:\\\/\\\/mennconcept.com\\\/wp-content\\\/uploads\\\/2021\\\/09\\\/rxyrsugfiinmmzpjdwly_400x400.png\",\"width\":400,\"height\":400,\"caption\":\"mennconcept\"},\"logo\":{\"@id\":\"https:\\\/\\\/mennconcept.com\\\/wp-content\\\/uploads\\\/2021\\\/09\\\/rxyrsugfiinmmzpjdwly_400x400.png\"}}]}<\/script>\n<!-- \/ Yoast SEO plugin. -->","yoast_head_json":{"title":"Miroir marocain rond raphia 06 - Artisanat Marocain Mennconcept","robots":{"index":"index","follow":"follow","max-snippet":"max-snippet:-1","max-image-preview":"max-image-preview:large","max-video-preview":"max-video-preview:-1"},"canonical":"https:\/\/mennconcept.com\/it\/decoration\/specchio-di-vimini-raffia-palma-rattan\/miroir-marocain-rond-raphia-06\/","og_locale":"it_IT","og_type":"article","og_title":"Miroir marocain rond raphia 06 - Artisanat Marocain Mennconcept","og_description":"50 cm  \ud83c\uddeb\ud83c\uddf7 Miroir en osier, miroir naturel , miroir raphia Miroir en rotin miroir en palmier miroir pour salle de bain miroir pour salon miroir pour couloir miroir on m\u00e9tal miroir Boh\u00e8me miroir style berb\u00e8re artisanat marocain Marrakech Maroc  Livraison gratuite France  TVA inclus.  \ud83c\uddec\ud83c\udde7 Wicker mirror, natural mirror, raffia mirror Rattan mirror palm mirror mirror for bathroom mirror for living room mirror for hallway mirror on metal mirror Bohemian mirror Berber style Moroccan crafts Marrakech Morocco.  free delivery for France.  VAT included","og_url":"https:\/\/mennconcept.com\/it\/decoration\/specchio-di-vimini-raffia-palma-rattan\/miroir-marocain-rond-raphia-06\/","og_site_name":"Artisanat Marocain Mennconcept","article_modified_time":"2021-05-16T10:41:50+00:00","og_image":[{"width":702,"height":691,"url":"https:\/\/i1.wp.com\/mennconcept.com\/wp-content\/uploads\/2021\/04\/miroir-osier-rotin-raphia-palmier-7.jpg?fit=702%2C691&ssl=1","type":"image\/jpeg"}],"twitter_card":"summary_large_image","twitter_site":"@ArtisanatM","schema":{"@context":"https:\/\/schema.org","@graph":[{"@type":"WebPage","@id":"https:\/\/mennconcept.com\/it\/decoration\/specchio-di-vimini-raffia-palma-rattan\/miroir-marocain-rond-raphia-06\/","url":"https:\/\/mennconcept.com\/it\/decoration\/specchio-di-vimini-raffia-palma-rattan\/miroir-marocain-rond-raphia-06\/","name":"Miroir marocain rond raphia 06 - Artisanat Marocain Mennconcept","isPartOf":{"@id":"https:\/\/mennconcept.com\/it\/#website"},"primaryImageOfPage":{"@id":"https:\/\/mennconcept.com\/it\/decoration\/specchio-di-vimini-raffia-palma-rattan\/miroir-marocain-rond-raphia-06\/#primaryimage"},"image":{"@id":"https:\/\/mennconcept.com\/it\/decoration\/specchio-di-vimini-raffia-palma-rattan\/miroir-marocain-rond-raphia-06\/#primaryimage"},"thumbnailUrl":"https:\/\/mennconcept.com\/wp-content\/uploads\/2021\/04\/miroir-osier-rotin-raphia-palmier-7.jpg","datePublished":"2021-05-04T15:21:52+00:00","dateModified":"2021-05-16T10:41:50+00:00","breadcrumb":{"@id":"https:\/\/mennconcept.com\/it\/decoration\/specchio-di-vimini-raffia-palma-rattan\/miroir-marocain-rond-raphia-06\/#breadcrumb"},"inLanguage":"it-IT","potentialAction":[{"@type":"ReadAction","target":["https:\/\/mennconcept.com\/it\/decoration\/specchio-di-vimini-raffia-palma-rattan\/miroir-marocain-rond-raphia-06\/"]}]},{"@type":"ImageObject","inLanguage":"it-IT","@id":"https:\/\/mennconcept.com\/it\/decoration\/specchio-di-vimini-raffia-palma-rattan\/miroir-marocain-rond-raphia-06\/#primaryimage","url":"https:\/\/mennconcept.com\/wp-content\/uploads\/2021\/04\/miroir-osier-rotin-raphia-palmier-7.jpg","contentUrl":"https:\/\/mennconcept.com\/wp-content\/uploads\/2021\/04\/miroir-osier-rotin-raphia-palmier-7.jpg","width":702,"height":691},{"@type":"BreadcrumbList","@id":"https:\/\/mennconcept.com\/it\/decoration\/specchio-di-vimini-raffia-palma-rattan\/miroir-marocain-rond-raphia-06\/#breadcrumb","itemListElement":[{"@type":"ListItem","position":1,"name":"Accueil","item":"https:\/\/mennconcept.com\/it\/"},{"@type":"ListItem","position":2,"name":"Negozio","item":"https:\/\/mennconcept.com\/it\/negozio\/"},{"@type":"ListItem","position":3,"name":"Miroir marocain rond raphia 06"}]},{"@type":"WebSite","@id":"https:\/\/mennconcept.com\/it\/#website","url":"https:\/\/mennconcept.com\/it\/","name":"Artisanat Marocain Mennconcept","description":"L&#039;Art de la Lumi\u00e8re. Artisanat Marocain de Luxe &amp; Cuivre Massif.","publisher":{"@id":"https:\/\/mennconcept.com\/it\/#\/schema\/person\/2b311a14878282b83fdf0b876d5463fd"},"potentialAction":[{"@type":"SearchAction","target":{"@type":"EntryPoint","urlTemplate":"https:\/\/mennconcept.com\/it\/?s={search_term_string}"},"query-input":{"@type":"PropertyValueSpecification","valueRequired":true,"valueName":"search_term_string"}}],"inLanguage":"it-IT"},{"@type":["Person","Organization"],"@id":"https:\/\/mennconcept.com\/it\/#\/schema\/person\/2b311a14878282b83fdf0b876d5463fd","name":"mennconcept","image":{"@type":"ImageObject","inLanguage":"it-IT","@id":"https:\/\/mennconcept.com\/wp-content\/uploads\/2021\/09\/rxyrsugfiinmmzpjdwly_400x400.png","url":"https:\/\/mennconcept.com\/wp-content\/uploads\/2021\/09\/rxyrsugfiinmmzpjdwly_400x400.png","contentUrl":"https:\/\/mennconcept.com\/wp-content\/uploads\/2021\/09\/rxyrsugfiinmmzpjdwly_400x400.png","width":400,"height":400,"caption":"mennconcept"},"logo":{"@id":"https:\/\/mennconcept.com\/wp-content\/uploads\/2021\/09\/rxyrsugfiinmmzpjdwly_400x400.png"}}]}},"jetpack_publicize_connections":[],"amp_enabled":true,"_links":{"self":[{"href":"https:\/\/mennconcept.com\/it\/wp-json\/wp\/v2\/product\/14075","targetHints":{"allow":["GET"]}}],"collection":[{"href":"https:\/\/mennconcept.com\/it\/wp-json\/wp\/v2\/product"}],"about":[{"href":"https:\/\/mennconcept.com\/it\/wp-json\/wp\/v2\/types\/product"}],"replies":[{"embeddable":true,"href":"https:\/\/mennconcept.com\/it\/wp-json\/wp\/v2\/comments?post=14075"}],"wp:featuredmedia":[{"embeddable":true,"href":"https:\/\/mennconcept.com\/it\/wp-json\/wp\/v2\/media\/13955"}],"wp:attachment":[{"href":"https:\/\/mennconcept.com\/it\/wp-json\/wp\/v2\/media?parent=14075"}],"wp:term":[{"taxonomy":"product_brand","embeddable":true,"href":"https:\/\/mennconcept.com\/it\/wp-json\/wp\/v2\/product_brand?post=14075"},{"taxonomy":"product_cat","embeddable":true,"href":"https:\/\/mennconcept.com\/it\/wp-json\/wp\/v2\/product_cat?post=14075"},{"taxonomy":"product_tag","embeddable":true,"href":"https:\/\/mennconcept.com\/it\/wp-json\/wp\/v2\/product_tag?post=14075"}],"curies":[{"name":"wp","href":"https:\/\/api.w.org\/{rel}","templated":true}]}}