{"id":13573,"date":"2021-03-03T17:02:00","date_gmt":"2021-03-03T16:02:00","guid":{"rendered":"https:\/\/mennconcept.com\/?post_type=product&#038;p=13573"},"modified":"2024-12-10T17:52:20","modified_gmt":"2024-12-10T16:52:20","slug":"applique-murale-marocain-atlas","status":"publish","type":"product","link":"https:\/\/mennconcept.com\/it\/decoration\/lampade-da-parete\/applique-murale-marocain-atlas\/","title":{"rendered":"Applique murale Marocain Atlas"},"content":{"rendered":"<p>Applique murale marocaine Atlas, lampe style marocain en cuivre,style orientale, mosa\u00efque, berb\u00e8re, filigrane, arabesque&#8230;<\/p>\n<p>Fabrication sur mesure de plusieurs decoration traditionnel ou moderne, avec diff\u00e9rent\u00a0tailles, et mati\u00e8res. production sp\u00e9ciale pour un charme et une d\u00e9coration magnifique, d&#8217;artisanat marocain en ligne<\/p>\n<p>Applique murale marocaine en cuivre pour couloir , chambre, salle \u00e0 manger, terrasse, chambre \u00e0 coucher, Cuisine, escalier\u2026.<\/p>\n<p>Notre <em>entreprise<\/em> d&#8217;artisanat marrakech en ligne vous offre un frais de transport et de livraison gratuit pour la France<\/p>\n<p>pour plus d&#8217;informations sur nos offres, nos nouveaut\u00e9s, nos services d&#8217;exp\u00e9dition pour l&#8217;europe et d&#8217;autre pay\u00e9 contactez nous<\/p>\n<p>TVA inclut<\/p>\n","protected":false},"excerpt":{"rendered":"<p>Applique murale marocaine Atlas, lampe style marocain en cuivre,style orientale, mosa\u00efque, berb\u00e8re, filigrane, arabesque&#8230;<\/p>\n<p>Dimension : 40\u00a0 \/ 25cm<\/p>\n<p>Fabrication sur mesure, Livraison gratuit pour la France<\/p>\n","protected":false},"featured_media":13702,"comment_status":"open","ping_status":"closed","template":"","meta":{"_monsterinsights_skip_tracking":false,"_monsterinsights_sitenote_active":false,"_monsterinsights_sitenote_note":"","_monsterinsights_sitenote_category":0,"_joinchat":[],"jetpack_publicize_message":"","jetpack_publicize_feature_enabled":true,"jetpack_social_post_already_shared":false,"jetpack_social_options":{"image_generator_settings":{"template":"highway","default_image_id":0,"font":"","enabled":false},"version":2}},"product_brand":[],"product_cat":[16],"product_tag":[267,225],"class_list":{"0":"post-13573","1":"product","2":"type-product","3":"status-publish","4":"has-post-thumbnail","6":"product_cat-applique_murale","7":"product_tag-applique-murale-marocaine","8":"product_tag-artisanat-marocain","10":"first","11":"instock","12":"taxable","13":"shipping-taxable","14":"purchasable","15":"product-type-simple"},"yoast_head":"<!-- This site is optimized with the Yoast SEO plugin v27.3 - https:\/\/yoast.com\/product\/yoast-seo-wordpress\/ -->\n<title>Applique murale Marocain Atlas - Artisanat Marocain Mennconcept<\/title>\n<meta name=\"description\" content=\"Applique murale marocaine Atlas, lampe style marocain en cuivre, orientale, d&#039;artisanat marocain, Fabrication sur mesure, livraison gratuit\" \/>\n<meta name=\"robots\" content=\"index, follow, max-snippet:-1, max-image-preview:large, max-video-preview:-1\" \/>\n<link rel=\"canonical\" href=\"https:\/\/mennconcept.com\/it\/decoration\/lampade-da-parete\/applique-murale-marocain-atlas\/\" \/>\n<meta property=\"og:locale\" content=\"it_IT\" \/>\n<meta property=\"og:type\" content=\"article\" \/>\n<meta property=\"og:title\" content=\"Applique murale Marocain Atlas - Artisanat Marocain Mennconcept\" \/>\n<meta property=\"og:description\" content=\"Applique murale marocaine Atlas, lampe style marocain en cuivre, orientale, d&#039;artisanat marocain, Fabrication sur mesure, livraison gratuit\" \/>\n<meta property=\"og:url\" content=\"https:\/\/mennconcept.com\/it\/decoration\/lampade-da-parete\/applique-murale-marocain-atlas\/\" \/>\n<meta property=\"og:site_name\" content=\"Artisanat Marocain Mennconcept\" \/>\n<meta property=\"article:modified_time\" content=\"2024-12-10T16:52:20+00:00\" \/>\n<meta property=\"og:image\" content=\"https:\/\/mennconcept.com\/wp-content\/uploads\/2021\/03\/applique-murale-en-cuivre-moroccan-copper-wall-light-38.jpg\" \/>\n\t<meta property=\"og:image:width\" content=\"536\" \/>\n\t<meta property=\"og:image:height\" content=\"732\" \/>\n\t<meta property=\"og:image:type\" content=\"image\/jpeg\" \/>\n<meta name=\"twitter:card\" content=\"summary_large_image\" \/>\n<meta name=\"twitter:site\" content=\"@ArtisanatM\" \/>\n<meta name=\"twitter:label1\" content=\"Tempo di lettura stimato\" \/>\n\t<meta name=\"twitter:data1\" content=\"1 minuto\" \/>\n<script type=\"application\/ld+json\" class=\"yoast-schema-graph\">{\"@context\":\"https:\\\/\\\/schema.org\",\"@graph\":[{\"@type\":\"WebPage\",\"@id\":\"https:\\\/\\\/mennconcept.com\\\/it\\\/decoration\\\/lampade-da-parete\\\/applique-murale-marocain-atlas\\\/\",\"url\":\"https:\\\/\\\/mennconcept.com\\\/it\\\/decoration\\\/lampade-da-parete\\\/applique-murale-marocain-atlas\\\/\",\"name\":\"Applique murale Marocain Atlas - Artisanat Marocain Mennconcept\",\"isPartOf\":{\"@id\":\"https:\\\/\\\/mennconcept.com\\\/it\\\/#website\"},\"primaryImageOfPage\":{\"@id\":\"https:\\\/\\\/mennconcept.com\\\/it\\\/decoration\\\/lampade-da-parete\\\/applique-murale-marocain-atlas\\\/#primaryimage\"},\"image\":{\"@id\":\"https:\\\/\\\/mennconcept.com\\\/it\\\/decoration\\\/lampade-da-parete\\\/applique-murale-marocain-atlas\\\/#primaryimage\"},\"thumbnailUrl\":\"https:\\\/\\\/mennconcept.com\\\/wp-content\\\/uploads\\\/2021\\\/03\\\/applique-murale-en-cuivre-moroccan-copper-wall-light-38.jpg\",\"datePublished\":\"2021-03-03T16:02:00+00:00\",\"dateModified\":\"2024-12-10T16:52:20+00:00\",\"description\":\"Applique murale marocaine Atlas, lampe style marocain en cuivre, orientale, d'artisanat marocain, Fabrication sur mesure, livraison gratuit\",\"breadcrumb\":{\"@id\":\"https:\\\/\\\/mennconcept.com\\\/it\\\/decoration\\\/lampade-da-parete\\\/applique-murale-marocain-atlas\\\/#breadcrumb\"},\"inLanguage\":\"it-IT\",\"potentialAction\":[{\"@type\":\"ReadAction\",\"target\":[\"https:\\\/\\\/mennconcept.com\\\/it\\\/decoration\\\/lampade-da-parete\\\/applique-murale-marocain-atlas\\\/\"]}]},{\"@type\":\"ImageObject\",\"inLanguage\":\"it-IT\",\"@id\":\"https:\\\/\\\/mennconcept.com\\\/it\\\/decoration\\\/lampade-da-parete\\\/applique-murale-marocain-atlas\\\/#primaryimage\",\"url\":\"https:\\\/\\\/mennconcept.com\\\/wp-content\\\/uploads\\\/2021\\\/03\\\/applique-murale-en-cuivre-moroccan-copper-wall-light-38.jpg\",\"contentUrl\":\"https:\\\/\\\/mennconcept.com\\\/wp-content\\\/uploads\\\/2021\\\/03\\\/applique-murale-en-cuivre-moroccan-copper-wall-light-38.jpg\",\"width\":536,\"height\":732,\"caption\":\"Applique murale Marocain Atlas\"},{\"@type\":\"BreadcrumbList\",\"@id\":\"https:\\\/\\\/mennconcept.com\\\/it\\\/decoration\\\/lampade-da-parete\\\/applique-murale-marocain-atlas\\\/#breadcrumb\",\"itemListElement\":[{\"@type\":\"ListItem\",\"position\":1,\"name\":\"Accueil\",\"item\":\"https:\\\/\\\/mennconcept.com\\\/it\\\/\"},{\"@type\":\"ListItem\",\"position\":2,\"name\":\"Negozio\",\"item\":\"https:\\\/\\\/mennconcept.com\\\/it\\\/negozio\\\/\"},{\"@type\":\"ListItem\",\"position\":3,\"name\":\"Applique murale Marocain Atlas\"}]},{\"@type\":\"WebSite\",\"@id\":\"https:\\\/\\\/mennconcept.com\\\/it\\\/#website\",\"url\":\"https:\\\/\\\/mennconcept.com\\\/it\\\/\",\"name\":\"Artisanat Marocain Mennconcept\",\"description\":\"L&#039;Art de la Lumi\u00e8re. Artisanat Marocain de Luxe &amp; Cuivre Massif.\",\"publisher\":{\"@id\":\"https:\\\/\\\/mennconcept.com\\\/it\\\/#\\\/schema\\\/person\\\/2b311a14878282b83fdf0b876d5463fd\"},\"potentialAction\":[{\"@type\":\"SearchAction\",\"target\":{\"@type\":\"EntryPoint\",\"urlTemplate\":\"https:\\\/\\\/mennconcept.com\\\/it\\\/?s={search_term_string}\"},\"query-input\":{\"@type\":\"PropertyValueSpecification\",\"valueRequired\":true,\"valueName\":\"search_term_string\"}}],\"inLanguage\":\"it-IT\"},{\"@type\":[\"Person\",\"Organization\"],\"@id\":\"https:\\\/\\\/mennconcept.com\\\/it\\\/#\\\/schema\\\/person\\\/2b311a14878282b83fdf0b876d5463fd\",\"name\":\"mennconcept\",\"image\":{\"@type\":\"ImageObject\",\"inLanguage\":\"it-IT\",\"@id\":\"https:\\\/\\\/mennconcept.com\\\/wp-content\\\/uploads\\\/2021\\\/09\\\/rxyrsugfiinmmzpjdwly_400x400.png\",\"url\":\"https:\\\/\\\/mennconcept.com\\\/wp-content\\\/uploads\\\/2021\\\/09\\\/rxyrsugfiinmmzpjdwly_400x400.png\",\"contentUrl\":\"https:\\\/\\\/mennconcept.com\\\/wp-content\\\/uploads\\\/2021\\\/09\\\/rxyrsugfiinmmzpjdwly_400x400.png\",\"width\":400,\"height\":400,\"caption\":\"mennconcept\"},\"logo\":{\"@id\":\"https:\\\/\\\/mennconcept.com\\\/wp-content\\\/uploads\\\/2021\\\/09\\\/rxyrsugfiinmmzpjdwly_400x400.png\"}}]}<\/script>\n<!-- \/ Yoast SEO plugin. -->","yoast_head_json":{"title":"Applique murale Marocain Atlas - Artisanat Marocain Mennconcept","description":"Applique murale marocaine Atlas, lampe style marocain en cuivre, orientale, d'artisanat marocain, Fabrication sur mesure, livraison gratuit","robots":{"index":"index","follow":"follow","max-snippet":"max-snippet:-1","max-image-preview":"max-image-preview:large","max-video-preview":"max-video-preview:-1"},"canonical":"https:\/\/mennconcept.com\/it\/decoration\/lampade-da-parete\/applique-murale-marocain-atlas\/","og_locale":"it_IT","og_type":"article","og_title":"Applique murale Marocain Atlas - Artisanat Marocain Mennconcept","og_description":"Applique murale marocaine Atlas, lampe style marocain en cuivre, orientale, d'artisanat marocain, Fabrication sur mesure, livraison gratuit","og_url":"https:\/\/mennconcept.com\/it\/decoration\/lampade-da-parete\/applique-murale-marocain-atlas\/","og_site_name":"Artisanat Marocain Mennconcept","article_modified_time":"2024-12-10T16:52:20+00:00","og_image":[{"width":536,"height":732,"url":"https:\/\/mennconcept.com\/wp-content\/uploads\/2021\/03\/applique-murale-en-cuivre-moroccan-copper-wall-light-38.jpg","type":"image\/jpeg"}],"twitter_card":"summary_large_image","twitter_site":"@ArtisanatM","twitter_misc":{"Tempo di lettura stimato":"1 minuto"},"schema":{"@context":"https:\/\/schema.org","@graph":[{"@type":"WebPage","@id":"https:\/\/mennconcept.com\/it\/decoration\/lampade-da-parete\/applique-murale-marocain-atlas\/","url":"https:\/\/mennconcept.com\/it\/decoration\/lampade-da-parete\/applique-murale-marocain-atlas\/","name":"Applique murale Marocain Atlas - Artisanat Marocain Mennconcept","isPartOf":{"@id":"https:\/\/mennconcept.com\/it\/#website"},"primaryImageOfPage":{"@id":"https:\/\/mennconcept.com\/it\/decoration\/lampade-da-parete\/applique-murale-marocain-atlas\/#primaryimage"},"image":{"@id":"https:\/\/mennconcept.com\/it\/decoration\/lampade-da-parete\/applique-murale-marocain-atlas\/#primaryimage"},"thumbnailUrl":"https:\/\/mennconcept.com\/wp-content\/uploads\/2021\/03\/applique-murale-en-cuivre-moroccan-copper-wall-light-38.jpg","datePublished":"2021-03-03T16:02:00+00:00","dateModified":"2024-12-10T16:52:20+00:00","description":"Applique murale marocaine Atlas, lampe style marocain en cuivre, orientale, d'artisanat marocain, Fabrication sur mesure, livraison gratuit","breadcrumb":{"@id":"https:\/\/mennconcept.com\/it\/decoration\/lampade-da-parete\/applique-murale-marocain-atlas\/#breadcrumb"},"inLanguage":"it-IT","potentialAction":[{"@type":"ReadAction","target":["https:\/\/mennconcept.com\/it\/decoration\/lampade-da-parete\/applique-murale-marocain-atlas\/"]}]},{"@type":"ImageObject","inLanguage":"it-IT","@id":"https:\/\/mennconcept.com\/it\/decoration\/lampade-da-parete\/applique-murale-marocain-atlas\/#primaryimage","url":"https:\/\/mennconcept.com\/wp-content\/uploads\/2021\/03\/applique-murale-en-cuivre-moroccan-copper-wall-light-38.jpg","contentUrl":"https:\/\/mennconcept.com\/wp-content\/uploads\/2021\/03\/applique-murale-en-cuivre-moroccan-copper-wall-light-38.jpg","width":536,"height":732,"caption":"Applique murale Marocain Atlas"},{"@type":"BreadcrumbList","@id":"https:\/\/mennconcept.com\/it\/decoration\/lampade-da-parete\/applique-murale-marocain-atlas\/#breadcrumb","itemListElement":[{"@type":"ListItem","position":1,"name":"Accueil","item":"https:\/\/mennconcept.com\/it\/"},{"@type":"ListItem","position":2,"name":"Negozio","item":"https:\/\/mennconcept.com\/it\/negozio\/"},{"@type":"ListItem","position":3,"name":"Applique murale Marocain Atlas"}]},{"@type":"WebSite","@id":"https:\/\/mennconcept.com\/it\/#website","url":"https:\/\/mennconcept.com\/it\/","name":"Artisanat Marocain Mennconcept","description":"L&#039;Art de la Lumi\u00e8re. Artisanat Marocain de Luxe &amp; Cuivre Massif.","publisher":{"@id":"https:\/\/mennconcept.com\/it\/#\/schema\/person\/2b311a14878282b83fdf0b876d5463fd"},"potentialAction":[{"@type":"SearchAction","target":{"@type":"EntryPoint","urlTemplate":"https:\/\/mennconcept.com\/it\/?s={search_term_string}"},"query-input":{"@type":"PropertyValueSpecification","valueRequired":true,"valueName":"search_term_string"}}],"inLanguage":"it-IT"},{"@type":["Person","Organization"],"@id":"https:\/\/mennconcept.com\/it\/#\/schema\/person\/2b311a14878282b83fdf0b876d5463fd","name":"mennconcept","image":{"@type":"ImageObject","inLanguage":"it-IT","@id":"https:\/\/mennconcept.com\/wp-content\/uploads\/2021\/09\/rxyrsugfiinmmzpjdwly_400x400.png","url":"https:\/\/mennconcept.com\/wp-content\/uploads\/2021\/09\/rxyrsugfiinmmzpjdwly_400x400.png","contentUrl":"https:\/\/mennconcept.com\/wp-content\/uploads\/2021\/09\/rxyrsugfiinmmzpjdwly_400x400.png","width":400,"height":400,"caption":"mennconcept"},"logo":{"@id":"https:\/\/mennconcept.com\/wp-content\/uploads\/2021\/09\/rxyrsugfiinmmzpjdwly_400x400.png"}}]}},"jetpack_publicize_connections":[],"amp_enabled":true,"_links":{"self":[{"href":"https:\/\/mennconcept.com\/it\/wp-json\/wp\/v2\/product\/13573","targetHints":{"allow":["GET"]}}],"collection":[{"href":"https:\/\/mennconcept.com\/it\/wp-json\/wp\/v2\/product"}],"about":[{"href":"https:\/\/mennconcept.com\/it\/wp-json\/wp\/v2\/types\/product"}],"replies":[{"embeddable":true,"href":"https:\/\/mennconcept.com\/it\/wp-json\/wp\/v2\/comments?post=13573"}],"wp:featuredmedia":[{"embeddable":true,"href":"https:\/\/mennconcept.com\/it\/wp-json\/wp\/v2\/media\/13702"}],"wp:attachment":[{"href":"https:\/\/mennconcept.com\/it\/wp-json\/wp\/v2\/media?parent=13573"}],"wp:term":[{"taxonomy":"product_brand","embeddable":true,"href":"https:\/\/mennconcept.com\/it\/wp-json\/wp\/v2\/product_brand?post=13573"},{"taxonomy":"product_cat","embeddable":true,"href":"https:\/\/mennconcept.com\/it\/wp-json\/wp\/v2\/product_cat?post=13573"},{"taxonomy":"product_tag","embeddable":true,"href":"https:\/\/mennconcept.com\/it\/wp-json\/wp\/v2\/product_tag?post=13573"}],"curies":[{"name":"wp","href":"https:\/\/api.w.org\/{rel}","templated":true}]}}