{"id":12730,"date":"2020-07-05T20:08:16","date_gmt":"2020-07-05T18:08:16","guid":{"rendered":"https:\/\/mennconcept.com\/?post_type=product&#038;p=12730"},"modified":"2022-08-28T20:45:14","modified_gmt":"2022-08-28T18:45:14","slug":"robinet-cuivre-marocaine-19","status":"publish","type":"product","link":"https:\/\/mennconcept.com\/it\/decoration\/rubinetto\/robinet-cuivre-marocaine-19\/","title":{"rendered":"Robinet cuivre marocaine 19"},"content":{"rendered":"<p>Robinet cuivre marocaine m\u00e9langeur, mitigeurs marocaine laiton bronze, artisanal m\u00e9tal traditionnel marocain grav\u00e9e, accessoires sanitaires, pour salle de bains, toilettes, douches, lavabos vasques et \u00e9vier\u2026<\/p>\n<p>Fabrication sur mesure, de diff\u00e9rent taille et mati\u00e8re, production sp\u00e9ciale pour un charme et d\u00e9coration sp\u00e9cial<\/p>\n<p>livraison gratuite pour la France<\/p>\n<p>TVA inclus<\/p>\n","protected":false},"excerpt":{"rendered":"<p>Robinet cuivre marocaine m\u00e9langeur, mitigeurs marocaine laiton bronze, artisanal m\u00e9tal traditionnel marocain grav\u00e9e, accessoires sanitaires, pour salle de bains, toilettes, douches, lavabos vasques et \u00e9vier\u2026<\/p>\n<p>Fabrication sur mesure, de diff\u00e9rent taille et mati\u00e8re, production sp\u00e9ciale pour un charme et d\u00e9coration sp\u00e9cial<\/p>\n<p>Livraison gratuite pour la France<\/p>\n<p>TVA inclus<\/p>\n","protected":false},"featured_media":12717,"comment_status":"open","ping_status":"closed","template":"","meta":{"_monsterinsights_skip_tracking":false,"_monsterinsights_sitenote_active":false,"_monsterinsights_sitenote_note":"","_monsterinsights_sitenote_category":0,"_joinchat":[],"jetpack_publicize_message":"","jetpack_publicize_feature_enabled":true,"jetpack_social_post_already_shared":true,"jetpack_social_options":{"image_generator_settings":{"template":"highway","default_image_id":0,"font":"","enabled":false},"version":2}},"product_brand":[],"product_cat":[236],"product_tag":[225,499],"class_list":{"0":"post-12730","1":"product","2":"type-product","3":"status-publish","4":"has-post-thumbnail","6":"product_cat-robinet","7":"product_tag-artisanat-marocain","8":"product_tag-robinet-cuivre-marocaine","10":"first","11":"instock","12":"taxable","13":"shipping-taxable","14":"purchasable","15":"product-type-simple"},"yoast_head":"<!-- This site is optimized with the Yoast SEO plugin v27.3 - https:\/\/yoast.com\/product\/yoast-seo-wordpress\/ -->\n<title>Robinet cuivre marocaine 19 - Artisanat Marocain Mennconcept<\/title>\n<meta name=\"description\" content=\"Robinet cuivre marocaine m\u00e9langeur, mitigeurs marocaine laiton bronze, artisanal m\u00e9tal traditionnel marocain grav\u00e9e,pour salle de bains...\" \/>\n<meta name=\"robots\" content=\"index, follow, max-snippet:-1, max-image-preview:large, max-video-preview:-1\" \/>\n<link rel=\"canonical\" href=\"https:\/\/mennconcept.com\/it\/decoration\/rubinetto\/robinet-cuivre-marocaine-19\/\" \/>\n<meta property=\"og:locale\" content=\"it_IT\" \/>\n<meta property=\"og:type\" content=\"article\" \/>\n<meta property=\"og:title\" content=\"Robinet cuivre marocaine 19 - Artisanat Marocain Mennconcept\" \/>\n<meta property=\"og:description\" content=\"Robinet cuivre marocaine m\u00e9langeur, mitigeurs marocaine laiton bronze, artisanal m\u00e9tal traditionnel marocain grav\u00e9e,pour salle de bains...\" \/>\n<meta property=\"og:url\" content=\"https:\/\/mennconcept.com\/it\/decoration\/rubinetto\/robinet-cuivre-marocaine-19\/\" \/>\n<meta property=\"og:site_name\" content=\"Artisanat Marocain Mennconcept\" \/>\n<meta property=\"article:modified_time\" content=\"2022-08-28T18:45:14+00:00\" \/>\n<meta property=\"og:image\" content=\"https:\/\/mennconcept.com\/wp-content\/uploads\/2020\/07\/PSX_20200705_180104.jpg\" \/>\n\t<meta property=\"og:image:width\" content=\"465\" \/>\n\t<meta property=\"og:image:height\" content=\"472\" \/>\n\t<meta property=\"og:image:type\" content=\"image\/jpeg\" \/>\n<meta name=\"twitter:card\" content=\"summary_large_image\" \/>\n<meta name=\"twitter:site\" content=\"@ArtisanatM\" \/>\n<meta name=\"twitter:label1\" content=\"Tempo di lettura stimato\" \/>\n\t<meta name=\"twitter:data1\" content=\"1 minuto\" \/>\n<script type=\"application\/ld+json\" class=\"yoast-schema-graph\">{\"@context\":\"https:\\\/\\\/schema.org\",\"@graph\":[{\"@type\":\"WebPage\",\"@id\":\"https:\\\/\\\/mennconcept.com\\\/it\\\/decoration\\\/rubinetto\\\/robinet-cuivre-marocaine-19\\\/\",\"url\":\"https:\\\/\\\/mennconcept.com\\\/it\\\/decoration\\\/rubinetto\\\/robinet-cuivre-marocaine-19\\\/\",\"name\":\"Robinet cuivre marocaine 19 - Artisanat Marocain Mennconcept\",\"isPartOf\":{\"@id\":\"https:\\\/\\\/mennconcept.com\\\/it\\\/#website\"},\"primaryImageOfPage\":{\"@id\":\"https:\\\/\\\/mennconcept.com\\\/it\\\/decoration\\\/rubinetto\\\/robinet-cuivre-marocaine-19\\\/#primaryimage\"},\"image\":{\"@id\":\"https:\\\/\\\/mennconcept.com\\\/it\\\/decoration\\\/rubinetto\\\/robinet-cuivre-marocaine-19\\\/#primaryimage\"},\"thumbnailUrl\":\"https:\\\/\\\/mennconcept.com\\\/wp-content\\\/uploads\\\/2020\\\/07\\\/PSX_20200705_180104.jpg\",\"datePublished\":\"2020-07-05T18:08:16+00:00\",\"dateModified\":\"2022-08-28T18:45:14+00:00\",\"description\":\"Robinet cuivre marocaine m\u00e9langeur, mitigeurs marocaine laiton bronze, artisanal m\u00e9tal traditionnel marocain grav\u00e9e,pour salle de bains...\",\"breadcrumb\":{\"@id\":\"https:\\\/\\\/mennconcept.com\\\/it\\\/decoration\\\/rubinetto\\\/robinet-cuivre-marocaine-19\\\/#breadcrumb\"},\"inLanguage\":\"it-IT\",\"potentialAction\":[{\"@type\":\"ReadAction\",\"target\":[\"https:\\\/\\\/mennconcept.com\\\/it\\\/decoration\\\/rubinetto\\\/robinet-cuivre-marocaine-19\\\/\"]}]},{\"@type\":\"ImageObject\",\"inLanguage\":\"it-IT\",\"@id\":\"https:\\\/\\\/mennconcept.com\\\/it\\\/decoration\\\/rubinetto\\\/robinet-cuivre-marocaine-19\\\/#primaryimage\",\"url\":\"https:\\\/\\\/mennconcept.com\\\/wp-content\\\/uploads\\\/2020\\\/07\\\/PSX_20200705_180104.jpg\",\"contentUrl\":\"https:\\\/\\\/mennconcept.com\\\/wp-content\\\/uploads\\\/2020\\\/07\\\/PSX_20200705_180104.jpg\",\"width\":465,\"height\":472,\"caption\":\"Artisanat marocain Mennconcept\"},{\"@type\":\"BreadcrumbList\",\"@id\":\"https:\\\/\\\/mennconcept.com\\\/it\\\/decoration\\\/rubinetto\\\/robinet-cuivre-marocaine-19\\\/#breadcrumb\",\"itemListElement\":[{\"@type\":\"ListItem\",\"position\":1,\"name\":\"Accueil\",\"item\":\"https:\\\/\\\/mennconcept.com\\\/it\\\/\"},{\"@type\":\"ListItem\",\"position\":2,\"name\":\"Negozio\",\"item\":\"https:\\\/\\\/mennconcept.com\\\/it\\\/negozio\\\/\"},{\"@type\":\"ListItem\",\"position\":3,\"name\":\"Robinet cuivre marocaine 19\"}]},{\"@type\":\"WebSite\",\"@id\":\"https:\\\/\\\/mennconcept.com\\\/it\\\/#website\",\"url\":\"https:\\\/\\\/mennconcept.com\\\/it\\\/\",\"name\":\"Artisanat Marocain Mennconcept\",\"description\":\"L&#039;Art de la Lumi\u00e8re. Artisanat Marocain de Luxe &amp; Cuivre Massif.\",\"publisher\":{\"@id\":\"https:\\\/\\\/mennconcept.com\\\/it\\\/#\\\/schema\\\/person\\\/2b311a14878282b83fdf0b876d5463fd\"},\"potentialAction\":[{\"@type\":\"SearchAction\",\"target\":{\"@type\":\"EntryPoint\",\"urlTemplate\":\"https:\\\/\\\/mennconcept.com\\\/it\\\/?s={search_term_string}\"},\"query-input\":{\"@type\":\"PropertyValueSpecification\",\"valueRequired\":true,\"valueName\":\"search_term_string\"}}],\"inLanguage\":\"it-IT\"},{\"@type\":[\"Person\",\"Organization\"],\"@id\":\"https:\\\/\\\/mennconcept.com\\\/it\\\/#\\\/schema\\\/person\\\/2b311a14878282b83fdf0b876d5463fd\",\"name\":\"mennconcept\",\"image\":{\"@type\":\"ImageObject\",\"inLanguage\":\"it-IT\",\"@id\":\"https:\\\/\\\/mennconcept.com\\\/wp-content\\\/uploads\\\/2021\\\/09\\\/rxyrsugfiinmmzpjdwly_400x400.png\",\"url\":\"https:\\\/\\\/mennconcept.com\\\/wp-content\\\/uploads\\\/2021\\\/09\\\/rxyrsugfiinmmzpjdwly_400x400.png\",\"contentUrl\":\"https:\\\/\\\/mennconcept.com\\\/wp-content\\\/uploads\\\/2021\\\/09\\\/rxyrsugfiinmmzpjdwly_400x400.png\",\"width\":400,\"height\":400,\"caption\":\"mennconcept\"},\"logo\":{\"@id\":\"https:\\\/\\\/mennconcept.com\\\/wp-content\\\/uploads\\\/2021\\\/09\\\/rxyrsugfiinmmzpjdwly_400x400.png\"}}]}<\/script>\n<!-- \/ Yoast SEO plugin. -->","yoast_head_json":{"title":"Robinet cuivre marocaine 19 - Artisanat Marocain Mennconcept","description":"Robinet cuivre marocaine m\u00e9langeur, mitigeurs marocaine laiton bronze, artisanal m\u00e9tal traditionnel marocain grav\u00e9e,pour salle de bains...","robots":{"index":"index","follow":"follow","max-snippet":"max-snippet:-1","max-image-preview":"max-image-preview:large","max-video-preview":"max-video-preview:-1"},"canonical":"https:\/\/mennconcept.com\/it\/decoration\/rubinetto\/robinet-cuivre-marocaine-19\/","og_locale":"it_IT","og_type":"article","og_title":"Robinet cuivre marocaine 19 - Artisanat Marocain Mennconcept","og_description":"Robinet cuivre marocaine m\u00e9langeur, mitigeurs marocaine laiton bronze, artisanal m\u00e9tal traditionnel marocain grav\u00e9e,pour salle de bains...","og_url":"https:\/\/mennconcept.com\/it\/decoration\/rubinetto\/robinet-cuivre-marocaine-19\/","og_site_name":"Artisanat Marocain Mennconcept","article_modified_time":"2022-08-28T18:45:14+00:00","og_image":[{"width":465,"height":472,"url":"https:\/\/mennconcept.com\/wp-content\/uploads\/2020\/07\/PSX_20200705_180104.jpg","type":"image\/jpeg"}],"twitter_card":"summary_large_image","twitter_site":"@ArtisanatM","twitter_misc":{"Tempo di lettura stimato":"1 minuto"},"schema":{"@context":"https:\/\/schema.org","@graph":[{"@type":"WebPage","@id":"https:\/\/mennconcept.com\/it\/decoration\/rubinetto\/robinet-cuivre-marocaine-19\/","url":"https:\/\/mennconcept.com\/it\/decoration\/rubinetto\/robinet-cuivre-marocaine-19\/","name":"Robinet cuivre marocaine 19 - Artisanat Marocain Mennconcept","isPartOf":{"@id":"https:\/\/mennconcept.com\/it\/#website"},"primaryImageOfPage":{"@id":"https:\/\/mennconcept.com\/it\/decoration\/rubinetto\/robinet-cuivre-marocaine-19\/#primaryimage"},"image":{"@id":"https:\/\/mennconcept.com\/it\/decoration\/rubinetto\/robinet-cuivre-marocaine-19\/#primaryimage"},"thumbnailUrl":"https:\/\/mennconcept.com\/wp-content\/uploads\/2020\/07\/PSX_20200705_180104.jpg","datePublished":"2020-07-05T18:08:16+00:00","dateModified":"2022-08-28T18:45:14+00:00","description":"Robinet cuivre marocaine m\u00e9langeur, mitigeurs marocaine laiton bronze, artisanal m\u00e9tal traditionnel marocain grav\u00e9e,pour salle de bains...","breadcrumb":{"@id":"https:\/\/mennconcept.com\/it\/decoration\/rubinetto\/robinet-cuivre-marocaine-19\/#breadcrumb"},"inLanguage":"it-IT","potentialAction":[{"@type":"ReadAction","target":["https:\/\/mennconcept.com\/it\/decoration\/rubinetto\/robinet-cuivre-marocaine-19\/"]}]},{"@type":"ImageObject","inLanguage":"it-IT","@id":"https:\/\/mennconcept.com\/it\/decoration\/rubinetto\/robinet-cuivre-marocaine-19\/#primaryimage","url":"https:\/\/mennconcept.com\/wp-content\/uploads\/2020\/07\/PSX_20200705_180104.jpg","contentUrl":"https:\/\/mennconcept.com\/wp-content\/uploads\/2020\/07\/PSX_20200705_180104.jpg","width":465,"height":472,"caption":"Artisanat marocain Mennconcept"},{"@type":"BreadcrumbList","@id":"https:\/\/mennconcept.com\/it\/decoration\/rubinetto\/robinet-cuivre-marocaine-19\/#breadcrumb","itemListElement":[{"@type":"ListItem","position":1,"name":"Accueil","item":"https:\/\/mennconcept.com\/it\/"},{"@type":"ListItem","position":2,"name":"Negozio","item":"https:\/\/mennconcept.com\/it\/negozio\/"},{"@type":"ListItem","position":3,"name":"Robinet cuivre marocaine 19"}]},{"@type":"WebSite","@id":"https:\/\/mennconcept.com\/it\/#website","url":"https:\/\/mennconcept.com\/it\/","name":"Artisanat Marocain Mennconcept","description":"L&#039;Art de la Lumi\u00e8re. Artisanat Marocain de Luxe &amp; Cuivre Massif.","publisher":{"@id":"https:\/\/mennconcept.com\/it\/#\/schema\/person\/2b311a14878282b83fdf0b876d5463fd"},"potentialAction":[{"@type":"SearchAction","target":{"@type":"EntryPoint","urlTemplate":"https:\/\/mennconcept.com\/it\/?s={search_term_string}"},"query-input":{"@type":"PropertyValueSpecification","valueRequired":true,"valueName":"search_term_string"}}],"inLanguage":"it-IT"},{"@type":["Person","Organization"],"@id":"https:\/\/mennconcept.com\/it\/#\/schema\/person\/2b311a14878282b83fdf0b876d5463fd","name":"mennconcept","image":{"@type":"ImageObject","inLanguage":"it-IT","@id":"https:\/\/mennconcept.com\/wp-content\/uploads\/2021\/09\/rxyrsugfiinmmzpjdwly_400x400.png","url":"https:\/\/mennconcept.com\/wp-content\/uploads\/2021\/09\/rxyrsugfiinmmzpjdwly_400x400.png","contentUrl":"https:\/\/mennconcept.com\/wp-content\/uploads\/2021\/09\/rxyrsugfiinmmzpjdwly_400x400.png","width":400,"height":400,"caption":"mennconcept"},"logo":{"@id":"https:\/\/mennconcept.com\/wp-content\/uploads\/2021\/09\/rxyrsugfiinmmzpjdwly_400x400.png"}}]}},"jetpack_publicize_connections":[],"amp_enabled":true,"_links":{"self":[{"href":"https:\/\/mennconcept.com\/it\/wp-json\/wp\/v2\/product\/12730","targetHints":{"allow":["GET"]}}],"collection":[{"href":"https:\/\/mennconcept.com\/it\/wp-json\/wp\/v2\/product"}],"about":[{"href":"https:\/\/mennconcept.com\/it\/wp-json\/wp\/v2\/types\/product"}],"replies":[{"embeddable":true,"href":"https:\/\/mennconcept.com\/it\/wp-json\/wp\/v2\/comments?post=12730"}],"wp:featuredmedia":[{"embeddable":true,"href":"https:\/\/mennconcept.com\/it\/wp-json\/wp\/v2\/media\/12717"}],"wp:attachment":[{"href":"https:\/\/mennconcept.com\/it\/wp-json\/wp\/v2\/media?parent=12730"}],"wp:term":[{"taxonomy":"product_brand","embeddable":true,"href":"https:\/\/mennconcept.com\/it\/wp-json\/wp\/v2\/product_brand?post=12730"},{"taxonomy":"product_cat","embeddable":true,"href":"https:\/\/mennconcept.com\/it\/wp-json\/wp\/v2\/product_cat?post=12730"},{"taxonomy":"product_tag","embeddable":true,"href":"https:\/\/mennconcept.com\/it\/wp-json\/wp\/v2\/product_tag?post=12730"}],"curies":[{"name":"wp","href":"https:\/\/api.w.org\/{rel}","templated":true}]}}