{"id":11764,"date":"2020-05-11T00:13:58","date_gmt":"2020-05-10T22:13:58","guid":{"rendered":"https:\/\/mennconcept.com\/?post_type=product&#038;p=11764"},"modified":"2021-04-28T22:14:22","modified_gmt":"2021-04-28T20:14:22","slug":"lampe-suspension-marocain-en-cuivre-moroccan-copper-pendant-lamp-15","status":"publish","type":"product","link":"https:\/\/mennconcept.com\/it\/decoration\/lampada-a-sospensione-marocchina\/lampe-suspension-marocain-en-cuivre-moroccan-copper-pendant-lamp-15\/","title":{"rendered":"Lampe suspension marocain en cuivre\/moroccan copper pendant lamp 15"},"content":{"rendered":"<p>35cm<\/p>\n<p>&nbsp;<\/p>\n<p>\ud83c\uddeb\ud83c\uddf7 Lampe cuivre style marocain lanterne pondant suspension marocaine traditionnel maillechort cuivre laiton patin\u00e9 vieillis d\u2019ores argenst\u00e9 artisanat marocain, artisanale Marrakech Maroc traditionnel lampe salon, couloir , chambre, salle \u00e0 manger, terrasse, chambre \u00e0 coucher, Cuisine\u2026<\/p>\n<p>&nbsp;<\/p>\n<p>Fabrication sure mesure, de diff\u00e9rant taille et mati\u00e8re, production sp\u00e9ciale pour un charme et d\u00e9coration sp\u00e9cial<\/p>\n<p>&nbsp;<\/p>\n<p>transport gratuit pour la France. T.V.A inclut<\/p>\n<p>&nbsp;<\/p>\n<p>\ud83c\uddec\ud83c\udde7 Moroccan style copper lamp lantern laying traditional Moroccan suspension nickel silver copper patinated brass aged silver Moroccan craftsmanship, artisanal Marrakech Morocco traditional lamp living room, hallway, bedroom, dining room, terrace, bedroom, kitchen \u2026<\/p>\n<p>&nbsp;<\/p>\n<p>Made to measure, different size and material, special production for a special charm and decoration<\/p>\n<p>&nbsp;<\/p>\n<p>free transport for France. VATincluded<\/p>\n","protected":false},"excerpt":{"rendered":"<p>35cm<\/p>\n<p>&nbsp;<\/p>\n<p>\ud83c\uddeb\ud83c\uddf7 Lampe cuivre style marocain lanterne pondant suspension marocaine traditionnel maillechort cuivre laiton patin\u00e9 vieillis d\u2019ores argenst\u00e9 artisanat marocain, artisanale Marrakech Maroc traditionnel lampe salon, couloir , chambre, salle \u00e0 manger, terrasse, chambre \u00e0 coucher, Cuisine\u2026<\/p>\n<p>&nbsp;<\/p>\n<p>Fabrication sure mesure, de diff\u00e9rant taille et mati\u00e8re, production sp\u00e9ciale pour un charme et d\u00e9coration sp\u00e9cial<\/p>\n<p>&nbsp;<\/p>\n<p>transport gratuit pour la France. T.V.A inclut<\/p>\n<p>&nbsp;<\/p>\n<p>\ud83c\uddec\ud83c\udde7 Moroccan style copper lamp lantern laying traditional Moroccan suspension nickel silver copper patinated brass aged silver Moroccan craftsmanship, artisanal Marrakech Morocco traditional lamp living room, hallway, bedroom, dining room, terrace, bedroom, kitchen \u2026<\/p>\n<p>&nbsp;<\/p>\n<p>Made to measure, different size and material, special production for a special charm and decoration<\/p>\n<p>&nbsp;<\/p>\n<p>free transport for France. VATincluded<\/p>\n","protected":false},"featured_media":13875,"comment_status":"open","ping_status":"closed","template":"","meta":{"_monsterinsights_skip_tracking":false,"_monsterinsights_sitenote_active":false,"_monsterinsights_sitenote_note":"","_monsterinsights_sitenote_category":0,"_joinchat":[],"jetpack_publicize_message":"","jetpack_publicize_feature_enabled":true,"jetpack_social_post_already_shared":true,"jetpack_social_options":{"image_generator_settings":{"template":"highway","default_image_id":0,"font":"","enabled":false},"version":2}},"product_brand":[],"product_cat":[73],"product_tag":[],"class_list":{"0":"post-11764","1":"product","2":"type-product","3":"status-publish","4":"has-post-thumbnail","6":"product_cat-suspension","8":"first","9":"instock","10":"taxable","11":"shipping-taxable","12":"purchasable","13":"product-type-simple"},"yoast_head":"<!-- This site is optimized with the Yoast SEO plugin v27.3 - https:\/\/yoast.com\/product\/yoast-seo-wordpress\/ -->\n<title>Lampe suspension marocain en cuivre\/moroccan copper pendant lamp 15 - Artisanat Marocain Mennconcept<\/title>\n<meta name=\"robots\" content=\"index, follow, max-snippet:-1, max-image-preview:large, max-video-preview:-1\" \/>\n<link rel=\"canonical\" href=\"https:\/\/mennconcept.com\/it\/decoration\/lampada-a-sospensione-marocchina\/lampe-suspension-marocain-en-cuivre-moroccan-copper-pendant-lamp-15\/\" \/>\n<meta property=\"og:locale\" content=\"it_IT\" \/>\n<meta property=\"og:type\" content=\"article\" \/>\n<meta property=\"og:title\" content=\"Lampe suspension marocain en cuivre\/moroccan copper pendant lamp 15 - Artisanat Marocain Mennconcept\" \/>\n<meta property=\"og:description\" content=\"35cm  &nbsp;  \ud83c\uddeb\ud83c\uddf7 Lampe cuivre style marocain lanterne pondant suspension marocaine traditionnel maillechort cuivre laiton patin\u00e9 vieillis d\u2019ores argenst\u00e9 artisanat marocain, artisanale Marrakech Maroc traditionnel lampe salon, couloir , chambre, salle \u00e0 manger, terrasse, chambre \u00e0 coucher, Cuisine\u2026  &nbsp;  Fabrication sure mesure, de diff\u00e9rant taille et mati\u00e8re, production sp\u00e9ciale pour un charme et d\u00e9coration sp\u00e9cial  &nbsp;  transport gratuit pour la France. T.V.A inclut  &nbsp;  \ud83c\uddec\ud83c\udde7 Moroccan style copper lamp lantern laying traditional Moroccan suspension nickel silver copper patinated brass aged silver Moroccan craftsmanship, artisanal Marrakech Morocco traditional lamp living room, hallway, bedroom, dining room, terrace, bedroom, kitchen \u2026  &nbsp;  Made to measure, different size and material, special production for a special charm and decoration  &nbsp;  free transport for France. VATincluded\" \/>\n<meta property=\"og:url\" content=\"https:\/\/mennconcept.com\/it\/decoration\/lampada-a-sospensione-marocchina\/lampe-suspension-marocain-en-cuivre-moroccan-copper-pendant-lamp-15\/\" \/>\n<meta property=\"og:site_name\" content=\"Artisanat Marocain Mennconcept\" \/>\n<meta property=\"article:modified_time\" content=\"2021-04-28T20:14:22+00:00\" \/>\n<meta property=\"og:image\" content=\"https:\/\/i0.wp.com\/mennconcept.com\/wp-content\/uploads\/2020\/05\/Lampe-suspension-marocain-en-cuivre-moroccan-copper-pendant-lamp-15.jpg?fit=601%2C803&ssl=1\" \/>\n\t<meta property=\"og:image:width\" content=\"601\" \/>\n\t<meta property=\"og:image:height\" content=\"803\" \/>\n\t<meta property=\"og:image:type\" content=\"image\/jpeg\" \/>\n<meta name=\"twitter:card\" content=\"summary_large_image\" \/>\n<meta name=\"twitter:site\" content=\"@ArtisanatM\" \/>\n<meta name=\"twitter:label1\" content=\"Tempo di lettura stimato\" \/>\n\t<meta name=\"twitter:data1\" content=\"1 minuto\" \/>\n<script type=\"application\/ld+json\" class=\"yoast-schema-graph\">{\"@context\":\"https:\\\/\\\/schema.org\",\"@graph\":[{\"@type\":\"WebPage\",\"@id\":\"https:\\\/\\\/mennconcept.com\\\/it\\\/decoration\\\/lampada-a-sospensione-marocchina\\\/lampe-suspension-marocain-en-cuivre-moroccan-copper-pendant-lamp-15\\\/\",\"url\":\"https:\\\/\\\/mennconcept.com\\\/it\\\/decoration\\\/lampada-a-sospensione-marocchina\\\/lampe-suspension-marocain-en-cuivre-moroccan-copper-pendant-lamp-15\\\/\",\"name\":\"Lampe suspension marocain en cuivre\\\/moroccan copper pendant lamp 15 - Artisanat Marocain Mennconcept\",\"isPartOf\":{\"@id\":\"https:\\\/\\\/mennconcept.com\\\/it\\\/#website\"},\"primaryImageOfPage\":{\"@id\":\"https:\\\/\\\/mennconcept.com\\\/it\\\/decoration\\\/lampada-a-sospensione-marocchina\\\/lampe-suspension-marocain-en-cuivre-moroccan-copper-pendant-lamp-15\\\/#primaryimage\"},\"image\":{\"@id\":\"https:\\\/\\\/mennconcept.com\\\/it\\\/decoration\\\/lampada-a-sospensione-marocchina\\\/lampe-suspension-marocain-en-cuivre-moroccan-copper-pendant-lamp-15\\\/#primaryimage\"},\"thumbnailUrl\":\"https:\\\/\\\/mennconcept.com\\\/wp-content\\\/uploads\\\/2020\\\/05\\\/Lampe-suspension-marocain-en-cuivre-moroccan-copper-pendant-lamp-15.jpg\",\"datePublished\":\"2020-05-10T22:13:58+00:00\",\"dateModified\":\"2021-04-28T20:14:22+00:00\",\"breadcrumb\":{\"@id\":\"https:\\\/\\\/mennconcept.com\\\/it\\\/decoration\\\/lampada-a-sospensione-marocchina\\\/lampe-suspension-marocain-en-cuivre-moroccan-copper-pendant-lamp-15\\\/#breadcrumb\"},\"inLanguage\":\"it-IT\",\"potentialAction\":[{\"@type\":\"ReadAction\",\"target\":[\"https:\\\/\\\/mennconcept.com\\\/it\\\/decoration\\\/lampada-a-sospensione-marocchina\\\/lampe-suspension-marocain-en-cuivre-moroccan-copper-pendant-lamp-15\\\/\"]}]},{\"@type\":\"ImageObject\",\"inLanguage\":\"it-IT\",\"@id\":\"https:\\\/\\\/mennconcept.com\\\/it\\\/decoration\\\/lampada-a-sospensione-marocchina\\\/lampe-suspension-marocain-en-cuivre-moroccan-copper-pendant-lamp-15\\\/#primaryimage\",\"url\":\"https:\\\/\\\/mennconcept.com\\\/wp-content\\\/uploads\\\/2020\\\/05\\\/Lampe-suspension-marocain-en-cuivre-moroccan-copper-pendant-lamp-15.jpg\",\"contentUrl\":\"https:\\\/\\\/mennconcept.com\\\/wp-content\\\/uploads\\\/2020\\\/05\\\/Lampe-suspension-marocain-en-cuivre-moroccan-copper-pendant-lamp-15.jpg\",\"width\":601,\"height\":803},{\"@type\":\"BreadcrumbList\",\"@id\":\"https:\\\/\\\/mennconcept.com\\\/it\\\/decoration\\\/lampada-a-sospensione-marocchina\\\/lampe-suspension-marocain-en-cuivre-moroccan-copper-pendant-lamp-15\\\/#breadcrumb\",\"itemListElement\":[{\"@type\":\"ListItem\",\"position\":1,\"name\":\"Accueil\",\"item\":\"https:\\\/\\\/mennconcept.com\\\/it\\\/\"},{\"@type\":\"ListItem\",\"position\":2,\"name\":\"Negozio\",\"item\":\"https:\\\/\\\/mennconcept.com\\\/it\\\/negozio\\\/\"},{\"@type\":\"ListItem\",\"position\":3,\"name\":\"Lampe suspension marocain en cuivre\\\/moroccan copper pendant lamp 15\"}]},{\"@type\":\"WebSite\",\"@id\":\"https:\\\/\\\/mennconcept.com\\\/it\\\/#website\",\"url\":\"https:\\\/\\\/mennconcept.com\\\/it\\\/\",\"name\":\"Artisanat Marocain Mennconcept\",\"description\":\"L&#039;Art de la Lumi\u00e8re. Artisanat Marocain de Luxe &amp; Cuivre Massif.\",\"publisher\":{\"@id\":\"https:\\\/\\\/mennconcept.com\\\/it\\\/#\\\/schema\\\/person\\\/2b311a14878282b83fdf0b876d5463fd\"},\"potentialAction\":[{\"@type\":\"SearchAction\",\"target\":{\"@type\":\"EntryPoint\",\"urlTemplate\":\"https:\\\/\\\/mennconcept.com\\\/it\\\/?s={search_term_string}\"},\"query-input\":{\"@type\":\"PropertyValueSpecification\",\"valueRequired\":true,\"valueName\":\"search_term_string\"}}],\"inLanguage\":\"it-IT\"},{\"@type\":[\"Person\",\"Organization\"],\"@id\":\"https:\\\/\\\/mennconcept.com\\\/it\\\/#\\\/schema\\\/person\\\/2b311a14878282b83fdf0b876d5463fd\",\"name\":\"mennconcept\",\"image\":{\"@type\":\"ImageObject\",\"inLanguage\":\"it-IT\",\"@id\":\"https:\\\/\\\/mennconcept.com\\\/wp-content\\\/uploads\\\/2021\\\/09\\\/rxyrsugfiinmmzpjdwly_400x400.png\",\"url\":\"https:\\\/\\\/mennconcept.com\\\/wp-content\\\/uploads\\\/2021\\\/09\\\/rxyrsugfiinmmzpjdwly_400x400.png\",\"contentUrl\":\"https:\\\/\\\/mennconcept.com\\\/wp-content\\\/uploads\\\/2021\\\/09\\\/rxyrsugfiinmmzpjdwly_400x400.png\",\"width\":400,\"height\":400,\"caption\":\"mennconcept\"},\"logo\":{\"@id\":\"https:\\\/\\\/mennconcept.com\\\/wp-content\\\/uploads\\\/2021\\\/09\\\/rxyrsugfiinmmzpjdwly_400x400.png\"}}]}<\/script>\n<!-- \/ Yoast SEO plugin. -->","yoast_head_json":{"title":"Lampe suspension marocain en cuivre\/moroccan copper pendant lamp 15 - Artisanat Marocain Mennconcept","robots":{"index":"index","follow":"follow","max-snippet":"max-snippet:-1","max-image-preview":"max-image-preview:large","max-video-preview":"max-video-preview:-1"},"canonical":"https:\/\/mennconcept.com\/it\/decoration\/lampada-a-sospensione-marocchina\/lampe-suspension-marocain-en-cuivre-moroccan-copper-pendant-lamp-15\/","og_locale":"it_IT","og_type":"article","og_title":"Lampe suspension marocain en cuivre\/moroccan copper pendant lamp 15 - Artisanat Marocain Mennconcept","og_description":"35cm  &nbsp;  \ud83c\uddeb\ud83c\uddf7 Lampe cuivre style marocain lanterne pondant suspension marocaine traditionnel maillechort cuivre laiton patin\u00e9 vieillis d\u2019ores argenst\u00e9 artisanat marocain, artisanale Marrakech Maroc traditionnel lampe salon, couloir , chambre, salle \u00e0 manger, terrasse, chambre \u00e0 coucher, Cuisine\u2026  &nbsp;  Fabrication sure mesure, de diff\u00e9rant taille et mati\u00e8re, production sp\u00e9ciale pour un charme et d\u00e9coration sp\u00e9cial  &nbsp;  transport gratuit pour la France. T.V.A inclut  &nbsp;  \ud83c\uddec\ud83c\udde7 Moroccan style copper lamp lantern laying traditional Moroccan suspension nickel silver copper patinated brass aged silver Moroccan craftsmanship, artisanal Marrakech Morocco traditional lamp living room, hallway, bedroom, dining room, terrace, bedroom, kitchen \u2026  &nbsp;  Made to measure, different size and material, special production for a special charm and decoration  &nbsp;  free transport for France. VATincluded","og_url":"https:\/\/mennconcept.com\/it\/decoration\/lampada-a-sospensione-marocchina\/lampe-suspension-marocain-en-cuivre-moroccan-copper-pendant-lamp-15\/","og_site_name":"Artisanat Marocain Mennconcept","article_modified_time":"2021-04-28T20:14:22+00:00","og_image":[{"width":601,"height":803,"url":"https:\/\/i0.wp.com\/mennconcept.com\/wp-content\/uploads\/2020\/05\/Lampe-suspension-marocain-en-cuivre-moroccan-copper-pendant-lamp-15.jpg?fit=601%2C803&ssl=1","type":"image\/jpeg"}],"twitter_card":"summary_large_image","twitter_site":"@ArtisanatM","twitter_misc":{"Tempo di lettura stimato":"1 minuto"},"schema":{"@context":"https:\/\/schema.org","@graph":[{"@type":"WebPage","@id":"https:\/\/mennconcept.com\/it\/decoration\/lampada-a-sospensione-marocchina\/lampe-suspension-marocain-en-cuivre-moroccan-copper-pendant-lamp-15\/","url":"https:\/\/mennconcept.com\/it\/decoration\/lampada-a-sospensione-marocchina\/lampe-suspension-marocain-en-cuivre-moroccan-copper-pendant-lamp-15\/","name":"Lampe suspension marocain en cuivre\/moroccan copper pendant lamp 15 - Artisanat Marocain Mennconcept","isPartOf":{"@id":"https:\/\/mennconcept.com\/it\/#website"},"primaryImageOfPage":{"@id":"https:\/\/mennconcept.com\/it\/decoration\/lampada-a-sospensione-marocchina\/lampe-suspension-marocain-en-cuivre-moroccan-copper-pendant-lamp-15\/#primaryimage"},"image":{"@id":"https:\/\/mennconcept.com\/it\/decoration\/lampada-a-sospensione-marocchina\/lampe-suspension-marocain-en-cuivre-moroccan-copper-pendant-lamp-15\/#primaryimage"},"thumbnailUrl":"https:\/\/mennconcept.com\/wp-content\/uploads\/2020\/05\/Lampe-suspension-marocain-en-cuivre-moroccan-copper-pendant-lamp-15.jpg","datePublished":"2020-05-10T22:13:58+00:00","dateModified":"2021-04-28T20:14:22+00:00","breadcrumb":{"@id":"https:\/\/mennconcept.com\/it\/decoration\/lampada-a-sospensione-marocchina\/lampe-suspension-marocain-en-cuivre-moroccan-copper-pendant-lamp-15\/#breadcrumb"},"inLanguage":"it-IT","potentialAction":[{"@type":"ReadAction","target":["https:\/\/mennconcept.com\/it\/decoration\/lampada-a-sospensione-marocchina\/lampe-suspension-marocain-en-cuivre-moroccan-copper-pendant-lamp-15\/"]}]},{"@type":"ImageObject","inLanguage":"it-IT","@id":"https:\/\/mennconcept.com\/it\/decoration\/lampada-a-sospensione-marocchina\/lampe-suspension-marocain-en-cuivre-moroccan-copper-pendant-lamp-15\/#primaryimage","url":"https:\/\/mennconcept.com\/wp-content\/uploads\/2020\/05\/Lampe-suspension-marocain-en-cuivre-moroccan-copper-pendant-lamp-15.jpg","contentUrl":"https:\/\/mennconcept.com\/wp-content\/uploads\/2020\/05\/Lampe-suspension-marocain-en-cuivre-moroccan-copper-pendant-lamp-15.jpg","width":601,"height":803},{"@type":"BreadcrumbList","@id":"https:\/\/mennconcept.com\/it\/decoration\/lampada-a-sospensione-marocchina\/lampe-suspension-marocain-en-cuivre-moroccan-copper-pendant-lamp-15\/#breadcrumb","itemListElement":[{"@type":"ListItem","position":1,"name":"Accueil","item":"https:\/\/mennconcept.com\/it\/"},{"@type":"ListItem","position":2,"name":"Negozio","item":"https:\/\/mennconcept.com\/it\/negozio\/"},{"@type":"ListItem","position":3,"name":"Lampe suspension marocain en cuivre\/moroccan copper pendant lamp 15"}]},{"@type":"WebSite","@id":"https:\/\/mennconcept.com\/it\/#website","url":"https:\/\/mennconcept.com\/it\/","name":"Artisanat Marocain Mennconcept","description":"L&#039;Art de la Lumi\u00e8re. Artisanat Marocain de Luxe &amp; Cuivre Massif.","publisher":{"@id":"https:\/\/mennconcept.com\/it\/#\/schema\/person\/2b311a14878282b83fdf0b876d5463fd"},"potentialAction":[{"@type":"SearchAction","target":{"@type":"EntryPoint","urlTemplate":"https:\/\/mennconcept.com\/it\/?s={search_term_string}"},"query-input":{"@type":"PropertyValueSpecification","valueRequired":true,"valueName":"search_term_string"}}],"inLanguage":"it-IT"},{"@type":["Person","Organization"],"@id":"https:\/\/mennconcept.com\/it\/#\/schema\/person\/2b311a14878282b83fdf0b876d5463fd","name":"mennconcept","image":{"@type":"ImageObject","inLanguage":"it-IT","@id":"https:\/\/mennconcept.com\/wp-content\/uploads\/2021\/09\/rxyrsugfiinmmzpjdwly_400x400.png","url":"https:\/\/mennconcept.com\/wp-content\/uploads\/2021\/09\/rxyrsugfiinmmzpjdwly_400x400.png","contentUrl":"https:\/\/mennconcept.com\/wp-content\/uploads\/2021\/09\/rxyrsugfiinmmzpjdwly_400x400.png","width":400,"height":400,"caption":"mennconcept"},"logo":{"@id":"https:\/\/mennconcept.com\/wp-content\/uploads\/2021\/09\/rxyrsugfiinmmzpjdwly_400x400.png"}}]}},"jetpack_publicize_connections":[],"amp_enabled":true,"_links":{"self":[{"href":"https:\/\/mennconcept.com\/it\/wp-json\/wp\/v2\/product\/11764","targetHints":{"allow":["GET"]}}],"collection":[{"href":"https:\/\/mennconcept.com\/it\/wp-json\/wp\/v2\/product"}],"about":[{"href":"https:\/\/mennconcept.com\/it\/wp-json\/wp\/v2\/types\/product"}],"replies":[{"embeddable":true,"href":"https:\/\/mennconcept.com\/it\/wp-json\/wp\/v2\/comments?post=11764"}],"wp:featuredmedia":[{"embeddable":true,"href":"https:\/\/mennconcept.com\/it\/wp-json\/wp\/v2\/media\/13875"}],"wp:attachment":[{"href":"https:\/\/mennconcept.com\/it\/wp-json\/wp\/v2\/media?parent=11764"}],"wp:term":[{"taxonomy":"product_brand","embeddable":true,"href":"https:\/\/mennconcept.com\/it\/wp-json\/wp\/v2\/product_brand?post=11764"},{"taxonomy":"product_cat","embeddable":true,"href":"https:\/\/mennconcept.com\/it\/wp-json\/wp\/v2\/product_cat?post=11764"},{"taxonomy":"product_tag","embeddable":true,"href":"https:\/\/mennconcept.com\/it\/wp-json\/wp\/v2\/product_tag?post=11764"}],"curies":[{"name":"wp","href":"https:\/\/api.w.org\/{rel}","templated":true}]}}