{"id":8691,"date":"2020-03-08T12:42:28","date_gmt":"2020-03-08T11:42:28","guid":{"rendered":"https:\/\/mennconcept.com\/?post_type=product&#038;p=8691"},"modified":"2025-12-26T13:19:05","modified_gmt":"2025-12-26T12:19:05","slug":"lavabo-argente-marocain-moroccan-silver-sink-03","status":"publish","type":"product","link":"https:\/\/mennconcept.com\/es\/decoration\/lavabo-es\/lavabo-argente-marocain-moroccan-silver-sink-03\/","title":{"rendered":"Lavabo marocain cuivre\/  moroccan Copper sink 03"},"content":{"rendered":"<p>40cm<\/p>\n<p>avabo cuivre artisanat marocain traditionnel salle de bains laiton maillechort Marrakech Maroc martel\u00e9 ext\u00e9rieur non castr\u00e9s artisanale<\/p>\n<p>Fabrication sur mesure aussi<\/p>\n<p>Copper sink traditional Moroccan crafts bathroom brass nickel silver Marrakech Morocco hammered outside uncastrated artisanal<\/p>\n<p>Custom manufacturing too<\/p>\n<p>Transport gratuit france,<\/p>\n<p>TVA inclut si c&#8217;est applicable.<\/p>\n<p>&nbsp;<\/p>\n<p>&nbsp;<\/p>\n","protected":false},"excerpt":{"rendered":"<p>40cm<\/p>\n<p>avabo cuivre artisanat marocain traditionnel salle de bains laiton maillechort Marrakech Maroc martel\u00e9 ext\u00e9rieur non castr\u00e9s artisanale<\/p>\n<p>Fabrication sur mesure aussi<\/p>\n<p>Copper sink traditional Moroccan crafts bathroom brass nickel silver Marrakech Morocco hammered outside uncastrated artisanal<\/p>\n<p>Custom manufacturing too<\/p>\n","protected":false},"featured_media":13762,"comment_status":"open","ping_status":"closed","template":"","meta":{"_monsterinsights_skip_tracking":false,"_monsterinsights_sitenote_active":false,"_monsterinsights_sitenote_note":"","_monsterinsights_sitenote_category":0,"_joinchat":[],"jetpack_publicize_message":"","jetpack_publicize_feature_enabled":true,"jetpack_social_post_already_shared":true,"jetpack_social_options":{"image_generator_settings":{"template":"highway","default_image_id":0,"font":"","enabled":false},"version":2}},"product_brand":[],"product_cat":[44],"product_tag":[],"class_list":{"0":"post-8691","1":"product","2":"type-product","3":"status-publish","4":"has-post-thumbnail","6":"product_cat-lavabo","8":"first","9":"instock","10":"taxable","11":"shipping-taxable","12":"purchasable","13":"product-type-simple"},"yoast_head":"<!-- This site is optimized with the Yoast SEO plugin v27.3 - https:\/\/yoast.com\/product\/yoast-seo-wordpress\/ -->\n<title>Lavabo marocain cuivre\/ moroccan Copper sink 03 - Artisanat Marocain Mennconcept<\/title>\n<meta name=\"robots\" content=\"index, follow, max-snippet:-1, max-image-preview:large, max-video-preview:-1\" \/>\n<link rel=\"canonical\" href=\"https:\/\/mennconcept.com\/es\/decoration\/lavabo-es\/lavabo-argente-marocain-moroccan-silver-sink-03\/\" \/>\n<meta property=\"og:locale\" content=\"es_ES\" \/>\n<meta property=\"og:type\" content=\"article\" \/>\n<meta property=\"og:title\" content=\"Lavabo marocain cuivre\/ moroccan Copper sink 03 - Artisanat Marocain Mennconcept\" \/>\n<meta property=\"og:description\" content=\"40cm  avabo cuivre artisanat marocain traditionnel salle de bains laiton maillechort Marrakech Maroc martel\u00e9 ext\u00e9rieur non castr\u00e9s artisanale  Fabrication sur mesure aussi  Copper sink traditional Moroccan crafts bathroom brass nickel silver Marrakech Morocco hammered outside uncastrated artisanal  Custom manufacturing too\" \/>\n<meta property=\"og:url\" content=\"https:\/\/mennconcept.com\/es\/decoration\/lavabo-es\/lavabo-argente-marocain-moroccan-silver-sink-03\/\" \/>\n<meta property=\"og:site_name\" content=\"Artisanat Marocain Mennconcept\" \/>\n<meta property=\"article:modified_time\" content=\"2025-12-26T12:19:05+00:00\" \/>\n<meta property=\"og:image\" content=\"https:\/\/mennconcept.com\/wp-content\/uploads\/2019\/12\/Lavabo-argent\u00e9-marocain-moroccan-silver-sink-03.jpg\" \/>\n\t<meta property=\"og:image:width\" content=\"706\" \/>\n\t<meta property=\"og:image:height\" content=\"706\" \/>\n\t<meta property=\"og:image:type\" content=\"image\/jpeg\" \/>\n<meta name=\"twitter:card\" content=\"summary_large_image\" \/>\n<meta name=\"twitter:site\" content=\"@ArtisanatM\" \/>\n<meta name=\"twitter:label1\" content=\"Tiempo de lectura\" \/>\n\t<meta name=\"twitter:data1\" content=\"1 minuto\" \/>\n<script type=\"application\/ld+json\" class=\"yoast-schema-graph\">{\"@context\":\"https:\\\/\\\/schema.org\",\"@graph\":[{\"@type\":\"WebPage\",\"@id\":\"https:\\\/\\\/mennconcept.com\\\/es\\\/decoration\\\/lavabo-es\\\/lavabo-argente-marocain-moroccan-silver-sink-03\\\/\",\"url\":\"https:\\\/\\\/mennconcept.com\\\/es\\\/decoration\\\/lavabo-es\\\/lavabo-argente-marocain-moroccan-silver-sink-03\\\/\",\"name\":\"Lavabo marocain cuivre\\\/ moroccan Copper sink 03 - Artisanat Marocain Mennconcept\",\"isPartOf\":{\"@id\":\"https:\\\/\\\/mennconcept.com\\\/es\\\/#website\"},\"primaryImageOfPage\":{\"@id\":\"https:\\\/\\\/mennconcept.com\\\/es\\\/decoration\\\/lavabo-es\\\/lavabo-argente-marocain-moroccan-silver-sink-03\\\/#primaryimage\"},\"image\":{\"@id\":\"https:\\\/\\\/mennconcept.com\\\/es\\\/decoration\\\/lavabo-es\\\/lavabo-argente-marocain-moroccan-silver-sink-03\\\/#primaryimage\"},\"thumbnailUrl\":\"https:\\\/\\\/mennconcept.com\\\/wp-content\\\/uploads\\\/2019\\\/12\\\/Lavabo-argent\u00e9-marocain-moroccan-silver-sink-03.jpg\",\"datePublished\":\"2020-03-08T11:42:28+00:00\",\"dateModified\":\"2025-12-26T12:19:05+00:00\",\"breadcrumb\":{\"@id\":\"https:\\\/\\\/mennconcept.com\\\/es\\\/decoration\\\/lavabo-es\\\/lavabo-argente-marocain-moroccan-silver-sink-03\\\/#breadcrumb\"},\"inLanguage\":\"es\",\"potentialAction\":[{\"@type\":\"ReadAction\",\"target\":[\"https:\\\/\\\/mennconcept.com\\\/es\\\/decoration\\\/lavabo-es\\\/lavabo-argente-marocain-moroccan-silver-sink-03\\\/\"]}]},{\"@type\":\"ImageObject\",\"inLanguage\":\"es\",\"@id\":\"https:\\\/\\\/mennconcept.com\\\/es\\\/decoration\\\/lavabo-es\\\/lavabo-argente-marocain-moroccan-silver-sink-03\\\/#primaryimage\",\"url\":\"https:\\\/\\\/mennconcept.com\\\/wp-content\\\/uploads\\\/2019\\\/12\\\/Lavabo-argent\u00e9-marocain-moroccan-silver-sink-03.jpg\",\"contentUrl\":\"https:\\\/\\\/mennconcept.com\\\/wp-content\\\/uploads\\\/2019\\\/12\\\/Lavabo-argent\u00e9-marocain-moroccan-silver-sink-03.jpg\",\"width\":706,\"height\":706},{\"@type\":\"BreadcrumbList\",\"@id\":\"https:\\\/\\\/mennconcept.com\\\/es\\\/decoration\\\/lavabo-es\\\/lavabo-argente-marocain-moroccan-silver-sink-03\\\/#breadcrumb\",\"itemListElement\":[{\"@type\":\"ListItem\",\"position\":1,\"name\":\"Accueil\",\"item\":\"https:\\\/\\\/mennconcept.com\\\/es\\\/\"},{\"@type\":\"ListItem\",\"position\":2,\"name\":\"Tienda\",\"item\":\"https:\\\/\\\/mennconcept.com\\\/es\\\/tienda\\\/\"},{\"@type\":\"ListItem\",\"position\":3,\"name\":\"Lavabo marocain cuivre\\\/ moroccan Copper sink 03\"}]},{\"@type\":\"WebSite\",\"@id\":\"https:\\\/\\\/mennconcept.com\\\/es\\\/#website\",\"url\":\"https:\\\/\\\/mennconcept.com\\\/es\\\/\",\"name\":\"Artisanat Marocain Mennconcept\",\"description\":\"L&#039;Art de la Lumi\u00e8re. Artisanat Marocain de Luxe &amp; Cuivre Massif.\",\"publisher\":{\"@id\":\"https:\\\/\\\/mennconcept.com\\\/es\\\/#\\\/schema\\\/person\\\/2b311a14878282b83fdf0b876d5463fd\"},\"potentialAction\":[{\"@type\":\"SearchAction\",\"target\":{\"@type\":\"EntryPoint\",\"urlTemplate\":\"https:\\\/\\\/mennconcept.com\\\/es\\\/?s={search_term_string}\"},\"query-input\":{\"@type\":\"PropertyValueSpecification\",\"valueRequired\":true,\"valueName\":\"search_term_string\"}}],\"inLanguage\":\"es\"},{\"@type\":[\"Person\",\"Organization\"],\"@id\":\"https:\\\/\\\/mennconcept.com\\\/es\\\/#\\\/schema\\\/person\\\/2b311a14878282b83fdf0b876d5463fd\",\"name\":\"mennconcept\",\"image\":{\"@type\":\"ImageObject\",\"inLanguage\":\"es\",\"@id\":\"https:\\\/\\\/mennconcept.com\\\/wp-content\\\/uploads\\\/2021\\\/09\\\/rxyrsugfiinmmzpjdwly_400x400.png\",\"url\":\"https:\\\/\\\/mennconcept.com\\\/wp-content\\\/uploads\\\/2021\\\/09\\\/rxyrsugfiinmmzpjdwly_400x400.png\",\"contentUrl\":\"https:\\\/\\\/mennconcept.com\\\/wp-content\\\/uploads\\\/2021\\\/09\\\/rxyrsugfiinmmzpjdwly_400x400.png\",\"width\":400,\"height\":400,\"caption\":\"mennconcept\"},\"logo\":{\"@id\":\"https:\\\/\\\/mennconcept.com\\\/wp-content\\\/uploads\\\/2021\\\/09\\\/rxyrsugfiinmmzpjdwly_400x400.png\"}}]}<\/script>\n<!-- \/ Yoast SEO plugin. -->","yoast_head_json":{"title":"Lavabo marocain cuivre\/ moroccan Copper sink 03 - Artisanat Marocain Mennconcept","robots":{"index":"index","follow":"follow","max-snippet":"max-snippet:-1","max-image-preview":"max-image-preview:large","max-video-preview":"max-video-preview:-1"},"canonical":"https:\/\/mennconcept.com\/es\/decoration\/lavabo-es\/lavabo-argente-marocain-moroccan-silver-sink-03\/","og_locale":"es_ES","og_type":"article","og_title":"Lavabo marocain cuivre\/ moroccan Copper sink 03 - Artisanat Marocain Mennconcept","og_description":"40cm  avabo cuivre artisanat marocain traditionnel salle de bains laiton maillechort Marrakech Maroc martel\u00e9 ext\u00e9rieur non castr\u00e9s artisanale  Fabrication sur mesure aussi  Copper sink traditional Moroccan crafts bathroom brass nickel silver Marrakech Morocco hammered outside uncastrated artisanal  Custom manufacturing too","og_url":"https:\/\/mennconcept.com\/es\/decoration\/lavabo-es\/lavabo-argente-marocain-moroccan-silver-sink-03\/","og_site_name":"Artisanat Marocain Mennconcept","article_modified_time":"2025-12-26T12:19:05+00:00","og_image":[{"width":706,"height":706,"url":"https:\/\/mennconcept.com\/wp-content\/uploads\/2019\/12\/Lavabo-argent\u00e9-marocain-moroccan-silver-sink-03.jpg","type":"image\/jpeg"}],"twitter_card":"summary_large_image","twitter_site":"@ArtisanatM","twitter_misc":{"Tiempo de lectura":"1 minuto"},"schema":{"@context":"https:\/\/schema.org","@graph":[{"@type":"WebPage","@id":"https:\/\/mennconcept.com\/es\/decoration\/lavabo-es\/lavabo-argente-marocain-moroccan-silver-sink-03\/","url":"https:\/\/mennconcept.com\/es\/decoration\/lavabo-es\/lavabo-argente-marocain-moroccan-silver-sink-03\/","name":"Lavabo marocain cuivre\/ moroccan Copper sink 03 - Artisanat Marocain Mennconcept","isPartOf":{"@id":"https:\/\/mennconcept.com\/es\/#website"},"primaryImageOfPage":{"@id":"https:\/\/mennconcept.com\/es\/decoration\/lavabo-es\/lavabo-argente-marocain-moroccan-silver-sink-03\/#primaryimage"},"image":{"@id":"https:\/\/mennconcept.com\/es\/decoration\/lavabo-es\/lavabo-argente-marocain-moroccan-silver-sink-03\/#primaryimage"},"thumbnailUrl":"https:\/\/mennconcept.com\/wp-content\/uploads\/2019\/12\/Lavabo-argent\u00e9-marocain-moroccan-silver-sink-03.jpg","datePublished":"2020-03-08T11:42:28+00:00","dateModified":"2025-12-26T12:19:05+00:00","breadcrumb":{"@id":"https:\/\/mennconcept.com\/es\/decoration\/lavabo-es\/lavabo-argente-marocain-moroccan-silver-sink-03\/#breadcrumb"},"inLanguage":"es","potentialAction":[{"@type":"ReadAction","target":["https:\/\/mennconcept.com\/es\/decoration\/lavabo-es\/lavabo-argente-marocain-moroccan-silver-sink-03\/"]}]},{"@type":"ImageObject","inLanguage":"es","@id":"https:\/\/mennconcept.com\/es\/decoration\/lavabo-es\/lavabo-argente-marocain-moroccan-silver-sink-03\/#primaryimage","url":"https:\/\/mennconcept.com\/wp-content\/uploads\/2019\/12\/Lavabo-argent\u00e9-marocain-moroccan-silver-sink-03.jpg","contentUrl":"https:\/\/mennconcept.com\/wp-content\/uploads\/2019\/12\/Lavabo-argent\u00e9-marocain-moroccan-silver-sink-03.jpg","width":706,"height":706},{"@type":"BreadcrumbList","@id":"https:\/\/mennconcept.com\/es\/decoration\/lavabo-es\/lavabo-argente-marocain-moroccan-silver-sink-03\/#breadcrumb","itemListElement":[{"@type":"ListItem","position":1,"name":"Accueil","item":"https:\/\/mennconcept.com\/es\/"},{"@type":"ListItem","position":2,"name":"Tienda","item":"https:\/\/mennconcept.com\/es\/tienda\/"},{"@type":"ListItem","position":3,"name":"Lavabo marocain cuivre\/ moroccan Copper sink 03"}]},{"@type":"WebSite","@id":"https:\/\/mennconcept.com\/es\/#website","url":"https:\/\/mennconcept.com\/es\/","name":"Artisanat Marocain Mennconcept","description":"L&#039;Art de la Lumi\u00e8re. Artisanat Marocain de Luxe &amp; Cuivre Massif.","publisher":{"@id":"https:\/\/mennconcept.com\/es\/#\/schema\/person\/2b311a14878282b83fdf0b876d5463fd"},"potentialAction":[{"@type":"SearchAction","target":{"@type":"EntryPoint","urlTemplate":"https:\/\/mennconcept.com\/es\/?s={search_term_string}"},"query-input":{"@type":"PropertyValueSpecification","valueRequired":true,"valueName":"search_term_string"}}],"inLanguage":"es"},{"@type":["Person","Organization"],"@id":"https:\/\/mennconcept.com\/es\/#\/schema\/person\/2b311a14878282b83fdf0b876d5463fd","name":"mennconcept","image":{"@type":"ImageObject","inLanguage":"es","@id":"https:\/\/mennconcept.com\/wp-content\/uploads\/2021\/09\/rxyrsugfiinmmzpjdwly_400x400.png","url":"https:\/\/mennconcept.com\/wp-content\/uploads\/2021\/09\/rxyrsugfiinmmzpjdwly_400x400.png","contentUrl":"https:\/\/mennconcept.com\/wp-content\/uploads\/2021\/09\/rxyrsugfiinmmzpjdwly_400x400.png","width":400,"height":400,"caption":"mennconcept"},"logo":{"@id":"https:\/\/mennconcept.com\/wp-content\/uploads\/2021\/09\/rxyrsugfiinmmzpjdwly_400x400.png"}}]}},"jetpack_publicize_connections":[],"amp_enabled":true,"_links":{"self":[{"href":"https:\/\/mennconcept.com\/es\/wp-json\/wp\/v2\/product\/8691","targetHints":{"allow":["GET"]}}],"collection":[{"href":"https:\/\/mennconcept.com\/es\/wp-json\/wp\/v2\/product"}],"about":[{"href":"https:\/\/mennconcept.com\/es\/wp-json\/wp\/v2\/types\/product"}],"replies":[{"embeddable":true,"href":"https:\/\/mennconcept.com\/es\/wp-json\/wp\/v2\/comments?post=8691"}],"wp:featuredmedia":[{"embeddable":true,"href":"https:\/\/mennconcept.com\/es\/wp-json\/wp\/v2\/media\/13762"}],"wp:attachment":[{"href":"https:\/\/mennconcept.com\/es\/wp-json\/wp\/v2\/media?parent=8691"}],"wp:term":[{"taxonomy":"product_brand","embeddable":true,"href":"https:\/\/mennconcept.com\/es\/wp-json\/wp\/v2\/product_brand?post=8691"},{"taxonomy":"product_cat","embeddable":true,"href":"https:\/\/mennconcept.com\/es\/wp-json\/wp\/v2\/product_cat?post=8691"},{"taxonomy":"product_tag","embeddable":true,"href":"https:\/\/mennconcept.com\/es\/wp-json\/wp\/v2\/product_tag?post=8691"}],"curies":[{"name":"wp","href":"https:\/\/api.w.org\/{rel}","templated":true}]}}