{"id":3036,"date":"2019-08-11T12:59:03","date_gmt":"2019-08-11T10:59:03","guid":{"rendered":"https:\/\/mennconcept.com\/?post_type=product&#038;p=3036"},"modified":"2021-04-13T23:10:16","modified_gmt":"2021-04-13T21:10:16","slug":"applique-murale-marocain-en-cuivre-moroccan-copper-wall-light-42","status":"publish","type":"product","link":"https:\/\/mennconcept.com\/es\/decoration\/applique-da-parete\/applique-murale-marocain-en-cuivre-moroccan-copper-wall-light-42\/","title":{"rendered":"Applique murale marocain en cuivre\/moroccan Copper wall light42"},"content":{"rendered":"<p>35\/15 cm<\/p>\n<p>\ud83c\uddeb\ud83c\uddf7 applique mural , applique marocaine, lampe pour m\u00fbr , suspension mural Lampe en cuivre style marocain, berb\u00e8re, filigrane, arabesque, islamique, oriental, lanterne, photophore pour bougie, abat-jour, lampe de chevet, pondant suspension marocaine traditionnel maillechort cuivre laiton patin\u00e9 vieillis d\u2019ores argent\u00e9 artisanat marocain, artisanale Marrakech Maroc traditionnel lampe salon, couloir , chambre, salle \u00e0 manger, terrasse, chambre \u00e0 coucher, Cuisine, escalier\u2026.<br \/>\nFabrication sur mesure, de diff\u00e9rant tailles et mati\u00e8res, production sp\u00e9ciale pour un charme et une d\u00e9coration sp\u00e9ciale<\/p>\n<p>transports gratuit pour la France<br \/>\nTVA inclut<\/p>\n<p>\ud83c\uddec\ud83c\udde7 wall lamp, Moroccan wall lamp, wall lamp, wall suspension Moroccan style copper lamp, Berber, filigree, arabesque, Islamic, oriental, lantern, tealight for candle, lampshade, bedside lamp, laying traditional Moroccan pendant nickel silver copper patinated brass aged silver Moroccan craftsmanship, traditional Marrakech Morocco traditional lamp living room, hallway, bedroom, dining room, terrace, bedroom, kitchen, staircase\u2026.<br \/>\nMade to measure, in different sizes and materials, special production for a special charm and decoration<\/p>\n<p>free transport for France<br \/>\nTVA included<\/p>\n","protected":false},"excerpt":{"rendered":"<p><strong>35\/15 cm<\/strong><\/p>\n<p>\ud83c\uddeb\ud83c\uddf7 applique mural , applique marocaine, lampe pour m\u00fbr , suspension mural Lampe en cuivre style marocain, berb\u00e8re, filigrane, arabesque, islamique, oriental, lanterne, photophore pour bougie, abat-jour, lampe de chevet, pondant suspension marocaine traditionnel maillechort cuivre laiton patin\u00e9 vieillis d\u2019ores argent\u00e9 artisanat marocain, artisanale Marrakech Maroc traditionnel lampe salon, couloir , chambre, salle \u00e0 manger, terrasse, chambre \u00e0 coucher, Cuisine, escalier\u2026.<br \/>\nFabrication sur mesure, de diff\u00e9rant tailles et mati\u00e8res, production sp\u00e9ciale pour un charme et une d\u00e9coration sp\u00e9ciale<\/p>\n<p>transports gratuit pour la France<br \/>\nTVA inclut<\/p>\n<p>\ud83c\uddec\ud83c\udde7 wall lamp, Moroccan wall lamp, wall lamp, wall suspension Moroccan style copper lamp, Berber, filigree, arabesque, Islamic, oriental, lantern, tealight for candle, lampshade, bedside lamp, laying traditional Moroccan pendant nickel silver copper patinated brass aged silver Moroccan craftsmanship, traditional Marrakech Morocco traditional lamp living room, hallway, bedroom, dining room, terrace, bedroom, kitchen, staircase\u2026.<br \/>\nMade to measure, in different sizes and materials, special production for a special charm and decoration<\/p>\n<p>free transport for France<br \/>\nTVA included<\/p>\n<p><strong>\u00a0<\/strong><\/p>\n<p><strong>\u00a0<\/strong><\/p>\n<p><strong>\u00a0<\/strong><\/p>\n","protected":false},"featured_media":13696,"comment_status":"open","ping_status":"closed","template":"","meta":{"_monsterinsights_skip_tracking":false,"_monsterinsights_sitenote_active":false,"_monsterinsights_sitenote_note":"","_monsterinsights_sitenote_category":0,"_joinchat":[],"jetpack_publicize_message":"","jetpack_publicize_feature_enabled":true,"jetpack_social_post_already_shared":true,"jetpack_social_options":{"image_generator_settings":{"template":"highway","default_image_id":0,"font":"","enabled":false},"version":2}},"product_brand":[],"product_cat":[16],"product_tag":[222,225,223,221,224],"class_list":{"0":"post-3036","1":"product","2":"type-product","3":"status-publish","4":"has-post-thumbnail","6":"product_cat-applique_murale","7":"product_tag-applique","8":"product_tag-artisanat-marocain","9":"product_tag-cuivre","10":"product_tag-maroc","11":"product_tag-traditionnel","13":"first","14":"instock","15":"taxable","16":"shipping-taxable","17":"purchasable","18":"product-type-simple"},"yoast_head":"<!-- This site is optimized with the Yoast SEO plugin v27.3 - https:\/\/yoast.com\/product\/yoast-seo-wordpress\/ -->\n<title>Applique murale marocain en cuivre\/moroccan Copper wall light42 - Artisanat Marocain Mennconcept<\/title>\n<meta name=\"description\" content=\"Applique murale cuivre Soliman bronz\u00e9 laiton traditionnel artisanat Marrakech Marocain filigrane cisel\u00e9 berb\u00e8re arabesque lampe lanterne chandelle art d\u00e9co\" \/>\n<meta name=\"robots\" content=\"index, follow, max-snippet:-1, max-image-preview:large, max-video-preview:-1\" \/>\n<link rel=\"canonical\" href=\"https:\/\/mennconcept.com\/es\/decoration\/applique-da-parete\/applique-murale-marocain-en-cuivre-moroccan-copper-wall-light-42\/\" \/>\n<meta property=\"og:locale\" content=\"es_ES\" \/>\n<meta property=\"og:type\" content=\"article\" \/>\n<meta property=\"og:title\" content=\"Applique murale marocain en cuivre\/moroccan Copper wall light42 - Artisanat Marocain Mennconcept\" \/>\n<meta property=\"og:description\" content=\"Applique murale cuivre Soliman bronz\u00e9 laiton traditionnel artisanat Marrakech Marocain filigrane cisel\u00e9 berb\u00e8re arabesque lampe lanterne chandelle art d\u00e9co\" \/>\n<meta property=\"og:url\" content=\"https:\/\/mennconcept.com\/es\/decoration\/applique-da-parete\/applique-murale-marocain-en-cuivre-moroccan-copper-wall-light-42\/\" \/>\n<meta property=\"og:site_name\" content=\"Artisanat Marocain Mennconcept\" \/>\n<meta property=\"article:modified_time\" content=\"2021-04-13T21:10:16+00:00\" \/>\n<meta property=\"og:image\" content=\"https:\/\/i2.wp.com\/mennconcept.com\/wp-content\/uploads\/2021\/03\/Applique-murale-marocain-en-cuivre-moroccan-Copper-wall-light42-scaled.jpg?fit=1920%2C2560&ssl=1\" \/>\n\t<meta property=\"og:image:width\" content=\"1920\" \/>\n\t<meta property=\"og:image:height\" content=\"2560\" \/>\n\t<meta property=\"og:image:type\" content=\"image\/jpeg\" \/>\n<meta name=\"twitter:card\" content=\"summary_large_image\" \/>\n<meta name=\"twitter:site\" content=\"@ArtisanatM\" \/>\n<meta name=\"twitter:label1\" content=\"Tiempo de lectura\" \/>\n\t<meta name=\"twitter:data1\" content=\"1 minuto\" \/>\n<script type=\"application\/ld+json\" class=\"yoast-schema-graph\">{\"@context\":\"https:\\\/\\\/schema.org\",\"@graph\":[{\"@type\":\"WebPage\",\"@id\":\"https:\\\/\\\/mennconcept.com\\\/es\\\/decoration\\\/applique-da-parete\\\/applique-murale-marocain-en-cuivre-moroccan-copper-wall-light-42\\\/\",\"url\":\"https:\\\/\\\/mennconcept.com\\\/es\\\/decoration\\\/applique-da-parete\\\/applique-murale-marocain-en-cuivre-moroccan-copper-wall-light-42\\\/\",\"name\":\"Applique murale marocain en cuivre\\\/moroccan Copper wall light42 - Artisanat Marocain Mennconcept\",\"isPartOf\":{\"@id\":\"https:\\\/\\\/mennconcept.com\\\/es\\\/#website\"},\"primaryImageOfPage\":{\"@id\":\"https:\\\/\\\/mennconcept.com\\\/es\\\/decoration\\\/applique-da-parete\\\/applique-murale-marocain-en-cuivre-moroccan-copper-wall-light-42\\\/#primaryimage\"},\"image\":{\"@id\":\"https:\\\/\\\/mennconcept.com\\\/es\\\/decoration\\\/applique-da-parete\\\/applique-murale-marocain-en-cuivre-moroccan-copper-wall-light-42\\\/#primaryimage\"},\"thumbnailUrl\":\"https:\\\/\\\/mennconcept.com\\\/wp-content\\\/uploads\\\/2021\\\/03\\\/Applique-murale-marocain-en-cuivre-moroccan-Copper-wall-light42-scaled.jpg\",\"datePublished\":\"2019-08-11T10:59:03+00:00\",\"dateModified\":\"2021-04-13T21:10:16+00:00\",\"description\":\"Applique murale cuivre Soliman bronz\u00e9 laiton traditionnel artisanat Marrakech Marocain filigrane cisel\u00e9 berb\u00e8re arabesque lampe lanterne chandelle art d\u00e9co\",\"breadcrumb\":{\"@id\":\"https:\\\/\\\/mennconcept.com\\\/es\\\/decoration\\\/applique-da-parete\\\/applique-murale-marocain-en-cuivre-moroccan-copper-wall-light-42\\\/#breadcrumb\"},\"inLanguage\":\"es\",\"potentialAction\":[{\"@type\":\"ReadAction\",\"target\":[\"https:\\\/\\\/mennconcept.com\\\/es\\\/decoration\\\/applique-da-parete\\\/applique-murale-marocain-en-cuivre-moroccan-copper-wall-light-42\\\/\"]}]},{\"@type\":\"ImageObject\",\"inLanguage\":\"es\",\"@id\":\"https:\\\/\\\/mennconcept.com\\\/es\\\/decoration\\\/applique-da-parete\\\/applique-murale-marocain-en-cuivre-moroccan-copper-wall-light-42\\\/#primaryimage\",\"url\":\"https:\\\/\\\/mennconcept.com\\\/wp-content\\\/uploads\\\/2021\\\/03\\\/Applique-murale-marocain-en-cuivre-moroccan-Copper-wall-light42-scaled.jpg\",\"contentUrl\":\"https:\\\/\\\/mennconcept.com\\\/wp-content\\\/uploads\\\/2021\\\/03\\\/Applique-murale-marocain-en-cuivre-moroccan-Copper-wall-light42-scaled.jpg\",\"width\":1920,\"height\":2560},{\"@type\":\"BreadcrumbList\",\"@id\":\"https:\\\/\\\/mennconcept.com\\\/es\\\/decoration\\\/applique-da-parete\\\/applique-murale-marocain-en-cuivre-moroccan-copper-wall-light-42\\\/#breadcrumb\",\"itemListElement\":[{\"@type\":\"ListItem\",\"position\":1,\"name\":\"Accueil\",\"item\":\"https:\\\/\\\/mennconcept.com\\\/es\\\/\"},{\"@type\":\"ListItem\",\"position\":2,\"name\":\"Tienda\",\"item\":\"https:\\\/\\\/mennconcept.com\\\/es\\\/tienda\\\/\"},{\"@type\":\"ListItem\",\"position\":3,\"name\":\"Applique murale marocain en cuivre\\\/moroccan Copper wall light42\"}]},{\"@type\":\"WebSite\",\"@id\":\"https:\\\/\\\/mennconcept.com\\\/es\\\/#website\",\"url\":\"https:\\\/\\\/mennconcept.com\\\/es\\\/\",\"name\":\"Artisanat Marocain Mennconcept\",\"description\":\"L&#039;Art de la Lumi\u00e8re. Artisanat Marocain de Luxe &amp; Cuivre Massif.\",\"publisher\":{\"@id\":\"https:\\\/\\\/mennconcept.com\\\/es\\\/#\\\/schema\\\/person\\\/2b311a14878282b83fdf0b876d5463fd\"},\"potentialAction\":[{\"@type\":\"SearchAction\",\"target\":{\"@type\":\"EntryPoint\",\"urlTemplate\":\"https:\\\/\\\/mennconcept.com\\\/es\\\/?s={search_term_string}\"},\"query-input\":{\"@type\":\"PropertyValueSpecification\",\"valueRequired\":true,\"valueName\":\"search_term_string\"}}],\"inLanguage\":\"es\"},{\"@type\":[\"Person\",\"Organization\"],\"@id\":\"https:\\\/\\\/mennconcept.com\\\/es\\\/#\\\/schema\\\/person\\\/2b311a14878282b83fdf0b876d5463fd\",\"name\":\"mennconcept\",\"image\":{\"@type\":\"ImageObject\",\"inLanguage\":\"es\",\"@id\":\"https:\\\/\\\/mennconcept.com\\\/wp-content\\\/uploads\\\/2021\\\/09\\\/rxyrsugfiinmmzpjdwly_400x400.png\",\"url\":\"https:\\\/\\\/mennconcept.com\\\/wp-content\\\/uploads\\\/2021\\\/09\\\/rxyrsugfiinmmzpjdwly_400x400.png\",\"contentUrl\":\"https:\\\/\\\/mennconcept.com\\\/wp-content\\\/uploads\\\/2021\\\/09\\\/rxyrsugfiinmmzpjdwly_400x400.png\",\"width\":400,\"height\":400,\"caption\":\"mennconcept\"},\"logo\":{\"@id\":\"https:\\\/\\\/mennconcept.com\\\/wp-content\\\/uploads\\\/2021\\\/09\\\/rxyrsugfiinmmzpjdwly_400x400.png\"}}]}<\/script>\n<!-- \/ Yoast SEO plugin. -->","yoast_head_json":{"title":"Applique murale marocain en cuivre\/moroccan Copper wall light42 - Artisanat Marocain Mennconcept","description":"Applique murale cuivre Soliman bronz\u00e9 laiton traditionnel artisanat Marrakech Marocain filigrane cisel\u00e9 berb\u00e8re arabesque lampe lanterne chandelle art d\u00e9co","robots":{"index":"index","follow":"follow","max-snippet":"max-snippet:-1","max-image-preview":"max-image-preview:large","max-video-preview":"max-video-preview:-1"},"canonical":"https:\/\/mennconcept.com\/es\/decoration\/applique-da-parete\/applique-murale-marocain-en-cuivre-moroccan-copper-wall-light-42\/","og_locale":"es_ES","og_type":"article","og_title":"Applique murale marocain en cuivre\/moroccan Copper wall light42 - Artisanat Marocain Mennconcept","og_description":"Applique murale cuivre Soliman bronz\u00e9 laiton traditionnel artisanat Marrakech Marocain filigrane cisel\u00e9 berb\u00e8re arabesque lampe lanterne chandelle art d\u00e9co","og_url":"https:\/\/mennconcept.com\/es\/decoration\/applique-da-parete\/applique-murale-marocain-en-cuivre-moroccan-copper-wall-light-42\/","og_site_name":"Artisanat Marocain Mennconcept","article_modified_time":"2021-04-13T21:10:16+00:00","og_image":[{"width":1920,"height":2560,"url":"https:\/\/i2.wp.com\/mennconcept.com\/wp-content\/uploads\/2021\/03\/Applique-murale-marocain-en-cuivre-moroccan-Copper-wall-light42-scaled.jpg?fit=1920%2C2560&ssl=1","type":"image\/jpeg"}],"twitter_card":"summary_large_image","twitter_site":"@ArtisanatM","twitter_misc":{"Tiempo de lectura":"1 minuto"},"schema":{"@context":"https:\/\/schema.org","@graph":[{"@type":"WebPage","@id":"https:\/\/mennconcept.com\/es\/decoration\/applique-da-parete\/applique-murale-marocain-en-cuivre-moroccan-copper-wall-light-42\/","url":"https:\/\/mennconcept.com\/es\/decoration\/applique-da-parete\/applique-murale-marocain-en-cuivre-moroccan-copper-wall-light-42\/","name":"Applique murale marocain en cuivre\/moroccan Copper wall light42 - Artisanat Marocain Mennconcept","isPartOf":{"@id":"https:\/\/mennconcept.com\/es\/#website"},"primaryImageOfPage":{"@id":"https:\/\/mennconcept.com\/es\/decoration\/applique-da-parete\/applique-murale-marocain-en-cuivre-moroccan-copper-wall-light-42\/#primaryimage"},"image":{"@id":"https:\/\/mennconcept.com\/es\/decoration\/applique-da-parete\/applique-murale-marocain-en-cuivre-moroccan-copper-wall-light-42\/#primaryimage"},"thumbnailUrl":"https:\/\/mennconcept.com\/wp-content\/uploads\/2021\/03\/Applique-murale-marocain-en-cuivre-moroccan-Copper-wall-light42-scaled.jpg","datePublished":"2019-08-11T10:59:03+00:00","dateModified":"2021-04-13T21:10:16+00:00","description":"Applique murale cuivre Soliman bronz\u00e9 laiton traditionnel artisanat Marrakech Marocain filigrane cisel\u00e9 berb\u00e8re arabesque lampe lanterne chandelle art d\u00e9co","breadcrumb":{"@id":"https:\/\/mennconcept.com\/es\/decoration\/applique-da-parete\/applique-murale-marocain-en-cuivre-moroccan-copper-wall-light-42\/#breadcrumb"},"inLanguage":"es","potentialAction":[{"@type":"ReadAction","target":["https:\/\/mennconcept.com\/es\/decoration\/applique-da-parete\/applique-murale-marocain-en-cuivre-moroccan-copper-wall-light-42\/"]}]},{"@type":"ImageObject","inLanguage":"es","@id":"https:\/\/mennconcept.com\/es\/decoration\/applique-da-parete\/applique-murale-marocain-en-cuivre-moroccan-copper-wall-light-42\/#primaryimage","url":"https:\/\/mennconcept.com\/wp-content\/uploads\/2021\/03\/Applique-murale-marocain-en-cuivre-moroccan-Copper-wall-light42-scaled.jpg","contentUrl":"https:\/\/mennconcept.com\/wp-content\/uploads\/2021\/03\/Applique-murale-marocain-en-cuivre-moroccan-Copper-wall-light42-scaled.jpg","width":1920,"height":2560},{"@type":"BreadcrumbList","@id":"https:\/\/mennconcept.com\/es\/decoration\/applique-da-parete\/applique-murale-marocain-en-cuivre-moroccan-copper-wall-light-42\/#breadcrumb","itemListElement":[{"@type":"ListItem","position":1,"name":"Accueil","item":"https:\/\/mennconcept.com\/es\/"},{"@type":"ListItem","position":2,"name":"Tienda","item":"https:\/\/mennconcept.com\/es\/tienda\/"},{"@type":"ListItem","position":3,"name":"Applique murale marocain en cuivre\/moroccan Copper wall light42"}]},{"@type":"WebSite","@id":"https:\/\/mennconcept.com\/es\/#website","url":"https:\/\/mennconcept.com\/es\/","name":"Artisanat Marocain Mennconcept","description":"L&#039;Art de la Lumi\u00e8re. Artisanat Marocain de Luxe &amp; Cuivre Massif.","publisher":{"@id":"https:\/\/mennconcept.com\/es\/#\/schema\/person\/2b311a14878282b83fdf0b876d5463fd"},"potentialAction":[{"@type":"SearchAction","target":{"@type":"EntryPoint","urlTemplate":"https:\/\/mennconcept.com\/es\/?s={search_term_string}"},"query-input":{"@type":"PropertyValueSpecification","valueRequired":true,"valueName":"search_term_string"}}],"inLanguage":"es"},{"@type":["Person","Organization"],"@id":"https:\/\/mennconcept.com\/es\/#\/schema\/person\/2b311a14878282b83fdf0b876d5463fd","name":"mennconcept","image":{"@type":"ImageObject","inLanguage":"es","@id":"https:\/\/mennconcept.com\/wp-content\/uploads\/2021\/09\/rxyrsugfiinmmzpjdwly_400x400.png","url":"https:\/\/mennconcept.com\/wp-content\/uploads\/2021\/09\/rxyrsugfiinmmzpjdwly_400x400.png","contentUrl":"https:\/\/mennconcept.com\/wp-content\/uploads\/2021\/09\/rxyrsugfiinmmzpjdwly_400x400.png","width":400,"height":400,"caption":"mennconcept"},"logo":{"@id":"https:\/\/mennconcept.com\/wp-content\/uploads\/2021\/09\/rxyrsugfiinmmzpjdwly_400x400.png"}}]}},"jetpack_publicize_connections":[],"amp_enabled":true,"_links":{"self":[{"href":"https:\/\/mennconcept.com\/es\/wp-json\/wp\/v2\/product\/3036","targetHints":{"allow":["GET"]}}],"collection":[{"href":"https:\/\/mennconcept.com\/es\/wp-json\/wp\/v2\/product"}],"about":[{"href":"https:\/\/mennconcept.com\/es\/wp-json\/wp\/v2\/types\/product"}],"replies":[{"embeddable":true,"href":"https:\/\/mennconcept.com\/es\/wp-json\/wp\/v2\/comments?post=3036"}],"wp:featuredmedia":[{"embeddable":true,"href":"https:\/\/mennconcept.com\/es\/wp-json\/wp\/v2\/media\/13696"}],"wp:attachment":[{"href":"https:\/\/mennconcept.com\/es\/wp-json\/wp\/v2\/media?parent=3036"}],"wp:term":[{"taxonomy":"product_brand","embeddable":true,"href":"https:\/\/mennconcept.com\/es\/wp-json\/wp\/v2\/product_brand?post=3036"},{"taxonomy":"product_cat","embeddable":true,"href":"https:\/\/mennconcept.com\/es\/wp-json\/wp\/v2\/product_cat?post=3036"},{"taxonomy":"product_tag","embeddable":true,"href":"https:\/\/mennconcept.com\/es\/wp-json\/wp\/v2\/product_tag?post=3036"}],"curies":[{"name":"wp","href":"https:\/\/api.w.org\/{rel}","templated":true}]}}