{"id":14169,"date":"2021-05-16T18:59:55","date_gmt":"2021-05-16T16:59:55","guid":{"rendered":"https:\/\/mennconcept.com\/?post_type=product&#038;p=14169"},"modified":"2025-12-24T18:44:13","modified_gmt":"2025-12-24T17:44:13","slug":"baignoire-cuivre-copper-bathtub-19","status":"publish","type":"product","link":"https:\/\/mennconcept.com\/es\/decoration\/banera\/baignoire-cuivre-copper-bathtub-19\/","title":{"rendered":"Baignoire cuivre \/ copper bathtub 19"},"content":{"rendered":"<p><strong><em>longueur : 160 cm<\/em><\/strong><\/p>\n<p><strong><em>hauteur :70 cm<\/em><\/strong><\/p>\n<p><strong><em>\ud83c\uddeb\ud83c\uddf7Baignoire cuivre marocain artisanal, fais a la main, artisanat marocain traditionnel, douche, hammam, hamm\u00e2m, hamam, toilette, accessoire sanitaire salle de bains bassin, lavabo, robinet, robinetterie, installation de douche, , argent\u00e9 ou dor\u00e9 ou rouge ou patin\u00e9 viell\u00e9 , noire , fonc\u00e9 , antique, laiton maillechort cuivre, cuivr\u00e9, Marrakech Maroc martel\u00e9 ext\u00e9rieur non castr\u00e9e artisanale<\/em><\/strong><br \/>\n<strong><em>Fabrication sur mesure, de diff\u00e9rant tailles et mati\u00e8res, production sp\u00e9ciale pour un charme et une d\u00e9coration sp\u00e9ciale<\/em><\/strong><\/p>\n<p><strong><em>Livraison gratuite France<\/em><\/strong><\/p>\n<p><strong><em>TVA inclus.<\/em><\/strong><\/p>\n<p>&nbsp;<\/p>\n","protected":false},"excerpt":{"rendered":"<p><strong><em>longueur : 160 cm<\/em><\/strong><\/p>\n<p><strong><em>hauteur :70 cm<\/em><\/strong><\/p>\n<p><strong><em>\ud83c\uddeb\ud83c\uddf7Baignoire cuivre marocain artisanal, fais a la main, artisanat marocain traditionnel, douche, hammam, hamm\u00e2m, hamam, toilette, accessoire sanitaire salle de bains bassin, lavabo, robinet, robinetterie, installation de douche, , argent\u00e9 ou dor\u00e9 ou rouge ou patin\u00e9 viell\u00e9 , noire , fonc\u00e9 , antique, laiton maillechort cuivre, cuivr\u00e9, Marrakech Maroc martel\u00e9 ext\u00e9rieur non castr\u00e9e artisanale<\/em><\/strong><br \/>\n<strong><em>Fabrication sur mesure, de diff\u00e9rant tailles et mati\u00e8res, production sp\u00e9ciale pour un charme et une d\u00e9coration sp\u00e9ciale<\/em><\/strong><\/p>\n<p><strong><em>Livraison gratuite France<\/em><\/strong><\/p>\n<p><strong><em>TVA inclus.<\/em><\/strong><\/p>\n<p>&nbsp;<\/p>\n","protected":false},"featured_media":14125,"comment_status":"open","ping_status":"closed","template":"","meta":{"_monsterinsights_skip_tracking":false,"_monsterinsights_sitenote_active":false,"_monsterinsights_sitenote_note":"","_monsterinsights_sitenote_category":0,"_joinchat":[],"jetpack_publicize_message":"","jetpack_publicize_feature_enabled":true,"jetpack_social_post_already_shared":false,"jetpack_social_options":{"image_generator_settings":{"template":"highway","default_image_id":0,"font":"","enabled":false},"version":2}},"product_brand":[],"product_cat":[40],"product_tag":[],"class_list":{"0":"post-14169","1":"product","2":"type-product","3":"status-publish","4":"has-post-thumbnail","6":"product_cat-baignoire","8":"first","9":"instock","10":"taxable","11":"shipping-taxable","12":"purchasable","13":"product-type-simple"},"yoast_head":"<!-- This site is optimized with the Yoast SEO plugin v27.3 - https:\/\/yoast.com\/product\/yoast-seo-wordpress\/ -->\n<title>Baignoire cuivre \/ copper bathtub 19 - Artisanat Marocain Mennconcept<\/title>\n<meta name=\"robots\" content=\"index, follow, max-snippet:-1, max-image-preview:large, max-video-preview:-1\" \/>\n<link rel=\"canonical\" href=\"https:\/\/mennconcept.com\/es\/decoration\/banera\/baignoire-cuivre-copper-bathtub-19\/\" \/>\n<meta property=\"og:locale\" content=\"es_ES\" \/>\n<meta property=\"og:type\" content=\"article\" \/>\n<meta property=\"og:title\" content=\"Baignoire cuivre \/ copper bathtub 19 - Artisanat Marocain Mennconcept\" \/>\n<meta property=\"og:description\" content=\"longueur : 160 cm  hauteur :70 cm  \ud83c\uddeb\ud83c\uddf7Baignoire cuivre marocain artisanal, fais a la main, artisanat marocain traditionnel, douche, hammam, hamm\u00e2m, hamam, toilette, accessoire sanitaire salle de bains bassin, lavabo, robinet, robinetterie, installation de douche, , argent\u00e9 ou dor\u00e9 ou rouge ou patin\u00e9 viell\u00e9 , noire , fonc\u00e9 , antique, laiton maillechort cuivre, cuivr\u00e9, Marrakech Maroc martel\u00e9 ext\u00e9rieur non castr\u00e9e artisanale Fabrication sur mesure, de diff\u00e9rant tailles et mati\u00e8res, production sp\u00e9ciale pour un charme et une d\u00e9coration sp\u00e9ciale  Livraison gratuite France  TVA inclus.  &nbsp;\" \/>\n<meta property=\"og:url\" content=\"https:\/\/mennconcept.com\/es\/decoration\/banera\/baignoire-cuivre-copper-bathtub-19\/\" \/>\n<meta property=\"og:site_name\" content=\"Artisanat Marocain Mennconcept\" \/>\n<meta property=\"article:modified_time\" content=\"2025-12-24T17:44:13+00:00\" \/>\n<meta property=\"og:image\" content=\"https:\/\/mennconcept.com\/wp-content\/uploads\/2020\/05\/Baignoire-cuivre-copper-bathtub-19.png\" \/>\n\t<meta property=\"og:image:width\" content=\"383\" \/>\n\t<meta property=\"og:image:height\" content=\"345\" \/>\n\t<meta property=\"og:image:type\" content=\"image\/png\" \/>\n<meta name=\"twitter:card\" content=\"summary_large_image\" \/>\n<meta name=\"twitter:site\" content=\"@ArtisanatM\" \/>\n<meta name=\"twitter:label1\" content=\"Tiempo de lectura\" \/>\n\t<meta name=\"twitter:data1\" content=\"1 minuto\" \/>\n<script type=\"application\/ld+json\" class=\"yoast-schema-graph\">{\"@context\":\"https:\\\/\\\/schema.org\",\"@graph\":[{\"@type\":\"WebPage\",\"@id\":\"https:\\\/\\\/mennconcept.com\\\/es\\\/decoration\\\/banera\\\/baignoire-cuivre-copper-bathtub-19\\\/\",\"url\":\"https:\\\/\\\/mennconcept.com\\\/es\\\/decoration\\\/banera\\\/baignoire-cuivre-copper-bathtub-19\\\/\",\"name\":\"Baignoire cuivre \\\/ copper bathtub 19 - Artisanat Marocain Mennconcept\",\"isPartOf\":{\"@id\":\"https:\\\/\\\/mennconcept.com\\\/es\\\/#website\"},\"primaryImageOfPage\":{\"@id\":\"https:\\\/\\\/mennconcept.com\\\/es\\\/decoration\\\/banera\\\/baignoire-cuivre-copper-bathtub-19\\\/#primaryimage\"},\"image\":{\"@id\":\"https:\\\/\\\/mennconcept.com\\\/es\\\/decoration\\\/banera\\\/baignoire-cuivre-copper-bathtub-19\\\/#primaryimage\"},\"thumbnailUrl\":\"https:\\\/\\\/mennconcept.com\\\/wp-content\\\/uploads\\\/2020\\\/05\\\/Baignoire-cuivre-copper-bathtub-19.png\",\"datePublished\":\"2021-05-16T16:59:55+00:00\",\"dateModified\":\"2025-12-24T17:44:13+00:00\",\"breadcrumb\":{\"@id\":\"https:\\\/\\\/mennconcept.com\\\/es\\\/decoration\\\/banera\\\/baignoire-cuivre-copper-bathtub-19\\\/#breadcrumb\"},\"inLanguage\":\"es\",\"potentialAction\":[{\"@type\":\"ReadAction\",\"target\":[\"https:\\\/\\\/mennconcept.com\\\/es\\\/decoration\\\/banera\\\/baignoire-cuivre-copper-bathtub-19\\\/\"]}]},{\"@type\":\"ImageObject\",\"inLanguage\":\"es\",\"@id\":\"https:\\\/\\\/mennconcept.com\\\/es\\\/decoration\\\/banera\\\/baignoire-cuivre-copper-bathtub-19\\\/#primaryimage\",\"url\":\"https:\\\/\\\/mennconcept.com\\\/wp-content\\\/uploads\\\/2020\\\/05\\\/Baignoire-cuivre-copper-bathtub-19.png\",\"contentUrl\":\"https:\\\/\\\/mennconcept.com\\\/wp-content\\\/uploads\\\/2020\\\/05\\\/Baignoire-cuivre-copper-bathtub-19.png\",\"width\":383,\"height\":345},{\"@type\":\"BreadcrumbList\",\"@id\":\"https:\\\/\\\/mennconcept.com\\\/es\\\/decoration\\\/banera\\\/baignoire-cuivre-copper-bathtub-19\\\/#breadcrumb\",\"itemListElement\":[{\"@type\":\"ListItem\",\"position\":1,\"name\":\"Accueil\",\"item\":\"https:\\\/\\\/mennconcept.com\\\/es\\\/\"},{\"@type\":\"ListItem\",\"position\":2,\"name\":\"Tienda\",\"item\":\"https:\\\/\\\/mennconcept.com\\\/es\\\/tienda\\\/\"},{\"@type\":\"ListItem\",\"position\":3,\"name\":\"Baignoire cuivre \\\/ copper bathtub 19\"}]},{\"@type\":\"WebSite\",\"@id\":\"https:\\\/\\\/mennconcept.com\\\/es\\\/#website\",\"url\":\"https:\\\/\\\/mennconcept.com\\\/es\\\/\",\"name\":\"Artisanat Marocain Mennconcept\",\"description\":\"L&#039;Art de la Lumi\u00e8re. Artisanat Marocain de Luxe &amp; Cuivre Massif.\",\"publisher\":{\"@id\":\"https:\\\/\\\/mennconcept.com\\\/es\\\/#\\\/schema\\\/person\\\/2b311a14878282b83fdf0b876d5463fd\"},\"potentialAction\":[{\"@type\":\"SearchAction\",\"target\":{\"@type\":\"EntryPoint\",\"urlTemplate\":\"https:\\\/\\\/mennconcept.com\\\/es\\\/?s={search_term_string}\"},\"query-input\":{\"@type\":\"PropertyValueSpecification\",\"valueRequired\":true,\"valueName\":\"search_term_string\"}}],\"inLanguage\":\"es\"},{\"@type\":[\"Person\",\"Organization\"],\"@id\":\"https:\\\/\\\/mennconcept.com\\\/es\\\/#\\\/schema\\\/person\\\/2b311a14878282b83fdf0b876d5463fd\",\"name\":\"mennconcept\",\"image\":{\"@type\":\"ImageObject\",\"inLanguage\":\"es\",\"@id\":\"https:\\\/\\\/mennconcept.com\\\/wp-content\\\/uploads\\\/2021\\\/09\\\/rxyrsugfiinmmzpjdwly_400x400.png\",\"url\":\"https:\\\/\\\/mennconcept.com\\\/wp-content\\\/uploads\\\/2021\\\/09\\\/rxyrsugfiinmmzpjdwly_400x400.png\",\"contentUrl\":\"https:\\\/\\\/mennconcept.com\\\/wp-content\\\/uploads\\\/2021\\\/09\\\/rxyrsugfiinmmzpjdwly_400x400.png\",\"width\":400,\"height\":400,\"caption\":\"mennconcept\"},\"logo\":{\"@id\":\"https:\\\/\\\/mennconcept.com\\\/wp-content\\\/uploads\\\/2021\\\/09\\\/rxyrsugfiinmmzpjdwly_400x400.png\"}}]}<\/script>\n<!-- \/ Yoast SEO plugin. -->","yoast_head_json":{"title":"Baignoire cuivre \/ copper bathtub 19 - Artisanat Marocain Mennconcept","robots":{"index":"index","follow":"follow","max-snippet":"max-snippet:-1","max-image-preview":"max-image-preview:large","max-video-preview":"max-video-preview:-1"},"canonical":"https:\/\/mennconcept.com\/es\/decoration\/banera\/baignoire-cuivre-copper-bathtub-19\/","og_locale":"es_ES","og_type":"article","og_title":"Baignoire cuivre \/ copper bathtub 19 - Artisanat Marocain Mennconcept","og_description":"longueur : 160 cm  hauteur :70 cm  \ud83c\uddeb\ud83c\uddf7Baignoire cuivre marocain artisanal, fais a la main, artisanat marocain traditionnel, douche, hammam, hamm\u00e2m, hamam, toilette, accessoire sanitaire salle de bains bassin, lavabo, robinet, robinetterie, installation de douche, , argent\u00e9 ou dor\u00e9 ou rouge ou patin\u00e9 viell\u00e9 , noire , fonc\u00e9 , antique, laiton maillechort cuivre, cuivr\u00e9, Marrakech Maroc martel\u00e9 ext\u00e9rieur non castr\u00e9e artisanale Fabrication sur mesure, de diff\u00e9rant tailles et mati\u00e8res, production sp\u00e9ciale pour un charme et une d\u00e9coration sp\u00e9ciale  Livraison gratuite France  TVA inclus.  &nbsp;","og_url":"https:\/\/mennconcept.com\/es\/decoration\/banera\/baignoire-cuivre-copper-bathtub-19\/","og_site_name":"Artisanat Marocain Mennconcept","article_modified_time":"2025-12-24T17:44:13+00:00","og_image":[{"width":383,"height":345,"url":"https:\/\/mennconcept.com\/wp-content\/uploads\/2020\/05\/Baignoire-cuivre-copper-bathtub-19.png","type":"image\/png"}],"twitter_card":"summary_large_image","twitter_site":"@ArtisanatM","twitter_misc":{"Tiempo de lectura":"1 minuto"},"schema":{"@context":"https:\/\/schema.org","@graph":[{"@type":"WebPage","@id":"https:\/\/mennconcept.com\/es\/decoration\/banera\/baignoire-cuivre-copper-bathtub-19\/","url":"https:\/\/mennconcept.com\/es\/decoration\/banera\/baignoire-cuivre-copper-bathtub-19\/","name":"Baignoire cuivre \/ copper bathtub 19 - Artisanat Marocain Mennconcept","isPartOf":{"@id":"https:\/\/mennconcept.com\/es\/#website"},"primaryImageOfPage":{"@id":"https:\/\/mennconcept.com\/es\/decoration\/banera\/baignoire-cuivre-copper-bathtub-19\/#primaryimage"},"image":{"@id":"https:\/\/mennconcept.com\/es\/decoration\/banera\/baignoire-cuivre-copper-bathtub-19\/#primaryimage"},"thumbnailUrl":"https:\/\/mennconcept.com\/wp-content\/uploads\/2020\/05\/Baignoire-cuivre-copper-bathtub-19.png","datePublished":"2021-05-16T16:59:55+00:00","dateModified":"2025-12-24T17:44:13+00:00","breadcrumb":{"@id":"https:\/\/mennconcept.com\/es\/decoration\/banera\/baignoire-cuivre-copper-bathtub-19\/#breadcrumb"},"inLanguage":"es","potentialAction":[{"@type":"ReadAction","target":["https:\/\/mennconcept.com\/es\/decoration\/banera\/baignoire-cuivre-copper-bathtub-19\/"]}]},{"@type":"ImageObject","inLanguage":"es","@id":"https:\/\/mennconcept.com\/es\/decoration\/banera\/baignoire-cuivre-copper-bathtub-19\/#primaryimage","url":"https:\/\/mennconcept.com\/wp-content\/uploads\/2020\/05\/Baignoire-cuivre-copper-bathtub-19.png","contentUrl":"https:\/\/mennconcept.com\/wp-content\/uploads\/2020\/05\/Baignoire-cuivre-copper-bathtub-19.png","width":383,"height":345},{"@type":"BreadcrumbList","@id":"https:\/\/mennconcept.com\/es\/decoration\/banera\/baignoire-cuivre-copper-bathtub-19\/#breadcrumb","itemListElement":[{"@type":"ListItem","position":1,"name":"Accueil","item":"https:\/\/mennconcept.com\/es\/"},{"@type":"ListItem","position":2,"name":"Tienda","item":"https:\/\/mennconcept.com\/es\/tienda\/"},{"@type":"ListItem","position":3,"name":"Baignoire cuivre \/ copper bathtub 19"}]},{"@type":"WebSite","@id":"https:\/\/mennconcept.com\/es\/#website","url":"https:\/\/mennconcept.com\/es\/","name":"Artisanat Marocain Mennconcept","description":"L&#039;Art de la Lumi\u00e8re. Artisanat Marocain de Luxe &amp; Cuivre Massif.","publisher":{"@id":"https:\/\/mennconcept.com\/es\/#\/schema\/person\/2b311a14878282b83fdf0b876d5463fd"},"potentialAction":[{"@type":"SearchAction","target":{"@type":"EntryPoint","urlTemplate":"https:\/\/mennconcept.com\/es\/?s={search_term_string}"},"query-input":{"@type":"PropertyValueSpecification","valueRequired":true,"valueName":"search_term_string"}}],"inLanguage":"es"},{"@type":["Person","Organization"],"@id":"https:\/\/mennconcept.com\/es\/#\/schema\/person\/2b311a14878282b83fdf0b876d5463fd","name":"mennconcept","image":{"@type":"ImageObject","inLanguage":"es","@id":"https:\/\/mennconcept.com\/wp-content\/uploads\/2021\/09\/rxyrsugfiinmmzpjdwly_400x400.png","url":"https:\/\/mennconcept.com\/wp-content\/uploads\/2021\/09\/rxyrsugfiinmmzpjdwly_400x400.png","contentUrl":"https:\/\/mennconcept.com\/wp-content\/uploads\/2021\/09\/rxyrsugfiinmmzpjdwly_400x400.png","width":400,"height":400,"caption":"mennconcept"},"logo":{"@id":"https:\/\/mennconcept.com\/wp-content\/uploads\/2021\/09\/rxyrsugfiinmmzpjdwly_400x400.png"}}]}},"jetpack_publicize_connections":[],"amp_enabled":true,"_links":{"self":[{"href":"https:\/\/mennconcept.com\/es\/wp-json\/wp\/v2\/product\/14169","targetHints":{"allow":["GET"]}}],"collection":[{"href":"https:\/\/mennconcept.com\/es\/wp-json\/wp\/v2\/product"}],"about":[{"href":"https:\/\/mennconcept.com\/es\/wp-json\/wp\/v2\/types\/product"}],"replies":[{"embeddable":true,"href":"https:\/\/mennconcept.com\/es\/wp-json\/wp\/v2\/comments?post=14169"}],"wp:featuredmedia":[{"embeddable":true,"href":"https:\/\/mennconcept.com\/es\/wp-json\/wp\/v2\/media\/14125"}],"wp:attachment":[{"href":"https:\/\/mennconcept.com\/es\/wp-json\/wp\/v2\/media?parent=14169"}],"wp:term":[{"taxonomy":"product_brand","embeddable":true,"href":"https:\/\/mennconcept.com\/es\/wp-json\/wp\/v2\/product_brand?post=14169"},{"taxonomy":"product_cat","embeddable":true,"href":"https:\/\/mennconcept.com\/es\/wp-json\/wp\/v2\/product_cat?post=14169"},{"taxonomy":"product_tag","embeddable":true,"href":"https:\/\/mennconcept.com\/es\/wp-json\/wp\/v2\/product_tag?post=14169"}],"curies":[{"name":"wp","href":"https:\/\/api.w.org\/{rel}","templated":true}]}}