{"id":13396,"date":"2020-11-18T20:33:37","date_gmt":"2020-11-18T19:33:37","guid":{"rendered":"https:\/\/mennconcept.com\/?post_type=product&#038;p=13396"},"modified":"2022-01-15T11:27:22","modified_gmt":"2022-01-15T10:27:22","slug":"paravent-marocain-fer-forger-04","status":"publish","type":"product","link":"https:\/\/mennconcept.com\/es\/decoration\/biombo-de-hierro-forjado\/paravent-marocain-fer-forger-04\/","title":{"rendered":"Paravent marocain fer-forger 04"},"content":{"rendered":"<p>&nbsp;<\/p>\n<p><b>160\/120cm<\/b><\/p>\n<p><strong>\ud83c\uddeb\ud83c\uddf7 Paravent fer-forg\u00e9 artisanal marocain, traditionnelle fer-forg\u00e9, pour salon, couloir ,salle de bains, fer-forg\u00e9 chaise, photophore fer-forg\u00e9, canap\u00e9s fer-forg\u00e9. Fournitures fer-forg\u00e9. Miroir en fer-forg\u00e9<\/strong><\/p>\n<p><strong>Fabrication sur mesure de tous le dimensions, toutes les formes,<\/strong><\/p>\n<p><strong>\ud83c\uddec\ud83c\udde7 Moroccan handcrafted wrought iron rooms seperation , traditional wrought iron, for living room, hallway, bathroom, wrought iron chair, wrought iron candle holder, wrought iron sofas. Wrought iron supplies. Wrought iron miror<\/strong><\/p>\n<p><strong>Custom manufacturing of all sizes, all shapes,<\/strong><\/p>\n","protected":false},"excerpt":{"rendered":"<p>&nbsp;<\/p>\n<p><b>160\/120cm<\/b><\/p>\n<p><strong>\ud83c\uddeb\ud83c\uddf7 Paravent fer-forg\u00e9 artisanal marocain, traditionnelle fer-forg\u00e9, pour salon, couloir ,salle de bains, fer-forg\u00e9 chaise, photophore fer-forg\u00e9, canap\u00e9s fer-forg\u00e9. Fournitures fer-forg\u00e9. Miroir en fer-forg\u00e9<\/strong><\/p>\n<p><strong>Fabrication sur mesure de tous le dimensions, toutes les formes,<\/strong><\/p>\n<p><strong>\ud83c\uddec\ud83c\udde7 Moroccan handcrafted wrought iron rooms seperation , traditional wrought iron, for living room, hallway, bathroom, wrought iron chair, wrought iron candle holder, wrought iron sofas. Wrought iron supplies. Wrought iron miror<\/strong><\/p>\n<p><strong>Custom manufacturing of all sizes, all shapes,<\/strong><\/p>\n","protected":false},"featured_media":13373,"comment_status":"open","ping_status":"closed","template":"","meta":{"_monsterinsights_skip_tracking":false,"_monsterinsights_sitenote_active":false,"_monsterinsights_sitenote_note":"","_monsterinsights_sitenote_category":0,"_joinchat":[],"jetpack_publicize_message":"","jetpack_publicize_feature_enabled":true,"jetpack_social_post_already_shared":true,"jetpack_social_options":{"image_generator_settings":{"template":"highway","default_image_id":0,"font":"","enabled":false},"version":2}},"product_brand":[],"product_cat":[24,244],"product_tag":[],"class_list":{"0":"post-13396","1":"product","2":"type-product","3":"status-publish","4":"has-post-thumbnail","6":"product_cat-fer_forge","7":"product_cat-paravent-fer-forge","9":"first","10":"instock","11":"taxable","12":"shipping-taxable","13":"purchasable","14":"product-type-simple"},"yoast_head":"<!-- This site is optimized with the Yoast SEO plugin v27.3 - https:\/\/yoast.com\/product\/yoast-seo-wordpress\/ -->\n<title>Paravent marocain fer-forger 04 - Artisanat Marocain Mennconcept<\/title>\n<meta name=\"robots\" content=\"index, follow, max-snippet:-1, max-image-preview:large, max-video-preview:-1\" \/>\n<link rel=\"canonical\" href=\"https:\/\/mennconcept.com\/es\/decoration\/biombo-de-hierro-forjado\/paravent-marocain-fer-forger-04\/\" \/>\n<meta property=\"og:locale\" content=\"es_ES\" \/>\n<meta property=\"og:type\" content=\"article\" \/>\n<meta property=\"og:title\" content=\"Paravent marocain fer-forger 04 - Artisanat Marocain Mennconcept\" \/>\n<meta property=\"og:description\" content=\"&nbsp;  160\/120cm  \ud83c\uddeb\ud83c\uddf7 Paravent fer-forg\u00e9 artisanal marocain, traditionnelle fer-forg\u00e9, pour salon, couloir ,salle de bains, fer-forg\u00e9 chaise, photophore fer-forg\u00e9, canap\u00e9s fer-forg\u00e9. Fournitures fer-forg\u00e9. Miroir en fer-forg\u00e9  Fabrication sur mesure de tous le dimensions, toutes les formes,  \ud83c\uddec\ud83c\udde7 Moroccan handcrafted wrought iron rooms seperation , traditional wrought iron, for living room, hallway, bathroom, wrought iron chair, wrought iron candle holder, wrought iron sofas. Wrought iron supplies. Wrought iron miror  Custom manufacturing of all sizes, all shapes,\" \/>\n<meta property=\"og:url\" content=\"https:\/\/mennconcept.com\/es\/decoration\/biombo-de-hierro-forjado\/paravent-marocain-fer-forger-04\/\" \/>\n<meta property=\"og:site_name\" content=\"Artisanat Marocain Mennconcept\" \/>\n<meta property=\"article:modified_time\" content=\"2022-01-15T10:27:22+00:00\" \/>\n<meta property=\"og:image\" content=\"https:\/\/mennconcept.com\/wp-content\/uploads\/2020\/11\/PSX_20201118_110306.jpg\" \/>\n\t<meta property=\"og:image:width\" content=\"512\" \/>\n\t<meta property=\"og:image:height\" content=\"711\" \/>\n\t<meta property=\"og:image:type\" content=\"image\/jpeg\" \/>\n<meta name=\"twitter:card\" content=\"summary_large_image\" \/>\n<meta name=\"twitter:site\" content=\"@ArtisanatM\" \/>\n<script type=\"application\/ld+json\" class=\"yoast-schema-graph\">{\"@context\":\"https:\\\/\\\/schema.org\",\"@graph\":[{\"@type\":\"WebPage\",\"@id\":\"https:\\\/\\\/mennconcept.com\\\/es\\\/decoration\\\/biombo-de-hierro-forjado\\\/paravent-marocain-fer-forger-04\\\/\",\"url\":\"https:\\\/\\\/mennconcept.com\\\/es\\\/decoration\\\/biombo-de-hierro-forjado\\\/paravent-marocain-fer-forger-04\\\/\",\"name\":\"Paravent marocain fer-forger 04 - Artisanat Marocain Mennconcept\",\"isPartOf\":{\"@id\":\"https:\\\/\\\/mennconcept.com\\\/es\\\/#website\"},\"primaryImageOfPage\":{\"@id\":\"https:\\\/\\\/mennconcept.com\\\/es\\\/decoration\\\/biombo-de-hierro-forjado\\\/paravent-marocain-fer-forger-04\\\/#primaryimage\"},\"image\":{\"@id\":\"https:\\\/\\\/mennconcept.com\\\/es\\\/decoration\\\/biombo-de-hierro-forjado\\\/paravent-marocain-fer-forger-04\\\/#primaryimage\"},\"thumbnailUrl\":\"https:\\\/\\\/mennconcept.com\\\/wp-content\\\/uploads\\\/2020\\\/11\\\/PSX_20201118_110306.jpg\",\"datePublished\":\"2020-11-18T19:33:37+00:00\",\"dateModified\":\"2022-01-15T10:27:22+00:00\",\"breadcrumb\":{\"@id\":\"https:\\\/\\\/mennconcept.com\\\/es\\\/decoration\\\/biombo-de-hierro-forjado\\\/paravent-marocain-fer-forger-04\\\/#breadcrumb\"},\"inLanguage\":\"es\",\"potentialAction\":[{\"@type\":\"ReadAction\",\"target\":[\"https:\\\/\\\/mennconcept.com\\\/es\\\/decoration\\\/biombo-de-hierro-forjado\\\/paravent-marocain-fer-forger-04\\\/\"]}]},{\"@type\":\"ImageObject\",\"inLanguage\":\"es\",\"@id\":\"https:\\\/\\\/mennconcept.com\\\/es\\\/decoration\\\/biombo-de-hierro-forjado\\\/paravent-marocain-fer-forger-04\\\/#primaryimage\",\"url\":\"https:\\\/\\\/mennconcept.com\\\/wp-content\\\/uploads\\\/2020\\\/11\\\/PSX_20201118_110306.jpg\",\"contentUrl\":\"https:\\\/\\\/mennconcept.com\\\/wp-content\\\/uploads\\\/2020\\\/11\\\/PSX_20201118_110306.jpg\",\"width\":512,\"height\":711},{\"@type\":\"BreadcrumbList\",\"@id\":\"https:\\\/\\\/mennconcept.com\\\/es\\\/decoration\\\/biombo-de-hierro-forjado\\\/paravent-marocain-fer-forger-04\\\/#breadcrumb\",\"itemListElement\":[{\"@type\":\"ListItem\",\"position\":1,\"name\":\"Accueil\",\"item\":\"https:\\\/\\\/mennconcept.com\\\/es\\\/\"},{\"@type\":\"ListItem\",\"position\":2,\"name\":\"Tienda\",\"item\":\"https:\\\/\\\/mennconcept.com\\\/es\\\/tienda\\\/\"},{\"@type\":\"ListItem\",\"position\":3,\"name\":\"Paravent marocain fer-forger 04\"}]},{\"@type\":\"WebSite\",\"@id\":\"https:\\\/\\\/mennconcept.com\\\/es\\\/#website\",\"url\":\"https:\\\/\\\/mennconcept.com\\\/es\\\/\",\"name\":\"Artisanat Marocain Mennconcept\",\"description\":\"L&#039;Art de la Lumi\u00e8re. Artisanat Marocain de Luxe &amp; Cuivre Massif.\",\"publisher\":{\"@id\":\"https:\\\/\\\/mennconcept.com\\\/es\\\/#\\\/schema\\\/person\\\/2b311a14878282b83fdf0b876d5463fd\"},\"potentialAction\":[{\"@type\":\"SearchAction\",\"target\":{\"@type\":\"EntryPoint\",\"urlTemplate\":\"https:\\\/\\\/mennconcept.com\\\/es\\\/?s={search_term_string}\"},\"query-input\":{\"@type\":\"PropertyValueSpecification\",\"valueRequired\":true,\"valueName\":\"search_term_string\"}}],\"inLanguage\":\"es\"},{\"@type\":[\"Person\",\"Organization\"],\"@id\":\"https:\\\/\\\/mennconcept.com\\\/es\\\/#\\\/schema\\\/person\\\/2b311a14878282b83fdf0b876d5463fd\",\"name\":\"mennconcept\",\"image\":{\"@type\":\"ImageObject\",\"inLanguage\":\"es\",\"@id\":\"https:\\\/\\\/mennconcept.com\\\/wp-content\\\/uploads\\\/2021\\\/09\\\/rxyrsugfiinmmzpjdwly_400x400.png\",\"url\":\"https:\\\/\\\/mennconcept.com\\\/wp-content\\\/uploads\\\/2021\\\/09\\\/rxyrsugfiinmmzpjdwly_400x400.png\",\"contentUrl\":\"https:\\\/\\\/mennconcept.com\\\/wp-content\\\/uploads\\\/2021\\\/09\\\/rxyrsugfiinmmzpjdwly_400x400.png\",\"width\":400,\"height\":400,\"caption\":\"mennconcept\"},\"logo\":{\"@id\":\"https:\\\/\\\/mennconcept.com\\\/wp-content\\\/uploads\\\/2021\\\/09\\\/rxyrsugfiinmmzpjdwly_400x400.png\"}}]}<\/script>\n<!-- \/ Yoast SEO plugin. -->","yoast_head_json":{"title":"Paravent marocain fer-forger 04 - Artisanat Marocain Mennconcept","robots":{"index":"index","follow":"follow","max-snippet":"max-snippet:-1","max-image-preview":"max-image-preview:large","max-video-preview":"max-video-preview:-1"},"canonical":"https:\/\/mennconcept.com\/es\/decoration\/biombo-de-hierro-forjado\/paravent-marocain-fer-forger-04\/","og_locale":"es_ES","og_type":"article","og_title":"Paravent marocain fer-forger 04 - Artisanat Marocain Mennconcept","og_description":"&nbsp;  160\/120cm  \ud83c\uddeb\ud83c\uddf7 Paravent fer-forg\u00e9 artisanal marocain, traditionnelle fer-forg\u00e9, pour salon, couloir ,salle de bains, fer-forg\u00e9 chaise, photophore fer-forg\u00e9, canap\u00e9s fer-forg\u00e9. Fournitures fer-forg\u00e9. Miroir en fer-forg\u00e9  Fabrication sur mesure de tous le dimensions, toutes les formes,  \ud83c\uddec\ud83c\udde7 Moroccan handcrafted wrought iron rooms seperation , traditional wrought iron, for living room, hallway, bathroom, wrought iron chair, wrought iron candle holder, wrought iron sofas. Wrought iron supplies. Wrought iron miror  Custom manufacturing of all sizes, all shapes,","og_url":"https:\/\/mennconcept.com\/es\/decoration\/biombo-de-hierro-forjado\/paravent-marocain-fer-forger-04\/","og_site_name":"Artisanat Marocain Mennconcept","article_modified_time":"2022-01-15T10:27:22+00:00","og_image":[{"width":512,"height":711,"url":"https:\/\/mennconcept.com\/wp-content\/uploads\/2020\/11\/PSX_20201118_110306.jpg","type":"image\/jpeg"}],"twitter_card":"summary_large_image","twitter_site":"@ArtisanatM","schema":{"@context":"https:\/\/schema.org","@graph":[{"@type":"WebPage","@id":"https:\/\/mennconcept.com\/es\/decoration\/biombo-de-hierro-forjado\/paravent-marocain-fer-forger-04\/","url":"https:\/\/mennconcept.com\/es\/decoration\/biombo-de-hierro-forjado\/paravent-marocain-fer-forger-04\/","name":"Paravent marocain fer-forger 04 - Artisanat Marocain Mennconcept","isPartOf":{"@id":"https:\/\/mennconcept.com\/es\/#website"},"primaryImageOfPage":{"@id":"https:\/\/mennconcept.com\/es\/decoration\/biombo-de-hierro-forjado\/paravent-marocain-fer-forger-04\/#primaryimage"},"image":{"@id":"https:\/\/mennconcept.com\/es\/decoration\/biombo-de-hierro-forjado\/paravent-marocain-fer-forger-04\/#primaryimage"},"thumbnailUrl":"https:\/\/mennconcept.com\/wp-content\/uploads\/2020\/11\/PSX_20201118_110306.jpg","datePublished":"2020-11-18T19:33:37+00:00","dateModified":"2022-01-15T10:27:22+00:00","breadcrumb":{"@id":"https:\/\/mennconcept.com\/es\/decoration\/biombo-de-hierro-forjado\/paravent-marocain-fer-forger-04\/#breadcrumb"},"inLanguage":"es","potentialAction":[{"@type":"ReadAction","target":["https:\/\/mennconcept.com\/es\/decoration\/biombo-de-hierro-forjado\/paravent-marocain-fer-forger-04\/"]}]},{"@type":"ImageObject","inLanguage":"es","@id":"https:\/\/mennconcept.com\/es\/decoration\/biombo-de-hierro-forjado\/paravent-marocain-fer-forger-04\/#primaryimage","url":"https:\/\/mennconcept.com\/wp-content\/uploads\/2020\/11\/PSX_20201118_110306.jpg","contentUrl":"https:\/\/mennconcept.com\/wp-content\/uploads\/2020\/11\/PSX_20201118_110306.jpg","width":512,"height":711},{"@type":"BreadcrumbList","@id":"https:\/\/mennconcept.com\/es\/decoration\/biombo-de-hierro-forjado\/paravent-marocain-fer-forger-04\/#breadcrumb","itemListElement":[{"@type":"ListItem","position":1,"name":"Accueil","item":"https:\/\/mennconcept.com\/es\/"},{"@type":"ListItem","position":2,"name":"Tienda","item":"https:\/\/mennconcept.com\/es\/tienda\/"},{"@type":"ListItem","position":3,"name":"Paravent marocain fer-forger 04"}]},{"@type":"WebSite","@id":"https:\/\/mennconcept.com\/es\/#website","url":"https:\/\/mennconcept.com\/es\/","name":"Artisanat Marocain Mennconcept","description":"L&#039;Art de la Lumi\u00e8re. Artisanat Marocain de Luxe &amp; Cuivre Massif.","publisher":{"@id":"https:\/\/mennconcept.com\/es\/#\/schema\/person\/2b311a14878282b83fdf0b876d5463fd"},"potentialAction":[{"@type":"SearchAction","target":{"@type":"EntryPoint","urlTemplate":"https:\/\/mennconcept.com\/es\/?s={search_term_string}"},"query-input":{"@type":"PropertyValueSpecification","valueRequired":true,"valueName":"search_term_string"}}],"inLanguage":"es"},{"@type":["Person","Organization"],"@id":"https:\/\/mennconcept.com\/es\/#\/schema\/person\/2b311a14878282b83fdf0b876d5463fd","name":"mennconcept","image":{"@type":"ImageObject","inLanguage":"es","@id":"https:\/\/mennconcept.com\/wp-content\/uploads\/2021\/09\/rxyrsugfiinmmzpjdwly_400x400.png","url":"https:\/\/mennconcept.com\/wp-content\/uploads\/2021\/09\/rxyrsugfiinmmzpjdwly_400x400.png","contentUrl":"https:\/\/mennconcept.com\/wp-content\/uploads\/2021\/09\/rxyrsugfiinmmzpjdwly_400x400.png","width":400,"height":400,"caption":"mennconcept"},"logo":{"@id":"https:\/\/mennconcept.com\/wp-content\/uploads\/2021\/09\/rxyrsugfiinmmzpjdwly_400x400.png"}}]}},"jetpack_publicize_connections":[],"amp_enabled":true,"_links":{"self":[{"href":"https:\/\/mennconcept.com\/es\/wp-json\/wp\/v2\/product\/13396","targetHints":{"allow":["GET"]}}],"collection":[{"href":"https:\/\/mennconcept.com\/es\/wp-json\/wp\/v2\/product"}],"about":[{"href":"https:\/\/mennconcept.com\/es\/wp-json\/wp\/v2\/types\/product"}],"replies":[{"embeddable":true,"href":"https:\/\/mennconcept.com\/es\/wp-json\/wp\/v2\/comments?post=13396"}],"wp:featuredmedia":[{"embeddable":true,"href":"https:\/\/mennconcept.com\/es\/wp-json\/wp\/v2\/media\/13373"}],"wp:attachment":[{"href":"https:\/\/mennconcept.com\/es\/wp-json\/wp\/v2\/media?parent=13396"}],"wp:term":[{"taxonomy":"product_brand","embeddable":true,"href":"https:\/\/mennconcept.com\/es\/wp-json\/wp\/v2\/product_brand?post=13396"},{"taxonomy":"product_cat","embeddable":true,"href":"https:\/\/mennconcept.com\/es\/wp-json\/wp\/v2\/product_cat?post=13396"},{"taxonomy":"product_tag","embeddable":true,"href":"https:\/\/mennconcept.com\/es\/wp-json\/wp\/v2\/product_tag?post=13396"}],"curies":[{"name":"wp","href":"https:\/\/api.w.org\/{rel}","templated":true}]}}