{"id":12789,"date":"2020-07-08T14:43:16","date_gmt":"2020-07-08T12:43:16","guid":{"rendered":"https:\/\/mennconcept.com\/?post_type=product&#038;p=12789"},"modified":"2025-12-26T15:15:35","modified_gmt":"2025-12-26T14:15:35","slug":"applique-murale-marocain-en-cuivre-moroccan-copper-wall-light-27","status":"publish","type":"product","link":"https:\/\/mennconcept.com\/es\/decoration\/applique-da-parete\/applique-murale-marocain-en-cuivre-moroccan-copper-wall-light-27\/","title":{"rendered":"Applique murale marocain en cuivre \/ moroccan Copper wall light 27"},"content":{"rendered":"<p><b>25cm<\/b><\/p>\n<p><b>\u00a0<\/b><\/p>\n<p><b>\ud83c\uddeb\ud83c\uddf7 applique mural , applique marocaine, lampe pour m\u00fbr , suspension mural Lampe en cuivre style marocain, berb\u00e8re, filigrane, arabesque, islamique, oriental, lanterne, photophore pour bougie, abat-jour, lampe de chevet, pondant suspension marocaine traditionnel maillechort cuivre laiton patin\u00e9 vieillis d\u2019ores argent\u00e9 artisanat marocain, artisanale Marrakech Maroc traditionnel lampe salon, couloir , chambre, salle \u00e0 manger, terrasse, chambre \u00e0 coucher, Cuisine, escalier\u2026.<\/b><\/p>\n<p><b>Fabrication sur mesure, de diff\u00e9rant tailles et mati\u00e8res, production sp\u00e9ciale pour un charme et une d\u00e9coration sp\u00e9ciale<\/b><\/p>\n<p><b>\u00a0<\/b><\/p>\n<p><b>transports gratuit pour la France<\/b><\/p>\n<p><b>TVA inclut<\/b><\/p>\n<p><b>\u00a0<\/b><\/p>\n<p><b>\ud83c\uddec\ud83c\udde7 wall lamp, Moroccan wall lamp, wall lamp, wall suspension Moroccan style copper lamp, Berber, filigree, arabesque, Islamic, oriental, lantern, tealight for candle, lampshade, bedside lamp, laying traditional Moroccan pendant nickel silver copper patinated brass aged silver Moroccan craftsmanship, traditional Marrakech Morocco traditional lamp living room, hallway, bedroom, dining room, terrace, bedroom, kitchen, staircase\u2026.<\/b><\/p>\n<p><b>Made to measure, in different sizes and materials, special production for a special charm and decoration<\/b><\/p>\n<p><b>\u00a0<\/b><\/p>\n<p><b>free transport for France<\/b><\/p>\n<ol>\n<li><b>TVA included<\/b><\/li>\n<\/ol>\n","protected":false},"excerpt":{"rendered":"<p><strong>25cm<\/strong><\/p>\n<p><strong>\ud83c\uddeb\ud83c\uddf7 applique mural , applique marocaine, lampe pour m\u00fbr , suspension mural Lampe en cuivre style marocain, berb\u00e8re, filigrane, arabesque, islamique, oriental, lanterne, photophore pour bougie, abat-jour, lampe de chevet, pondant suspension marocaine traditionnel maillechort cuivre laiton patin\u00e9 vieillis d\u2019ores argent\u00e9 artisanat marocain, artisanale Marrakech Maroc traditionnel lampe salon, couloir , chambre, salle \u00e0 manger, terrasse, chambre \u00e0 coucher, Cuisine, escalier\u2026.<\/strong><br \/>\n<strong>Fabrication sur mesure, de diff\u00e9rant tailles et mati\u00e8res, production sp\u00e9ciale pour un charme et une d\u00e9coration sp\u00e9ciale<\/strong><\/p>\n<p><strong>\ud83c\uddec\ud83c\udde7 wall lamp, Moroccan wall lamp, wall lamp, wall lamp Copper lamp in Moroccan style, Berber, filigree, arabesque, Islamic, oriental, lantern, candle holder, lampshade, bedside lamp, laying traditional Moroccan pendant nickel silver copper patinated brass aged silver plated Moroccan craftsmanship, traditional Marrakech traditional Morocco lamp living room, hallway, bedroom, dining room, terrace, bedroom, kitchen, staircase\u2026.<\/strong><br \/>\n<strong>Custom manufacturing, of different sizes and materials, special production for a charm and a special decoration<\/strong><\/p>\n","protected":false},"featured_media":13751,"comment_status":"open","ping_status":"closed","template":"","meta":{"_monsterinsights_skip_tracking":false,"_monsterinsights_sitenote_active":false,"_monsterinsights_sitenote_note":"","_monsterinsights_sitenote_category":0,"_joinchat":[],"jetpack_publicize_message":"","jetpack_publicize_feature_enabled":true,"jetpack_social_post_already_shared":true,"jetpack_social_options":{"image_generator_settings":{"template":"highway","default_image_id":0,"font":"","enabled":false},"version":2}},"product_brand":[],"product_cat":[16],"product_tag":[],"class_list":{"0":"post-12789","1":"product","2":"type-product","3":"status-publish","4":"has-post-thumbnail","6":"product_cat-applique_murale","8":"first","9":"instock","10":"taxable","11":"shipping-taxable","12":"purchasable","13":"product-type-simple"},"yoast_head":"<!-- This site is optimized with the Yoast SEO plugin v27.3 - https:\/\/yoast.com\/product\/yoast-seo-wordpress\/ -->\n<title>Applique murale marocain en cuivre \/ moroccan Copper wall light 27 - Artisanat Marocain Mennconcept<\/title>\n<meta name=\"robots\" content=\"index, follow, max-snippet:-1, max-image-preview:large, max-video-preview:-1\" \/>\n<link rel=\"canonical\" href=\"https:\/\/mennconcept.com\/es\/decoration\/applique-da-parete\/applique-murale-marocain-en-cuivre-moroccan-copper-wall-light-27\/\" \/>\n<meta property=\"og:locale\" content=\"es_ES\" \/>\n<meta property=\"og:type\" content=\"article\" \/>\n<meta property=\"og:title\" content=\"Applique murale marocain en cuivre \/ moroccan Copper wall light 27 - Artisanat Marocain Mennconcept\" \/>\n<meta property=\"og:description\" content=\"25cm  \ud83c\uddeb\ud83c\uddf7 applique mural , applique marocaine, lampe pour m\u00fbr , suspension mural Lampe en cuivre style marocain, berb\u00e8re, filigrane, arabesque, islamique, oriental, lanterne, photophore pour bougie, abat-jour, lampe de chevet, pondant suspension marocaine traditionnel maillechort cuivre laiton patin\u00e9 vieillis d\u2019ores argent\u00e9 artisanat marocain, artisanale Marrakech Maroc traditionnel lampe salon, couloir , chambre, salle \u00e0 manger, terrasse, chambre \u00e0 coucher, Cuisine, escalier\u2026. Fabrication sur mesure, de diff\u00e9rant tailles et mati\u00e8res, production sp\u00e9ciale pour un charme et une d\u00e9coration sp\u00e9ciale  \ud83c\uddec\ud83c\udde7 wall lamp, Moroccan wall lamp, wall lamp, wall lamp Copper lamp in Moroccan style, Berber, filigree, arabesque, Islamic, oriental, lantern, candle holder, lampshade, bedside lamp, laying traditional Moroccan pendant nickel silver copper patinated brass aged silver plated Moroccan craftsmanship, traditional Marrakech traditional Morocco lamp living room, hallway, bedroom, dining room, terrace, bedroom, kitchen, staircase\u2026. Custom manufacturing, of different sizes and materials, special production for a charm and a special decoration\" \/>\n<meta property=\"og:url\" content=\"https:\/\/mennconcept.com\/es\/decoration\/applique-da-parete\/applique-murale-marocain-en-cuivre-moroccan-copper-wall-light-27\/\" \/>\n<meta property=\"og:site_name\" content=\"Artisanat Marocain Mennconcept\" \/>\n<meta property=\"article:modified_time\" content=\"2025-12-26T14:15:35+00:00\" \/>\n<meta property=\"og:image\" content=\"https:\/\/mennconcept.com\/wp-content\/uploads\/2020\/07\/applique-murale-marocain-en-cuivre-moroccan-copper-wall-light-27.jpg\" \/>\n\t<meta property=\"og:image:width\" content=\"1329\" \/>\n\t<meta property=\"og:image:height\" content=\"1313\" \/>\n\t<meta property=\"og:image:type\" content=\"image\/jpeg\" \/>\n<meta name=\"twitter:card\" content=\"summary_large_image\" \/>\n<meta name=\"twitter:site\" content=\"@ArtisanatM\" \/>\n<meta name=\"twitter:label1\" content=\"Tiempo de lectura\" \/>\n\t<meta name=\"twitter:data1\" content=\"2 minutos\" \/>\n<script type=\"application\/ld+json\" class=\"yoast-schema-graph\">{\"@context\":\"https:\\\/\\\/schema.org\",\"@graph\":[{\"@type\":\"WebPage\",\"@id\":\"https:\\\/\\\/mennconcept.com\\\/es\\\/decoration\\\/applique-da-parete\\\/applique-murale-marocain-en-cuivre-moroccan-copper-wall-light-27\\\/\",\"url\":\"https:\\\/\\\/mennconcept.com\\\/es\\\/decoration\\\/applique-da-parete\\\/applique-murale-marocain-en-cuivre-moroccan-copper-wall-light-27\\\/\",\"name\":\"Applique murale marocain en cuivre \\\/ moroccan Copper wall light 27 - Artisanat Marocain Mennconcept\",\"isPartOf\":{\"@id\":\"https:\\\/\\\/mennconcept.com\\\/es\\\/#website\"},\"primaryImageOfPage\":{\"@id\":\"https:\\\/\\\/mennconcept.com\\\/es\\\/decoration\\\/applique-da-parete\\\/applique-murale-marocain-en-cuivre-moroccan-copper-wall-light-27\\\/#primaryimage\"},\"image\":{\"@id\":\"https:\\\/\\\/mennconcept.com\\\/es\\\/decoration\\\/applique-da-parete\\\/applique-murale-marocain-en-cuivre-moroccan-copper-wall-light-27\\\/#primaryimage\"},\"thumbnailUrl\":\"https:\\\/\\\/mennconcept.com\\\/wp-content\\\/uploads\\\/2020\\\/07\\\/applique-murale-marocain-en-cuivre-moroccan-copper-wall-light-27.jpg\",\"datePublished\":\"2020-07-08T12:43:16+00:00\",\"dateModified\":\"2025-12-26T14:15:35+00:00\",\"breadcrumb\":{\"@id\":\"https:\\\/\\\/mennconcept.com\\\/es\\\/decoration\\\/applique-da-parete\\\/applique-murale-marocain-en-cuivre-moroccan-copper-wall-light-27\\\/#breadcrumb\"},\"inLanguage\":\"es\",\"potentialAction\":[{\"@type\":\"ReadAction\",\"target\":[\"https:\\\/\\\/mennconcept.com\\\/es\\\/decoration\\\/applique-da-parete\\\/applique-murale-marocain-en-cuivre-moroccan-copper-wall-light-27\\\/\"]}]},{\"@type\":\"ImageObject\",\"inLanguage\":\"es\",\"@id\":\"https:\\\/\\\/mennconcept.com\\\/es\\\/decoration\\\/applique-da-parete\\\/applique-murale-marocain-en-cuivre-moroccan-copper-wall-light-27\\\/#primaryimage\",\"url\":\"https:\\\/\\\/mennconcept.com\\\/wp-content\\\/uploads\\\/2020\\\/07\\\/applique-murale-marocain-en-cuivre-moroccan-copper-wall-light-27.jpg\",\"contentUrl\":\"https:\\\/\\\/mennconcept.com\\\/wp-content\\\/uploads\\\/2020\\\/07\\\/applique-murale-marocain-en-cuivre-moroccan-copper-wall-light-27.jpg\",\"width\":1329,\"height\":1313},{\"@type\":\"BreadcrumbList\",\"@id\":\"https:\\\/\\\/mennconcept.com\\\/es\\\/decoration\\\/applique-da-parete\\\/applique-murale-marocain-en-cuivre-moroccan-copper-wall-light-27\\\/#breadcrumb\",\"itemListElement\":[{\"@type\":\"ListItem\",\"position\":1,\"name\":\"Accueil\",\"item\":\"https:\\\/\\\/mennconcept.com\\\/es\\\/\"},{\"@type\":\"ListItem\",\"position\":2,\"name\":\"Tienda\",\"item\":\"https:\\\/\\\/mennconcept.com\\\/es\\\/tienda\\\/\"},{\"@type\":\"ListItem\",\"position\":3,\"name\":\"Applique murale marocain en cuivre \\\/ moroccan Copper wall light 27\"}]},{\"@type\":\"WebSite\",\"@id\":\"https:\\\/\\\/mennconcept.com\\\/es\\\/#website\",\"url\":\"https:\\\/\\\/mennconcept.com\\\/es\\\/\",\"name\":\"Artisanat Marocain Mennconcept\",\"description\":\"L&#039;Art de la Lumi\u00e8re. Artisanat Marocain de Luxe &amp; Cuivre Massif.\",\"publisher\":{\"@id\":\"https:\\\/\\\/mennconcept.com\\\/es\\\/#\\\/schema\\\/person\\\/2b311a14878282b83fdf0b876d5463fd\"},\"potentialAction\":[{\"@type\":\"SearchAction\",\"target\":{\"@type\":\"EntryPoint\",\"urlTemplate\":\"https:\\\/\\\/mennconcept.com\\\/es\\\/?s={search_term_string}\"},\"query-input\":{\"@type\":\"PropertyValueSpecification\",\"valueRequired\":true,\"valueName\":\"search_term_string\"}}],\"inLanguage\":\"es\"},{\"@type\":[\"Person\",\"Organization\"],\"@id\":\"https:\\\/\\\/mennconcept.com\\\/es\\\/#\\\/schema\\\/person\\\/2b311a14878282b83fdf0b876d5463fd\",\"name\":\"mennconcept\",\"image\":{\"@type\":\"ImageObject\",\"inLanguage\":\"es\",\"@id\":\"https:\\\/\\\/mennconcept.com\\\/wp-content\\\/uploads\\\/2021\\\/09\\\/rxyrsugfiinmmzpjdwly_400x400.png\",\"url\":\"https:\\\/\\\/mennconcept.com\\\/wp-content\\\/uploads\\\/2021\\\/09\\\/rxyrsugfiinmmzpjdwly_400x400.png\",\"contentUrl\":\"https:\\\/\\\/mennconcept.com\\\/wp-content\\\/uploads\\\/2021\\\/09\\\/rxyrsugfiinmmzpjdwly_400x400.png\",\"width\":400,\"height\":400,\"caption\":\"mennconcept\"},\"logo\":{\"@id\":\"https:\\\/\\\/mennconcept.com\\\/wp-content\\\/uploads\\\/2021\\\/09\\\/rxyrsugfiinmmzpjdwly_400x400.png\"}}]}<\/script>\n<!-- \/ Yoast SEO plugin. -->","yoast_head_json":{"title":"Applique murale marocain en cuivre \/ moroccan Copper wall light 27 - Artisanat Marocain Mennconcept","robots":{"index":"index","follow":"follow","max-snippet":"max-snippet:-1","max-image-preview":"max-image-preview:large","max-video-preview":"max-video-preview:-1"},"canonical":"https:\/\/mennconcept.com\/es\/decoration\/applique-da-parete\/applique-murale-marocain-en-cuivre-moroccan-copper-wall-light-27\/","og_locale":"es_ES","og_type":"article","og_title":"Applique murale marocain en cuivre \/ moroccan Copper wall light 27 - Artisanat Marocain Mennconcept","og_description":"25cm  \ud83c\uddeb\ud83c\uddf7 applique mural , applique marocaine, lampe pour m\u00fbr , suspension mural Lampe en cuivre style marocain, berb\u00e8re, filigrane, arabesque, islamique, oriental, lanterne, photophore pour bougie, abat-jour, lampe de chevet, pondant suspension marocaine traditionnel maillechort cuivre laiton patin\u00e9 vieillis d\u2019ores argent\u00e9 artisanat marocain, artisanale Marrakech Maroc traditionnel lampe salon, couloir , chambre, salle \u00e0 manger, terrasse, chambre \u00e0 coucher, Cuisine, escalier\u2026. Fabrication sur mesure, de diff\u00e9rant tailles et mati\u00e8res, production sp\u00e9ciale pour un charme et une d\u00e9coration sp\u00e9ciale  \ud83c\uddec\ud83c\udde7 wall lamp, Moroccan wall lamp, wall lamp, wall lamp Copper lamp in Moroccan style, Berber, filigree, arabesque, Islamic, oriental, lantern, candle holder, lampshade, bedside lamp, laying traditional Moroccan pendant nickel silver copper patinated brass aged silver plated Moroccan craftsmanship, traditional Marrakech traditional Morocco lamp living room, hallway, bedroom, dining room, terrace, bedroom, kitchen, staircase\u2026. Custom manufacturing, of different sizes and materials, special production for a charm and a special decoration","og_url":"https:\/\/mennconcept.com\/es\/decoration\/applique-da-parete\/applique-murale-marocain-en-cuivre-moroccan-copper-wall-light-27\/","og_site_name":"Artisanat Marocain Mennconcept","article_modified_time":"2025-12-26T14:15:35+00:00","og_image":[{"width":1329,"height":1313,"url":"https:\/\/mennconcept.com\/wp-content\/uploads\/2020\/07\/applique-murale-marocain-en-cuivre-moroccan-copper-wall-light-27.jpg","type":"image\/jpeg"}],"twitter_card":"summary_large_image","twitter_site":"@ArtisanatM","twitter_misc":{"Tiempo de lectura":"2 minutos"},"schema":{"@context":"https:\/\/schema.org","@graph":[{"@type":"WebPage","@id":"https:\/\/mennconcept.com\/es\/decoration\/applique-da-parete\/applique-murale-marocain-en-cuivre-moroccan-copper-wall-light-27\/","url":"https:\/\/mennconcept.com\/es\/decoration\/applique-da-parete\/applique-murale-marocain-en-cuivre-moroccan-copper-wall-light-27\/","name":"Applique murale marocain en cuivre \/ moroccan Copper wall light 27 - Artisanat Marocain Mennconcept","isPartOf":{"@id":"https:\/\/mennconcept.com\/es\/#website"},"primaryImageOfPage":{"@id":"https:\/\/mennconcept.com\/es\/decoration\/applique-da-parete\/applique-murale-marocain-en-cuivre-moroccan-copper-wall-light-27\/#primaryimage"},"image":{"@id":"https:\/\/mennconcept.com\/es\/decoration\/applique-da-parete\/applique-murale-marocain-en-cuivre-moroccan-copper-wall-light-27\/#primaryimage"},"thumbnailUrl":"https:\/\/mennconcept.com\/wp-content\/uploads\/2020\/07\/applique-murale-marocain-en-cuivre-moroccan-copper-wall-light-27.jpg","datePublished":"2020-07-08T12:43:16+00:00","dateModified":"2025-12-26T14:15:35+00:00","breadcrumb":{"@id":"https:\/\/mennconcept.com\/es\/decoration\/applique-da-parete\/applique-murale-marocain-en-cuivre-moroccan-copper-wall-light-27\/#breadcrumb"},"inLanguage":"es","potentialAction":[{"@type":"ReadAction","target":["https:\/\/mennconcept.com\/es\/decoration\/applique-da-parete\/applique-murale-marocain-en-cuivre-moroccan-copper-wall-light-27\/"]}]},{"@type":"ImageObject","inLanguage":"es","@id":"https:\/\/mennconcept.com\/es\/decoration\/applique-da-parete\/applique-murale-marocain-en-cuivre-moroccan-copper-wall-light-27\/#primaryimage","url":"https:\/\/mennconcept.com\/wp-content\/uploads\/2020\/07\/applique-murale-marocain-en-cuivre-moroccan-copper-wall-light-27.jpg","contentUrl":"https:\/\/mennconcept.com\/wp-content\/uploads\/2020\/07\/applique-murale-marocain-en-cuivre-moroccan-copper-wall-light-27.jpg","width":1329,"height":1313},{"@type":"BreadcrumbList","@id":"https:\/\/mennconcept.com\/es\/decoration\/applique-da-parete\/applique-murale-marocain-en-cuivre-moroccan-copper-wall-light-27\/#breadcrumb","itemListElement":[{"@type":"ListItem","position":1,"name":"Accueil","item":"https:\/\/mennconcept.com\/es\/"},{"@type":"ListItem","position":2,"name":"Tienda","item":"https:\/\/mennconcept.com\/es\/tienda\/"},{"@type":"ListItem","position":3,"name":"Applique murale marocain en cuivre \/ moroccan Copper wall light 27"}]},{"@type":"WebSite","@id":"https:\/\/mennconcept.com\/es\/#website","url":"https:\/\/mennconcept.com\/es\/","name":"Artisanat Marocain Mennconcept","description":"L&#039;Art de la Lumi\u00e8re. Artisanat Marocain de Luxe &amp; Cuivre Massif.","publisher":{"@id":"https:\/\/mennconcept.com\/es\/#\/schema\/person\/2b311a14878282b83fdf0b876d5463fd"},"potentialAction":[{"@type":"SearchAction","target":{"@type":"EntryPoint","urlTemplate":"https:\/\/mennconcept.com\/es\/?s={search_term_string}"},"query-input":{"@type":"PropertyValueSpecification","valueRequired":true,"valueName":"search_term_string"}}],"inLanguage":"es"},{"@type":["Person","Organization"],"@id":"https:\/\/mennconcept.com\/es\/#\/schema\/person\/2b311a14878282b83fdf0b876d5463fd","name":"mennconcept","image":{"@type":"ImageObject","inLanguage":"es","@id":"https:\/\/mennconcept.com\/wp-content\/uploads\/2021\/09\/rxyrsugfiinmmzpjdwly_400x400.png","url":"https:\/\/mennconcept.com\/wp-content\/uploads\/2021\/09\/rxyrsugfiinmmzpjdwly_400x400.png","contentUrl":"https:\/\/mennconcept.com\/wp-content\/uploads\/2021\/09\/rxyrsugfiinmmzpjdwly_400x400.png","width":400,"height":400,"caption":"mennconcept"},"logo":{"@id":"https:\/\/mennconcept.com\/wp-content\/uploads\/2021\/09\/rxyrsugfiinmmzpjdwly_400x400.png"}}]}},"jetpack_publicize_connections":[],"amp_enabled":true,"_links":{"self":[{"href":"https:\/\/mennconcept.com\/es\/wp-json\/wp\/v2\/product\/12789","targetHints":{"allow":["GET"]}}],"collection":[{"href":"https:\/\/mennconcept.com\/es\/wp-json\/wp\/v2\/product"}],"about":[{"href":"https:\/\/mennconcept.com\/es\/wp-json\/wp\/v2\/types\/product"}],"replies":[{"embeddable":true,"href":"https:\/\/mennconcept.com\/es\/wp-json\/wp\/v2\/comments?post=12789"}],"wp:featuredmedia":[{"embeddable":true,"href":"https:\/\/mennconcept.com\/es\/wp-json\/wp\/v2\/media\/13751"}],"wp:attachment":[{"href":"https:\/\/mennconcept.com\/es\/wp-json\/wp\/v2\/media?parent=12789"}],"wp:term":[{"taxonomy":"product_brand","embeddable":true,"href":"https:\/\/mennconcept.com\/es\/wp-json\/wp\/v2\/product_brand?post=12789"},{"taxonomy":"product_cat","embeddable":true,"href":"https:\/\/mennconcept.com\/es\/wp-json\/wp\/v2\/product_cat?post=12789"},{"taxonomy":"product_tag","embeddable":true,"href":"https:\/\/mennconcept.com\/es\/wp-json\/wp\/v2\/product_tag?post=12789"}],"curies":[{"name":"wp","href":"https:\/\/api.w.org\/{rel}","templated":true}]}}