{"id":12651,"date":"2020-06-28T00:45:57","date_gmt":"2020-06-27T22:45:57","guid":{"rendered":"https:\/\/mennconcept.com\/?post_type=product&#038;p=12651"},"modified":"2021-04-18T21:47:44","modified_gmt":"2021-04-18T19:47:44","slug":"tapie-berbere-marocain-moroccan-berber-carpet-03","status":"publish","type":"product","link":"https:\/\/mennconcept.com\/es\/decoration\/alfombras-bereberes-marroquies\/tapie-berbere-marocain-moroccan-berber-carpet-03\/","title":{"rendered":"Tapie berb\u00e8re marocain \/ moroccan berber carpet 03"},"content":{"rendered":"<p><strong>100\/200 cm<\/strong><\/p>\n<p><strong>\ud83c\uddeb\ud83c\uddf7Tapis pour salon, tapis pour couloir, tapis pour entr\u00e9e, tapis pour chambre, tapis berb\u00e8re, tapis marrakech, tapis marocain, traditionnel artisanat marocain, Maroc, Marrakech, fais \u00e0 la mains, applique mural , applique marocaine, lampe pour m\u00fbr , suspension mural Lampe en cuivre style marocain, berb\u00e8re, filigrane, arabesque, islamique, oriental, lanterne, abat-jour, lampe de chevet, pondant suspension marocaine traditionnel artisanat marocain, artisanale Marrakech Maroc traditionnel lampe salon, couloir , chambre, salle \u00e0 manger, terrasse, chambre \u00e0 coucher, Cuisine, escalier\u2026.<\/strong><\/p>\n<p><strong>Fabrication sur mesure, de diff\u00e9rant tailles et mati\u00e8res, production sp\u00e9ciale pour un charme et une d\u00e9coration sp\u00e9ciale<\/strong><\/p>\n<p>Transport gratuit France.<\/p>\n<p>T.V.A inclut.<\/p>\n<p><strong>\ud83c\uddec\ud83c\udde7Carpet for living room, carpet for hallway, carpet for entry, carpet for bedroom, Berber carpet, Marrakech carpet, Moroccan carpet, traditional Moroccan crafts, Morocco, Marrakech, handmade, wall sconce, Moroccan sconce, wall lamp, wall hanging Copper lamp in Moroccan style, Berber, filigree, arabesque, Islamic, oriental, lantern, lampshade, bedside lamp, laying traditional Moroccan suspension Moroccan craft, traditional Marrakech Moroccan traditional lamp living room, hallway, bedroom, dining room, terrace, bedroom, kitchen, staircase\u2026.<\/strong><\/p>\n<p><strong>Custom manufacturing, of different sizes and materials, special production for a charm and a special decoration<\/strong><\/p>\n<p>Free transport France.<\/p>\n<p>TVA included.<\/p>\n","protected":false},"excerpt":{"rendered":"<p><strong>100\/200 cm<\/strong><\/p>\n<p><strong>\ud83c\uddeb\ud83c\uddf7Tapis pour salon, tapis pour couloir, tapis pour entr\u00e9e, tapis pour chambre, tapis berb\u00e8re, tapis marrakech, tapis marocain, traditionnel artisanat marocain, Maroc, Marrakech, fais \u00e0 la mains, applique mural , applique marocaine, lampe pour m\u00fbr , suspension mural Lampe en cuivre style marocain, berb\u00e8re, filigrane, arabesque, islamique, oriental, lanterne, abat-jour, lampe de chevet, pondant suspension marocaine traditionnel artisanat marocain, artisanale Marrakech Maroc traditionnel lampe salon, couloir , chambre, salle \u00e0 manger, terrasse, chambre \u00e0 coucher, Cuisine, escalier\u2026.<\/strong><\/p>\n<p><strong>Fabrication sur mesure, de diff\u00e9rant tailles et mati\u00e8res, production sp\u00e9ciale pour un charme et une d\u00e9coration sp\u00e9ciale<\/strong><\/p>\n<p>Transport gratuit France.<\/p>\n<p>T.V.A inclut.<\/p>\n<p><strong>\ud83c\uddec\ud83c\udde7Carpet for living room, carpet for hallway, carpet for entry, carpet for bedroom, Berber carpet, Marrakech carpet, Moroccan carpet, traditional Moroccan crafts, Morocco, Marrakech, handmade, wall sconce, Moroccan sconce, wall lamp, wall hanging Copper lamp in Moroccan style, Berber, filigree, arabesque, Islamic, oriental, lantern, lampshade, bedside lamp, laying traditional Moroccan suspension Moroccan craft, traditional Marrakech Moroccan traditional lamp living room, hallway, bedroom, dining room, terrace, bedroom, kitchen, staircase\u2026.<\/strong><\/p>\n<p><strong>Custom manufacturing, of different sizes and materials, special production for a charm and a special decoration<\/strong><\/p>\n<p>Free transport France.<\/p>\n<p>TVA included.<\/p>\n","protected":false},"featured_media":13839,"comment_status":"open","ping_status":"closed","template":"","meta":{"_monsterinsights_skip_tracking":false,"_monsterinsights_sitenote_active":false,"_monsterinsights_sitenote_note":"","_monsterinsights_sitenote_category":0,"_joinchat":[],"jetpack_publicize_message":"","jetpack_publicize_feature_enabled":true,"jetpack_social_post_already_shared":true,"jetpack_social_options":{"image_generator_settings":{"template":"highway","default_image_id":0,"font":"","enabled":false},"version":2}},"product_brand":[],"product_cat":[239],"product_tag":[],"class_list":{"0":"post-12651","1":"product","2":"type-product","3":"status-publish","4":"has-post-thumbnail","6":"product_cat-tapis-berberes-marocain","8":"first","9":"instock","10":"taxable","11":"shipping-taxable","12":"purchasable","13":"product-type-simple"},"yoast_head":"<!-- This site is optimized with the Yoast SEO plugin v27.3 - https:\/\/yoast.com\/product\/yoast-seo-wordpress\/ -->\n<title>Tapie berb\u00e8re marocain \/ moroccan berber carpet 03 - Artisanat Marocain Mennconcept<\/title>\n<meta name=\"robots\" content=\"index, follow, max-snippet:-1, max-image-preview:large, max-video-preview:-1\" \/>\n<link rel=\"canonical\" href=\"https:\/\/mennconcept.com\/es\/decoration\/alfombras-bereberes-marroquies\/tapie-berbere-marocain-moroccan-berber-carpet-03\/\" \/>\n<meta property=\"og:locale\" content=\"es_ES\" \/>\n<meta property=\"og:type\" content=\"article\" \/>\n<meta property=\"og:title\" content=\"Tapie berb\u00e8re marocain \/ moroccan berber carpet 03 - Artisanat Marocain Mennconcept\" \/>\n<meta property=\"og:description\" content=\"100\/200 cm  \ud83c\uddeb\ud83c\uddf7Tapis pour salon, tapis pour couloir, tapis pour entr\u00e9e, tapis pour chambre, tapis berb\u00e8re, tapis marrakech, tapis marocain, traditionnel artisanat marocain, Maroc, Marrakech, fais \u00e0 la mains, applique mural , applique marocaine, lampe pour m\u00fbr , suspension mural Lampe en cuivre style marocain, berb\u00e8re, filigrane, arabesque, islamique, oriental, lanterne, abat-jour, lampe de chevet, pondant suspension marocaine traditionnel artisanat marocain, artisanale Marrakech Maroc traditionnel lampe salon, couloir , chambre, salle \u00e0 manger, terrasse, chambre \u00e0 coucher, Cuisine, escalier\u2026.  Fabrication sur mesure, de diff\u00e9rant tailles et mati\u00e8res, production sp\u00e9ciale pour un charme et une d\u00e9coration sp\u00e9ciale  Transport gratuit France.  T.V.A inclut.  \ud83c\uddec\ud83c\udde7Carpet for living room, carpet for hallway, carpet for entry, carpet for bedroom, Berber carpet, Marrakech carpet, Moroccan carpet, traditional Moroccan crafts, Morocco, Marrakech, handmade, wall sconce, Moroccan sconce, wall lamp, wall hanging Copper lamp in Moroccan style, Berber, filigree, arabesque, Islamic, oriental, lantern, lampshade, bedside lamp, laying traditional Moroccan suspension Moroccan craft, traditional Marrakech Moroccan traditional lamp living room, hallway, bedroom, dining room, terrace, bedroom, kitchen, staircase\u2026.  Custom manufacturing, of different sizes and materials, special production for a charm and a special decoration  Free transport France.  TVA included.\" \/>\n<meta property=\"og:url\" content=\"https:\/\/mennconcept.com\/es\/decoration\/alfombras-bereberes-marroquies\/tapie-berbere-marocain-moroccan-berber-carpet-03\/\" \/>\n<meta property=\"og:site_name\" content=\"Artisanat Marocain Mennconcept\" \/>\n<meta property=\"article:modified_time\" content=\"2021-04-18T19:47:44+00:00\" \/>\n<meta property=\"og:image\" content=\"https:\/\/i2.wp.com\/mennconcept.com\/wp-content\/uploads\/2020\/06\/Tapie-berber-marocain-moroccan-bereber-carpet-03.jpg?fit=386%2C641&ssl=1\" \/>\n\t<meta property=\"og:image:width\" content=\"386\" \/>\n\t<meta property=\"og:image:height\" content=\"641\" \/>\n\t<meta property=\"og:image:type\" content=\"image\/jpeg\" \/>\n<meta name=\"twitter:card\" content=\"summary_large_image\" \/>\n<meta name=\"twitter:site\" content=\"@ArtisanatM\" \/>\n<meta name=\"twitter:label1\" content=\"Tiempo de lectura\" \/>\n\t<meta name=\"twitter:data1\" content=\"1 minuto\" \/>\n<script type=\"application\/ld+json\" class=\"yoast-schema-graph\">{\"@context\":\"https:\\\/\\\/schema.org\",\"@graph\":[{\"@type\":\"WebPage\",\"@id\":\"https:\\\/\\\/mennconcept.com\\\/es\\\/decoration\\\/alfombras-bereberes-marroquies\\\/tapie-berbere-marocain-moroccan-berber-carpet-03\\\/\",\"url\":\"https:\\\/\\\/mennconcept.com\\\/es\\\/decoration\\\/alfombras-bereberes-marroquies\\\/tapie-berbere-marocain-moroccan-berber-carpet-03\\\/\",\"name\":\"Tapie berb\u00e8re marocain \\\/ moroccan berber carpet 03 - Artisanat Marocain Mennconcept\",\"isPartOf\":{\"@id\":\"https:\\\/\\\/mennconcept.com\\\/es\\\/#website\"},\"primaryImageOfPage\":{\"@id\":\"https:\\\/\\\/mennconcept.com\\\/es\\\/decoration\\\/alfombras-bereberes-marroquies\\\/tapie-berbere-marocain-moroccan-berber-carpet-03\\\/#primaryimage\"},\"image\":{\"@id\":\"https:\\\/\\\/mennconcept.com\\\/es\\\/decoration\\\/alfombras-bereberes-marroquies\\\/tapie-berbere-marocain-moroccan-berber-carpet-03\\\/#primaryimage\"},\"thumbnailUrl\":\"https:\\\/\\\/mennconcept.com\\\/wp-content\\\/uploads\\\/2020\\\/06\\\/Tapie-berber-marocain-moroccan-bereber-carpet-03.jpg\",\"datePublished\":\"2020-06-27T22:45:57+00:00\",\"dateModified\":\"2021-04-18T19:47:44+00:00\",\"breadcrumb\":{\"@id\":\"https:\\\/\\\/mennconcept.com\\\/es\\\/decoration\\\/alfombras-bereberes-marroquies\\\/tapie-berbere-marocain-moroccan-berber-carpet-03\\\/#breadcrumb\"},\"inLanguage\":\"es\",\"potentialAction\":[{\"@type\":\"ReadAction\",\"target\":[\"https:\\\/\\\/mennconcept.com\\\/es\\\/decoration\\\/alfombras-bereberes-marroquies\\\/tapie-berbere-marocain-moroccan-berber-carpet-03\\\/\"]}]},{\"@type\":\"ImageObject\",\"inLanguage\":\"es\",\"@id\":\"https:\\\/\\\/mennconcept.com\\\/es\\\/decoration\\\/alfombras-bereberes-marroquies\\\/tapie-berbere-marocain-moroccan-berber-carpet-03\\\/#primaryimage\",\"url\":\"https:\\\/\\\/mennconcept.com\\\/wp-content\\\/uploads\\\/2020\\\/06\\\/Tapie-berber-marocain-moroccan-bereber-carpet-03.jpg\",\"contentUrl\":\"https:\\\/\\\/mennconcept.com\\\/wp-content\\\/uploads\\\/2020\\\/06\\\/Tapie-berber-marocain-moroccan-bereber-carpet-03.jpg\",\"width\":386,\"height\":641},{\"@type\":\"BreadcrumbList\",\"@id\":\"https:\\\/\\\/mennconcept.com\\\/es\\\/decoration\\\/alfombras-bereberes-marroquies\\\/tapie-berbere-marocain-moroccan-berber-carpet-03\\\/#breadcrumb\",\"itemListElement\":[{\"@type\":\"ListItem\",\"position\":1,\"name\":\"Accueil\",\"item\":\"https:\\\/\\\/mennconcept.com\\\/es\\\/\"},{\"@type\":\"ListItem\",\"position\":2,\"name\":\"Tienda\",\"item\":\"https:\\\/\\\/mennconcept.com\\\/es\\\/tienda\\\/\"},{\"@type\":\"ListItem\",\"position\":3,\"name\":\"Tapie berb\u00e8re marocain \\\/ moroccan berber carpet 03\"}]},{\"@type\":\"WebSite\",\"@id\":\"https:\\\/\\\/mennconcept.com\\\/es\\\/#website\",\"url\":\"https:\\\/\\\/mennconcept.com\\\/es\\\/\",\"name\":\"Artisanat Marocain Mennconcept\",\"description\":\"L&#039;Art de la Lumi\u00e8re. Artisanat Marocain de Luxe &amp; Cuivre Massif.\",\"publisher\":{\"@id\":\"https:\\\/\\\/mennconcept.com\\\/es\\\/#\\\/schema\\\/person\\\/2b311a14878282b83fdf0b876d5463fd\"},\"potentialAction\":[{\"@type\":\"SearchAction\",\"target\":{\"@type\":\"EntryPoint\",\"urlTemplate\":\"https:\\\/\\\/mennconcept.com\\\/es\\\/?s={search_term_string}\"},\"query-input\":{\"@type\":\"PropertyValueSpecification\",\"valueRequired\":true,\"valueName\":\"search_term_string\"}}],\"inLanguage\":\"es\"},{\"@type\":[\"Person\",\"Organization\"],\"@id\":\"https:\\\/\\\/mennconcept.com\\\/es\\\/#\\\/schema\\\/person\\\/2b311a14878282b83fdf0b876d5463fd\",\"name\":\"mennconcept\",\"image\":{\"@type\":\"ImageObject\",\"inLanguage\":\"es\",\"@id\":\"https:\\\/\\\/mennconcept.com\\\/wp-content\\\/uploads\\\/2021\\\/09\\\/rxyrsugfiinmmzpjdwly_400x400.png\",\"url\":\"https:\\\/\\\/mennconcept.com\\\/wp-content\\\/uploads\\\/2021\\\/09\\\/rxyrsugfiinmmzpjdwly_400x400.png\",\"contentUrl\":\"https:\\\/\\\/mennconcept.com\\\/wp-content\\\/uploads\\\/2021\\\/09\\\/rxyrsugfiinmmzpjdwly_400x400.png\",\"width\":400,\"height\":400,\"caption\":\"mennconcept\"},\"logo\":{\"@id\":\"https:\\\/\\\/mennconcept.com\\\/wp-content\\\/uploads\\\/2021\\\/09\\\/rxyrsugfiinmmzpjdwly_400x400.png\"}}]}<\/script>\n<!-- \/ Yoast SEO plugin. -->","yoast_head_json":{"title":"Tapie berb\u00e8re marocain \/ moroccan berber carpet 03 - Artisanat Marocain Mennconcept","robots":{"index":"index","follow":"follow","max-snippet":"max-snippet:-1","max-image-preview":"max-image-preview:large","max-video-preview":"max-video-preview:-1"},"canonical":"https:\/\/mennconcept.com\/es\/decoration\/alfombras-bereberes-marroquies\/tapie-berbere-marocain-moroccan-berber-carpet-03\/","og_locale":"es_ES","og_type":"article","og_title":"Tapie berb\u00e8re marocain \/ moroccan berber carpet 03 - Artisanat Marocain Mennconcept","og_description":"100\/200 cm  \ud83c\uddeb\ud83c\uddf7Tapis pour salon, tapis pour couloir, tapis pour entr\u00e9e, tapis pour chambre, tapis berb\u00e8re, tapis marrakech, tapis marocain, traditionnel artisanat marocain, Maroc, Marrakech, fais \u00e0 la mains, applique mural , applique marocaine, lampe pour m\u00fbr , suspension mural Lampe en cuivre style marocain, berb\u00e8re, filigrane, arabesque, islamique, oriental, lanterne, abat-jour, lampe de chevet, pondant suspension marocaine traditionnel artisanat marocain, artisanale Marrakech Maroc traditionnel lampe salon, couloir , chambre, salle \u00e0 manger, terrasse, chambre \u00e0 coucher, Cuisine, escalier\u2026.  Fabrication sur mesure, de diff\u00e9rant tailles et mati\u00e8res, production sp\u00e9ciale pour un charme et une d\u00e9coration sp\u00e9ciale  Transport gratuit France.  T.V.A inclut.  \ud83c\uddec\ud83c\udde7Carpet for living room, carpet for hallway, carpet for entry, carpet for bedroom, Berber carpet, Marrakech carpet, Moroccan carpet, traditional Moroccan crafts, Morocco, Marrakech, handmade, wall sconce, Moroccan sconce, wall lamp, wall hanging Copper lamp in Moroccan style, Berber, filigree, arabesque, Islamic, oriental, lantern, lampshade, bedside lamp, laying traditional Moroccan suspension Moroccan craft, traditional Marrakech Moroccan traditional lamp living room, hallway, bedroom, dining room, terrace, bedroom, kitchen, staircase\u2026.  Custom manufacturing, of different sizes and materials, special production for a charm and a special decoration  Free transport France.  TVA included.","og_url":"https:\/\/mennconcept.com\/es\/decoration\/alfombras-bereberes-marroquies\/tapie-berbere-marocain-moroccan-berber-carpet-03\/","og_site_name":"Artisanat Marocain Mennconcept","article_modified_time":"2021-04-18T19:47:44+00:00","og_image":[{"width":386,"height":641,"url":"https:\/\/i2.wp.com\/mennconcept.com\/wp-content\/uploads\/2020\/06\/Tapie-berber-marocain-moroccan-bereber-carpet-03.jpg?fit=386%2C641&ssl=1","type":"image\/jpeg"}],"twitter_card":"summary_large_image","twitter_site":"@ArtisanatM","twitter_misc":{"Tiempo de lectura":"1 minuto"},"schema":{"@context":"https:\/\/schema.org","@graph":[{"@type":"WebPage","@id":"https:\/\/mennconcept.com\/es\/decoration\/alfombras-bereberes-marroquies\/tapie-berbere-marocain-moroccan-berber-carpet-03\/","url":"https:\/\/mennconcept.com\/es\/decoration\/alfombras-bereberes-marroquies\/tapie-berbere-marocain-moroccan-berber-carpet-03\/","name":"Tapie berb\u00e8re marocain \/ moroccan berber carpet 03 - Artisanat Marocain Mennconcept","isPartOf":{"@id":"https:\/\/mennconcept.com\/es\/#website"},"primaryImageOfPage":{"@id":"https:\/\/mennconcept.com\/es\/decoration\/alfombras-bereberes-marroquies\/tapie-berbere-marocain-moroccan-berber-carpet-03\/#primaryimage"},"image":{"@id":"https:\/\/mennconcept.com\/es\/decoration\/alfombras-bereberes-marroquies\/tapie-berbere-marocain-moroccan-berber-carpet-03\/#primaryimage"},"thumbnailUrl":"https:\/\/mennconcept.com\/wp-content\/uploads\/2020\/06\/Tapie-berber-marocain-moroccan-bereber-carpet-03.jpg","datePublished":"2020-06-27T22:45:57+00:00","dateModified":"2021-04-18T19:47:44+00:00","breadcrumb":{"@id":"https:\/\/mennconcept.com\/es\/decoration\/alfombras-bereberes-marroquies\/tapie-berbere-marocain-moroccan-berber-carpet-03\/#breadcrumb"},"inLanguage":"es","potentialAction":[{"@type":"ReadAction","target":["https:\/\/mennconcept.com\/es\/decoration\/alfombras-bereberes-marroquies\/tapie-berbere-marocain-moroccan-berber-carpet-03\/"]}]},{"@type":"ImageObject","inLanguage":"es","@id":"https:\/\/mennconcept.com\/es\/decoration\/alfombras-bereberes-marroquies\/tapie-berbere-marocain-moroccan-berber-carpet-03\/#primaryimage","url":"https:\/\/mennconcept.com\/wp-content\/uploads\/2020\/06\/Tapie-berber-marocain-moroccan-bereber-carpet-03.jpg","contentUrl":"https:\/\/mennconcept.com\/wp-content\/uploads\/2020\/06\/Tapie-berber-marocain-moroccan-bereber-carpet-03.jpg","width":386,"height":641},{"@type":"BreadcrumbList","@id":"https:\/\/mennconcept.com\/es\/decoration\/alfombras-bereberes-marroquies\/tapie-berbere-marocain-moroccan-berber-carpet-03\/#breadcrumb","itemListElement":[{"@type":"ListItem","position":1,"name":"Accueil","item":"https:\/\/mennconcept.com\/es\/"},{"@type":"ListItem","position":2,"name":"Tienda","item":"https:\/\/mennconcept.com\/es\/tienda\/"},{"@type":"ListItem","position":3,"name":"Tapie berb\u00e8re marocain \/ moroccan berber carpet 03"}]},{"@type":"WebSite","@id":"https:\/\/mennconcept.com\/es\/#website","url":"https:\/\/mennconcept.com\/es\/","name":"Artisanat Marocain Mennconcept","description":"L&#039;Art de la Lumi\u00e8re. Artisanat Marocain de Luxe &amp; Cuivre Massif.","publisher":{"@id":"https:\/\/mennconcept.com\/es\/#\/schema\/person\/2b311a14878282b83fdf0b876d5463fd"},"potentialAction":[{"@type":"SearchAction","target":{"@type":"EntryPoint","urlTemplate":"https:\/\/mennconcept.com\/es\/?s={search_term_string}"},"query-input":{"@type":"PropertyValueSpecification","valueRequired":true,"valueName":"search_term_string"}}],"inLanguage":"es"},{"@type":["Person","Organization"],"@id":"https:\/\/mennconcept.com\/es\/#\/schema\/person\/2b311a14878282b83fdf0b876d5463fd","name":"mennconcept","image":{"@type":"ImageObject","inLanguage":"es","@id":"https:\/\/mennconcept.com\/wp-content\/uploads\/2021\/09\/rxyrsugfiinmmzpjdwly_400x400.png","url":"https:\/\/mennconcept.com\/wp-content\/uploads\/2021\/09\/rxyrsugfiinmmzpjdwly_400x400.png","contentUrl":"https:\/\/mennconcept.com\/wp-content\/uploads\/2021\/09\/rxyrsugfiinmmzpjdwly_400x400.png","width":400,"height":400,"caption":"mennconcept"},"logo":{"@id":"https:\/\/mennconcept.com\/wp-content\/uploads\/2021\/09\/rxyrsugfiinmmzpjdwly_400x400.png"}}]}},"jetpack_publicize_connections":[],"amp_enabled":true,"_links":{"self":[{"href":"https:\/\/mennconcept.com\/es\/wp-json\/wp\/v2\/product\/12651","targetHints":{"allow":["GET"]}}],"collection":[{"href":"https:\/\/mennconcept.com\/es\/wp-json\/wp\/v2\/product"}],"about":[{"href":"https:\/\/mennconcept.com\/es\/wp-json\/wp\/v2\/types\/product"}],"replies":[{"embeddable":true,"href":"https:\/\/mennconcept.com\/es\/wp-json\/wp\/v2\/comments?post=12651"}],"wp:featuredmedia":[{"embeddable":true,"href":"https:\/\/mennconcept.com\/es\/wp-json\/wp\/v2\/media\/13839"}],"wp:attachment":[{"href":"https:\/\/mennconcept.com\/es\/wp-json\/wp\/v2\/media?parent=12651"}],"wp:term":[{"taxonomy":"product_brand","embeddable":true,"href":"https:\/\/mennconcept.com\/es\/wp-json\/wp\/v2\/product_brand?post=12651"},{"taxonomy":"product_cat","embeddable":true,"href":"https:\/\/mennconcept.com\/es\/wp-json\/wp\/v2\/product_cat?post=12651"},{"taxonomy":"product_tag","embeddable":true,"href":"https:\/\/mennconcept.com\/es\/wp-json\/wp\/v2\/product_tag?post=12651"}],"curies":[{"name":"wp","href":"https:\/\/api.w.org\/{rel}","templated":true}]}}