{"id":11766,"date":"2020-05-11T00:24:32","date_gmt":"2020-05-10T22:24:32","guid":{"rendered":"https:\/\/mennconcept.com\/?post_type=product&#038;p=11766"},"modified":"2021-05-01T01:03:32","modified_gmt":"2021-04-30T23:03:32","slug":"lanterne-marocain-argente-morocan-silver-lantern-04","status":"publish","type":"product","link":"https:\/\/mennconcept.com\/es\/decoration\/linterna-colocada\/lanterne-marocain-argente-morocan-silver-lantern-04\/","title":{"rendered":"Lanterne marocain argent\u00e9\/ morocan silver lantern 04"},"content":{"rendered":"<p><b>35\/8 cm<\/b><\/p>\n<p><b>\u00a0<\/b><\/p>\n<p><b>\ud83c\uddeb\ud83c\uddf7 Lampe en cuivre style marocain, berb\u00e8re, filigrane, arabesque, islamique, oriental, lanterne pondant suspension marocaine traditionnel maillechort cuivre laiton patin\u00e9 vieillis d\u2019ores argent\u00e9 artisanat marocain, artisanale Marrakech Maroc traditionnel lampe salon, couloir , chambre, salle \u00e0 manger, terrasse, chambre \u00e0 coucher, Cuisine, escalier\u2026.<\/b><\/p>\n<p><b>Fabrication sur mesure, de diff\u00e9rant tailles et mati\u00e8res, production sp\u00e9ciale pour un charme et une d\u00e9coration sp\u00e9ciale.<\/b><\/p>\n<p><b>Transport gratuit pour la France.<\/b><\/p>\n<p><b>TVA inclut.<\/b><\/p>\n<p><b>\u00a0<\/b><\/p>\n<p><b>\ud83c\uddec\ud83c\udde7 Moroccan style copper lamp, Berber, filigranei, arabesque, Islamic, oriental, lantern laying traditional Moroccan suspension nickel silver copper patinated brass aged silver Moroccan craftsmanship, traditional Marrakech Morocco traditional lamp living room, hallway, bedroom, dining room, terrace, bedroom, kitchen, staircase\u2026.<\/b><\/p>\n<p><b>Made to measure, of different sizes and materials, special production for a charm and special decoration.<\/b><\/p>\n<p><b>Free transport for France.<\/b><\/p>\n<p><b>TVA include<\/b><\/p>\n","protected":false},"excerpt":{"rendered":"<p><b>35\/8 cm<\/b><\/p>\n<p><b>\u00a0<\/b><\/p>\n<p><b>\ud83c\uddeb\ud83c\uddf7 Lampe en cuivre style marocain, berb\u00e8re, filigrane, arabesque, islamique, oriental, lanterne pondant suspension marocaine traditionnel maillechort cuivre laiton patin\u00e9 vieillis d\u2019ores argent\u00e9 artisanat marocain, artisanale Marrakech Maroc traditionnel lampe salon, couloir , chambre, salle \u00e0 manger, terrasse, chambre \u00e0 coucher, Cuisine, escalier\u2026.<\/b><\/p>\n<p><b>Fabrication sur mesure, de diff\u00e9rant tailles et mati\u00e8res, production sp\u00e9ciale pour un charme et une d\u00e9coration sp\u00e9ciale.<\/b><\/p>\n<p><b>Transport gratuit pour la France.<\/b><\/p>\n<p><b>TVA inclut.<\/b><\/p>\n<p><b>\u00a0<\/b><\/p>\n<p><b>\ud83c\uddec\ud83c\udde7 Moroccan style copper lamp, Berber, filigranei, arabesque, Islamic, oriental, lantern laying traditional Moroccan suspension nickel silver copper patinated brass aged silver Moroccan craftsmanship, traditional Marrakech Morocco traditional lamp living room, hallway, bedroom, dining room, terrace, bedroom, kitchen, staircase\u2026.<\/b><\/p>\n<p><b>Made to measure, of different sizes and materials, special production for a charm and special decoration.<\/b><\/p>\n<p><b>Free transport for France.<\/b><\/p>\n<p><b>TVA include<\/b><\/p>\n","protected":false},"featured_media":13784,"comment_status":"open","ping_status":"closed","template":"","meta":{"_monsterinsights_skip_tracking":false,"_monsterinsights_sitenote_active":false,"_monsterinsights_sitenote_note":"","_monsterinsights_sitenote_category":0,"_joinchat":[],"jetpack_publicize_message":"","jetpack_publicize_feature_enabled":true,"jetpack_social_post_already_shared":true,"jetpack_social_options":{"image_generator_settings":{"template":"highway","default_image_id":0,"font":"","enabled":false},"version":2}},"product_brand":[],"product_cat":[80],"product_tag":[],"class_list":{"0":"post-11766","1":"product","2":"type-product","3":"status-publish","4":"has-post-thumbnail","6":"product_cat-lampe-de-chevet-marocain","8":"first","9":"instock","10":"taxable","11":"shipping-taxable","12":"purchasable","13":"product-type-simple"},"yoast_head":"<!-- This site is optimized with the Yoast SEO plugin v27.3 - https:\/\/yoast.com\/product\/yoast-seo-wordpress\/ -->\n<title>Lanterne marocain argent\u00e9\/ morocan silver lantern 04 - Artisanat Marocain Mennconcept<\/title>\n<meta name=\"robots\" content=\"index, follow, max-snippet:-1, max-image-preview:large, max-video-preview:-1\" \/>\n<link rel=\"canonical\" href=\"https:\/\/mennconcept.com\/es\/decoration\/linterna-colocada\/lanterne-marocain-argente-morocan-silver-lantern-04\/\" \/>\n<meta property=\"og:locale\" content=\"es_ES\" \/>\n<meta property=\"og:type\" content=\"article\" \/>\n<meta property=\"og:title\" content=\"Lanterne marocain argent\u00e9\/ morocan silver lantern 04 - Artisanat Marocain Mennconcept\" \/>\n<meta property=\"og:description\" content=\"35\/8 cm  \u00a0  \ud83c\uddeb\ud83c\uddf7 Lampe en cuivre style marocain, berb\u00e8re, filigrane, arabesque, islamique, oriental, lanterne pondant suspension marocaine traditionnel maillechort cuivre laiton patin\u00e9 vieillis d\u2019ores argent\u00e9 artisanat marocain, artisanale Marrakech Maroc traditionnel lampe salon, couloir , chambre, salle \u00e0 manger, terrasse, chambre \u00e0 coucher, Cuisine, escalier\u2026.  Fabrication sur mesure, de diff\u00e9rant tailles et mati\u00e8res, production sp\u00e9ciale pour un charme et une d\u00e9coration sp\u00e9ciale.  Transport gratuit pour la France.  TVA inclut.  \u00a0  \ud83c\uddec\ud83c\udde7 Moroccan style copper lamp, Berber, filigranei, arabesque, Islamic, oriental, lantern laying traditional Moroccan suspension nickel silver copper patinated brass aged silver Moroccan craftsmanship, traditional Marrakech Morocco traditional lamp living room, hallway, bedroom, dining room, terrace, bedroom, kitchen, staircase\u2026.  Made to measure, of different sizes and materials, special production for a charm and special decoration.  Free transport for France.  TVA include\" \/>\n<meta property=\"og:url\" content=\"https:\/\/mennconcept.com\/es\/decoration\/linterna-colocada\/lanterne-marocain-argente-morocan-silver-lantern-04\/\" \/>\n<meta property=\"og:site_name\" content=\"Artisanat Marocain Mennconcept\" \/>\n<meta property=\"article:modified_time\" content=\"2021-04-30T23:03:32+00:00\" \/>\n<meta property=\"og:image\" content=\"https:\/\/i2.wp.com\/mennconcept.com\/wp-content\/uploads\/2020\/05\/Lanterne-marocain-argent\u00e9-morocan-silver-lantern-04.jpg?fit=496%2C680&ssl=1\" \/>\n\t<meta property=\"og:image:width\" content=\"496\" \/>\n\t<meta property=\"og:image:height\" content=\"680\" \/>\n\t<meta property=\"og:image:type\" content=\"image\/jpeg\" \/>\n<meta name=\"twitter:card\" content=\"summary_large_image\" \/>\n<meta name=\"twitter:site\" content=\"@ArtisanatM\" \/>\n<meta name=\"twitter:label1\" content=\"Tiempo de lectura\" \/>\n\t<meta name=\"twitter:data1\" content=\"1 minuto\" \/>\n<script type=\"application\/ld+json\" class=\"yoast-schema-graph\">{\"@context\":\"https:\\\/\\\/schema.org\",\"@graph\":[{\"@type\":\"WebPage\",\"@id\":\"https:\\\/\\\/mennconcept.com\\\/es\\\/decoration\\\/linterna-colocada\\\/lanterne-marocain-argente-morocan-silver-lantern-04\\\/\",\"url\":\"https:\\\/\\\/mennconcept.com\\\/es\\\/decoration\\\/linterna-colocada\\\/lanterne-marocain-argente-morocan-silver-lantern-04\\\/\",\"name\":\"Lanterne marocain argent\u00e9\\\/ morocan silver lantern 04 - Artisanat Marocain Mennconcept\",\"isPartOf\":{\"@id\":\"https:\\\/\\\/mennconcept.com\\\/es\\\/#website\"},\"primaryImageOfPage\":{\"@id\":\"https:\\\/\\\/mennconcept.com\\\/es\\\/decoration\\\/linterna-colocada\\\/lanterne-marocain-argente-morocan-silver-lantern-04\\\/#primaryimage\"},\"image\":{\"@id\":\"https:\\\/\\\/mennconcept.com\\\/es\\\/decoration\\\/linterna-colocada\\\/lanterne-marocain-argente-morocan-silver-lantern-04\\\/#primaryimage\"},\"thumbnailUrl\":\"https:\\\/\\\/mennconcept.com\\\/wp-content\\\/uploads\\\/2020\\\/05\\\/Lanterne-marocain-argent\u00e9-morocan-silver-lantern-04.jpg\",\"datePublished\":\"2020-05-10T22:24:32+00:00\",\"dateModified\":\"2021-04-30T23:03:32+00:00\",\"breadcrumb\":{\"@id\":\"https:\\\/\\\/mennconcept.com\\\/es\\\/decoration\\\/linterna-colocada\\\/lanterne-marocain-argente-morocan-silver-lantern-04\\\/#breadcrumb\"},\"inLanguage\":\"es\",\"potentialAction\":[{\"@type\":\"ReadAction\",\"target\":[\"https:\\\/\\\/mennconcept.com\\\/es\\\/decoration\\\/linterna-colocada\\\/lanterne-marocain-argente-morocan-silver-lantern-04\\\/\"]}]},{\"@type\":\"ImageObject\",\"inLanguage\":\"es\",\"@id\":\"https:\\\/\\\/mennconcept.com\\\/es\\\/decoration\\\/linterna-colocada\\\/lanterne-marocain-argente-morocan-silver-lantern-04\\\/#primaryimage\",\"url\":\"https:\\\/\\\/mennconcept.com\\\/wp-content\\\/uploads\\\/2020\\\/05\\\/Lanterne-marocain-argent\u00e9-morocan-silver-lantern-04.jpg\",\"contentUrl\":\"https:\\\/\\\/mennconcept.com\\\/wp-content\\\/uploads\\\/2020\\\/05\\\/Lanterne-marocain-argent\u00e9-morocan-silver-lantern-04.jpg\",\"width\":496,\"height\":680},{\"@type\":\"BreadcrumbList\",\"@id\":\"https:\\\/\\\/mennconcept.com\\\/es\\\/decoration\\\/linterna-colocada\\\/lanterne-marocain-argente-morocan-silver-lantern-04\\\/#breadcrumb\",\"itemListElement\":[{\"@type\":\"ListItem\",\"position\":1,\"name\":\"Accueil\",\"item\":\"https:\\\/\\\/mennconcept.com\\\/es\\\/\"},{\"@type\":\"ListItem\",\"position\":2,\"name\":\"Tienda\",\"item\":\"https:\\\/\\\/mennconcept.com\\\/es\\\/tienda\\\/\"},{\"@type\":\"ListItem\",\"position\":3,\"name\":\"Lanterne marocain argent\u00e9\\\/ morocan silver lantern 04\"}]},{\"@type\":\"WebSite\",\"@id\":\"https:\\\/\\\/mennconcept.com\\\/es\\\/#website\",\"url\":\"https:\\\/\\\/mennconcept.com\\\/es\\\/\",\"name\":\"Artisanat Marocain Mennconcept\",\"description\":\"L&#039;Art de la Lumi\u00e8re. Artisanat Marocain de Luxe &amp; Cuivre Massif.\",\"publisher\":{\"@id\":\"https:\\\/\\\/mennconcept.com\\\/es\\\/#\\\/schema\\\/person\\\/2b311a14878282b83fdf0b876d5463fd\"},\"potentialAction\":[{\"@type\":\"SearchAction\",\"target\":{\"@type\":\"EntryPoint\",\"urlTemplate\":\"https:\\\/\\\/mennconcept.com\\\/es\\\/?s={search_term_string}\"},\"query-input\":{\"@type\":\"PropertyValueSpecification\",\"valueRequired\":true,\"valueName\":\"search_term_string\"}}],\"inLanguage\":\"es\"},{\"@type\":[\"Person\",\"Organization\"],\"@id\":\"https:\\\/\\\/mennconcept.com\\\/es\\\/#\\\/schema\\\/person\\\/2b311a14878282b83fdf0b876d5463fd\",\"name\":\"mennconcept\",\"image\":{\"@type\":\"ImageObject\",\"inLanguage\":\"es\",\"@id\":\"https:\\\/\\\/mennconcept.com\\\/wp-content\\\/uploads\\\/2021\\\/09\\\/rxyrsugfiinmmzpjdwly_400x400.png\",\"url\":\"https:\\\/\\\/mennconcept.com\\\/wp-content\\\/uploads\\\/2021\\\/09\\\/rxyrsugfiinmmzpjdwly_400x400.png\",\"contentUrl\":\"https:\\\/\\\/mennconcept.com\\\/wp-content\\\/uploads\\\/2021\\\/09\\\/rxyrsugfiinmmzpjdwly_400x400.png\",\"width\":400,\"height\":400,\"caption\":\"mennconcept\"},\"logo\":{\"@id\":\"https:\\\/\\\/mennconcept.com\\\/wp-content\\\/uploads\\\/2021\\\/09\\\/rxyrsugfiinmmzpjdwly_400x400.png\"}}]}<\/script>\n<!-- \/ Yoast SEO plugin. -->","yoast_head_json":{"title":"Lanterne marocain argent\u00e9\/ morocan silver lantern 04 - Artisanat Marocain Mennconcept","robots":{"index":"index","follow":"follow","max-snippet":"max-snippet:-1","max-image-preview":"max-image-preview:large","max-video-preview":"max-video-preview:-1"},"canonical":"https:\/\/mennconcept.com\/es\/decoration\/linterna-colocada\/lanterne-marocain-argente-morocan-silver-lantern-04\/","og_locale":"es_ES","og_type":"article","og_title":"Lanterne marocain argent\u00e9\/ morocan silver lantern 04 - Artisanat Marocain Mennconcept","og_description":"35\/8 cm  \u00a0  \ud83c\uddeb\ud83c\uddf7 Lampe en cuivre style marocain, berb\u00e8re, filigrane, arabesque, islamique, oriental, lanterne pondant suspension marocaine traditionnel maillechort cuivre laiton patin\u00e9 vieillis d\u2019ores argent\u00e9 artisanat marocain, artisanale Marrakech Maroc traditionnel lampe salon, couloir , chambre, salle \u00e0 manger, terrasse, chambre \u00e0 coucher, Cuisine, escalier\u2026.  Fabrication sur mesure, de diff\u00e9rant tailles et mati\u00e8res, production sp\u00e9ciale pour un charme et une d\u00e9coration sp\u00e9ciale.  Transport gratuit pour la France.  TVA inclut.  \u00a0  \ud83c\uddec\ud83c\udde7 Moroccan style copper lamp, Berber, filigranei, arabesque, Islamic, oriental, lantern laying traditional Moroccan suspension nickel silver copper patinated brass aged silver Moroccan craftsmanship, traditional Marrakech Morocco traditional lamp living room, hallway, bedroom, dining room, terrace, bedroom, kitchen, staircase\u2026.  Made to measure, of different sizes and materials, special production for a charm and special decoration.  Free transport for France.  TVA include","og_url":"https:\/\/mennconcept.com\/es\/decoration\/linterna-colocada\/lanterne-marocain-argente-morocan-silver-lantern-04\/","og_site_name":"Artisanat Marocain Mennconcept","article_modified_time":"2021-04-30T23:03:32+00:00","og_image":[{"width":496,"height":680,"url":"https:\/\/i2.wp.com\/mennconcept.com\/wp-content\/uploads\/2020\/05\/Lanterne-marocain-argent\u00e9-morocan-silver-lantern-04.jpg?fit=496%2C680&ssl=1","type":"image\/jpeg"}],"twitter_card":"summary_large_image","twitter_site":"@ArtisanatM","twitter_misc":{"Tiempo de lectura":"1 minuto"},"schema":{"@context":"https:\/\/schema.org","@graph":[{"@type":"WebPage","@id":"https:\/\/mennconcept.com\/es\/decoration\/linterna-colocada\/lanterne-marocain-argente-morocan-silver-lantern-04\/","url":"https:\/\/mennconcept.com\/es\/decoration\/linterna-colocada\/lanterne-marocain-argente-morocan-silver-lantern-04\/","name":"Lanterne marocain argent\u00e9\/ morocan silver lantern 04 - Artisanat Marocain Mennconcept","isPartOf":{"@id":"https:\/\/mennconcept.com\/es\/#website"},"primaryImageOfPage":{"@id":"https:\/\/mennconcept.com\/es\/decoration\/linterna-colocada\/lanterne-marocain-argente-morocan-silver-lantern-04\/#primaryimage"},"image":{"@id":"https:\/\/mennconcept.com\/es\/decoration\/linterna-colocada\/lanterne-marocain-argente-morocan-silver-lantern-04\/#primaryimage"},"thumbnailUrl":"https:\/\/mennconcept.com\/wp-content\/uploads\/2020\/05\/Lanterne-marocain-argent\u00e9-morocan-silver-lantern-04.jpg","datePublished":"2020-05-10T22:24:32+00:00","dateModified":"2021-04-30T23:03:32+00:00","breadcrumb":{"@id":"https:\/\/mennconcept.com\/es\/decoration\/linterna-colocada\/lanterne-marocain-argente-morocan-silver-lantern-04\/#breadcrumb"},"inLanguage":"es","potentialAction":[{"@type":"ReadAction","target":["https:\/\/mennconcept.com\/es\/decoration\/linterna-colocada\/lanterne-marocain-argente-morocan-silver-lantern-04\/"]}]},{"@type":"ImageObject","inLanguage":"es","@id":"https:\/\/mennconcept.com\/es\/decoration\/linterna-colocada\/lanterne-marocain-argente-morocan-silver-lantern-04\/#primaryimage","url":"https:\/\/mennconcept.com\/wp-content\/uploads\/2020\/05\/Lanterne-marocain-argent\u00e9-morocan-silver-lantern-04.jpg","contentUrl":"https:\/\/mennconcept.com\/wp-content\/uploads\/2020\/05\/Lanterne-marocain-argent\u00e9-morocan-silver-lantern-04.jpg","width":496,"height":680},{"@type":"BreadcrumbList","@id":"https:\/\/mennconcept.com\/es\/decoration\/linterna-colocada\/lanterne-marocain-argente-morocan-silver-lantern-04\/#breadcrumb","itemListElement":[{"@type":"ListItem","position":1,"name":"Accueil","item":"https:\/\/mennconcept.com\/es\/"},{"@type":"ListItem","position":2,"name":"Tienda","item":"https:\/\/mennconcept.com\/es\/tienda\/"},{"@type":"ListItem","position":3,"name":"Lanterne marocain argent\u00e9\/ morocan silver lantern 04"}]},{"@type":"WebSite","@id":"https:\/\/mennconcept.com\/es\/#website","url":"https:\/\/mennconcept.com\/es\/","name":"Artisanat Marocain Mennconcept","description":"L&#039;Art de la Lumi\u00e8re. Artisanat Marocain de Luxe &amp; Cuivre Massif.","publisher":{"@id":"https:\/\/mennconcept.com\/es\/#\/schema\/person\/2b311a14878282b83fdf0b876d5463fd"},"potentialAction":[{"@type":"SearchAction","target":{"@type":"EntryPoint","urlTemplate":"https:\/\/mennconcept.com\/es\/?s={search_term_string}"},"query-input":{"@type":"PropertyValueSpecification","valueRequired":true,"valueName":"search_term_string"}}],"inLanguage":"es"},{"@type":["Person","Organization"],"@id":"https:\/\/mennconcept.com\/es\/#\/schema\/person\/2b311a14878282b83fdf0b876d5463fd","name":"mennconcept","image":{"@type":"ImageObject","inLanguage":"es","@id":"https:\/\/mennconcept.com\/wp-content\/uploads\/2021\/09\/rxyrsugfiinmmzpjdwly_400x400.png","url":"https:\/\/mennconcept.com\/wp-content\/uploads\/2021\/09\/rxyrsugfiinmmzpjdwly_400x400.png","contentUrl":"https:\/\/mennconcept.com\/wp-content\/uploads\/2021\/09\/rxyrsugfiinmmzpjdwly_400x400.png","width":400,"height":400,"caption":"mennconcept"},"logo":{"@id":"https:\/\/mennconcept.com\/wp-content\/uploads\/2021\/09\/rxyrsugfiinmmzpjdwly_400x400.png"}}]}},"jetpack_publicize_connections":[],"amp_enabled":true,"_links":{"self":[{"href":"https:\/\/mennconcept.com\/es\/wp-json\/wp\/v2\/product\/11766","targetHints":{"allow":["GET"]}}],"collection":[{"href":"https:\/\/mennconcept.com\/es\/wp-json\/wp\/v2\/product"}],"about":[{"href":"https:\/\/mennconcept.com\/es\/wp-json\/wp\/v2\/types\/product"}],"replies":[{"embeddable":true,"href":"https:\/\/mennconcept.com\/es\/wp-json\/wp\/v2\/comments?post=11766"}],"wp:featuredmedia":[{"embeddable":true,"href":"https:\/\/mennconcept.com\/es\/wp-json\/wp\/v2\/media\/13784"}],"wp:attachment":[{"href":"https:\/\/mennconcept.com\/es\/wp-json\/wp\/v2\/media?parent=11766"}],"wp:term":[{"taxonomy":"product_brand","embeddable":true,"href":"https:\/\/mennconcept.com\/es\/wp-json\/wp\/v2\/product_brand?post=11766"},{"taxonomy":"product_cat","embeddable":true,"href":"https:\/\/mennconcept.com\/es\/wp-json\/wp\/v2\/product_cat?post=11766"},{"taxonomy":"product_tag","embeddable":true,"href":"https:\/\/mennconcept.com\/es\/wp-json\/wp\/v2\/product_tag?post=11766"}],"curies":[{"name":"wp","href":"https:\/\/api.w.org\/{rel}","templated":true}]}}