{"id":313,"date":"2016-08-24T12:50:06","date_gmt":"2016-08-24T11:50:06","guid":{"rendered":"https:\/\/mennconcept.com\/?post_type=product&#038;p=313"},"modified":"2023-01-12T12:42:10","modified_gmt":"2023-01-12T11:42:10","slug":"lanterne-marocain-en-cuivre-moroccan-copper-lanterne-01","status":"publish","type":"product","link":"https:\/\/mennconcept.com\/en\/decoration\/lantern-posied\/lanterne-marocain-en-cuivre-moroccan-copper-lanterne-01\/","title":{"rendered":"Lanterne marocain en cuivre\/ Moroccan Copper lanterne 01"},"content":{"rendered":"<p>30cm<\/p>\n<p>&nbsp;<\/p>\n<p>\ud83c\uddeb\ud83c\uddf7 Lampe en cuivre style marocain, berb\u00e8re, filigrane, arabesque, islamique, oriental, lanterne pondant suspension marocaine traditionnel maillechort cuivre laiton patin\u00e9 vieillis d\u2019ores argent\u00e9 artisanat marocain, artisanale Marrakech Maroc traditionnel lampe salon, couloir , chambre, salle \u00e0 manger, terrasse, chambre \u00e0 coucher, Cuisine, escalier\u2026.<\/p>\n<p>&nbsp;<\/p>\n<p>Fabrication sur mesure, de diff\u00e9rant tailles et mati\u00e8res, production sp\u00e9ciale pour un charme et une d\u00e9coration sp\u00e9ciale.<\/p>\n<p>&nbsp;<\/p>\n<p>Transport gratuit pour la France.<\/p>\n<p>&nbsp;<\/p>\n<p>TVA inclut.<\/p>\n<p>&nbsp;<\/p>\n<p>&nbsp;<\/p>\n<p>&nbsp;<\/p>\n<p>\ud83c\uddec\ud83c\udde7 Moroccan style copper lamp, Berber, filigranei, arabesque, Islamic, oriental, lantern laying traditional Moroccan suspension nickel silver copper patinated brass aged silver Moroccan craftsmanship, traditional Marrakech Morocco traditional lamp living room, hallway, bedroom, dining room, terrace, bedroom, kitchen, staircase\u2026.<\/p>\n<p>&nbsp;<\/p>\n<p>Made to measure, of different sizes and materials, special production for a charm and special decoration.<\/p>\n<p>&nbsp;<\/p>\n<p>Free transport for France.<\/p>\n<p>&nbsp;<\/p>\n<p>TVA include<\/p>\n","protected":false},"excerpt":{"rendered":"<p><b>30 cm<\/b><\/p>\n<p><b>\u00a0<\/b><\/p>\n<p><b>\ud83c\uddeb\ud83c\uddf7 Lampe en cuivre style marocain, berb\u00e8re, filigrane, arabesque, islamique, oriental, lanterne pondant suspension marocaine traditionnel maillechort cuivre laiton patin\u00e9 vieillis d\u2019ores argent\u00e9 artisanat marocain, artisanale Marrakech Maroc traditionnel lampe salon, couloir , chambre, salle \u00e0 manger, terrasse, chambre \u00e0 coucher, Cuisine, escalier\u2026.<\/b><\/p>\n<p><b>Fabrication sur mesure, de diff\u00e9rant tailles et mati\u00e8res, production sp\u00e9ciale pour un charme et une d\u00e9coration sp\u00e9ciale.<\/b><\/p>\n<p><b>Transport gratuit pour la France.<\/b><\/p>\n<p><b>TVA inclut.<\/b><\/p>\n<p><b>\u00a0<\/b><\/p>\n<p><b>\ud83c\uddec\ud83c\udde7 Moroccan style copper lamp, Berber, filigranei, arabesque, Islamic, oriental, lantern laying traditional Moroccan suspension nickel silver copper patinated brass aged silver Moroccan craftsmanship, traditional Marrakech Morocco traditional lamp living room, hallway, bedroom, dining room, terrace, bedroom, kitchen, staircase\u2026.<\/b><\/p>\n<p><b>Made to measure, of different sizes and materials, special production for a charm and special decoration.<\/b><\/p>\n<p><b>Free transport for France.<\/b><\/p>\n<p><b>TVA include<\/b><\/p>\n","protected":false},"featured_media":13789,"comment_status":"open","ping_status":"closed","template":"","meta":{"_monsterinsights_skip_tracking":false,"_monsterinsights_sitenote_active":false,"_monsterinsights_sitenote_note":"","_monsterinsights_sitenote_category":0,"_joinchat":[],"jetpack_publicize_message":"","jetpack_publicize_feature_enabled":true,"jetpack_social_post_already_shared":true,"jetpack_social_options":{"image_generator_settings":{"template":"highway","default_image_id":0,"font":"","enabled":false},"version":2}},"product_brand":[],"product_cat":[80],"product_tag":[],"class_list":{"0":"post-313","1":"product","2":"type-product","3":"status-publish","4":"has-post-thumbnail","6":"product_cat-lampe-de-chevet-marocain","8":"first","9":"instock","10":"featured","11":"taxable","12":"shipping-taxable","13":"purchasable","14":"product-type-simple"},"yoast_head":"<!-- This site is optimized with the Yoast SEO plugin v27.3 - https:\/\/yoast.com\/product\/yoast-seo-wordpress\/ -->\n<title>Lanterne marocain en cuivre\/ Moroccan Copper lanterne 01 - Artisanat Marocain Mennconcept<\/title>\n<meta name=\"description\" content=\"Lanterne marocain en cuivre artisanal patin\u00e9patin\u00e9patin\u00e9 patin\u00e9patin\u00e9 maillchort handmad\" \/>\n<meta name=\"robots\" content=\"index, follow, max-snippet:-1, max-image-preview:large, max-video-preview:-1\" \/>\n<link rel=\"canonical\" href=\"https:\/\/mennconcept.com\/en\/decoration\/lantern-posied\/lanterne-marocain-en-cuivre-moroccan-copper-lanterne-01\/\" \/>\n<meta property=\"og:locale\" content=\"en_US\" \/>\n<meta property=\"og:type\" content=\"article\" \/>\n<meta property=\"og:title\" content=\"Lanterne marocain en cuivre\/ Moroccan Copper lanterne 01 - Artisanat Marocain Mennconcept\" \/>\n<meta property=\"og:description\" content=\"Lanterne marocain en cuivre artisanal patin\u00e9patin\u00e9patin\u00e9 patin\u00e9patin\u00e9 maillchort handmad\" \/>\n<meta property=\"og:url\" content=\"https:\/\/mennconcept.com\/en\/decoration\/lantern-posied\/lanterne-marocain-en-cuivre-moroccan-copper-lanterne-01\/\" \/>\n<meta property=\"og:site_name\" content=\"Artisanat Marocain Mennconcept\" \/>\n<meta property=\"article:modified_time\" content=\"2023-01-12T11:42:10+00:00\" \/>\n<meta property=\"og:image\" content=\"https:\/\/i0.wp.com\/mennconcept.com\/wp-content\/uploads\/2020\/05\/Lanterne-marocaine-en-cuivre-Moroccan-Copper-lantern-01.jpg?fit=461%2C451&ssl=1\" \/>\n\t<meta property=\"og:image:width\" content=\"461\" \/>\n\t<meta property=\"og:image:height\" content=\"451\" \/>\n\t<meta property=\"og:image:type\" content=\"image\/jpeg\" \/>\n<meta name=\"twitter:card\" content=\"summary_large_image\" \/>\n<meta name=\"twitter:site\" content=\"@ArtisanatM\" \/>\n<meta name=\"twitter:label1\" content=\"Est. reading time\" \/>\n\t<meta name=\"twitter:data1\" content=\"1 minute\" \/>\n<script type=\"application\/ld+json\" class=\"yoast-schema-graph\">{\"@context\":\"https:\\\/\\\/schema.org\",\"@graph\":[{\"@type\":\"WebPage\",\"@id\":\"https:\\\/\\\/mennconcept.com\\\/en\\\/decoration\\\/lantern-posied\\\/lanterne-marocain-en-cuivre-moroccan-copper-lanterne-01\\\/\",\"url\":\"https:\\\/\\\/mennconcept.com\\\/en\\\/decoration\\\/lantern-posied\\\/lanterne-marocain-en-cuivre-moroccan-copper-lanterne-01\\\/\",\"name\":\"Lanterne marocain en cuivre\\\/ Moroccan Copper lanterne 01 - Artisanat Marocain Mennconcept\",\"isPartOf\":{\"@id\":\"https:\\\/\\\/mennconcept.com\\\/en\\\/#website\"},\"primaryImageOfPage\":{\"@id\":\"https:\\\/\\\/mennconcept.com\\\/en\\\/decoration\\\/lantern-posied\\\/lanterne-marocain-en-cuivre-moroccan-copper-lanterne-01\\\/#primaryimage\"},\"image\":{\"@id\":\"https:\\\/\\\/mennconcept.com\\\/en\\\/decoration\\\/lantern-posied\\\/lanterne-marocain-en-cuivre-moroccan-copper-lanterne-01\\\/#primaryimage\"},\"thumbnailUrl\":\"https:\\\/\\\/mennconcept.com\\\/wp-content\\\/uploads\\\/2020\\\/05\\\/Lanterne-marocaine-en-cuivre-Moroccan-Copper-lantern-01.jpg\",\"datePublished\":\"2016-08-24T11:50:06+00:00\",\"dateModified\":\"2023-01-12T11:42:10+00:00\",\"description\":\"Lanterne marocain en cuivre artisanal patin\u00e9patin\u00e9patin\u00e9 patin\u00e9patin\u00e9 maillchort handmad\",\"breadcrumb\":{\"@id\":\"https:\\\/\\\/mennconcept.com\\\/en\\\/decoration\\\/lantern-posied\\\/lanterne-marocain-en-cuivre-moroccan-copper-lanterne-01\\\/#breadcrumb\"},\"inLanguage\":\"en-US\",\"potentialAction\":[{\"@type\":\"ReadAction\",\"target\":[\"https:\\\/\\\/mennconcept.com\\\/en\\\/decoration\\\/lantern-posied\\\/lanterne-marocain-en-cuivre-moroccan-copper-lanterne-01\\\/\"]}]},{\"@type\":\"ImageObject\",\"inLanguage\":\"en-US\",\"@id\":\"https:\\\/\\\/mennconcept.com\\\/en\\\/decoration\\\/lantern-posied\\\/lanterne-marocain-en-cuivre-moroccan-copper-lanterne-01\\\/#primaryimage\",\"url\":\"https:\\\/\\\/mennconcept.com\\\/wp-content\\\/uploads\\\/2020\\\/05\\\/Lanterne-marocaine-en-cuivre-Moroccan-Copper-lantern-01.jpg\",\"contentUrl\":\"https:\\\/\\\/mennconcept.com\\\/wp-content\\\/uploads\\\/2020\\\/05\\\/Lanterne-marocaine-en-cuivre-Moroccan-Copper-lantern-01.jpg\",\"width\":461,\"height\":451},{\"@type\":\"BreadcrumbList\",\"@id\":\"https:\\\/\\\/mennconcept.com\\\/en\\\/decoration\\\/lantern-posied\\\/lanterne-marocain-en-cuivre-moroccan-copper-lanterne-01\\\/#breadcrumb\",\"itemListElement\":[{\"@type\":\"ListItem\",\"position\":1,\"name\":\"Accueil\",\"item\":\"https:\\\/\\\/mennconcept.com\\\/en\\\/\"},{\"@type\":\"ListItem\",\"position\":2,\"name\":\"Shop\",\"item\":\"https:\\\/\\\/mennconcept.com\\\/en\\\/shop-2\\\/\"},{\"@type\":\"ListItem\",\"position\":3,\"name\":\"Lanterne marocain en cuivre\\\/ Moroccan Copper lanterne 01\"}]},{\"@type\":\"WebSite\",\"@id\":\"https:\\\/\\\/mennconcept.com\\\/en\\\/#website\",\"url\":\"https:\\\/\\\/mennconcept.com\\\/en\\\/\",\"name\":\"Artisanat Marocain Mennconcept\",\"description\":\"L&#039;Art de la Lumi\u00e8re. Artisanat Marocain de Luxe &amp; Cuivre Massif.\",\"publisher\":{\"@id\":\"https:\\\/\\\/mennconcept.com\\\/en\\\/#\\\/schema\\\/person\\\/2b311a14878282b83fdf0b876d5463fd\"},\"potentialAction\":[{\"@type\":\"SearchAction\",\"target\":{\"@type\":\"EntryPoint\",\"urlTemplate\":\"https:\\\/\\\/mennconcept.com\\\/en\\\/?s={search_term_string}\"},\"query-input\":{\"@type\":\"PropertyValueSpecification\",\"valueRequired\":true,\"valueName\":\"search_term_string\"}}],\"inLanguage\":\"en-US\"},{\"@type\":[\"Person\",\"Organization\"],\"@id\":\"https:\\\/\\\/mennconcept.com\\\/en\\\/#\\\/schema\\\/person\\\/2b311a14878282b83fdf0b876d5463fd\",\"name\":\"mennconcept\",\"image\":{\"@type\":\"ImageObject\",\"inLanguage\":\"en-US\",\"@id\":\"https:\\\/\\\/mennconcept.com\\\/wp-content\\\/uploads\\\/2021\\\/09\\\/rxyrsugfiinmmzpjdwly_400x400.png\",\"url\":\"https:\\\/\\\/mennconcept.com\\\/wp-content\\\/uploads\\\/2021\\\/09\\\/rxyrsugfiinmmzpjdwly_400x400.png\",\"contentUrl\":\"https:\\\/\\\/mennconcept.com\\\/wp-content\\\/uploads\\\/2021\\\/09\\\/rxyrsugfiinmmzpjdwly_400x400.png\",\"width\":400,\"height\":400,\"caption\":\"mennconcept\"},\"logo\":{\"@id\":\"https:\\\/\\\/mennconcept.com\\\/wp-content\\\/uploads\\\/2021\\\/09\\\/rxyrsugfiinmmzpjdwly_400x400.png\"}}]}<\/script>\n<!-- \/ Yoast SEO plugin. -->","yoast_head_json":{"title":"Lanterne marocain en cuivre\/ Moroccan Copper lanterne 01 - Artisanat Marocain Mennconcept","description":"Lanterne marocain en cuivre artisanal patin\u00e9patin\u00e9patin\u00e9 patin\u00e9patin\u00e9 maillchort handmad","robots":{"index":"index","follow":"follow","max-snippet":"max-snippet:-1","max-image-preview":"max-image-preview:large","max-video-preview":"max-video-preview:-1"},"canonical":"https:\/\/mennconcept.com\/en\/decoration\/lantern-posied\/lanterne-marocain-en-cuivre-moroccan-copper-lanterne-01\/","og_locale":"en_US","og_type":"article","og_title":"Lanterne marocain en cuivre\/ Moroccan Copper lanterne 01 - Artisanat Marocain Mennconcept","og_description":"Lanterne marocain en cuivre artisanal patin\u00e9patin\u00e9patin\u00e9 patin\u00e9patin\u00e9 maillchort handmad","og_url":"https:\/\/mennconcept.com\/en\/decoration\/lantern-posied\/lanterne-marocain-en-cuivre-moroccan-copper-lanterne-01\/","og_site_name":"Artisanat Marocain Mennconcept","article_modified_time":"2023-01-12T11:42:10+00:00","og_image":[{"width":461,"height":451,"url":"https:\/\/i0.wp.com\/mennconcept.com\/wp-content\/uploads\/2020\/05\/Lanterne-marocaine-en-cuivre-Moroccan-Copper-lantern-01.jpg?fit=461%2C451&ssl=1","type":"image\/jpeg"}],"twitter_card":"summary_large_image","twitter_site":"@ArtisanatM","twitter_misc":{"Est. reading time":"1 minute"},"schema":{"@context":"https:\/\/schema.org","@graph":[{"@type":"WebPage","@id":"https:\/\/mennconcept.com\/en\/decoration\/lantern-posied\/lanterne-marocain-en-cuivre-moroccan-copper-lanterne-01\/","url":"https:\/\/mennconcept.com\/en\/decoration\/lantern-posied\/lanterne-marocain-en-cuivre-moroccan-copper-lanterne-01\/","name":"Lanterne marocain en cuivre\/ Moroccan Copper lanterne 01 - Artisanat Marocain Mennconcept","isPartOf":{"@id":"https:\/\/mennconcept.com\/en\/#website"},"primaryImageOfPage":{"@id":"https:\/\/mennconcept.com\/en\/decoration\/lantern-posied\/lanterne-marocain-en-cuivre-moroccan-copper-lanterne-01\/#primaryimage"},"image":{"@id":"https:\/\/mennconcept.com\/en\/decoration\/lantern-posied\/lanterne-marocain-en-cuivre-moroccan-copper-lanterne-01\/#primaryimage"},"thumbnailUrl":"https:\/\/mennconcept.com\/wp-content\/uploads\/2020\/05\/Lanterne-marocaine-en-cuivre-Moroccan-Copper-lantern-01.jpg","datePublished":"2016-08-24T11:50:06+00:00","dateModified":"2023-01-12T11:42:10+00:00","description":"Lanterne marocain en cuivre artisanal patin\u00e9patin\u00e9patin\u00e9 patin\u00e9patin\u00e9 maillchort handmad","breadcrumb":{"@id":"https:\/\/mennconcept.com\/en\/decoration\/lantern-posied\/lanterne-marocain-en-cuivre-moroccan-copper-lanterne-01\/#breadcrumb"},"inLanguage":"en-US","potentialAction":[{"@type":"ReadAction","target":["https:\/\/mennconcept.com\/en\/decoration\/lantern-posied\/lanterne-marocain-en-cuivre-moroccan-copper-lanterne-01\/"]}]},{"@type":"ImageObject","inLanguage":"en-US","@id":"https:\/\/mennconcept.com\/en\/decoration\/lantern-posied\/lanterne-marocain-en-cuivre-moroccan-copper-lanterne-01\/#primaryimage","url":"https:\/\/mennconcept.com\/wp-content\/uploads\/2020\/05\/Lanterne-marocaine-en-cuivre-Moroccan-Copper-lantern-01.jpg","contentUrl":"https:\/\/mennconcept.com\/wp-content\/uploads\/2020\/05\/Lanterne-marocaine-en-cuivre-Moroccan-Copper-lantern-01.jpg","width":461,"height":451},{"@type":"BreadcrumbList","@id":"https:\/\/mennconcept.com\/en\/decoration\/lantern-posied\/lanterne-marocain-en-cuivre-moroccan-copper-lanterne-01\/#breadcrumb","itemListElement":[{"@type":"ListItem","position":1,"name":"Accueil","item":"https:\/\/mennconcept.com\/en\/"},{"@type":"ListItem","position":2,"name":"Shop","item":"https:\/\/mennconcept.com\/en\/shop-2\/"},{"@type":"ListItem","position":3,"name":"Lanterne marocain en cuivre\/ Moroccan Copper lanterne 01"}]},{"@type":"WebSite","@id":"https:\/\/mennconcept.com\/en\/#website","url":"https:\/\/mennconcept.com\/en\/","name":"Artisanat Marocain Mennconcept","description":"L&#039;Art de la Lumi\u00e8re. Artisanat Marocain de Luxe &amp; Cuivre Massif.","publisher":{"@id":"https:\/\/mennconcept.com\/en\/#\/schema\/person\/2b311a14878282b83fdf0b876d5463fd"},"potentialAction":[{"@type":"SearchAction","target":{"@type":"EntryPoint","urlTemplate":"https:\/\/mennconcept.com\/en\/?s={search_term_string}"},"query-input":{"@type":"PropertyValueSpecification","valueRequired":true,"valueName":"search_term_string"}}],"inLanguage":"en-US"},{"@type":["Person","Organization"],"@id":"https:\/\/mennconcept.com\/en\/#\/schema\/person\/2b311a14878282b83fdf0b876d5463fd","name":"mennconcept","image":{"@type":"ImageObject","inLanguage":"en-US","@id":"https:\/\/mennconcept.com\/wp-content\/uploads\/2021\/09\/rxyrsugfiinmmzpjdwly_400x400.png","url":"https:\/\/mennconcept.com\/wp-content\/uploads\/2021\/09\/rxyrsugfiinmmzpjdwly_400x400.png","contentUrl":"https:\/\/mennconcept.com\/wp-content\/uploads\/2021\/09\/rxyrsugfiinmmzpjdwly_400x400.png","width":400,"height":400,"caption":"mennconcept"},"logo":{"@id":"https:\/\/mennconcept.com\/wp-content\/uploads\/2021\/09\/rxyrsugfiinmmzpjdwly_400x400.png"}}]}},"jetpack_publicize_connections":[],"amp_enabled":true,"_links":{"self":[{"href":"https:\/\/mennconcept.com\/en\/wp-json\/wp\/v2\/product\/313","targetHints":{"allow":["GET"]}}],"collection":[{"href":"https:\/\/mennconcept.com\/en\/wp-json\/wp\/v2\/product"}],"about":[{"href":"https:\/\/mennconcept.com\/en\/wp-json\/wp\/v2\/types\/product"}],"replies":[{"embeddable":true,"href":"https:\/\/mennconcept.com\/en\/wp-json\/wp\/v2\/comments?post=313"}],"wp:featuredmedia":[{"embeddable":true,"href":"https:\/\/mennconcept.com\/en\/wp-json\/wp\/v2\/media\/13789"}],"wp:attachment":[{"href":"https:\/\/mennconcept.com\/en\/wp-json\/wp\/v2\/media?parent=313"}],"wp:term":[{"taxonomy":"product_brand","embeddable":true,"href":"https:\/\/mennconcept.com\/en\/wp-json\/wp\/v2\/product_brand?post=313"},{"taxonomy":"product_cat","embeddable":true,"href":"https:\/\/mennconcept.com\/en\/wp-json\/wp\/v2\/product_cat?post=313"},{"taxonomy":"product_tag","embeddable":true,"href":"https:\/\/mennconcept.com\/en\/wp-json\/wp\/v2\/product_tag?post=313"}],"curies":[{"name":"wp","href":"https:\/\/api.w.org\/{rel}","templated":true}]}}