{"id":14626,"date":"2021-08-06T23:59:20","date_gmt":"2021-08-06T21:59:20","guid":{"rendered":"https:\/\/mennconcept.com\/?post_type=product&#038;p=14626"},"modified":"2024-08-03T17:16:56","modified_gmt":"2024-08-03T15:16:56","slug":"photophore-marocain-traditionnel-53","status":"publish","type":"product","link":"https:\/\/mennconcept.com\/en\/decoration\/photophore-en\/photophore-marocain-traditionnel-53\/","title":{"rendered":"photophore marocain traditionnel 53"},"content":{"rendered":"<p>hauteur:\u00a0 12 cm<\/p>\n<p>largeur: 10 cm<\/p>\n<p>Photophore marocain, photophore artisanal, photophore berb\u00e8re, photophore cuivre, photophore pour table, photophore pour terrasse, photophore pour salle de bain, photophore pour couloir, \u00a0photophore pour jardin, photophore en cuivre, photophore en maillechort, photophore en fer, photophore en fer blanc, photophore patin\u00e9, photophore dor\u00e9, photophore argent\u00e9e, photophore color\u00e9, photophore noir, photophore rouill\u00e9, photophore vieux\u2026<\/p>\n<ul>\n<li>Fabrication sur-mesure de tous les mod\u00e8les et toutes les tailles avec diff\u00e9rentes mati\u00e8res, fabrication sp\u00e9ciale pour une d\u00e9coration sp\u00e9ciale.<\/li>\n<\/ul>\n<p>Veuillez nous contacter pour toute information suppl\u00e9mentaire.<\/p>\n<ul>\n<li>Livraison gratuite pour la France La TVA inclue<\/li>\n<\/ul>\n<p>Quantit\u00e9 minimal a command\u00e9 : 10<\/p>\n","protected":false},"excerpt":{"rendered":"<p>hauteur:\u00a0 12 cm<\/p>\n<p>largeur: 10 cm<\/p>\n<p>Photophore marocain, photophore artisanal, photophore berb\u00e8re, photophore cuivre, photophore pour table, photophore pour terrasse, photophore pour salle de bain, photophore pour couloir, \u00a0photophore pour jardin, photophore en cuivre, photophore en maillechort, photophore en fer, photophore en fer blanc, photophore patin\u00e9, photophore dor\u00e9, photophore argent\u00e9e, photophore color\u00e9, photophore noir, photophore rouill\u00e9, photophore vieux\u2026<\/p>\n<ul>\n<li>Fabrication sur-mesure de tous les mod\u00e8les et toutes les tailles avec diff\u00e9rentes mati\u00e8res, fabrication sp\u00e9ciale pour une d\u00e9coration sp\u00e9ciale.<\/li>\n<\/ul>\n<p>Veuillez nous contacter pour toute information suppl\u00e9mentaire.<\/p>\n<ul>\n<li>Livraison gratuite pour la France La TVA inclue<\/li>\n<\/ul>\n<p>Quantit\u00e9 minimal a command\u00e9 : 10<\/p>\n","protected":false},"featured_media":14600,"comment_status":"open","ping_status":"closed","template":"","meta":{"_monsterinsights_skip_tracking":false,"_monsterinsights_sitenote_active":false,"_monsterinsights_sitenote_note":"","_monsterinsights_sitenote_category":0,"_joinchat":[],"jetpack_publicize_message":"","jetpack_publicize_feature_enabled":true,"jetpack_social_post_already_shared":false,"jetpack_social_options":{"image_generator_settings":{"template":"highway","default_image_id":0,"font":"","enabled":false},"version":2}},"product_brand":[],"product_cat":[258],"product_tag":[],"class_list":{"0":"post-14626","1":"product","2":"type-product","3":"status-publish","4":"has-post-thumbnail","6":"product_cat-photophore","8":"first","9":"instock","10":"taxable","11":"shipping-taxable","12":"purchasable","13":"product-type-simple"},"yoast_head":"<!-- This site is optimized with the Yoast SEO plugin v27.3 - https:\/\/yoast.com\/product\/yoast-seo-wordpress\/ -->\n<title>photophore marocain traditionnel 53 - Artisanat Marocain Mennconcept<\/title>\n<meta name=\"robots\" content=\"index, follow, max-snippet:-1, max-image-preview:large, max-video-preview:-1\" \/>\n<link rel=\"canonical\" href=\"https:\/\/mennconcept.com\/en\/decoration\/photophore-en\/photophore-marocain-traditionnel-53\/\" \/>\n<meta property=\"og:locale\" content=\"en_US\" \/>\n<meta property=\"og:type\" content=\"article\" \/>\n<meta property=\"og:title\" content=\"photophore marocain traditionnel 53 - Artisanat Marocain Mennconcept\" \/>\n<meta property=\"og:description\" content=\"hauteur:\u00a0 12 cm  largeur: 10 cm  Photophore marocain, photophore artisanal, photophore berb\u00e8re, photophore cuivre, photophore pour table, photophore pour terrasse, photophore pour salle de bain, photophore pour couloir, \u00a0photophore pour jardin, photophore en cuivre, photophore en maillechort, photophore en fer, photophore en fer blanc, photophore patin\u00e9, photophore dor\u00e9, photophore argent\u00e9e, photophore color\u00e9, photophore noir, photophore rouill\u00e9, photophore vieux\u2026   Fabrication sur-mesure de tous les mod\u00e8les et toutes les tailles avec diff\u00e9rentes mati\u00e8res, fabrication sp\u00e9ciale pour une d\u00e9coration sp\u00e9ciale.  Veuillez nous contacter pour toute information suppl\u00e9mentaire.   Livraison gratuite pour la France La TVA inclue  Quantit\u00e9 minimal a command\u00e9 : 10\" \/>\n<meta property=\"og:url\" content=\"https:\/\/mennconcept.com\/en\/decoration\/photophore-en\/photophore-marocain-traditionnel-53\/\" \/>\n<meta property=\"og:site_name\" content=\"Artisanat Marocain Mennconcept\" \/>\n<meta property=\"article:modified_time\" content=\"2024-08-03T15:16:56+00:00\" \/>\n<meta property=\"og:image\" content=\"https:\/\/mennconcept.com\/wp-content\/uploads\/2021\/08\/Sans-titre-1.png\" \/>\n\t<meta property=\"og:image:width\" content=\"600\" \/>\n\t<meta property=\"og:image:height\" content=\"548\" \/>\n\t<meta property=\"og:image:type\" content=\"image\/png\" \/>\n<meta name=\"twitter:card\" content=\"summary_large_image\" \/>\n<meta name=\"twitter:site\" content=\"@ArtisanatM\" \/>\n<meta name=\"twitter:label1\" content=\"Est. reading time\" \/>\n\t<meta name=\"twitter:data1\" content=\"1 minute\" \/>\n<script type=\"application\/ld+json\" class=\"yoast-schema-graph\">{\"@context\":\"https:\\\/\\\/schema.org\",\"@graph\":[{\"@type\":\"WebPage\",\"@id\":\"https:\\\/\\\/mennconcept.com\\\/en\\\/decoration\\\/photophore-en\\\/photophore-marocain-traditionnel-53\\\/\",\"url\":\"https:\\\/\\\/mennconcept.com\\\/en\\\/decoration\\\/photophore-en\\\/photophore-marocain-traditionnel-53\\\/\",\"name\":\"photophore marocain traditionnel 53 - Artisanat Marocain Mennconcept\",\"isPartOf\":{\"@id\":\"https:\\\/\\\/mennconcept.com\\\/en\\\/#website\"},\"primaryImageOfPage\":{\"@id\":\"https:\\\/\\\/mennconcept.com\\\/en\\\/decoration\\\/photophore-en\\\/photophore-marocain-traditionnel-53\\\/#primaryimage\"},\"image\":{\"@id\":\"https:\\\/\\\/mennconcept.com\\\/en\\\/decoration\\\/photophore-en\\\/photophore-marocain-traditionnel-53\\\/#primaryimage\"},\"thumbnailUrl\":\"https:\\\/\\\/mennconcept.com\\\/wp-content\\\/uploads\\\/2021\\\/08\\\/Sans-titre-1.png\",\"datePublished\":\"2021-08-06T21:59:20+00:00\",\"dateModified\":\"2024-08-03T15:16:56+00:00\",\"breadcrumb\":{\"@id\":\"https:\\\/\\\/mennconcept.com\\\/en\\\/decoration\\\/photophore-en\\\/photophore-marocain-traditionnel-53\\\/#breadcrumb\"},\"inLanguage\":\"en-US\",\"potentialAction\":[{\"@type\":\"ReadAction\",\"target\":[\"https:\\\/\\\/mennconcept.com\\\/en\\\/decoration\\\/photophore-en\\\/photophore-marocain-traditionnel-53\\\/\"]}]},{\"@type\":\"ImageObject\",\"inLanguage\":\"en-US\",\"@id\":\"https:\\\/\\\/mennconcept.com\\\/en\\\/decoration\\\/photophore-en\\\/photophore-marocain-traditionnel-53\\\/#primaryimage\",\"url\":\"https:\\\/\\\/mennconcept.com\\\/wp-content\\\/uploads\\\/2021\\\/08\\\/Sans-titre-1.png\",\"contentUrl\":\"https:\\\/\\\/mennconcept.com\\\/wp-content\\\/uploads\\\/2021\\\/08\\\/Sans-titre-1.png\",\"width\":600,\"height\":548},{\"@type\":\"BreadcrumbList\",\"@id\":\"https:\\\/\\\/mennconcept.com\\\/en\\\/decoration\\\/photophore-en\\\/photophore-marocain-traditionnel-53\\\/#breadcrumb\",\"itemListElement\":[{\"@type\":\"ListItem\",\"position\":1,\"name\":\"Accueil\",\"item\":\"https:\\\/\\\/mennconcept.com\\\/en\\\/\"},{\"@type\":\"ListItem\",\"position\":2,\"name\":\"Shop\",\"item\":\"https:\\\/\\\/mennconcept.com\\\/en\\\/shop-2\\\/\"},{\"@type\":\"ListItem\",\"position\":3,\"name\":\"photophore marocain traditionnel 53\"}]},{\"@type\":\"WebSite\",\"@id\":\"https:\\\/\\\/mennconcept.com\\\/en\\\/#website\",\"url\":\"https:\\\/\\\/mennconcept.com\\\/en\\\/\",\"name\":\"Artisanat Marocain Mennconcept\",\"description\":\"L&#039;Art de la Lumi\u00e8re. Artisanat Marocain de Luxe &amp; Cuivre Massif.\",\"publisher\":{\"@id\":\"https:\\\/\\\/mennconcept.com\\\/en\\\/#\\\/schema\\\/person\\\/2b311a14878282b83fdf0b876d5463fd\"},\"potentialAction\":[{\"@type\":\"SearchAction\",\"target\":{\"@type\":\"EntryPoint\",\"urlTemplate\":\"https:\\\/\\\/mennconcept.com\\\/en\\\/?s={search_term_string}\"},\"query-input\":{\"@type\":\"PropertyValueSpecification\",\"valueRequired\":true,\"valueName\":\"search_term_string\"}}],\"inLanguage\":\"en-US\"},{\"@type\":[\"Person\",\"Organization\"],\"@id\":\"https:\\\/\\\/mennconcept.com\\\/en\\\/#\\\/schema\\\/person\\\/2b311a14878282b83fdf0b876d5463fd\",\"name\":\"mennconcept\",\"image\":{\"@type\":\"ImageObject\",\"inLanguage\":\"en-US\",\"@id\":\"https:\\\/\\\/mennconcept.com\\\/wp-content\\\/uploads\\\/2021\\\/09\\\/rxyrsugfiinmmzpjdwly_400x400.png\",\"url\":\"https:\\\/\\\/mennconcept.com\\\/wp-content\\\/uploads\\\/2021\\\/09\\\/rxyrsugfiinmmzpjdwly_400x400.png\",\"contentUrl\":\"https:\\\/\\\/mennconcept.com\\\/wp-content\\\/uploads\\\/2021\\\/09\\\/rxyrsugfiinmmzpjdwly_400x400.png\",\"width\":400,\"height\":400,\"caption\":\"mennconcept\"},\"logo\":{\"@id\":\"https:\\\/\\\/mennconcept.com\\\/wp-content\\\/uploads\\\/2021\\\/09\\\/rxyrsugfiinmmzpjdwly_400x400.png\"}}]}<\/script>\n<!-- \/ Yoast SEO plugin. -->","yoast_head_json":{"title":"photophore marocain traditionnel 53 - Artisanat Marocain Mennconcept","robots":{"index":"index","follow":"follow","max-snippet":"max-snippet:-1","max-image-preview":"max-image-preview:large","max-video-preview":"max-video-preview:-1"},"canonical":"https:\/\/mennconcept.com\/en\/decoration\/photophore-en\/photophore-marocain-traditionnel-53\/","og_locale":"en_US","og_type":"article","og_title":"photophore marocain traditionnel 53 - Artisanat Marocain Mennconcept","og_description":"hauteur:\u00a0 12 cm  largeur: 10 cm  Photophore marocain, photophore artisanal, photophore berb\u00e8re, photophore cuivre, photophore pour table, photophore pour terrasse, photophore pour salle de bain, photophore pour couloir, \u00a0photophore pour jardin, photophore en cuivre, photophore en maillechort, photophore en fer, photophore en fer blanc, photophore patin\u00e9, photophore dor\u00e9, photophore argent\u00e9e, photophore color\u00e9, photophore noir, photophore rouill\u00e9, photophore vieux\u2026   Fabrication sur-mesure de tous les mod\u00e8les et toutes les tailles avec diff\u00e9rentes mati\u00e8res, fabrication sp\u00e9ciale pour une d\u00e9coration sp\u00e9ciale.  Veuillez nous contacter pour toute information suppl\u00e9mentaire.   Livraison gratuite pour la France La TVA inclue  Quantit\u00e9 minimal a command\u00e9 : 10","og_url":"https:\/\/mennconcept.com\/en\/decoration\/photophore-en\/photophore-marocain-traditionnel-53\/","og_site_name":"Artisanat Marocain Mennconcept","article_modified_time":"2024-08-03T15:16:56+00:00","og_image":[{"width":600,"height":548,"url":"https:\/\/mennconcept.com\/wp-content\/uploads\/2021\/08\/Sans-titre-1.png","type":"image\/png"}],"twitter_card":"summary_large_image","twitter_site":"@ArtisanatM","twitter_misc":{"Est. reading time":"1 minute"},"schema":{"@context":"https:\/\/schema.org","@graph":[{"@type":"WebPage","@id":"https:\/\/mennconcept.com\/en\/decoration\/photophore-en\/photophore-marocain-traditionnel-53\/","url":"https:\/\/mennconcept.com\/en\/decoration\/photophore-en\/photophore-marocain-traditionnel-53\/","name":"photophore marocain traditionnel 53 - Artisanat Marocain Mennconcept","isPartOf":{"@id":"https:\/\/mennconcept.com\/en\/#website"},"primaryImageOfPage":{"@id":"https:\/\/mennconcept.com\/en\/decoration\/photophore-en\/photophore-marocain-traditionnel-53\/#primaryimage"},"image":{"@id":"https:\/\/mennconcept.com\/en\/decoration\/photophore-en\/photophore-marocain-traditionnel-53\/#primaryimage"},"thumbnailUrl":"https:\/\/mennconcept.com\/wp-content\/uploads\/2021\/08\/Sans-titre-1.png","datePublished":"2021-08-06T21:59:20+00:00","dateModified":"2024-08-03T15:16:56+00:00","breadcrumb":{"@id":"https:\/\/mennconcept.com\/en\/decoration\/photophore-en\/photophore-marocain-traditionnel-53\/#breadcrumb"},"inLanguage":"en-US","potentialAction":[{"@type":"ReadAction","target":["https:\/\/mennconcept.com\/en\/decoration\/photophore-en\/photophore-marocain-traditionnel-53\/"]}]},{"@type":"ImageObject","inLanguage":"en-US","@id":"https:\/\/mennconcept.com\/en\/decoration\/photophore-en\/photophore-marocain-traditionnel-53\/#primaryimage","url":"https:\/\/mennconcept.com\/wp-content\/uploads\/2021\/08\/Sans-titre-1.png","contentUrl":"https:\/\/mennconcept.com\/wp-content\/uploads\/2021\/08\/Sans-titre-1.png","width":600,"height":548},{"@type":"BreadcrumbList","@id":"https:\/\/mennconcept.com\/en\/decoration\/photophore-en\/photophore-marocain-traditionnel-53\/#breadcrumb","itemListElement":[{"@type":"ListItem","position":1,"name":"Accueil","item":"https:\/\/mennconcept.com\/en\/"},{"@type":"ListItem","position":2,"name":"Shop","item":"https:\/\/mennconcept.com\/en\/shop-2\/"},{"@type":"ListItem","position":3,"name":"photophore marocain traditionnel 53"}]},{"@type":"WebSite","@id":"https:\/\/mennconcept.com\/en\/#website","url":"https:\/\/mennconcept.com\/en\/","name":"Artisanat Marocain Mennconcept","description":"L&#039;Art de la Lumi\u00e8re. Artisanat Marocain de Luxe &amp; Cuivre Massif.","publisher":{"@id":"https:\/\/mennconcept.com\/en\/#\/schema\/person\/2b311a14878282b83fdf0b876d5463fd"},"potentialAction":[{"@type":"SearchAction","target":{"@type":"EntryPoint","urlTemplate":"https:\/\/mennconcept.com\/en\/?s={search_term_string}"},"query-input":{"@type":"PropertyValueSpecification","valueRequired":true,"valueName":"search_term_string"}}],"inLanguage":"en-US"},{"@type":["Person","Organization"],"@id":"https:\/\/mennconcept.com\/en\/#\/schema\/person\/2b311a14878282b83fdf0b876d5463fd","name":"mennconcept","image":{"@type":"ImageObject","inLanguage":"en-US","@id":"https:\/\/mennconcept.com\/wp-content\/uploads\/2021\/09\/rxyrsugfiinmmzpjdwly_400x400.png","url":"https:\/\/mennconcept.com\/wp-content\/uploads\/2021\/09\/rxyrsugfiinmmzpjdwly_400x400.png","contentUrl":"https:\/\/mennconcept.com\/wp-content\/uploads\/2021\/09\/rxyrsugfiinmmzpjdwly_400x400.png","width":400,"height":400,"caption":"mennconcept"},"logo":{"@id":"https:\/\/mennconcept.com\/wp-content\/uploads\/2021\/09\/rxyrsugfiinmmzpjdwly_400x400.png"}}]}},"jetpack_publicize_connections":[],"amp_enabled":true,"_links":{"self":[{"href":"https:\/\/mennconcept.com\/en\/wp-json\/wp\/v2\/product\/14626","targetHints":{"allow":["GET"]}}],"collection":[{"href":"https:\/\/mennconcept.com\/en\/wp-json\/wp\/v2\/product"}],"about":[{"href":"https:\/\/mennconcept.com\/en\/wp-json\/wp\/v2\/types\/product"}],"replies":[{"embeddable":true,"href":"https:\/\/mennconcept.com\/en\/wp-json\/wp\/v2\/comments?post=14626"}],"wp:featuredmedia":[{"embeddable":true,"href":"https:\/\/mennconcept.com\/en\/wp-json\/wp\/v2\/media\/14600"}],"wp:attachment":[{"href":"https:\/\/mennconcept.com\/en\/wp-json\/wp\/v2\/media?parent=14626"}],"wp:term":[{"taxonomy":"product_brand","embeddable":true,"href":"https:\/\/mennconcept.com\/en\/wp-json\/wp\/v2\/product_brand?post=14626"},{"taxonomy":"product_cat","embeddable":true,"href":"https:\/\/mennconcept.com\/en\/wp-json\/wp\/v2\/product_cat?post=14626"},{"taxonomy":"product_tag","embeddable":true,"href":"https:\/\/mennconcept.com\/en\/wp-json\/wp\/v2\/product_tag?post=14626"}],"curies":[{"name":"wp","href":"https:\/\/api.w.org\/{rel}","templated":true}]}}