{"id":14157,"date":"2026-04-17T15:54:13","date_gmt":"2026-04-17T13:54:13","guid":{"rendered":"https:\/\/mennconcept.com\/?post_type=product&#038;p=14157"},"modified":"2026-04-17T15:54:13","modified_gmt":"2026-04-17T13:54:13","slug":"baignoire-cuivre-copper-bathtub-2","status":"publish","type":"product","link":"https:\/\/mennconcept.com\/en\/decoration\/bathtub\/baignoire-cuivre-copper-bathtub-2\/","title":{"rendered":"Baignoire cuivre \/ copper bathtub 2"},"content":{"rendered":"<p><strong>160\/70\/70 cm<\/strong><\/p>\n<p><strong>\ud83c\uddeb\ud83c\uddf7Baignoire cuivre marocain artisanal, fais a la main, artisanat marocain traditionnel, douche, hammam, hamm\u00e2m, hamam, toilette, accessoire sanitaire salle de bains bassin, lavabo, robinet, robinetterie, installation de douche, , argent\u00e9 ou dor\u00e9 ou rouge ou patin\u00e9 viell\u00e9 , noire , fonc\u00e9 , antique, laiton maillechort cuivre, cuivr\u00e9, Marrakech Maroc martel\u00e9 ext\u00e9rieur non castr\u00e9e artisanale<\/strong><br \/>\n<strong>Fabrication sur mesure, de diff\u00e9rant tailles et mati\u00e8res, production sp\u00e9ciale pour un charme et une d\u00e9coration sp\u00e9ciale<\/strong><\/p>\n<p><strong>Livraison gratuite France<\/strong><\/p>\n<p><strong>TVA inclus.<\/strong><\/p>\n<p><strong>\ud83c\uddec\ud83c\udde7Handcrafted Moroccan copper bathtub, handmade, traditional Moroccan handicrafts, shower, hammam, hammam, hamam, toilet, sanitary accessory for bathroom basin, sink, faucet, taps, shower installation, silver or gold or red or patinated aged , black, dark, antique, pewter brass nickel silver copper, coppery, Marrakech Morocco hammered outside not castrated artisanal<\/strong><br \/>\n<strong>Custom manufacturing, of different sizes and materials, special production for a charm and a special decoration.<\/strong><\/p>\n<p><strong>free shipping for France.<\/strong><\/p>\n<p><strong>VAT included<\/strong><\/p>\n","protected":false},"excerpt":{"rendered":"<p><strong>160\/70\/70 cm<\/strong><\/p>\n<p><strong>\ud83c\uddeb\ud83c\uddf7Baignoire cuivre marocain artisanal, fais a la main, artisanat marocain traditionnel, douche, hammam, hamm\u00e2m, hamam, toilette, accessoire sanitaire salle de bains bassin, lavabo, robinet, robinetterie, installation de douche, , argent\u00e9 ou dor\u00e9 ou rouge ou patin\u00e9 viell\u00e9 , noire , fonc\u00e9 , antique, laiton maillechort cuivre, cuivr\u00e9, Marrakech Maroc martel\u00e9 ext\u00e9rieur non castr\u00e9e artisanale<\/strong><br \/>\n<strong>Fabrication sur mesure, de diff\u00e9rant tailles et mati\u00e8res, production sp\u00e9ciale pour un charme et une d\u00e9coration sp\u00e9ciale<\/strong><\/p>\n<p><strong>Livraison gratuite France<\/strong><\/p>\n<p><strong>TVA inclus.<\/strong><\/p>\n<p><strong>\ud83c\uddec\ud83c\udde7Handcrafted Moroccan copper bathtub, handmade, traditional Moroccan handicrafts, shower, hammam, hammam, hamam, toilet, sanitary accessory for bathroom basin, sink, faucet, taps, shower installation, silver or gold or red or patinated aged , black, dark, antique, pewter brass nickel silver copper, coppery, Marrakech Morocco hammered outside not castrated artisanal<\/strong><br \/>\n<strong>Custom manufacturing, of different sizes and materials, special production for a charm and a special decoration.<\/strong><\/p>\n<p><strong>free shipping for France.<\/strong><\/p>\n<p><strong>VAT included<\/strong><\/p>\n","protected":false},"featured_media":14140,"comment_status":"open","ping_status":"closed","template":"","meta":{"_monsterinsights_skip_tracking":false,"_monsterinsights_sitenote_active":false,"_monsterinsights_sitenote_note":"","_monsterinsights_sitenote_category":0,"_joinchat":[],"jetpack_publicize_message":"","jetpack_publicize_feature_enabled":true,"jetpack_social_post_already_shared":true,"jetpack_social_options":{"image_generator_settings":{"template":"highway","default_image_id":0,"font":"","enabled":false},"version":2}},"product_brand":[],"product_cat":[40,134],"product_tag":[],"class_list":{"0":"post-14157","1":"product","2":"type-product","3":"status-publish","4":"has-post-thumbnail","6":"product_cat-baignoire","7":"product_cat-non-classe","9":"first","10":"instock","11":"taxable","12":"shipping-taxable","13":"purchasable","14":"product-type-simple"},"yoast_head":"<!-- This site is optimized with the Yoast SEO plugin v27.3 - https:\/\/yoast.com\/product\/yoast-seo-wordpress\/ -->\n<title>Baignoire cuivre \/ copper bathtub 2 - Artisanat Marocain Mennconcept<\/title>\n<meta name=\"robots\" content=\"index, follow, max-snippet:-1, max-image-preview:large, max-video-preview:-1\" \/>\n<link rel=\"canonical\" href=\"https:\/\/mennconcept.com\/en\/decoration\/bathtub\/baignoire-cuivre-copper-bathtub-2\/\" \/>\n<meta property=\"og:locale\" content=\"en_US\" \/>\n<meta property=\"og:type\" content=\"article\" \/>\n<meta property=\"og:title\" content=\"Baignoire cuivre \/ copper bathtub 2 - Artisanat Marocain Mennconcept\" \/>\n<meta property=\"og:description\" content=\"160\/70\/70 cm  \ud83c\uddeb\ud83c\uddf7Baignoire cuivre marocain artisanal, fais a la main, artisanat marocain traditionnel, douche, hammam, hamm\u00e2m, hamam, toilette, accessoire sanitaire salle de bains bassin, lavabo, robinet, robinetterie, installation de douche, , argent\u00e9 ou dor\u00e9 ou rouge ou patin\u00e9 viell\u00e9 , noire , fonc\u00e9 , antique, laiton maillechort cuivre, cuivr\u00e9, Marrakech Maroc martel\u00e9 ext\u00e9rieur non castr\u00e9e artisanale Fabrication sur mesure, de diff\u00e9rant tailles et mati\u00e8res, production sp\u00e9ciale pour un charme et une d\u00e9coration sp\u00e9ciale  Livraison gratuite France  TVA inclus.  \ud83c\uddec\ud83c\udde7Handcrafted Moroccan copper bathtub, handmade, traditional Moroccan handicrafts, shower, hammam, hammam, hamam, toilet, sanitary accessory for bathroom basin, sink, faucet, taps, shower installation, silver or gold or red or patinated aged , black, dark, antique, pewter brass nickel silver copper, coppery, Marrakech Morocco hammered outside not castrated artisanal Custom manufacturing, of different sizes and materials, special production for a charm and a special decoration.  free shipping for France.  VAT included\" \/>\n<meta property=\"og:url\" content=\"https:\/\/mennconcept.com\/en\/decoration\/bathtub\/baignoire-cuivre-copper-bathtub-2\/\" \/>\n<meta property=\"og:site_name\" content=\"Artisanat Marocain Mennconcept\" \/>\n<meta property=\"og:image\" content=\"https:\/\/mennconcept.com\/wp-content\/uploads\/2020\/05\/Baignoire-cuivre-copper-bathtub-34.png\" \/>\n\t<meta property=\"og:image:width\" content=\"345\" \/>\n\t<meta property=\"og:image:height\" content=\"219\" \/>\n\t<meta property=\"og:image:type\" content=\"image\/png\" \/>\n<meta name=\"twitter:card\" content=\"summary_large_image\" \/>\n<meta name=\"twitter:site\" content=\"@ArtisanatM\" \/>\n<meta name=\"twitter:label1\" content=\"Est. reading time\" \/>\n\t<meta name=\"twitter:data1\" content=\"1 minute\" \/>\n<script type=\"application\/ld+json\" class=\"yoast-schema-graph\">{\"@context\":\"https:\\\/\\\/schema.org\",\"@graph\":[{\"@type\":\"WebPage\",\"@id\":\"https:\\\/\\\/mennconcept.com\\\/en\\\/decoration\\\/bathtub\\\/baignoire-cuivre-copper-bathtub-2\\\/\",\"url\":\"https:\\\/\\\/mennconcept.com\\\/en\\\/decoration\\\/bathtub\\\/baignoire-cuivre-copper-bathtub-2\\\/\",\"name\":\"Baignoire cuivre \\\/ copper bathtub 2 - Artisanat Marocain Mennconcept\",\"isPartOf\":{\"@id\":\"https:\\\/\\\/mennconcept.com\\\/en\\\/#website\"},\"primaryImageOfPage\":{\"@id\":\"https:\\\/\\\/mennconcept.com\\\/en\\\/decoration\\\/bathtub\\\/baignoire-cuivre-copper-bathtub-2\\\/#primaryimage\"},\"image\":{\"@id\":\"https:\\\/\\\/mennconcept.com\\\/en\\\/decoration\\\/bathtub\\\/baignoire-cuivre-copper-bathtub-2\\\/#primaryimage\"},\"thumbnailUrl\":\"https:\\\/\\\/mennconcept.com\\\/wp-content\\\/uploads\\\/2020\\\/05\\\/Baignoire-cuivre-copper-bathtub-34.png\",\"datePublished\":\"2026-04-17T13:54:13+00:00\",\"breadcrumb\":{\"@id\":\"https:\\\/\\\/mennconcept.com\\\/en\\\/decoration\\\/bathtub\\\/baignoire-cuivre-copper-bathtub-2\\\/#breadcrumb\"},\"inLanguage\":\"en-US\",\"potentialAction\":[{\"@type\":\"ReadAction\",\"target\":[\"https:\\\/\\\/mennconcept.com\\\/en\\\/decoration\\\/bathtub\\\/baignoire-cuivre-copper-bathtub-2\\\/\"]}]},{\"@type\":\"ImageObject\",\"inLanguage\":\"en-US\",\"@id\":\"https:\\\/\\\/mennconcept.com\\\/en\\\/decoration\\\/bathtub\\\/baignoire-cuivre-copper-bathtub-2\\\/#primaryimage\",\"url\":\"https:\\\/\\\/mennconcept.com\\\/wp-content\\\/uploads\\\/2020\\\/05\\\/Baignoire-cuivre-copper-bathtub-34.png\",\"contentUrl\":\"https:\\\/\\\/mennconcept.com\\\/wp-content\\\/uploads\\\/2020\\\/05\\\/Baignoire-cuivre-copper-bathtub-34.png\",\"width\":345,\"height\":219},{\"@type\":\"BreadcrumbList\",\"@id\":\"https:\\\/\\\/mennconcept.com\\\/en\\\/decoration\\\/bathtub\\\/baignoire-cuivre-copper-bathtub-2\\\/#breadcrumb\",\"itemListElement\":[{\"@type\":\"ListItem\",\"position\":1,\"name\":\"Accueil\",\"item\":\"https:\\\/\\\/mennconcept.com\\\/en\\\/\"},{\"@type\":\"ListItem\",\"position\":2,\"name\":\"Shop\",\"item\":\"https:\\\/\\\/mennconcept.com\\\/en\\\/shop-2\\\/\"},{\"@type\":\"ListItem\",\"position\":3,\"name\":\"Baignoire cuivre \\\/ copper bathtub 2\"}]},{\"@type\":\"WebSite\",\"@id\":\"https:\\\/\\\/mennconcept.com\\\/en\\\/#website\",\"url\":\"https:\\\/\\\/mennconcept.com\\\/en\\\/\",\"name\":\"Artisanat Marocain Mennconcept\",\"description\":\"L&#039;Art de la Lumi\u00e8re. Artisanat Marocain de Luxe &amp; Cuivre Massif.\",\"publisher\":{\"@id\":\"https:\\\/\\\/mennconcept.com\\\/en\\\/#\\\/schema\\\/person\\\/2b311a14878282b83fdf0b876d5463fd\"},\"potentialAction\":[{\"@type\":\"SearchAction\",\"target\":{\"@type\":\"EntryPoint\",\"urlTemplate\":\"https:\\\/\\\/mennconcept.com\\\/en\\\/?s={search_term_string}\"},\"query-input\":{\"@type\":\"PropertyValueSpecification\",\"valueRequired\":true,\"valueName\":\"search_term_string\"}}],\"inLanguage\":\"en-US\"},{\"@type\":[\"Person\",\"Organization\"],\"@id\":\"https:\\\/\\\/mennconcept.com\\\/en\\\/#\\\/schema\\\/person\\\/2b311a14878282b83fdf0b876d5463fd\",\"name\":\"mennconcept\",\"image\":{\"@type\":\"ImageObject\",\"inLanguage\":\"en-US\",\"@id\":\"https:\\\/\\\/mennconcept.com\\\/wp-content\\\/uploads\\\/2021\\\/09\\\/rxyrsugfiinmmzpjdwly_400x400.png\",\"url\":\"https:\\\/\\\/mennconcept.com\\\/wp-content\\\/uploads\\\/2021\\\/09\\\/rxyrsugfiinmmzpjdwly_400x400.png\",\"contentUrl\":\"https:\\\/\\\/mennconcept.com\\\/wp-content\\\/uploads\\\/2021\\\/09\\\/rxyrsugfiinmmzpjdwly_400x400.png\",\"width\":400,\"height\":400,\"caption\":\"mennconcept\"},\"logo\":{\"@id\":\"https:\\\/\\\/mennconcept.com\\\/wp-content\\\/uploads\\\/2021\\\/09\\\/rxyrsugfiinmmzpjdwly_400x400.png\"}}]}<\/script>\n<!-- \/ Yoast SEO plugin. -->","yoast_head_json":{"title":"Baignoire cuivre \/ copper bathtub 2 - Artisanat Marocain Mennconcept","robots":{"index":"index","follow":"follow","max-snippet":"max-snippet:-1","max-image-preview":"max-image-preview:large","max-video-preview":"max-video-preview:-1"},"canonical":"https:\/\/mennconcept.com\/en\/decoration\/bathtub\/baignoire-cuivre-copper-bathtub-2\/","og_locale":"en_US","og_type":"article","og_title":"Baignoire cuivre \/ copper bathtub 2 - Artisanat Marocain Mennconcept","og_description":"160\/70\/70 cm  \ud83c\uddeb\ud83c\uddf7Baignoire cuivre marocain artisanal, fais a la main, artisanat marocain traditionnel, douche, hammam, hamm\u00e2m, hamam, toilette, accessoire sanitaire salle de bains bassin, lavabo, robinet, robinetterie, installation de douche, , argent\u00e9 ou dor\u00e9 ou rouge ou patin\u00e9 viell\u00e9 , noire , fonc\u00e9 , antique, laiton maillechort cuivre, cuivr\u00e9, Marrakech Maroc martel\u00e9 ext\u00e9rieur non castr\u00e9e artisanale Fabrication sur mesure, de diff\u00e9rant tailles et mati\u00e8res, production sp\u00e9ciale pour un charme et une d\u00e9coration sp\u00e9ciale  Livraison gratuite France  TVA inclus.  \ud83c\uddec\ud83c\udde7Handcrafted Moroccan copper bathtub, handmade, traditional Moroccan handicrafts, shower, hammam, hammam, hamam, toilet, sanitary accessory for bathroom basin, sink, faucet, taps, shower installation, silver or gold or red or patinated aged , black, dark, antique, pewter brass nickel silver copper, coppery, Marrakech Morocco hammered outside not castrated artisanal Custom manufacturing, of different sizes and materials, special production for a charm and a special decoration.  free shipping for France.  VAT included","og_url":"https:\/\/mennconcept.com\/en\/decoration\/bathtub\/baignoire-cuivre-copper-bathtub-2\/","og_site_name":"Artisanat Marocain Mennconcept","og_image":[{"width":345,"height":219,"url":"https:\/\/mennconcept.com\/wp-content\/uploads\/2020\/05\/Baignoire-cuivre-copper-bathtub-34.png","type":"image\/png"}],"twitter_card":"summary_large_image","twitter_site":"@ArtisanatM","twitter_misc":{"Est. reading time":"1 minute"},"schema":{"@context":"https:\/\/schema.org","@graph":[{"@type":"WebPage","@id":"https:\/\/mennconcept.com\/en\/decoration\/bathtub\/baignoire-cuivre-copper-bathtub-2\/","url":"https:\/\/mennconcept.com\/en\/decoration\/bathtub\/baignoire-cuivre-copper-bathtub-2\/","name":"Baignoire cuivre \/ copper bathtub 2 - Artisanat Marocain Mennconcept","isPartOf":{"@id":"https:\/\/mennconcept.com\/en\/#website"},"primaryImageOfPage":{"@id":"https:\/\/mennconcept.com\/en\/decoration\/bathtub\/baignoire-cuivre-copper-bathtub-2\/#primaryimage"},"image":{"@id":"https:\/\/mennconcept.com\/en\/decoration\/bathtub\/baignoire-cuivre-copper-bathtub-2\/#primaryimage"},"thumbnailUrl":"https:\/\/mennconcept.com\/wp-content\/uploads\/2020\/05\/Baignoire-cuivre-copper-bathtub-34.png","datePublished":"2026-04-17T13:54:13+00:00","breadcrumb":{"@id":"https:\/\/mennconcept.com\/en\/decoration\/bathtub\/baignoire-cuivre-copper-bathtub-2\/#breadcrumb"},"inLanguage":"en-US","potentialAction":[{"@type":"ReadAction","target":["https:\/\/mennconcept.com\/en\/decoration\/bathtub\/baignoire-cuivre-copper-bathtub-2\/"]}]},{"@type":"ImageObject","inLanguage":"en-US","@id":"https:\/\/mennconcept.com\/en\/decoration\/bathtub\/baignoire-cuivre-copper-bathtub-2\/#primaryimage","url":"https:\/\/mennconcept.com\/wp-content\/uploads\/2020\/05\/Baignoire-cuivre-copper-bathtub-34.png","contentUrl":"https:\/\/mennconcept.com\/wp-content\/uploads\/2020\/05\/Baignoire-cuivre-copper-bathtub-34.png","width":345,"height":219},{"@type":"BreadcrumbList","@id":"https:\/\/mennconcept.com\/en\/decoration\/bathtub\/baignoire-cuivre-copper-bathtub-2\/#breadcrumb","itemListElement":[{"@type":"ListItem","position":1,"name":"Accueil","item":"https:\/\/mennconcept.com\/en\/"},{"@type":"ListItem","position":2,"name":"Shop","item":"https:\/\/mennconcept.com\/en\/shop-2\/"},{"@type":"ListItem","position":3,"name":"Baignoire cuivre \/ copper bathtub 2"}]},{"@type":"WebSite","@id":"https:\/\/mennconcept.com\/en\/#website","url":"https:\/\/mennconcept.com\/en\/","name":"Artisanat Marocain Mennconcept","description":"L&#039;Art de la Lumi\u00e8re. Artisanat Marocain de Luxe &amp; Cuivre Massif.","publisher":{"@id":"https:\/\/mennconcept.com\/en\/#\/schema\/person\/2b311a14878282b83fdf0b876d5463fd"},"potentialAction":[{"@type":"SearchAction","target":{"@type":"EntryPoint","urlTemplate":"https:\/\/mennconcept.com\/en\/?s={search_term_string}"},"query-input":{"@type":"PropertyValueSpecification","valueRequired":true,"valueName":"search_term_string"}}],"inLanguage":"en-US"},{"@type":["Person","Organization"],"@id":"https:\/\/mennconcept.com\/en\/#\/schema\/person\/2b311a14878282b83fdf0b876d5463fd","name":"mennconcept","image":{"@type":"ImageObject","inLanguage":"en-US","@id":"https:\/\/mennconcept.com\/wp-content\/uploads\/2021\/09\/rxyrsugfiinmmzpjdwly_400x400.png","url":"https:\/\/mennconcept.com\/wp-content\/uploads\/2021\/09\/rxyrsugfiinmmzpjdwly_400x400.png","contentUrl":"https:\/\/mennconcept.com\/wp-content\/uploads\/2021\/09\/rxyrsugfiinmmzpjdwly_400x400.png","width":400,"height":400,"caption":"mennconcept"},"logo":{"@id":"https:\/\/mennconcept.com\/wp-content\/uploads\/2021\/09\/rxyrsugfiinmmzpjdwly_400x400.png"}}]}},"jetpack_publicize_connections":[],"amp_enabled":true,"_links":{"self":[{"href":"https:\/\/mennconcept.com\/en\/wp-json\/wp\/v2\/product\/14157","targetHints":{"allow":["GET"]}}],"collection":[{"href":"https:\/\/mennconcept.com\/en\/wp-json\/wp\/v2\/product"}],"about":[{"href":"https:\/\/mennconcept.com\/en\/wp-json\/wp\/v2\/types\/product"}],"replies":[{"embeddable":true,"href":"https:\/\/mennconcept.com\/en\/wp-json\/wp\/v2\/comments?post=14157"}],"wp:featuredmedia":[{"embeddable":true,"href":"https:\/\/mennconcept.com\/en\/wp-json\/wp\/v2\/media\/14140"}],"wp:attachment":[{"href":"https:\/\/mennconcept.com\/en\/wp-json\/wp\/v2\/media?parent=14157"}],"wp:term":[{"taxonomy":"product_brand","embeddable":true,"href":"https:\/\/mennconcept.com\/en\/wp-json\/wp\/v2\/product_brand?post=14157"},{"taxonomy":"product_cat","embeddable":true,"href":"https:\/\/mennconcept.com\/en\/wp-json\/wp\/v2\/product_cat?post=14157"},{"taxonomy":"product_tag","embeddable":true,"href":"https:\/\/mennconcept.com\/en\/wp-json\/wp\/v2\/product_tag?post=14157"}],"curies":[{"name":"wp","href":"https:\/\/api.w.org\/{rel}","templated":true}]}}