{"id":636,"date":"2016-10-12T21:28:16","date_gmt":"2016-10-12T20:28:16","guid":{"rendered":"https:\/\/mennconcept.com\/?post_type=product&#038;p=636"},"modified":"2024-01-31T12:03:43","modified_gmt":"2024-01-31T11:03:43","slug":"cache-bouteille","status":"publish","type":"product","link":"https:\/\/mennconcept.com\/de\/decoration\/zubehor-fur-den-tisch\/cache-bouteille\/","title":{"rendered":"cache bouteille argent\u00e9 01"},"content":{"rendered":"<p>Pour une quantit\u00e9 sup\u00e9rieure \u00e0 10 pi\u00e8ces, le prix est de 20<\/p>\n<p>Cache bouteille marocain, Cache bouteille pour les bouteilles d\u2019eau, cache bouteille pour les bouteilles de vin, cache bouteille pour les bouteilles des\u00a0 jus de fruits. Cache bouteille martel\u00e9, cache\u00a0 bouteille simple, cache bouteille lisse. cache bouteille , cache bouteille dor\u00e9e, cache bouteille bronz\u00e9, cache bouteille en cuivre, cache bouteille en maillechort , cache bouteille en laiton,cache bouteille en m\u00e9tal, cache bouteille artisanale, cache bouteille berb\u00e8re, cache bouteille cisel\u00e9e, cache bouteille grav\u00e9e,cache bouteille en raphia , cache bouteille palmier , cache bouteille osier,\u00a0 cache bouteille\u00a0 en Fil de lin.<\/p>\n<p>Fabrication sur mesurede tous les mod\u00e8les, Fabrication sp\u00e9ciale pour une d\u00e9coration sp\u00e9ciale<\/p>\n<p>Livraison gratuite pour la France<\/p>\n<p>La TVA inclue<\/p>\n","protected":false},"excerpt":{"rendered":"<p>Pour une quantit\u00e9 sup\u00e9rieure \u00e0 10 pi\u00e8ces, le prix est de 20<\/p>\n<p>Cache bouteille marocain, Cache bouteille pour les bouteilles d\u2019eau, cache bouteille pour les bouteilles de vin, cache bouteille pour les bouteilles des\u00a0 jus de fruits. Cache bouteille martel\u00e9, cache\u00a0 bouteille simple, cache bouteille lisse. cache bouteille , cache bouteille dor\u00e9e, cache bouteille bronz\u00e9, cache bouteille en cuivre, cache bouteille en maillechort , cache bouteille en laiton,cache bouteille en m\u00e9tal, cache bouteille artisanale, cache bouteille berb\u00e8re, cache bouteille cisel\u00e9e, cache bouteille grav\u00e9e,cache bouteille en raphia , cache bouteille palmier , cache bouteille osier,\u00a0 cache bouteille\u00a0 en Fil de lin.<\/p>\n<p>Fabrication sur mesurede tous les mod\u00e8les, Fabrication sp\u00e9ciale pour une d\u00e9coration sp\u00e9ciale<\/p>\n<p>Livraison gratuite pour la France<\/p>\n<p>La TVA inclue<\/p>\n","protected":false},"featured_media":606,"comment_status":"open","ping_status":"closed","template":"","meta":{"_monsterinsights_skip_tracking":false,"_monsterinsights_sitenote_active":false,"_monsterinsights_sitenote_note":"","_monsterinsights_sitenote_category":0,"_joinchat":[],"jetpack_publicize_message":"","jetpack_publicize_feature_enabled":true,"jetpack_social_post_already_shared":true,"jetpack_social_options":{"image_generator_settings":{"template":"highway","default_image_id":0,"font":"","enabled":false},"version":2}},"product_brand":[],"product_cat":[28],"product_tag":[],"class_list":{"0":"post-636","1":"product","2":"type-product","3":"status-publish","4":"has-post-thumbnail","6":"product_cat-accessoires-de-table","8":"first","9":"instock","10":"taxable","11":"shipping-taxable","12":"purchasable","13":"product-type-simple"},"yoast_head":"<!-- This site is optimized with the Yoast SEO plugin v27.3 - https:\/\/yoast.com\/product\/yoast-seo-wordpress\/ -->\n<title>cache bouteille argent\u00e9 01 - Artisanat Marocain Mennconcept<\/title>\n<meta name=\"robots\" content=\"index, follow, max-snippet:-1, max-image-preview:large, max-video-preview:-1\" \/>\n<link rel=\"canonical\" href=\"https:\/\/mennconcept.com\/de\/decoration\/zubehor-fur-den-tisch\/cache-bouteille\/\" \/>\n<meta property=\"og:locale\" content=\"de_DE\" \/>\n<meta property=\"og:type\" content=\"article\" \/>\n<meta property=\"og:title\" content=\"cache bouteille argent\u00e9 01 - Artisanat Marocain Mennconcept\" \/>\n<meta property=\"og:description\" content=\"Pour une quantit\u00e9 sup\u00e9rieure \u00e0 10 pi\u00e8ces, le prix est de 20  Cache bouteille marocain, Cache bouteille pour les bouteilles d\u2019eau, cache bouteille pour les bouteilles de vin, cache bouteille pour les bouteilles des\u00a0 jus de fruits. Cache bouteille martel\u00e9, cache\u00a0 bouteille simple, cache bouteille lisse. cache bouteille , cache bouteille dor\u00e9e, cache bouteille bronz\u00e9, cache bouteille en cuivre, cache bouteille en maillechort , cache bouteille en laiton,cache bouteille en m\u00e9tal, cache bouteille artisanale, cache bouteille berb\u00e8re, cache bouteille cisel\u00e9e, cache bouteille grav\u00e9e,cache bouteille en raphia , cache bouteille palmier , cache bouteille osier,\u00a0 cache bouteille\u00a0 en Fil de lin.  Fabrication sur mesurede tous les mod\u00e8les, Fabrication sp\u00e9ciale pour une d\u00e9coration sp\u00e9ciale  Livraison gratuite pour la France  La TVA inclue\" \/>\n<meta property=\"og:url\" content=\"https:\/\/mennconcept.com\/de\/decoration\/zubehor-fur-den-tisch\/cache-bouteille\/\" \/>\n<meta property=\"og:site_name\" content=\"Artisanat Marocain Mennconcept\" \/>\n<meta property=\"article:modified_time\" content=\"2024-01-31T11:03:43+00:00\" \/>\n<meta property=\"og:image\" content=\"https:\/\/mennconcept.com\/wp-content\/uploads\/2016\/10\/pppp.jpg\" \/>\n\t<meta property=\"og:image:width\" content=\"2848\" \/>\n\t<meta property=\"og:image:height\" content=\"4110\" \/>\n\t<meta property=\"og:image:type\" content=\"image\/jpeg\" \/>\n<meta name=\"twitter:card\" content=\"summary_large_image\" \/>\n<meta name=\"twitter:site\" content=\"@ArtisanatM\" \/>\n<meta name=\"twitter:label1\" content=\"Gesch\u00e4tzte Lesezeit\" \/>\n\t<meta name=\"twitter:data1\" content=\"1 minute\" \/>\n<script type=\"application\/ld+json\" class=\"yoast-schema-graph\">{\"@context\":\"https:\\\/\\\/schema.org\",\"@graph\":[{\"@type\":\"WebPage\",\"@id\":\"https:\\\/\\\/mennconcept.com\\\/de\\\/decoration\\\/zubehor-fur-den-tisch\\\/cache-bouteille\\\/\",\"url\":\"https:\\\/\\\/mennconcept.com\\\/de\\\/decoration\\\/zubehor-fur-den-tisch\\\/cache-bouteille\\\/\",\"name\":\"cache bouteille argent\u00e9 01 - Artisanat Marocain Mennconcept\",\"isPartOf\":{\"@id\":\"https:\\\/\\\/mennconcept.com\\\/de\\\/#website\"},\"primaryImageOfPage\":{\"@id\":\"https:\\\/\\\/mennconcept.com\\\/de\\\/decoration\\\/zubehor-fur-den-tisch\\\/cache-bouteille\\\/#primaryimage\"},\"image\":{\"@id\":\"https:\\\/\\\/mennconcept.com\\\/de\\\/decoration\\\/zubehor-fur-den-tisch\\\/cache-bouteille\\\/#primaryimage\"},\"thumbnailUrl\":\"https:\\\/\\\/mennconcept.com\\\/wp-content\\\/uploads\\\/2016\\\/10\\\/pppp.jpg\",\"datePublished\":\"2016-10-12T20:28:16+00:00\",\"dateModified\":\"2024-01-31T11:03:43+00:00\",\"breadcrumb\":{\"@id\":\"https:\\\/\\\/mennconcept.com\\\/de\\\/decoration\\\/zubehor-fur-den-tisch\\\/cache-bouteille\\\/#breadcrumb\"},\"inLanguage\":\"de-DE\",\"potentialAction\":[{\"@type\":\"ReadAction\",\"target\":[\"https:\\\/\\\/mennconcept.com\\\/de\\\/decoration\\\/zubehor-fur-den-tisch\\\/cache-bouteille\\\/\"]}]},{\"@type\":\"ImageObject\",\"inLanguage\":\"de-DE\",\"@id\":\"https:\\\/\\\/mennconcept.com\\\/de\\\/decoration\\\/zubehor-fur-den-tisch\\\/cache-bouteille\\\/#primaryimage\",\"url\":\"https:\\\/\\\/mennconcept.com\\\/wp-content\\\/uploads\\\/2016\\\/10\\\/pppp.jpg\",\"contentUrl\":\"https:\\\/\\\/mennconcept.com\\\/wp-content\\\/uploads\\\/2016\\\/10\\\/pppp.jpg\",\"width\":2848,\"height\":4110},{\"@type\":\"BreadcrumbList\",\"@id\":\"https:\\\/\\\/mennconcept.com\\\/de\\\/decoration\\\/zubehor-fur-den-tisch\\\/cache-bouteille\\\/#breadcrumb\",\"itemListElement\":[{\"@type\":\"ListItem\",\"position\":1,\"name\":\"Accueil\",\"item\":\"https:\\\/\\\/mennconcept.com\\\/de\\\/\"},{\"@type\":\"ListItem\",\"position\":2,\"name\":\"Shop\",\"item\":\"https:\\\/\\\/mennconcept.com\\\/de\\\/shop-2\\\/\"},{\"@type\":\"ListItem\",\"position\":3,\"name\":\"cache bouteille argent\u00e9 01\"}]},{\"@type\":\"WebSite\",\"@id\":\"https:\\\/\\\/mennconcept.com\\\/de\\\/#website\",\"url\":\"https:\\\/\\\/mennconcept.com\\\/de\\\/\",\"name\":\"Artisanat Marocain Mennconcept\",\"description\":\"L&#039;Art de la Lumi\u00e8re. Artisanat Marocain de Luxe &amp; Cuivre Massif.\",\"publisher\":{\"@id\":\"https:\\\/\\\/mennconcept.com\\\/de\\\/#\\\/schema\\\/person\\\/2b311a14878282b83fdf0b876d5463fd\"},\"potentialAction\":[{\"@type\":\"SearchAction\",\"target\":{\"@type\":\"EntryPoint\",\"urlTemplate\":\"https:\\\/\\\/mennconcept.com\\\/de\\\/?s={search_term_string}\"},\"query-input\":{\"@type\":\"PropertyValueSpecification\",\"valueRequired\":true,\"valueName\":\"search_term_string\"}}],\"inLanguage\":\"de-DE\"},{\"@type\":[\"Person\",\"Organization\"],\"@id\":\"https:\\\/\\\/mennconcept.com\\\/de\\\/#\\\/schema\\\/person\\\/2b311a14878282b83fdf0b876d5463fd\",\"name\":\"mennconcept\",\"image\":{\"@type\":\"ImageObject\",\"inLanguage\":\"de-DE\",\"@id\":\"https:\\\/\\\/mennconcept.com\\\/wp-content\\\/uploads\\\/2021\\\/09\\\/rxyrsugfiinmmzpjdwly_400x400.png\",\"url\":\"https:\\\/\\\/mennconcept.com\\\/wp-content\\\/uploads\\\/2021\\\/09\\\/rxyrsugfiinmmzpjdwly_400x400.png\",\"contentUrl\":\"https:\\\/\\\/mennconcept.com\\\/wp-content\\\/uploads\\\/2021\\\/09\\\/rxyrsugfiinmmzpjdwly_400x400.png\",\"width\":400,\"height\":400,\"caption\":\"mennconcept\"},\"logo\":{\"@id\":\"https:\\\/\\\/mennconcept.com\\\/wp-content\\\/uploads\\\/2021\\\/09\\\/rxyrsugfiinmmzpjdwly_400x400.png\"}}]}<\/script>\n<!-- \/ Yoast SEO plugin. -->","yoast_head_json":{"title":"cache bouteille argent\u00e9 01 - Artisanat Marocain Mennconcept","robots":{"index":"index","follow":"follow","max-snippet":"max-snippet:-1","max-image-preview":"max-image-preview:large","max-video-preview":"max-video-preview:-1"},"canonical":"https:\/\/mennconcept.com\/de\/decoration\/zubehor-fur-den-tisch\/cache-bouteille\/","og_locale":"de_DE","og_type":"article","og_title":"cache bouteille argent\u00e9 01 - Artisanat Marocain Mennconcept","og_description":"Pour une quantit\u00e9 sup\u00e9rieure \u00e0 10 pi\u00e8ces, le prix est de 20  Cache bouteille marocain, Cache bouteille pour les bouteilles d\u2019eau, cache bouteille pour les bouteilles de vin, cache bouteille pour les bouteilles des\u00a0 jus de fruits. Cache bouteille martel\u00e9, cache\u00a0 bouteille simple, cache bouteille lisse. cache bouteille , cache bouteille dor\u00e9e, cache bouteille bronz\u00e9, cache bouteille en cuivre, cache bouteille en maillechort , cache bouteille en laiton,cache bouteille en m\u00e9tal, cache bouteille artisanale, cache bouteille berb\u00e8re, cache bouteille cisel\u00e9e, cache bouteille grav\u00e9e,cache bouteille en raphia , cache bouteille palmier , cache bouteille osier,\u00a0 cache bouteille\u00a0 en Fil de lin.  Fabrication sur mesurede tous les mod\u00e8les, Fabrication sp\u00e9ciale pour une d\u00e9coration sp\u00e9ciale  Livraison gratuite pour la France  La TVA inclue","og_url":"https:\/\/mennconcept.com\/de\/decoration\/zubehor-fur-den-tisch\/cache-bouteille\/","og_site_name":"Artisanat Marocain Mennconcept","article_modified_time":"2024-01-31T11:03:43+00:00","og_image":[{"width":2848,"height":4110,"url":"https:\/\/mennconcept.com\/wp-content\/uploads\/2016\/10\/pppp.jpg","type":"image\/jpeg"}],"twitter_card":"summary_large_image","twitter_site":"@ArtisanatM","twitter_misc":{"Gesch\u00e4tzte Lesezeit":"1 minute"},"schema":{"@context":"https:\/\/schema.org","@graph":[{"@type":"WebPage","@id":"https:\/\/mennconcept.com\/de\/decoration\/zubehor-fur-den-tisch\/cache-bouteille\/","url":"https:\/\/mennconcept.com\/de\/decoration\/zubehor-fur-den-tisch\/cache-bouteille\/","name":"cache bouteille argent\u00e9 01 - Artisanat Marocain Mennconcept","isPartOf":{"@id":"https:\/\/mennconcept.com\/de\/#website"},"primaryImageOfPage":{"@id":"https:\/\/mennconcept.com\/de\/decoration\/zubehor-fur-den-tisch\/cache-bouteille\/#primaryimage"},"image":{"@id":"https:\/\/mennconcept.com\/de\/decoration\/zubehor-fur-den-tisch\/cache-bouteille\/#primaryimage"},"thumbnailUrl":"https:\/\/mennconcept.com\/wp-content\/uploads\/2016\/10\/pppp.jpg","datePublished":"2016-10-12T20:28:16+00:00","dateModified":"2024-01-31T11:03:43+00:00","breadcrumb":{"@id":"https:\/\/mennconcept.com\/de\/decoration\/zubehor-fur-den-tisch\/cache-bouteille\/#breadcrumb"},"inLanguage":"de-DE","potentialAction":[{"@type":"ReadAction","target":["https:\/\/mennconcept.com\/de\/decoration\/zubehor-fur-den-tisch\/cache-bouteille\/"]}]},{"@type":"ImageObject","inLanguage":"de-DE","@id":"https:\/\/mennconcept.com\/de\/decoration\/zubehor-fur-den-tisch\/cache-bouteille\/#primaryimage","url":"https:\/\/mennconcept.com\/wp-content\/uploads\/2016\/10\/pppp.jpg","contentUrl":"https:\/\/mennconcept.com\/wp-content\/uploads\/2016\/10\/pppp.jpg","width":2848,"height":4110},{"@type":"BreadcrumbList","@id":"https:\/\/mennconcept.com\/de\/decoration\/zubehor-fur-den-tisch\/cache-bouteille\/#breadcrumb","itemListElement":[{"@type":"ListItem","position":1,"name":"Accueil","item":"https:\/\/mennconcept.com\/de\/"},{"@type":"ListItem","position":2,"name":"Shop","item":"https:\/\/mennconcept.com\/de\/shop-2\/"},{"@type":"ListItem","position":3,"name":"cache bouteille argent\u00e9 01"}]},{"@type":"WebSite","@id":"https:\/\/mennconcept.com\/de\/#website","url":"https:\/\/mennconcept.com\/de\/","name":"Artisanat Marocain Mennconcept","description":"L&#039;Art de la Lumi\u00e8re. Artisanat Marocain de Luxe &amp; Cuivre Massif.","publisher":{"@id":"https:\/\/mennconcept.com\/de\/#\/schema\/person\/2b311a14878282b83fdf0b876d5463fd"},"potentialAction":[{"@type":"SearchAction","target":{"@type":"EntryPoint","urlTemplate":"https:\/\/mennconcept.com\/de\/?s={search_term_string}"},"query-input":{"@type":"PropertyValueSpecification","valueRequired":true,"valueName":"search_term_string"}}],"inLanguage":"de-DE"},{"@type":["Person","Organization"],"@id":"https:\/\/mennconcept.com\/de\/#\/schema\/person\/2b311a14878282b83fdf0b876d5463fd","name":"mennconcept","image":{"@type":"ImageObject","inLanguage":"de-DE","@id":"https:\/\/mennconcept.com\/wp-content\/uploads\/2021\/09\/rxyrsugfiinmmzpjdwly_400x400.png","url":"https:\/\/mennconcept.com\/wp-content\/uploads\/2021\/09\/rxyrsugfiinmmzpjdwly_400x400.png","contentUrl":"https:\/\/mennconcept.com\/wp-content\/uploads\/2021\/09\/rxyrsugfiinmmzpjdwly_400x400.png","width":400,"height":400,"caption":"mennconcept"},"logo":{"@id":"https:\/\/mennconcept.com\/wp-content\/uploads\/2021\/09\/rxyrsugfiinmmzpjdwly_400x400.png"}}]}},"jetpack_publicize_connections":[],"amp_enabled":true,"_links":{"self":[{"href":"https:\/\/mennconcept.com\/de\/wp-json\/wp\/v2\/product\/636","targetHints":{"allow":["GET"]}}],"collection":[{"href":"https:\/\/mennconcept.com\/de\/wp-json\/wp\/v2\/product"}],"about":[{"href":"https:\/\/mennconcept.com\/de\/wp-json\/wp\/v2\/types\/product"}],"replies":[{"embeddable":true,"href":"https:\/\/mennconcept.com\/de\/wp-json\/wp\/v2\/comments?post=636"}],"wp:featuredmedia":[{"embeddable":true,"href":"https:\/\/mennconcept.com\/de\/wp-json\/wp\/v2\/media\/606"}],"wp:attachment":[{"href":"https:\/\/mennconcept.com\/de\/wp-json\/wp\/v2\/media?parent=636"}],"wp:term":[{"taxonomy":"product_brand","embeddable":true,"href":"https:\/\/mennconcept.com\/de\/wp-json\/wp\/v2\/product_brand?post=636"},{"taxonomy":"product_cat","embeddable":true,"href":"https:\/\/mennconcept.com\/de\/wp-json\/wp\/v2\/product_cat?post=636"},{"taxonomy":"product_tag","embeddable":true,"href":"https:\/\/mennconcept.com\/de\/wp-json\/wp\/v2\/product_tag?post=636"}],"curies":[{"name":"wp","href":"https:\/\/api.w.org\/{rel}","templated":true}]}}