{"id":4167,"date":"2019-11-18T18:05:43","date_gmt":"2019-11-18T17:05:43","guid":{"rendered":"https:\/\/mennconcept.com\/?post_type=product&#038;p=4167"},"modified":"2022-10-17T19:48:55","modified_gmt":"2022-10-17T17:48:55","slug":"robinet-marocain-cuivre-02","status":"publish","type":"product","link":"https:\/\/mennconcept.com\/de\/decoration\/wasserhahn\/robinet-marocain-cuivre-02\/","title":{"rendered":"Robinet marocain cuivre 02"},"content":{"rendered":"<p>Robinet marocain cuivre 02, m\u00e9langeur, mitigeurs artisanat laiton bronze artisanal m\u00e9tal traditionnel marocain grav\u00e9e, accessoires sanitaires, pour salle de bains, pour toilettes, pour douches, lavabos vasques, baignoire, installations douches lampe cuivre style marocain lanterne pondant suspension marocaine traditionnel maillechort cuivre laiton patin\u00e9 vieillis d\u2019ores argent\u00e9 artisanat marocain, artisanale Marrakech Maroc traditionnel lampe salon, couloir , chambre, salle \u00e0 manger, terrasse, chambre \u00e0 coucher, Cuisine,<\/p>\n<p>Fabrication sur mesure, de diff\u00e9rant taille et mati\u00e8re, production sp\u00e9ciale pour un charme et d\u00e9coration sp\u00e9cial<\/p>\n<p>livraison gratuite pour la France<\/p>\n<p>TVA inclus<\/p>\n","protected":false},"excerpt":{"rendered":"<p>Robinet marocain cuivre 02, m\u00e9langeur, mitigeurs marocaine laiton bronze d&#8217;artisanat marocain, artisanal m\u00e9tal traditionnel marocain grav\u00e9e, accessoires sanitaires, pour salle de bains, toilettes, douches, lavabos vasques et \u00e9vier\u2026<\/p>\n","protected":false},"featured_media":582,"comment_status":"open","ping_status":"closed","template":"","meta":{"_monsterinsights_skip_tracking":false,"_monsterinsights_sitenote_active":false,"_monsterinsights_sitenote_note":"","_monsterinsights_sitenote_category":0,"_joinchat":[],"jetpack_publicize_message":"","jetpack_publicize_feature_enabled":true,"jetpack_social_post_already_shared":true,"jetpack_social_options":{"image_generator_settings":{"template":"highway","default_image_id":0,"font":"","enabled":false},"version":2}},"product_brand":[],"product_cat":[236],"product_tag":[225,506,501,502],"class_list":{"0":"post-4167","1":"product","2":"type-product","3":"status-publish","4":"has-post-thumbnail","6":"product_cat-robinet","7":"product_tag-artisanat-marocain","8":"product_tag-artisanat-marocain-cuivre","9":"product_tag-artisanat-marocaine","10":"product_tag-robinet-marocain-cuivre","12":"first","13":"instock","14":"taxable","15":"shipping-taxable","16":"purchasable","17":"product-type-simple"},"yoast_head":"<!-- This site is optimized with the Yoast SEO plugin v27.3 - https:\/\/yoast.com\/product\/yoast-seo-wordpress\/ -->\n<title>Robinet marocain cuivre 02 - Artisanat Marocain Mennconcept<\/title>\n<meta name=\"description\" content=\"Robinet marocain cuivre 02 pour salle de bein,cuisine...m\u00e9langeur,artisanat laiton bronze artisanal m\u00e9tal traditionnel marocain graver\u00a0marrakech\" \/>\n<meta name=\"robots\" content=\"index, follow, max-snippet:-1, max-image-preview:large, max-video-preview:-1\" \/>\n<link rel=\"canonical\" href=\"https:\/\/mennconcept.com\/de\/decoration\/wasserhahn\/robinet-marocain-cuivre-02\/\" \/>\n<meta property=\"og:locale\" content=\"de_DE\" \/>\n<meta property=\"og:type\" content=\"article\" \/>\n<meta property=\"og:title\" content=\"Robinet marocain cuivre 02 - Artisanat Marocain Mennconcept\" \/>\n<meta property=\"og:description\" content=\"Robinet marocain cuivre 02 pour salle de bein,cuisine...m\u00e9langeur,artisanat laiton bronze artisanal m\u00e9tal traditionnel marocain graver\u00a0marrakech\" \/>\n<meta property=\"og:url\" content=\"https:\/\/mennconcept.com\/de\/decoration\/wasserhahn\/robinet-marocain-cuivre-02\/\" \/>\n<meta property=\"og:site_name\" content=\"Artisanat Marocain Mennconcept\" \/>\n<meta property=\"article:modified_time\" content=\"2022-10-17T17:48:55+00:00\" \/>\n<meta property=\"og:image\" content=\"https:\/\/mennconcept.com\/wp-content\/uploads\/2016\/10\/11.jpg\" \/>\n\t<meta property=\"og:image:width\" content=\"436\" \/>\n\t<meta property=\"og:image:height\" content=\"411\" \/>\n\t<meta property=\"og:image:type\" content=\"image\/jpeg\" \/>\n<meta name=\"twitter:card\" content=\"summary_large_image\" \/>\n<meta name=\"twitter:site\" content=\"@ArtisanatM\" \/>\n<meta name=\"twitter:label1\" content=\"Gesch\u00e4tzte Lesezeit\" \/>\n\t<meta name=\"twitter:data1\" content=\"1 minute\" \/>\n<script type=\"application\/ld+json\" class=\"yoast-schema-graph\">{\"@context\":\"https:\\\/\\\/schema.org\",\"@graph\":[{\"@type\":\"WebPage\",\"@id\":\"https:\\\/\\\/mennconcept.com\\\/de\\\/decoration\\\/wasserhahn\\\/robinet-marocain-cuivre-02\\\/\",\"url\":\"https:\\\/\\\/mennconcept.com\\\/de\\\/decoration\\\/wasserhahn\\\/robinet-marocain-cuivre-02\\\/\",\"name\":\"Robinet marocain cuivre 02 - Artisanat Marocain Mennconcept\",\"isPartOf\":{\"@id\":\"https:\\\/\\\/mennconcept.com\\\/de\\\/#website\"},\"primaryImageOfPage\":{\"@id\":\"https:\\\/\\\/mennconcept.com\\\/de\\\/decoration\\\/wasserhahn\\\/robinet-marocain-cuivre-02\\\/#primaryimage\"},\"image\":{\"@id\":\"https:\\\/\\\/mennconcept.com\\\/de\\\/decoration\\\/wasserhahn\\\/robinet-marocain-cuivre-02\\\/#primaryimage\"},\"thumbnailUrl\":\"https:\\\/\\\/mennconcept.com\\\/wp-content\\\/uploads\\\/2016\\\/10\\\/11.jpg\",\"datePublished\":\"2019-11-18T17:05:43+00:00\",\"dateModified\":\"2022-10-17T17:48:55+00:00\",\"description\":\"Robinet marocain cuivre 02 pour salle de bein,cuisine...m\u00e9langeur,artisanat laiton bronze artisanal m\u00e9tal traditionnel marocain graver\u00a0marrakech\",\"breadcrumb\":{\"@id\":\"https:\\\/\\\/mennconcept.com\\\/de\\\/decoration\\\/wasserhahn\\\/robinet-marocain-cuivre-02\\\/#breadcrumb\"},\"inLanguage\":\"de-DE\",\"potentialAction\":[{\"@type\":\"ReadAction\",\"target\":[\"https:\\\/\\\/mennconcept.com\\\/de\\\/decoration\\\/wasserhahn\\\/robinet-marocain-cuivre-02\\\/\"]}]},{\"@type\":\"ImageObject\",\"inLanguage\":\"de-DE\",\"@id\":\"https:\\\/\\\/mennconcept.com\\\/de\\\/decoration\\\/wasserhahn\\\/robinet-marocain-cuivre-02\\\/#primaryimage\",\"url\":\"https:\\\/\\\/mennconcept.com\\\/wp-content\\\/uploads\\\/2016\\\/10\\\/11.jpg\",\"contentUrl\":\"https:\\\/\\\/mennconcept.com\\\/wp-content\\\/uploads\\\/2016\\\/10\\\/11.jpg\",\"width\":436,\"height\":411,\"caption\":\"Artisanat marocain cuivre\"},{\"@type\":\"BreadcrumbList\",\"@id\":\"https:\\\/\\\/mennconcept.com\\\/de\\\/decoration\\\/wasserhahn\\\/robinet-marocain-cuivre-02\\\/#breadcrumb\",\"itemListElement\":[{\"@type\":\"ListItem\",\"position\":1,\"name\":\"Accueil\",\"item\":\"https:\\\/\\\/mennconcept.com\\\/de\\\/\"},{\"@type\":\"ListItem\",\"position\":2,\"name\":\"Shop\",\"item\":\"https:\\\/\\\/mennconcept.com\\\/de\\\/shop-2\\\/\"},{\"@type\":\"ListItem\",\"position\":3,\"name\":\"Robinet marocain cuivre 02\"}]},{\"@type\":\"WebSite\",\"@id\":\"https:\\\/\\\/mennconcept.com\\\/de\\\/#website\",\"url\":\"https:\\\/\\\/mennconcept.com\\\/de\\\/\",\"name\":\"Artisanat Marocain Mennconcept\",\"description\":\"L&#039;Art de la Lumi\u00e8re. Artisanat Marocain de Luxe &amp; Cuivre Massif.\",\"publisher\":{\"@id\":\"https:\\\/\\\/mennconcept.com\\\/de\\\/#\\\/schema\\\/person\\\/2b311a14878282b83fdf0b876d5463fd\"},\"potentialAction\":[{\"@type\":\"SearchAction\",\"target\":{\"@type\":\"EntryPoint\",\"urlTemplate\":\"https:\\\/\\\/mennconcept.com\\\/de\\\/?s={search_term_string}\"},\"query-input\":{\"@type\":\"PropertyValueSpecification\",\"valueRequired\":true,\"valueName\":\"search_term_string\"}}],\"inLanguage\":\"de-DE\"},{\"@type\":[\"Person\",\"Organization\"],\"@id\":\"https:\\\/\\\/mennconcept.com\\\/de\\\/#\\\/schema\\\/person\\\/2b311a14878282b83fdf0b876d5463fd\",\"name\":\"mennconcept\",\"image\":{\"@type\":\"ImageObject\",\"inLanguage\":\"de-DE\",\"@id\":\"https:\\\/\\\/mennconcept.com\\\/wp-content\\\/uploads\\\/2021\\\/09\\\/rxyrsugfiinmmzpjdwly_400x400.png\",\"url\":\"https:\\\/\\\/mennconcept.com\\\/wp-content\\\/uploads\\\/2021\\\/09\\\/rxyrsugfiinmmzpjdwly_400x400.png\",\"contentUrl\":\"https:\\\/\\\/mennconcept.com\\\/wp-content\\\/uploads\\\/2021\\\/09\\\/rxyrsugfiinmmzpjdwly_400x400.png\",\"width\":400,\"height\":400,\"caption\":\"mennconcept\"},\"logo\":{\"@id\":\"https:\\\/\\\/mennconcept.com\\\/wp-content\\\/uploads\\\/2021\\\/09\\\/rxyrsugfiinmmzpjdwly_400x400.png\"}}]}<\/script>\n<!-- \/ Yoast SEO plugin. -->","yoast_head_json":{"title":"Robinet marocain cuivre 02 - Artisanat Marocain Mennconcept","description":"Robinet marocain cuivre 02 pour salle de bein,cuisine...m\u00e9langeur,artisanat laiton bronze artisanal m\u00e9tal traditionnel marocain graver\u00a0marrakech","robots":{"index":"index","follow":"follow","max-snippet":"max-snippet:-1","max-image-preview":"max-image-preview:large","max-video-preview":"max-video-preview:-1"},"canonical":"https:\/\/mennconcept.com\/de\/decoration\/wasserhahn\/robinet-marocain-cuivre-02\/","og_locale":"de_DE","og_type":"article","og_title":"Robinet marocain cuivre 02 - Artisanat Marocain Mennconcept","og_description":"Robinet marocain cuivre 02 pour salle de bein,cuisine...m\u00e9langeur,artisanat laiton bronze artisanal m\u00e9tal traditionnel marocain graver\u00a0marrakech","og_url":"https:\/\/mennconcept.com\/de\/decoration\/wasserhahn\/robinet-marocain-cuivre-02\/","og_site_name":"Artisanat Marocain Mennconcept","article_modified_time":"2022-10-17T17:48:55+00:00","og_image":[{"width":436,"height":411,"url":"https:\/\/mennconcept.com\/wp-content\/uploads\/2016\/10\/11.jpg","type":"image\/jpeg"}],"twitter_card":"summary_large_image","twitter_site":"@ArtisanatM","twitter_misc":{"Gesch\u00e4tzte Lesezeit":"1 minute"},"schema":{"@context":"https:\/\/schema.org","@graph":[{"@type":"WebPage","@id":"https:\/\/mennconcept.com\/de\/decoration\/wasserhahn\/robinet-marocain-cuivre-02\/","url":"https:\/\/mennconcept.com\/de\/decoration\/wasserhahn\/robinet-marocain-cuivre-02\/","name":"Robinet marocain cuivre 02 - Artisanat Marocain Mennconcept","isPartOf":{"@id":"https:\/\/mennconcept.com\/de\/#website"},"primaryImageOfPage":{"@id":"https:\/\/mennconcept.com\/de\/decoration\/wasserhahn\/robinet-marocain-cuivre-02\/#primaryimage"},"image":{"@id":"https:\/\/mennconcept.com\/de\/decoration\/wasserhahn\/robinet-marocain-cuivre-02\/#primaryimage"},"thumbnailUrl":"https:\/\/mennconcept.com\/wp-content\/uploads\/2016\/10\/11.jpg","datePublished":"2019-11-18T17:05:43+00:00","dateModified":"2022-10-17T17:48:55+00:00","description":"Robinet marocain cuivre 02 pour salle de bein,cuisine...m\u00e9langeur,artisanat laiton bronze artisanal m\u00e9tal traditionnel marocain graver\u00a0marrakech","breadcrumb":{"@id":"https:\/\/mennconcept.com\/de\/decoration\/wasserhahn\/robinet-marocain-cuivre-02\/#breadcrumb"},"inLanguage":"de-DE","potentialAction":[{"@type":"ReadAction","target":["https:\/\/mennconcept.com\/de\/decoration\/wasserhahn\/robinet-marocain-cuivre-02\/"]}]},{"@type":"ImageObject","inLanguage":"de-DE","@id":"https:\/\/mennconcept.com\/de\/decoration\/wasserhahn\/robinet-marocain-cuivre-02\/#primaryimage","url":"https:\/\/mennconcept.com\/wp-content\/uploads\/2016\/10\/11.jpg","contentUrl":"https:\/\/mennconcept.com\/wp-content\/uploads\/2016\/10\/11.jpg","width":436,"height":411,"caption":"Artisanat marocain cuivre"},{"@type":"BreadcrumbList","@id":"https:\/\/mennconcept.com\/de\/decoration\/wasserhahn\/robinet-marocain-cuivre-02\/#breadcrumb","itemListElement":[{"@type":"ListItem","position":1,"name":"Accueil","item":"https:\/\/mennconcept.com\/de\/"},{"@type":"ListItem","position":2,"name":"Shop","item":"https:\/\/mennconcept.com\/de\/shop-2\/"},{"@type":"ListItem","position":3,"name":"Robinet marocain cuivre 02"}]},{"@type":"WebSite","@id":"https:\/\/mennconcept.com\/de\/#website","url":"https:\/\/mennconcept.com\/de\/","name":"Artisanat Marocain Mennconcept","description":"L&#039;Art de la Lumi\u00e8re. Artisanat Marocain de Luxe &amp; Cuivre Massif.","publisher":{"@id":"https:\/\/mennconcept.com\/de\/#\/schema\/person\/2b311a14878282b83fdf0b876d5463fd"},"potentialAction":[{"@type":"SearchAction","target":{"@type":"EntryPoint","urlTemplate":"https:\/\/mennconcept.com\/de\/?s={search_term_string}"},"query-input":{"@type":"PropertyValueSpecification","valueRequired":true,"valueName":"search_term_string"}}],"inLanguage":"de-DE"},{"@type":["Person","Organization"],"@id":"https:\/\/mennconcept.com\/de\/#\/schema\/person\/2b311a14878282b83fdf0b876d5463fd","name":"mennconcept","image":{"@type":"ImageObject","inLanguage":"de-DE","@id":"https:\/\/mennconcept.com\/wp-content\/uploads\/2021\/09\/rxyrsugfiinmmzpjdwly_400x400.png","url":"https:\/\/mennconcept.com\/wp-content\/uploads\/2021\/09\/rxyrsugfiinmmzpjdwly_400x400.png","contentUrl":"https:\/\/mennconcept.com\/wp-content\/uploads\/2021\/09\/rxyrsugfiinmmzpjdwly_400x400.png","width":400,"height":400,"caption":"mennconcept"},"logo":{"@id":"https:\/\/mennconcept.com\/wp-content\/uploads\/2021\/09\/rxyrsugfiinmmzpjdwly_400x400.png"}}]}},"jetpack_publicize_connections":[],"amp_enabled":true,"_links":{"self":[{"href":"https:\/\/mennconcept.com\/de\/wp-json\/wp\/v2\/product\/4167","targetHints":{"allow":["GET"]}}],"collection":[{"href":"https:\/\/mennconcept.com\/de\/wp-json\/wp\/v2\/product"}],"about":[{"href":"https:\/\/mennconcept.com\/de\/wp-json\/wp\/v2\/types\/product"}],"replies":[{"embeddable":true,"href":"https:\/\/mennconcept.com\/de\/wp-json\/wp\/v2\/comments?post=4167"}],"wp:featuredmedia":[{"embeddable":true,"href":"https:\/\/mennconcept.com\/de\/wp-json\/wp\/v2\/media\/582"}],"wp:attachment":[{"href":"https:\/\/mennconcept.com\/de\/wp-json\/wp\/v2\/media?parent=4167"}],"wp:term":[{"taxonomy":"product_brand","embeddable":true,"href":"https:\/\/mennconcept.com\/de\/wp-json\/wp\/v2\/product_brand?post=4167"},{"taxonomy":"product_cat","embeddable":true,"href":"https:\/\/mennconcept.com\/de\/wp-json\/wp\/v2\/product_cat?post=4167"},{"taxonomy":"product_tag","embeddable":true,"href":"https:\/\/mennconcept.com\/de\/wp-json\/wp\/v2\/product_tag?post=4167"}],"curies":[{"name":"wp","href":"https:\/\/api.w.org\/{rel}","templated":true}]}}