{"id":3015,"date":"2019-08-04T13:21:08","date_gmt":"2019-08-04T11:21:08","guid":{"rendered":"https:\/\/mennconcept.com\/?post_type=product&#038;p=3015"},"modified":"2025-12-26T13:11:52","modified_gmt":"2025-12-26T12:11:52","slug":"lavabo-argente-marocain-moroccan-silver-sink-08","status":"publish","type":"product","link":"https:\/\/mennconcept.com\/de\/decoration\/waschbecken\/lavabo-argente-marocain-moroccan-silver-sink-08\/","title":{"rendered":"Lavabo argent\u00e9 marocain\/ moroccan silver sink 08"},"content":{"rendered":"<p>40cm<\/p>\n<p>\ud83c\uddeb\ud83c\uddf7 Lavabo cuivre artisanat marocain traditionnel salle de bains laiton maillechort Marrakech Maroc martel\u00e9 ext\u00e9rieur non castr\u00e9e artisanale<\/p>\n<p>Fabrication sur mesure aussiT<\/p>\n<p>TVA inclut + Transport gratuit France<\/p>\n<p>\ud83c\uddec\ud83c\udde7 Copper sink traditional Moroccan crafts bathroom nickel silver brass Marrakech Morocco hammered exterior non castrated artisanal<\/p>\n<p>Made to measure too<\/p>\n<p>VAT included + Free transport France<\/p>\n","protected":false},"excerpt":{"rendered":"<p>40cm<\/p>\n<p>\ud83c\uddeb\ud83c\uddf7 Lavabo cuivre artisanat marocain traditionnel salle de bains laiton maillechort Marrakech Maroc martel\u00e9 ext\u00e9rieur non castr\u00e9e artisanale<\/p>\n<p>Fabrication sur mesure aussiT<\/p>\n<p>TVA inclut + Transport gratuit France<\/p>\n<p>\ud83c\uddec\ud83c\udde7 Copper sink traditional Moroccan crafts bathroom nickel silver brass Marrakech Morocco hammered exterior non castrated artisanal<\/p>\n<p>Made to measure too<\/p>\n<p>VAT included + Free transport France<\/p>\n","protected":false},"featured_media":13765,"comment_status":"open","ping_status":"closed","template":"","meta":{"_monsterinsights_skip_tracking":false,"_monsterinsights_sitenote_active":false,"_monsterinsights_sitenote_note":"","_monsterinsights_sitenote_category":0,"_joinchat":[],"jetpack_publicize_message":"","jetpack_publicize_feature_enabled":true,"jetpack_social_post_already_shared":true,"jetpack_social_options":{"image_generator_settings":{"template":"highway","default_image_id":0,"font":"","enabled":false},"version":2}},"product_brand":[],"product_cat":[44],"product_tag":[],"class_list":{"0":"post-3015","1":"product","2":"type-product","3":"status-publish","4":"has-post-thumbnail","6":"product_cat-lavabo","8":"first","9":"instock","10":"taxable","11":"shipping-taxable","12":"purchasable","13":"product-type-simple"},"yoast_head":"<!-- This site is optimized with the Yoast SEO plugin v27.3 - https:\/\/yoast.com\/product\/yoast-seo-wordpress\/ -->\n<title>Lavabo argent\u00e9 marocain\/ moroccan silver sink 08 - Artisanat Marocain Mennconcept<\/title>\n<meta name=\"robots\" content=\"index, follow, max-snippet:-1, max-image-preview:large, max-video-preview:-1\" \/>\n<link rel=\"canonical\" href=\"https:\/\/mennconcept.com\/de\/decoration\/waschbecken\/lavabo-argente-marocain-moroccan-silver-sink-08\/\" \/>\n<meta property=\"og:locale\" content=\"de_DE\" \/>\n<meta property=\"og:type\" content=\"article\" \/>\n<meta property=\"og:title\" content=\"Lavabo argent\u00e9 marocain\/ moroccan silver sink 08 - Artisanat Marocain Mennconcept\" \/>\n<meta property=\"og:description\" content=\"40cm  \ud83c\uddeb\ud83c\uddf7 Lavabo cuivre artisanat marocain traditionnel salle de bains laiton maillechort Marrakech Maroc martel\u00e9 ext\u00e9rieur non castr\u00e9e artisanale  Fabrication sur mesure aussiT  TVA inclut + Transport gratuit France  \ud83c\uddec\ud83c\udde7 Copper sink traditional Moroccan crafts bathroom nickel silver brass Marrakech Morocco hammered exterior non castrated artisanal  Made to measure too  VAT included + Free transport France\" \/>\n<meta property=\"og:url\" content=\"https:\/\/mennconcept.com\/de\/decoration\/waschbecken\/lavabo-argente-marocain-moroccan-silver-sink-08\/\" \/>\n<meta property=\"og:site_name\" content=\"Artisanat Marocain Mennconcept\" \/>\n<meta property=\"article:modified_time\" content=\"2025-12-26T12:11:52+00:00\" \/>\n<meta property=\"og:image\" content=\"https:\/\/mennconcept.com\/wp-content\/uploads\/2019\/12\/Lavabo-argent\u00e9-marocain-moroccan-silver-sink-08.jpg\" \/>\n\t<meta property=\"og:image:width\" content=\"2268\" \/>\n\t<meta property=\"og:image:height\" content=\"1570\" \/>\n\t<meta property=\"og:image:type\" content=\"image\/jpeg\" \/>\n<meta name=\"twitter:card\" content=\"summary_large_image\" \/>\n<meta name=\"twitter:site\" content=\"@ArtisanatM\" \/>\n<meta name=\"twitter:label1\" content=\"Gesch\u00e4tzte Lesezeit\" \/>\n\t<meta name=\"twitter:data1\" content=\"1 minute\" \/>\n<script type=\"application\/ld+json\" class=\"yoast-schema-graph\">{\"@context\":\"https:\\\/\\\/schema.org\",\"@graph\":[{\"@type\":\"WebPage\",\"@id\":\"https:\\\/\\\/mennconcept.com\\\/de\\\/decoration\\\/waschbecken\\\/lavabo-argente-marocain-moroccan-silver-sink-08\\\/\",\"url\":\"https:\\\/\\\/mennconcept.com\\\/de\\\/decoration\\\/waschbecken\\\/lavabo-argente-marocain-moroccan-silver-sink-08\\\/\",\"name\":\"Lavabo argent\u00e9 marocain\\\/ moroccan silver sink 08 - Artisanat Marocain Mennconcept\",\"isPartOf\":{\"@id\":\"https:\\\/\\\/mennconcept.com\\\/de\\\/#website\"},\"primaryImageOfPage\":{\"@id\":\"https:\\\/\\\/mennconcept.com\\\/de\\\/decoration\\\/waschbecken\\\/lavabo-argente-marocain-moroccan-silver-sink-08\\\/#primaryimage\"},\"image\":{\"@id\":\"https:\\\/\\\/mennconcept.com\\\/de\\\/decoration\\\/waschbecken\\\/lavabo-argente-marocain-moroccan-silver-sink-08\\\/#primaryimage\"},\"thumbnailUrl\":\"https:\\\/\\\/mennconcept.com\\\/wp-content\\\/uploads\\\/2019\\\/12\\\/Lavabo-argent\u00e9-marocain-moroccan-silver-sink-08.jpg\",\"datePublished\":\"2019-08-04T11:21:08+00:00\",\"dateModified\":\"2025-12-26T12:11:52+00:00\",\"breadcrumb\":{\"@id\":\"https:\\\/\\\/mennconcept.com\\\/de\\\/decoration\\\/waschbecken\\\/lavabo-argente-marocain-moroccan-silver-sink-08\\\/#breadcrumb\"},\"inLanguage\":\"de-DE\",\"potentialAction\":[{\"@type\":\"ReadAction\",\"target\":[\"https:\\\/\\\/mennconcept.com\\\/de\\\/decoration\\\/waschbecken\\\/lavabo-argente-marocain-moroccan-silver-sink-08\\\/\"]}]},{\"@type\":\"ImageObject\",\"inLanguage\":\"de-DE\",\"@id\":\"https:\\\/\\\/mennconcept.com\\\/de\\\/decoration\\\/waschbecken\\\/lavabo-argente-marocain-moroccan-silver-sink-08\\\/#primaryimage\",\"url\":\"https:\\\/\\\/mennconcept.com\\\/wp-content\\\/uploads\\\/2019\\\/12\\\/Lavabo-argent\u00e9-marocain-moroccan-silver-sink-08.jpg\",\"contentUrl\":\"https:\\\/\\\/mennconcept.com\\\/wp-content\\\/uploads\\\/2019\\\/12\\\/Lavabo-argent\u00e9-marocain-moroccan-silver-sink-08.jpg\",\"width\":2268,\"height\":1570},{\"@type\":\"BreadcrumbList\",\"@id\":\"https:\\\/\\\/mennconcept.com\\\/de\\\/decoration\\\/waschbecken\\\/lavabo-argente-marocain-moroccan-silver-sink-08\\\/#breadcrumb\",\"itemListElement\":[{\"@type\":\"ListItem\",\"position\":1,\"name\":\"Accueil\",\"item\":\"https:\\\/\\\/mennconcept.com\\\/de\\\/\"},{\"@type\":\"ListItem\",\"position\":2,\"name\":\"Shop\",\"item\":\"https:\\\/\\\/mennconcept.com\\\/de\\\/shop-2\\\/\"},{\"@type\":\"ListItem\",\"position\":3,\"name\":\"Lavabo argent\u00e9 marocain\\\/ moroccan silver sink 08\"}]},{\"@type\":\"WebSite\",\"@id\":\"https:\\\/\\\/mennconcept.com\\\/de\\\/#website\",\"url\":\"https:\\\/\\\/mennconcept.com\\\/de\\\/\",\"name\":\"Artisanat Marocain Mennconcept\",\"description\":\"L&#039;Art de la Lumi\u00e8re. Artisanat Marocain de Luxe &amp; Cuivre Massif.\",\"publisher\":{\"@id\":\"https:\\\/\\\/mennconcept.com\\\/de\\\/#\\\/schema\\\/person\\\/2b311a14878282b83fdf0b876d5463fd\"},\"potentialAction\":[{\"@type\":\"SearchAction\",\"target\":{\"@type\":\"EntryPoint\",\"urlTemplate\":\"https:\\\/\\\/mennconcept.com\\\/de\\\/?s={search_term_string}\"},\"query-input\":{\"@type\":\"PropertyValueSpecification\",\"valueRequired\":true,\"valueName\":\"search_term_string\"}}],\"inLanguage\":\"de-DE\"},{\"@type\":[\"Person\",\"Organization\"],\"@id\":\"https:\\\/\\\/mennconcept.com\\\/de\\\/#\\\/schema\\\/person\\\/2b311a14878282b83fdf0b876d5463fd\",\"name\":\"mennconcept\",\"image\":{\"@type\":\"ImageObject\",\"inLanguage\":\"de-DE\",\"@id\":\"https:\\\/\\\/mennconcept.com\\\/wp-content\\\/uploads\\\/2021\\\/09\\\/rxyrsugfiinmmzpjdwly_400x400.png\",\"url\":\"https:\\\/\\\/mennconcept.com\\\/wp-content\\\/uploads\\\/2021\\\/09\\\/rxyrsugfiinmmzpjdwly_400x400.png\",\"contentUrl\":\"https:\\\/\\\/mennconcept.com\\\/wp-content\\\/uploads\\\/2021\\\/09\\\/rxyrsugfiinmmzpjdwly_400x400.png\",\"width\":400,\"height\":400,\"caption\":\"mennconcept\"},\"logo\":{\"@id\":\"https:\\\/\\\/mennconcept.com\\\/wp-content\\\/uploads\\\/2021\\\/09\\\/rxyrsugfiinmmzpjdwly_400x400.png\"}}]}<\/script>\n<!-- \/ Yoast SEO plugin. -->","yoast_head_json":{"title":"Lavabo argent\u00e9 marocain\/ moroccan silver sink 08 - Artisanat Marocain Mennconcept","robots":{"index":"index","follow":"follow","max-snippet":"max-snippet:-1","max-image-preview":"max-image-preview:large","max-video-preview":"max-video-preview:-1"},"canonical":"https:\/\/mennconcept.com\/de\/decoration\/waschbecken\/lavabo-argente-marocain-moroccan-silver-sink-08\/","og_locale":"de_DE","og_type":"article","og_title":"Lavabo argent\u00e9 marocain\/ moroccan silver sink 08 - Artisanat Marocain Mennconcept","og_description":"40cm  \ud83c\uddeb\ud83c\uddf7 Lavabo cuivre artisanat marocain traditionnel salle de bains laiton maillechort Marrakech Maroc martel\u00e9 ext\u00e9rieur non castr\u00e9e artisanale  Fabrication sur mesure aussiT  TVA inclut + Transport gratuit France  \ud83c\uddec\ud83c\udde7 Copper sink traditional Moroccan crafts bathroom nickel silver brass Marrakech Morocco hammered exterior non castrated artisanal  Made to measure too  VAT included + Free transport France","og_url":"https:\/\/mennconcept.com\/de\/decoration\/waschbecken\/lavabo-argente-marocain-moroccan-silver-sink-08\/","og_site_name":"Artisanat Marocain Mennconcept","article_modified_time":"2025-12-26T12:11:52+00:00","og_image":[{"width":2268,"height":1570,"url":"https:\/\/mennconcept.com\/wp-content\/uploads\/2019\/12\/Lavabo-argent\u00e9-marocain-moroccan-silver-sink-08.jpg","type":"image\/jpeg"}],"twitter_card":"summary_large_image","twitter_site":"@ArtisanatM","twitter_misc":{"Gesch\u00e4tzte Lesezeit":"1 minute"},"schema":{"@context":"https:\/\/schema.org","@graph":[{"@type":"WebPage","@id":"https:\/\/mennconcept.com\/de\/decoration\/waschbecken\/lavabo-argente-marocain-moroccan-silver-sink-08\/","url":"https:\/\/mennconcept.com\/de\/decoration\/waschbecken\/lavabo-argente-marocain-moroccan-silver-sink-08\/","name":"Lavabo argent\u00e9 marocain\/ moroccan silver sink 08 - Artisanat Marocain Mennconcept","isPartOf":{"@id":"https:\/\/mennconcept.com\/de\/#website"},"primaryImageOfPage":{"@id":"https:\/\/mennconcept.com\/de\/decoration\/waschbecken\/lavabo-argente-marocain-moroccan-silver-sink-08\/#primaryimage"},"image":{"@id":"https:\/\/mennconcept.com\/de\/decoration\/waschbecken\/lavabo-argente-marocain-moroccan-silver-sink-08\/#primaryimage"},"thumbnailUrl":"https:\/\/mennconcept.com\/wp-content\/uploads\/2019\/12\/Lavabo-argent\u00e9-marocain-moroccan-silver-sink-08.jpg","datePublished":"2019-08-04T11:21:08+00:00","dateModified":"2025-12-26T12:11:52+00:00","breadcrumb":{"@id":"https:\/\/mennconcept.com\/de\/decoration\/waschbecken\/lavabo-argente-marocain-moroccan-silver-sink-08\/#breadcrumb"},"inLanguage":"de-DE","potentialAction":[{"@type":"ReadAction","target":["https:\/\/mennconcept.com\/de\/decoration\/waschbecken\/lavabo-argente-marocain-moroccan-silver-sink-08\/"]}]},{"@type":"ImageObject","inLanguage":"de-DE","@id":"https:\/\/mennconcept.com\/de\/decoration\/waschbecken\/lavabo-argente-marocain-moroccan-silver-sink-08\/#primaryimage","url":"https:\/\/mennconcept.com\/wp-content\/uploads\/2019\/12\/Lavabo-argent\u00e9-marocain-moroccan-silver-sink-08.jpg","contentUrl":"https:\/\/mennconcept.com\/wp-content\/uploads\/2019\/12\/Lavabo-argent\u00e9-marocain-moroccan-silver-sink-08.jpg","width":2268,"height":1570},{"@type":"BreadcrumbList","@id":"https:\/\/mennconcept.com\/de\/decoration\/waschbecken\/lavabo-argente-marocain-moroccan-silver-sink-08\/#breadcrumb","itemListElement":[{"@type":"ListItem","position":1,"name":"Accueil","item":"https:\/\/mennconcept.com\/de\/"},{"@type":"ListItem","position":2,"name":"Shop","item":"https:\/\/mennconcept.com\/de\/shop-2\/"},{"@type":"ListItem","position":3,"name":"Lavabo argent\u00e9 marocain\/ moroccan silver sink 08"}]},{"@type":"WebSite","@id":"https:\/\/mennconcept.com\/de\/#website","url":"https:\/\/mennconcept.com\/de\/","name":"Artisanat Marocain Mennconcept","description":"L&#039;Art de la Lumi\u00e8re. Artisanat Marocain de Luxe &amp; Cuivre Massif.","publisher":{"@id":"https:\/\/mennconcept.com\/de\/#\/schema\/person\/2b311a14878282b83fdf0b876d5463fd"},"potentialAction":[{"@type":"SearchAction","target":{"@type":"EntryPoint","urlTemplate":"https:\/\/mennconcept.com\/de\/?s={search_term_string}"},"query-input":{"@type":"PropertyValueSpecification","valueRequired":true,"valueName":"search_term_string"}}],"inLanguage":"de-DE"},{"@type":["Person","Organization"],"@id":"https:\/\/mennconcept.com\/de\/#\/schema\/person\/2b311a14878282b83fdf0b876d5463fd","name":"mennconcept","image":{"@type":"ImageObject","inLanguage":"de-DE","@id":"https:\/\/mennconcept.com\/wp-content\/uploads\/2021\/09\/rxyrsugfiinmmzpjdwly_400x400.png","url":"https:\/\/mennconcept.com\/wp-content\/uploads\/2021\/09\/rxyrsugfiinmmzpjdwly_400x400.png","contentUrl":"https:\/\/mennconcept.com\/wp-content\/uploads\/2021\/09\/rxyrsugfiinmmzpjdwly_400x400.png","width":400,"height":400,"caption":"mennconcept"},"logo":{"@id":"https:\/\/mennconcept.com\/wp-content\/uploads\/2021\/09\/rxyrsugfiinmmzpjdwly_400x400.png"}}]}},"jetpack_publicize_connections":[],"amp_enabled":true,"_links":{"self":[{"href":"https:\/\/mennconcept.com\/de\/wp-json\/wp\/v2\/product\/3015","targetHints":{"allow":["GET"]}}],"collection":[{"href":"https:\/\/mennconcept.com\/de\/wp-json\/wp\/v2\/product"}],"about":[{"href":"https:\/\/mennconcept.com\/de\/wp-json\/wp\/v2\/types\/product"}],"replies":[{"embeddable":true,"href":"https:\/\/mennconcept.com\/de\/wp-json\/wp\/v2\/comments?post=3015"}],"wp:featuredmedia":[{"embeddable":true,"href":"https:\/\/mennconcept.com\/de\/wp-json\/wp\/v2\/media\/13765"}],"wp:attachment":[{"href":"https:\/\/mennconcept.com\/de\/wp-json\/wp\/v2\/media?parent=3015"}],"wp:term":[{"taxonomy":"product_brand","embeddable":true,"href":"https:\/\/mennconcept.com\/de\/wp-json\/wp\/v2\/product_brand?post=3015"},{"taxonomy":"product_cat","embeddable":true,"href":"https:\/\/mennconcept.com\/de\/wp-json\/wp\/v2\/product_cat?post=3015"},{"taxonomy":"product_tag","embeddable":true,"href":"https:\/\/mennconcept.com\/de\/wp-json\/wp\/v2\/product_tag?post=3015"}],"curies":[{"name":"wp","href":"https:\/\/api.w.org\/{rel}","templated":true}]}}