{"id":20574,"date":"2022-02-05T21:08:43","date_gmt":"2022-02-05T20:08:43","guid":{"rendered":"https:\/\/mennconcept.com\/?post_type=product&#038;p=20574"},"modified":"2026-04-17T15:58:19","modified_gmt":"2026-04-17T13:58:19","slug":"lavabo-argente-marocain-tawrik-oval","status":"publish","type":"product","link":"https:\/\/mennconcept.com\/de\/decoration\/waschbecken\/lavabo-argente-marocain-tawrik-oval\/","title":{"rendered":"Evier Marocain Argent\u00e9 Tawrik OVAL"},"content":{"rendered":"<div class=\"woocommerce-product-details__short-description\">\n<div class=\"woocommerce-product-details__short-description\">\n<div class=\"woocommerce-product-details__short-description\">\n<p>Evier Marocain Argent\u00e9 Tawrik pour salle de bain, \u00e9vier lave main ovale, d&#8217;artisanat marocain traditionnel,Marrakech, vasque en cuivre castr\u00e9e&#8230;<\/p>\n<p>Hauteur: 8 cm<\/p>\n<p>Longueur : 40 cm<\/p>\n<p>Largeur: 30<\/p>\n<p>Fabrication sur mesure aussi<\/p>\n<p>TVA inclut + Transport gratuit France<\/p>\n<\/div>\n<\/div>\n<\/div>\n","protected":false},"excerpt":{"rendered":"<div class=\"woocommerce-product-details__short-description\">\n<p>Evier Marocain Argent\u00e9 Tawrik pour salle de bain, \u00e9vier lave main ovale, d&#8217;artisanat marocain traditionnel,Marrakech, vasque en cuivre castr\u00e9e&#8230;<\/p>\n<p>Hauteur: 8 cm<\/p>\n<p>Longueur : 40 cm<\/p>\n<p>Largeur: 30cm<\/p>\n<p>Fabrication sur mesure aussi<\/p>\n<p>TVA inclut + Transport gratuit France<\/p>\n<\/div>\n","protected":false},"featured_media":20584,"comment_status":"open","ping_status":"closed","template":"","meta":{"_monsterinsights_skip_tracking":false,"_monsterinsights_sitenote_active":false,"_monsterinsights_sitenote_note":"","_monsterinsights_sitenote_category":0,"_joinchat":[],"jetpack_publicize_message":"","jetpack_publicize_feature_enabled":true,"jetpack_social_post_already_shared":true,"jetpack_social_options":{"image_generator_settings":{"template":"highway","default_image_id":0,"font":"","enabled":false},"version":2}},"product_brand":[],"product_cat":[44],"product_tag":[225,223],"class_list":{"0":"post-20574","1":"product","2":"type-product","3":"status-publish","4":"has-post-thumbnail","6":"product_cat-lavabo","7":"product_tag-artisanat-marocain","8":"product_tag-cuivre","10":"first","11":"instock","12":"taxable","13":"shipping-taxable","14":"purchasable","15":"product-type-simple"},"yoast_head":"<!-- This site is optimized with the Yoast SEO plugin v27.3 - https:\/\/yoast.com\/product\/yoast-seo-wordpress\/ -->\n<title>Evier Marocain Argent\u00e9 Tawrik OVAL - Artisanat Marocain Mennconcept<\/title>\n<meta name=\"description\" content=\"Evier Marocain Argent\u00e9 Tawrik pour salle de bain, \u00e9vier lave main ovale, d&#039;artisanat marocain traditionnel,Marrakech, vasque en cuivre castr\u00e9e...\" \/>\n<meta name=\"robots\" content=\"index, follow, max-snippet:-1, max-image-preview:large, max-video-preview:-1\" \/>\n<link rel=\"canonical\" href=\"https:\/\/mennconcept.com\/de\/decoration\/waschbecken\/lavabo-argente-marocain-tawrik-oval\/\" \/>\n<meta property=\"og:locale\" content=\"de_DE\" \/>\n<meta property=\"og:type\" content=\"article\" \/>\n<meta property=\"og:title\" content=\"Evier Marocain Argent\u00e9 Tawrik OVAL - Artisanat Marocain Mennconcept\" \/>\n<meta property=\"og:description\" content=\"Evier Marocain Argent\u00e9 Tawrik pour salle de bain, \u00e9vier lave main ovale, d&#039;artisanat marocain traditionnel,Marrakech, vasque en cuivre castr\u00e9e...\" \/>\n<meta property=\"og:url\" content=\"https:\/\/mennconcept.com\/de\/decoration\/waschbecken\/lavabo-argente-marocain-tawrik-oval\/\" \/>\n<meta property=\"og:site_name\" content=\"Artisanat Marocain Mennconcept\" \/>\n<meta property=\"article:modified_time\" content=\"2026-04-17T13:58:19+00:00\" \/>\n<meta property=\"og:image\" content=\"https:\/\/mennconcept.com\/wp-content\/uploads\/2022\/02\/Sans-titre-5.png\" \/>\n\t<meta property=\"og:image:width\" content=\"563\" \/>\n\t<meta property=\"og:image:height\" content=\"490\" \/>\n\t<meta property=\"og:image:type\" content=\"image\/png\" \/>\n<meta name=\"twitter:card\" content=\"summary_large_image\" \/>\n<meta name=\"twitter:site\" content=\"@ArtisanatM\" \/>\n<meta name=\"twitter:label1\" content=\"Gesch\u00e4tzte Lesezeit\" \/>\n\t<meta name=\"twitter:data1\" content=\"1 minute\" \/>\n<script type=\"application\/ld+json\" class=\"yoast-schema-graph\">{\"@context\":\"https:\\\/\\\/schema.org\",\"@graph\":[{\"@type\":\"WebPage\",\"@id\":\"https:\\\/\\\/mennconcept.com\\\/de\\\/decoration\\\/waschbecken\\\/lavabo-argente-marocain-tawrik-oval\\\/\",\"url\":\"https:\\\/\\\/mennconcept.com\\\/de\\\/decoration\\\/waschbecken\\\/lavabo-argente-marocain-tawrik-oval\\\/\",\"name\":\"Evier Marocain Argent\u00e9 Tawrik OVAL - Artisanat Marocain Mennconcept\",\"isPartOf\":{\"@id\":\"https:\\\/\\\/mennconcept.com\\\/de\\\/#website\"},\"primaryImageOfPage\":{\"@id\":\"https:\\\/\\\/mennconcept.com\\\/de\\\/decoration\\\/waschbecken\\\/lavabo-argente-marocain-tawrik-oval\\\/#primaryimage\"},\"image\":{\"@id\":\"https:\\\/\\\/mennconcept.com\\\/de\\\/decoration\\\/waschbecken\\\/lavabo-argente-marocain-tawrik-oval\\\/#primaryimage\"},\"thumbnailUrl\":\"https:\\\/\\\/mennconcept.com\\\/wp-content\\\/uploads\\\/2022\\\/02\\\/Sans-titre-5.png\",\"datePublished\":\"2022-02-05T20:08:43+00:00\",\"dateModified\":\"2026-04-17T13:58:19+00:00\",\"description\":\"Evier Marocain Argent\u00e9 Tawrik pour salle de bain, \u00e9vier lave main ovale, d'artisanat marocain traditionnel,Marrakech, vasque en cuivre castr\u00e9e...\",\"breadcrumb\":{\"@id\":\"https:\\\/\\\/mennconcept.com\\\/de\\\/decoration\\\/waschbecken\\\/lavabo-argente-marocain-tawrik-oval\\\/#breadcrumb\"},\"inLanguage\":\"de-DE\",\"potentialAction\":[{\"@type\":\"ReadAction\",\"target\":[\"https:\\\/\\\/mennconcept.com\\\/de\\\/decoration\\\/waschbecken\\\/lavabo-argente-marocain-tawrik-oval\\\/\"]}]},{\"@type\":\"ImageObject\",\"inLanguage\":\"de-DE\",\"@id\":\"https:\\\/\\\/mennconcept.com\\\/de\\\/decoration\\\/waschbecken\\\/lavabo-argente-marocain-tawrik-oval\\\/#primaryimage\",\"url\":\"https:\\\/\\\/mennconcept.com\\\/wp-content\\\/uploads\\\/2022\\\/02\\\/Sans-titre-5.png\",\"contentUrl\":\"https:\\\/\\\/mennconcept.com\\\/wp-content\\\/uploads\\\/2022\\\/02\\\/Sans-titre-5.png\",\"width\":563,\"height\":490,\"caption\":\"Mennconcept\"},{\"@type\":\"BreadcrumbList\",\"@id\":\"https:\\\/\\\/mennconcept.com\\\/de\\\/decoration\\\/waschbecken\\\/lavabo-argente-marocain-tawrik-oval\\\/#breadcrumb\",\"itemListElement\":[{\"@type\":\"ListItem\",\"position\":1,\"name\":\"Accueil\",\"item\":\"https:\\\/\\\/mennconcept.com\\\/de\\\/\"},{\"@type\":\"ListItem\",\"position\":2,\"name\":\"Shop\",\"item\":\"https:\\\/\\\/mennconcept.com\\\/de\\\/shop-2\\\/\"},{\"@type\":\"ListItem\",\"position\":3,\"name\":\"Evier Marocain Argent\u00e9 Tawrik OVAL\"}]},{\"@type\":\"WebSite\",\"@id\":\"https:\\\/\\\/mennconcept.com\\\/de\\\/#website\",\"url\":\"https:\\\/\\\/mennconcept.com\\\/de\\\/\",\"name\":\"Artisanat Marocain Mennconcept\",\"description\":\"L&#039;Art de la Lumi\u00e8re. Artisanat Marocain de Luxe &amp; Cuivre Massif.\",\"publisher\":{\"@id\":\"https:\\\/\\\/mennconcept.com\\\/de\\\/#\\\/schema\\\/person\\\/2b311a14878282b83fdf0b876d5463fd\"},\"potentialAction\":[{\"@type\":\"SearchAction\",\"target\":{\"@type\":\"EntryPoint\",\"urlTemplate\":\"https:\\\/\\\/mennconcept.com\\\/de\\\/?s={search_term_string}\"},\"query-input\":{\"@type\":\"PropertyValueSpecification\",\"valueRequired\":true,\"valueName\":\"search_term_string\"}}],\"inLanguage\":\"de-DE\"},{\"@type\":[\"Person\",\"Organization\"],\"@id\":\"https:\\\/\\\/mennconcept.com\\\/de\\\/#\\\/schema\\\/person\\\/2b311a14878282b83fdf0b876d5463fd\",\"name\":\"mennconcept\",\"image\":{\"@type\":\"ImageObject\",\"inLanguage\":\"de-DE\",\"@id\":\"https:\\\/\\\/mennconcept.com\\\/wp-content\\\/uploads\\\/2021\\\/09\\\/rxyrsugfiinmmzpjdwly_400x400.png\",\"url\":\"https:\\\/\\\/mennconcept.com\\\/wp-content\\\/uploads\\\/2021\\\/09\\\/rxyrsugfiinmmzpjdwly_400x400.png\",\"contentUrl\":\"https:\\\/\\\/mennconcept.com\\\/wp-content\\\/uploads\\\/2021\\\/09\\\/rxyrsugfiinmmzpjdwly_400x400.png\",\"width\":400,\"height\":400,\"caption\":\"mennconcept\"},\"logo\":{\"@id\":\"https:\\\/\\\/mennconcept.com\\\/wp-content\\\/uploads\\\/2021\\\/09\\\/rxyrsugfiinmmzpjdwly_400x400.png\"}}]}<\/script>\n<!-- \/ Yoast SEO plugin. -->","yoast_head_json":{"title":"Evier Marocain Argent\u00e9 Tawrik OVAL - Artisanat Marocain Mennconcept","description":"Evier Marocain Argent\u00e9 Tawrik pour salle de bain, \u00e9vier lave main ovale, d'artisanat marocain traditionnel,Marrakech, vasque en cuivre castr\u00e9e...","robots":{"index":"index","follow":"follow","max-snippet":"max-snippet:-1","max-image-preview":"max-image-preview:large","max-video-preview":"max-video-preview:-1"},"canonical":"https:\/\/mennconcept.com\/de\/decoration\/waschbecken\/lavabo-argente-marocain-tawrik-oval\/","og_locale":"de_DE","og_type":"article","og_title":"Evier Marocain Argent\u00e9 Tawrik OVAL - Artisanat Marocain Mennconcept","og_description":"Evier Marocain Argent\u00e9 Tawrik pour salle de bain, \u00e9vier lave main ovale, d'artisanat marocain traditionnel,Marrakech, vasque en cuivre castr\u00e9e...","og_url":"https:\/\/mennconcept.com\/de\/decoration\/waschbecken\/lavabo-argente-marocain-tawrik-oval\/","og_site_name":"Artisanat Marocain Mennconcept","article_modified_time":"2026-04-17T13:58:19+00:00","og_image":[{"width":563,"height":490,"url":"https:\/\/mennconcept.com\/wp-content\/uploads\/2022\/02\/Sans-titre-5.png","type":"image\/png"}],"twitter_card":"summary_large_image","twitter_site":"@ArtisanatM","twitter_misc":{"Gesch\u00e4tzte Lesezeit":"1 minute"},"schema":{"@context":"https:\/\/schema.org","@graph":[{"@type":"WebPage","@id":"https:\/\/mennconcept.com\/de\/decoration\/waschbecken\/lavabo-argente-marocain-tawrik-oval\/","url":"https:\/\/mennconcept.com\/de\/decoration\/waschbecken\/lavabo-argente-marocain-tawrik-oval\/","name":"Evier Marocain Argent\u00e9 Tawrik OVAL - Artisanat Marocain Mennconcept","isPartOf":{"@id":"https:\/\/mennconcept.com\/de\/#website"},"primaryImageOfPage":{"@id":"https:\/\/mennconcept.com\/de\/decoration\/waschbecken\/lavabo-argente-marocain-tawrik-oval\/#primaryimage"},"image":{"@id":"https:\/\/mennconcept.com\/de\/decoration\/waschbecken\/lavabo-argente-marocain-tawrik-oval\/#primaryimage"},"thumbnailUrl":"https:\/\/mennconcept.com\/wp-content\/uploads\/2022\/02\/Sans-titre-5.png","datePublished":"2022-02-05T20:08:43+00:00","dateModified":"2026-04-17T13:58:19+00:00","description":"Evier Marocain Argent\u00e9 Tawrik pour salle de bain, \u00e9vier lave main ovale, d'artisanat marocain traditionnel,Marrakech, vasque en cuivre castr\u00e9e...","breadcrumb":{"@id":"https:\/\/mennconcept.com\/de\/decoration\/waschbecken\/lavabo-argente-marocain-tawrik-oval\/#breadcrumb"},"inLanguage":"de-DE","potentialAction":[{"@type":"ReadAction","target":["https:\/\/mennconcept.com\/de\/decoration\/waschbecken\/lavabo-argente-marocain-tawrik-oval\/"]}]},{"@type":"ImageObject","inLanguage":"de-DE","@id":"https:\/\/mennconcept.com\/de\/decoration\/waschbecken\/lavabo-argente-marocain-tawrik-oval\/#primaryimage","url":"https:\/\/mennconcept.com\/wp-content\/uploads\/2022\/02\/Sans-titre-5.png","contentUrl":"https:\/\/mennconcept.com\/wp-content\/uploads\/2022\/02\/Sans-titre-5.png","width":563,"height":490,"caption":"Mennconcept"},{"@type":"BreadcrumbList","@id":"https:\/\/mennconcept.com\/de\/decoration\/waschbecken\/lavabo-argente-marocain-tawrik-oval\/#breadcrumb","itemListElement":[{"@type":"ListItem","position":1,"name":"Accueil","item":"https:\/\/mennconcept.com\/de\/"},{"@type":"ListItem","position":2,"name":"Shop","item":"https:\/\/mennconcept.com\/de\/shop-2\/"},{"@type":"ListItem","position":3,"name":"Evier Marocain Argent\u00e9 Tawrik OVAL"}]},{"@type":"WebSite","@id":"https:\/\/mennconcept.com\/de\/#website","url":"https:\/\/mennconcept.com\/de\/","name":"Artisanat Marocain Mennconcept","description":"L&#039;Art de la Lumi\u00e8re. Artisanat Marocain de Luxe &amp; Cuivre Massif.","publisher":{"@id":"https:\/\/mennconcept.com\/de\/#\/schema\/person\/2b311a14878282b83fdf0b876d5463fd"},"potentialAction":[{"@type":"SearchAction","target":{"@type":"EntryPoint","urlTemplate":"https:\/\/mennconcept.com\/de\/?s={search_term_string}"},"query-input":{"@type":"PropertyValueSpecification","valueRequired":true,"valueName":"search_term_string"}}],"inLanguage":"de-DE"},{"@type":["Person","Organization"],"@id":"https:\/\/mennconcept.com\/de\/#\/schema\/person\/2b311a14878282b83fdf0b876d5463fd","name":"mennconcept","image":{"@type":"ImageObject","inLanguage":"de-DE","@id":"https:\/\/mennconcept.com\/wp-content\/uploads\/2021\/09\/rxyrsugfiinmmzpjdwly_400x400.png","url":"https:\/\/mennconcept.com\/wp-content\/uploads\/2021\/09\/rxyrsugfiinmmzpjdwly_400x400.png","contentUrl":"https:\/\/mennconcept.com\/wp-content\/uploads\/2021\/09\/rxyrsugfiinmmzpjdwly_400x400.png","width":400,"height":400,"caption":"mennconcept"},"logo":{"@id":"https:\/\/mennconcept.com\/wp-content\/uploads\/2021\/09\/rxyrsugfiinmmzpjdwly_400x400.png"}}]}},"jetpack_publicize_connections":[],"amp_enabled":true,"_links":{"self":[{"href":"https:\/\/mennconcept.com\/de\/wp-json\/wp\/v2\/product\/20574","targetHints":{"allow":["GET"]}}],"collection":[{"href":"https:\/\/mennconcept.com\/de\/wp-json\/wp\/v2\/product"}],"about":[{"href":"https:\/\/mennconcept.com\/de\/wp-json\/wp\/v2\/types\/product"}],"replies":[{"embeddable":true,"href":"https:\/\/mennconcept.com\/de\/wp-json\/wp\/v2\/comments?post=20574"}],"wp:featuredmedia":[{"embeddable":true,"href":"https:\/\/mennconcept.com\/de\/wp-json\/wp\/v2\/media\/20584"}],"wp:attachment":[{"href":"https:\/\/mennconcept.com\/de\/wp-json\/wp\/v2\/media?parent=20574"}],"wp:term":[{"taxonomy":"product_brand","embeddable":true,"href":"https:\/\/mennconcept.com\/de\/wp-json\/wp\/v2\/product_brand?post=20574"},{"taxonomy":"product_cat","embeddable":true,"href":"https:\/\/mennconcept.com\/de\/wp-json\/wp\/v2\/product_cat?post=20574"},{"taxonomy":"product_tag","embeddable":true,"href":"https:\/\/mennconcept.com\/de\/wp-json\/wp\/v2\/product_tag?post=20574"}],"curies":[{"name":"wp","href":"https:\/\/api.w.org\/{rel}","templated":true}]}}