{"id":14813,"date":"2021-10-21T00:23:03","date_gmt":"2021-10-20T22:23:03","guid":{"rendered":"https:\/\/mennconcept.com\/?post_type=product&#038;p=14813"},"modified":"2025-12-26T12:59:17","modified_gmt":"2025-12-26T11:59:17","slug":"lavabo-mural-cuivre-marocain-bol","status":"publish","type":"product","link":"https:\/\/mennconcept.com\/de\/decoration\/waschbecken\/lavabo-mural-cuivre-marocain-bol\/","title":{"rendered":"lavabo mural cuivre marocain BOL"},"content":{"rendered":"<p>Lavabo mural cuivre marocain BOL, \u00e9vier cuivre pour salle de bain,\u00a0 laiton maillechort d&#8217;artisanat marocain,\u00a0 traditionnel Marrakech Maroc, Vasque cuivre martel\u00e9 ext\u00e9rieur non castr\u00e9e artisanale&#8230;<\/p>\n<p>Hauteur : 8 cm<\/p>\n<p>Longueur : 40 cm<\/p>\n<p>Largeur : 30<\/p>\n<p>Fabrication sur mesure aussi<\/p>\n<p>TVA inclus + Transport gratuit France<\/p>\n","protected":false},"excerpt":{"rendered":"<p>Lavabo mural cuivre marocain BOL, \u00e9vier cuivre pour salle de bain,\u00a0 laiton maillechort d&#8217;artisanat marocain,\u00a0 traditionnel Marrakech Maroc, Vasque cuivre martel\u00e9 ext\u00e9rieur non castr\u00e9e artisanale&#8230;<\/p>\n<p>Hauteur : 8 cm<\/p>\n<p>Longueur : 40 cm<\/p>\n<p>Largeur : 30<\/p>\n<p>Fabrication sur mesure aussi<\/p>\n<p>TVA inclus + Transport gratuit France<\/p>\n","protected":false},"featured_media":14794,"comment_status":"open","ping_status":"closed","template":"","meta":{"_monsterinsights_skip_tracking":false,"_monsterinsights_sitenote_active":false,"_monsterinsights_sitenote_note":"","_monsterinsights_sitenote_category":0,"_joinchat":[],"jetpack_publicize_message":"","jetpack_publicize_feature_enabled":true,"jetpack_social_post_already_shared":true,"jetpack_social_options":{"image_generator_settings":{"template":"highway","default_image_id":0,"font":"","enabled":false},"version":2}},"product_brand":[],"product_cat":[44],"product_tag":[225,501,503,504],"class_list":{"0":"post-14813","1":"product","2":"type-product","3":"status-publish","4":"has-post-thumbnail","6":"product_cat-lavabo","7":"product_tag-artisanat-marocain","8":"product_tag-artisanat-marocaine","9":"product_tag-evier-cuivre","10":"product_tag-lave-main-cuivre","12":"first","13":"instock","14":"taxable","15":"shipping-taxable","16":"purchasable","17":"product-type-simple"},"yoast_head":"<!-- This site is optimized with the Yoast SEO plugin v27.3 - https:\/\/yoast.com\/product\/yoast-seo-wordpress\/ -->\n<title>lavabo mural cuivre marocain BOL - Artisanat Marocain Mennconcept<\/title>\n<meta name=\"description\" content=\"Lavabo mural cuivre marocain BOL, \u00e9vier cuivre pour salle de bain,\u00a0 laiton maillechort d&#039;artisanat marocain, traditionnel Marrakech Maroc,\" \/>\n<meta name=\"robots\" content=\"index, follow, max-snippet:-1, max-image-preview:large, max-video-preview:-1\" \/>\n<link rel=\"canonical\" href=\"https:\/\/mennconcept.com\/de\/decoration\/waschbecken\/lavabo-mural-cuivre-marocain-bol\/\" \/>\n<meta property=\"og:locale\" content=\"de_DE\" \/>\n<meta property=\"og:type\" content=\"article\" \/>\n<meta property=\"og:title\" content=\"lavabo mural cuivre marocain BOL - Artisanat Marocain Mennconcept\" \/>\n<meta property=\"og:description\" content=\"Lavabo mural cuivre marocain BOL, \u00e9vier cuivre pour salle de bain,\u00a0 laiton maillechort d&#039;artisanat marocain, traditionnel Marrakech Maroc,\" \/>\n<meta property=\"og:url\" content=\"https:\/\/mennconcept.com\/de\/decoration\/waschbecken\/lavabo-mural-cuivre-marocain-bol\/\" \/>\n<meta property=\"og:site_name\" content=\"Artisanat Marocain Mennconcept\" \/>\n<meta property=\"article:modified_time\" content=\"2025-12-26T11:59:17+00:00\" \/>\n<meta property=\"og:image\" content=\"https:\/\/mennconcept.com\/wp-content\/uploads\/2021\/10\/z-8.png\" \/>\n\t<meta property=\"og:image:width\" content=\"449\" \/>\n\t<meta property=\"og:image:height\" content=\"371\" \/>\n\t<meta property=\"og:image:type\" content=\"image\/png\" \/>\n<meta name=\"twitter:card\" content=\"summary_large_image\" \/>\n<meta name=\"twitter:site\" content=\"@ArtisanatM\" \/>\n<meta name=\"twitter:label1\" content=\"Gesch\u00e4tzte Lesezeit\" \/>\n\t<meta name=\"twitter:data1\" content=\"1 minute\" \/>\n<script type=\"application\/ld+json\" class=\"yoast-schema-graph\">{\"@context\":\"https:\\\/\\\/schema.org\",\"@graph\":[{\"@type\":\"WebPage\",\"@id\":\"https:\\\/\\\/mennconcept.com\\\/de\\\/decoration\\\/waschbecken\\\/lavabo-mural-cuivre-marocain-bol\\\/\",\"url\":\"https:\\\/\\\/mennconcept.com\\\/de\\\/decoration\\\/waschbecken\\\/lavabo-mural-cuivre-marocain-bol\\\/\",\"name\":\"lavabo mural cuivre marocain BOL - Artisanat Marocain Mennconcept\",\"isPartOf\":{\"@id\":\"https:\\\/\\\/mennconcept.com\\\/de\\\/#website\"},\"primaryImageOfPage\":{\"@id\":\"https:\\\/\\\/mennconcept.com\\\/de\\\/decoration\\\/waschbecken\\\/lavabo-mural-cuivre-marocain-bol\\\/#primaryimage\"},\"image\":{\"@id\":\"https:\\\/\\\/mennconcept.com\\\/de\\\/decoration\\\/waschbecken\\\/lavabo-mural-cuivre-marocain-bol\\\/#primaryimage\"},\"thumbnailUrl\":\"https:\\\/\\\/mennconcept.com\\\/wp-content\\\/uploads\\\/2021\\\/10\\\/z-8.png\",\"datePublished\":\"2021-10-20T22:23:03+00:00\",\"dateModified\":\"2025-12-26T11:59:17+00:00\",\"description\":\"Lavabo mural cuivre marocain BOL, \u00e9vier cuivre pour salle de bain,\u00a0 laiton maillechort d'artisanat marocain, traditionnel Marrakech Maroc,\",\"breadcrumb\":{\"@id\":\"https:\\\/\\\/mennconcept.com\\\/de\\\/decoration\\\/waschbecken\\\/lavabo-mural-cuivre-marocain-bol\\\/#breadcrumb\"},\"inLanguage\":\"de-DE\",\"potentialAction\":[{\"@type\":\"ReadAction\",\"target\":[\"https:\\\/\\\/mennconcept.com\\\/de\\\/decoration\\\/waschbecken\\\/lavabo-mural-cuivre-marocain-bol\\\/\"]}]},{\"@type\":\"ImageObject\",\"inLanguage\":\"de-DE\",\"@id\":\"https:\\\/\\\/mennconcept.com\\\/de\\\/decoration\\\/waschbecken\\\/lavabo-mural-cuivre-marocain-bol\\\/#primaryimage\",\"url\":\"https:\\\/\\\/mennconcept.com\\\/wp-content\\\/uploads\\\/2021\\\/10\\\/z-8.png\",\"contentUrl\":\"https:\\\/\\\/mennconcept.com\\\/wp-content\\\/uploads\\\/2021\\\/10\\\/z-8.png\",\"width\":449,\"height\":371,\"caption\":\"lavabo marocain cuivre \u00e9vier marocain cuivre\"},{\"@type\":\"BreadcrumbList\",\"@id\":\"https:\\\/\\\/mennconcept.com\\\/de\\\/decoration\\\/waschbecken\\\/lavabo-mural-cuivre-marocain-bol\\\/#breadcrumb\",\"itemListElement\":[{\"@type\":\"ListItem\",\"position\":1,\"name\":\"Accueil\",\"item\":\"https:\\\/\\\/mennconcept.com\\\/de\\\/\"},{\"@type\":\"ListItem\",\"position\":2,\"name\":\"Shop\",\"item\":\"https:\\\/\\\/mennconcept.com\\\/de\\\/shop-2\\\/\"},{\"@type\":\"ListItem\",\"position\":3,\"name\":\"lavabo mural cuivre marocain BOL\"}]},{\"@type\":\"WebSite\",\"@id\":\"https:\\\/\\\/mennconcept.com\\\/de\\\/#website\",\"url\":\"https:\\\/\\\/mennconcept.com\\\/de\\\/\",\"name\":\"Artisanat Marocain Mennconcept\",\"description\":\"L&#039;Art de la Lumi\u00e8re. Artisanat Marocain de Luxe &amp; Cuivre Massif.\",\"publisher\":{\"@id\":\"https:\\\/\\\/mennconcept.com\\\/de\\\/#\\\/schema\\\/person\\\/2b311a14878282b83fdf0b876d5463fd\"},\"potentialAction\":[{\"@type\":\"SearchAction\",\"target\":{\"@type\":\"EntryPoint\",\"urlTemplate\":\"https:\\\/\\\/mennconcept.com\\\/de\\\/?s={search_term_string}\"},\"query-input\":{\"@type\":\"PropertyValueSpecification\",\"valueRequired\":true,\"valueName\":\"search_term_string\"}}],\"inLanguage\":\"de-DE\"},{\"@type\":[\"Person\",\"Organization\"],\"@id\":\"https:\\\/\\\/mennconcept.com\\\/de\\\/#\\\/schema\\\/person\\\/2b311a14878282b83fdf0b876d5463fd\",\"name\":\"mennconcept\",\"image\":{\"@type\":\"ImageObject\",\"inLanguage\":\"de-DE\",\"@id\":\"https:\\\/\\\/mennconcept.com\\\/wp-content\\\/uploads\\\/2021\\\/09\\\/rxyrsugfiinmmzpjdwly_400x400.png\",\"url\":\"https:\\\/\\\/mennconcept.com\\\/wp-content\\\/uploads\\\/2021\\\/09\\\/rxyrsugfiinmmzpjdwly_400x400.png\",\"contentUrl\":\"https:\\\/\\\/mennconcept.com\\\/wp-content\\\/uploads\\\/2021\\\/09\\\/rxyrsugfiinmmzpjdwly_400x400.png\",\"width\":400,\"height\":400,\"caption\":\"mennconcept\"},\"logo\":{\"@id\":\"https:\\\/\\\/mennconcept.com\\\/wp-content\\\/uploads\\\/2021\\\/09\\\/rxyrsugfiinmmzpjdwly_400x400.png\"}}]}<\/script>\n<!-- \/ Yoast SEO plugin. -->","yoast_head_json":{"title":"lavabo mural cuivre marocain BOL - Artisanat Marocain Mennconcept","description":"Lavabo mural cuivre marocain BOL, \u00e9vier cuivre pour salle de bain,\u00a0 laiton maillechort d'artisanat marocain, traditionnel Marrakech Maroc,","robots":{"index":"index","follow":"follow","max-snippet":"max-snippet:-1","max-image-preview":"max-image-preview:large","max-video-preview":"max-video-preview:-1"},"canonical":"https:\/\/mennconcept.com\/de\/decoration\/waschbecken\/lavabo-mural-cuivre-marocain-bol\/","og_locale":"de_DE","og_type":"article","og_title":"lavabo mural cuivre marocain BOL - Artisanat Marocain Mennconcept","og_description":"Lavabo mural cuivre marocain BOL, \u00e9vier cuivre pour salle de bain,\u00a0 laiton maillechort d'artisanat marocain, traditionnel Marrakech Maroc,","og_url":"https:\/\/mennconcept.com\/de\/decoration\/waschbecken\/lavabo-mural-cuivre-marocain-bol\/","og_site_name":"Artisanat Marocain Mennconcept","article_modified_time":"2025-12-26T11:59:17+00:00","og_image":[{"width":449,"height":371,"url":"https:\/\/mennconcept.com\/wp-content\/uploads\/2021\/10\/z-8.png","type":"image\/png"}],"twitter_card":"summary_large_image","twitter_site":"@ArtisanatM","twitter_misc":{"Gesch\u00e4tzte Lesezeit":"1 minute"},"schema":{"@context":"https:\/\/schema.org","@graph":[{"@type":"WebPage","@id":"https:\/\/mennconcept.com\/de\/decoration\/waschbecken\/lavabo-mural-cuivre-marocain-bol\/","url":"https:\/\/mennconcept.com\/de\/decoration\/waschbecken\/lavabo-mural-cuivre-marocain-bol\/","name":"lavabo mural cuivre marocain BOL - Artisanat Marocain Mennconcept","isPartOf":{"@id":"https:\/\/mennconcept.com\/de\/#website"},"primaryImageOfPage":{"@id":"https:\/\/mennconcept.com\/de\/decoration\/waschbecken\/lavabo-mural-cuivre-marocain-bol\/#primaryimage"},"image":{"@id":"https:\/\/mennconcept.com\/de\/decoration\/waschbecken\/lavabo-mural-cuivre-marocain-bol\/#primaryimage"},"thumbnailUrl":"https:\/\/mennconcept.com\/wp-content\/uploads\/2021\/10\/z-8.png","datePublished":"2021-10-20T22:23:03+00:00","dateModified":"2025-12-26T11:59:17+00:00","description":"Lavabo mural cuivre marocain BOL, \u00e9vier cuivre pour salle de bain,\u00a0 laiton maillechort d'artisanat marocain, traditionnel Marrakech Maroc,","breadcrumb":{"@id":"https:\/\/mennconcept.com\/de\/decoration\/waschbecken\/lavabo-mural-cuivre-marocain-bol\/#breadcrumb"},"inLanguage":"de-DE","potentialAction":[{"@type":"ReadAction","target":["https:\/\/mennconcept.com\/de\/decoration\/waschbecken\/lavabo-mural-cuivre-marocain-bol\/"]}]},{"@type":"ImageObject","inLanguage":"de-DE","@id":"https:\/\/mennconcept.com\/de\/decoration\/waschbecken\/lavabo-mural-cuivre-marocain-bol\/#primaryimage","url":"https:\/\/mennconcept.com\/wp-content\/uploads\/2021\/10\/z-8.png","contentUrl":"https:\/\/mennconcept.com\/wp-content\/uploads\/2021\/10\/z-8.png","width":449,"height":371,"caption":"lavabo marocain cuivre \u00e9vier marocain cuivre"},{"@type":"BreadcrumbList","@id":"https:\/\/mennconcept.com\/de\/decoration\/waschbecken\/lavabo-mural-cuivre-marocain-bol\/#breadcrumb","itemListElement":[{"@type":"ListItem","position":1,"name":"Accueil","item":"https:\/\/mennconcept.com\/de\/"},{"@type":"ListItem","position":2,"name":"Shop","item":"https:\/\/mennconcept.com\/de\/shop-2\/"},{"@type":"ListItem","position":3,"name":"lavabo mural cuivre marocain BOL"}]},{"@type":"WebSite","@id":"https:\/\/mennconcept.com\/de\/#website","url":"https:\/\/mennconcept.com\/de\/","name":"Artisanat Marocain Mennconcept","description":"L&#039;Art de la Lumi\u00e8re. Artisanat Marocain de Luxe &amp; Cuivre Massif.","publisher":{"@id":"https:\/\/mennconcept.com\/de\/#\/schema\/person\/2b311a14878282b83fdf0b876d5463fd"},"potentialAction":[{"@type":"SearchAction","target":{"@type":"EntryPoint","urlTemplate":"https:\/\/mennconcept.com\/de\/?s={search_term_string}"},"query-input":{"@type":"PropertyValueSpecification","valueRequired":true,"valueName":"search_term_string"}}],"inLanguage":"de-DE"},{"@type":["Person","Organization"],"@id":"https:\/\/mennconcept.com\/de\/#\/schema\/person\/2b311a14878282b83fdf0b876d5463fd","name":"mennconcept","image":{"@type":"ImageObject","inLanguage":"de-DE","@id":"https:\/\/mennconcept.com\/wp-content\/uploads\/2021\/09\/rxyrsugfiinmmzpjdwly_400x400.png","url":"https:\/\/mennconcept.com\/wp-content\/uploads\/2021\/09\/rxyrsugfiinmmzpjdwly_400x400.png","contentUrl":"https:\/\/mennconcept.com\/wp-content\/uploads\/2021\/09\/rxyrsugfiinmmzpjdwly_400x400.png","width":400,"height":400,"caption":"mennconcept"},"logo":{"@id":"https:\/\/mennconcept.com\/wp-content\/uploads\/2021\/09\/rxyrsugfiinmmzpjdwly_400x400.png"}}]}},"jetpack_publicize_connections":[],"amp_enabled":true,"_links":{"self":[{"href":"https:\/\/mennconcept.com\/de\/wp-json\/wp\/v2\/product\/14813","targetHints":{"allow":["GET"]}}],"collection":[{"href":"https:\/\/mennconcept.com\/de\/wp-json\/wp\/v2\/product"}],"about":[{"href":"https:\/\/mennconcept.com\/de\/wp-json\/wp\/v2\/types\/product"}],"replies":[{"embeddable":true,"href":"https:\/\/mennconcept.com\/de\/wp-json\/wp\/v2\/comments?post=14813"}],"wp:featuredmedia":[{"embeddable":true,"href":"https:\/\/mennconcept.com\/de\/wp-json\/wp\/v2\/media\/14794"}],"wp:attachment":[{"href":"https:\/\/mennconcept.com\/de\/wp-json\/wp\/v2\/media?parent=14813"}],"wp:term":[{"taxonomy":"product_brand","embeddable":true,"href":"https:\/\/mennconcept.com\/de\/wp-json\/wp\/v2\/product_brand?post=14813"},{"taxonomy":"product_cat","embeddable":true,"href":"https:\/\/mennconcept.com\/de\/wp-json\/wp\/v2\/product_cat?post=14813"},{"taxonomy":"product_tag","embeddable":true,"href":"https:\/\/mennconcept.com\/de\/wp-json\/wp\/v2\/product_tag?post=14813"}],"curies":[{"name":"wp","href":"https:\/\/api.w.org\/{rel}","templated":true}]}}