{"id":14812,"date":"2021-10-21T00:08:30","date_gmt":"2021-10-20T22:08:30","guid":{"rendered":"https:\/\/mennconcept.com\/?post_type=product&#038;p=14812"},"modified":"2025-12-26T12:59:02","modified_gmt":"2025-12-26T11:59:02","slug":"lavabo-cuivre-marocain-oval","status":"publish","type":"product","link":"https:\/\/mennconcept.com\/de\/decoration\/waschbecken\/lavabo-cuivre-marocain-oval\/","title":{"rendered":"Lavabo Cuivre Marocain OVAL"},"content":{"rendered":"<p>Lavabo Cuivre Marocain OVAL,d&#8217;artisanat marocain traditionnel salle de bains laiton maillechort Marrakech Maroc martel\u00e9 ext\u00e9rieur non castr\u00e9e artisanale<\/p>\n<p>Hauteur: 10 cm<\/p>\n<p>Longueur : 40 cm<\/p>\n<p>Largeur: 30<\/p>\n<p>Fabrication sur mesure aussi<\/p>\n<p>TVA inclus + Transport gratuit France<\/p>\n","protected":false},"excerpt":{"rendered":"<p>Lavabo cuivre artisanat marocain traditionnel salle de bains laiton maillechort Marrakech Maroc martel\u00e9 ext\u00e9rieur non castr\u00e9e artisanale<\/p>\n<p>Hauteur: 10 cm<\/p>\n<p>Longueur : 40 cm<\/p>\n<p>Largeur: 30<\/p>\n<p>Fabrication sur mesure aussi<\/p>\n<p>TVA inclus + Transport gratuit France<\/p>\n","protected":false},"featured_media":20567,"comment_status":"open","ping_status":"closed","template":"","meta":{"_monsterinsights_skip_tracking":false,"_monsterinsights_sitenote_active":false,"_monsterinsights_sitenote_note":"","_monsterinsights_sitenote_category":0,"_joinchat":[],"jetpack_publicize_message":"","jetpack_publicize_feature_enabled":true,"jetpack_social_post_already_shared":true,"jetpack_social_options":{"image_generator_settings":{"template":"highway","default_image_id":0,"font":"","enabled":false},"version":2}},"product_brand":[],"product_cat":[44],"product_tag":[225,501,503,505],"class_list":{"0":"post-14812","1":"product","2":"type-product","3":"status-publish","4":"has-post-thumbnail","6":"product_cat-lavabo","7":"product_tag-artisanat-marocain","8":"product_tag-artisanat-marocaine","9":"product_tag-evier-cuivre","10":"product_tag-evier-marocain","12":"first","13":"instock","14":"taxable","15":"shipping-taxable","16":"purchasable","17":"product-type-simple"},"yoast_head":"<!-- This site is optimized with the Yoast SEO plugin v27.3 - https:\/\/yoast.com\/product\/yoast-seo-wordpress\/ -->\n<title>Lavabo Cuivre Marocain OVAL - Artisanat Marocain Mennconcept<\/title>\n<meta name=\"description\" content=\"Lavabo Cuivre Marocain OVAL,d&#039;artisanat marocain traditionnel salle de bains laiton maillechort Marrakech Maroc martel\u00e9 ext\u00e9rieur non castr\u00e9e artisanale..\" \/>\n<meta name=\"robots\" content=\"index, follow, max-snippet:-1, max-image-preview:large, max-video-preview:-1\" \/>\n<link rel=\"canonical\" href=\"https:\/\/mennconcept.com\/de\/decoration\/waschbecken\/lavabo-cuivre-marocain-oval\/\" \/>\n<meta property=\"og:locale\" content=\"de_DE\" \/>\n<meta property=\"og:type\" content=\"article\" \/>\n<meta property=\"og:title\" content=\"Lavabo Cuivre Marocain OVAL - Artisanat Marocain Mennconcept\" \/>\n<meta property=\"og:description\" content=\"Lavabo Cuivre Marocain OVAL,d&#039;artisanat marocain traditionnel salle de bains laiton maillechort Marrakech Maroc martel\u00e9 ext\u00e9rieur non castr\u00e9e artisanale..\" \/>\n<meta property=\"og:url\" content=\"https:\/\/mennconcept.com\/de\/decoration\/waschbecken\/lavabo-cuivre-marocain-oval\/\" \/>\n<meta property=\"og:site_name\" content=\"Artisanat Marocain Mennconcept\" \/>\n<meta property=\"article:modified_time\" content=\"2025-12-26T11:59:02+00:00\" \/>\n<meta property=\"og:image\" content=\"https:\/\/mennconcept.com\/wp-content\/uploads\/2021\/10\/Sans-titre-2.png\" \/>\n\t<meta property=\"og:image:width\" content=\"509\" \/>\n\t<meta property=\"og:image:height\" content=\"373\" \/>\n\t<meta property=\"og:image:type\" content=\"image\/png\" \/>\n<meta name=\"twitter:card\" content=\"summary_large_image\" \/>\n<meta name=\"twitter:site\" content=\"@ArtisanatM\" \/>\n<meta name=\"twitter:label1\" content=\"Gesch\u00e4tzte Lesezeit\" \/>\n\t<meta name=\"twitter:data1\" content=\"1 minute\" \/>\n<script type=\"application\/ld+json\" class=\"yoast-schema-graph\">{\"@context\":\"https:\\\/\\\/schema.org\",\"@graph\":[{\"@type\":\"WebPage\",\"@id\":\"https:\\\/\\\/mennconcept.com\\\/de\\\/decoration\\\/waschbecken\\\/lavabo-cuivre-marocain-oval\\\/\",\"url\":\"https:\\\/\\\/mennconcept.com\\\/de\\\/decoration\\\/waschbecken\\\/lavabo-cuivre-marocain-oval\\\/\",\"name\":\"Lavabo Cuivre Marocain OVAL - Artisanat Marocain Mennconcept\",\"isPartOf\":{\"@id\":\"https:\\\/\\\/mennconcept.com\\\/de\\\/#website\"},\"primaryImageOfPage\":{\"@id\":\"https:\\\/\\\/mennconcept.com\\\/de\\\/decoration\\\/waschbecken\\\/lavabo-cuivre-marocain-oval\\\/#primaryimage\"},\"image\":{\"@id\":\"https:\\\/\\\/mennconcept.com\\\/de\\\/decoration\\\/waschbecken\\\/lavabo-cuivre-marocain-oval\\\/#primaryimage\"},\"thumbnailUrl\":\"https:\\\/\\\/mennconcept.com\\\/wp-content\\\/uploads\\\/2021\\\/10\\\/Sans-titre-2.png\",\"datePublished\":\"2021-10-20T22:08:30+00:00\",\"dateModified\":\"2025-12-26T11:59:02+00:00\",\"description\":\"Lavabo Cuivre Marocain OVAL,d'artisanat marocain traditionnel salle de bains laiton maillechort Marrakech Maroc martel\u00e9 ext\u00e9rieur non castr\u00e9e artisanale..\",\"breadcrumb\":{\"@id\":\"https:\\\/\\\/mennconcept.com\\\/de\\\/decoration\\\/waschbecken\\\/lavabo-cuivre-marocain-oval\\\/#breadcrumb\"},\"inLanguage\":\"de-DE\",\"potentialAction\":[{\"@type\":\"ReadAction\",\"target\":[\"https:\\\/\\\/mennconcept.com\\\/de\\\/decoration\\\/waschbecken\\\/lavabo-cuivre-marocain-oval\\\/\"]}]},{\"@type\":\"ImageObject\",\"inLanguage\":\"de-DE\",\"@id\":\"https:\\\/\\\/mennconcept.com\\\/de\\\/decoration\\\/waschbecken\\\/lavabo-cuivre-marocain-oval\\\/#primaryimage\",\"url\":\"https:\\\/\\\/mennconcept.com\\\/wp-content\\\/uploads\\\/2021\\\/10\\\/Sans-titre-2.png\",\"contentUrl\":\"https:\\\/\\\/mennconcept.com\\\/wp-content\\\/uploads\\\/2021\\\/10\\\/Sans-titre-2.png\",\"width\":509,\"height\":373,\"caption\":\"Lavabo Cuivre Marocain OVAL d'artisanat marocain\"},{\"@type\":\"BreadcrumbList\",\"@id\":\"https:\\\/\\\/mennconcept.com\\\/de\\\/decoration\\\/waschbecken\\\/lavabo-cuivre-marocain-oval\\\/#breadcrumb\",\"itemListElement\":[{\"@type\":\"ListItem\",\"position\":1,\"name\":\"Accueil\",\"item\":\"https:\\\/\\\/mennconcept.com\\\/de\\\/\"},{\"@type\":\"ListItem\",\"position\":2,\"name\":\"Shop\",\"item\":\"https:\\\/\\\/mennconcept.com\\\/de\\\/shop-2\\\/\"},{\"@type\":\"ListItem\",\"position\":3,\"name\":\"Lavabo Cuivre Marocain OVAL\"}]},{\"@type\":\"WebSite\",\"@id\":\"https:\\\/\\\/mennconcept.com\\\/de\\\/#website\",\"url\":\"https:\\\/\\\/mennconcept.com\\\/de\\\/\",\"name\":\"Artisanat Marocain Mennconcept\",\"description\":\"L&#039;Art de la Lumi\u00e8re. Artisanat Marocain de Luxe &amp; Cuivre Massif.\",\"publisher\":{\"@id\":\"https:\\\/\\\/mennconcept.com\\\/de\\\/#\\\/schema\\\/person\\\/2b311a14878282b83fdf0b876d5463fd\"},\"potentialAction\":[{\"@type\":\"SearchAction\",\"target\":{\"@type\":\"EntryPoint\",\"urlTemplate\":\"https:\\\/\\\/mennconcept.com\\\/de\\\/?s={search_term_string}\"},\"query-input\":{\"@type\":\"PropertyValueSpecification\",\"valueRequired\":true,\"valueName\":\"search_term_string\"}}],\"inLanguage\":\"de-DE\"},{\"@type\":[\"Person\",\"Organization\"],\"@id\":\"https:\\\/\\\/mennconcept.com\\\/de\\\/#\\\/schema\\\/person\\\/2b311a14878282b83fdf0b876d5463fd\",\"name\":\"mennconcept\",\"image\":{\"@type\":\"ImageObject\",\"inLanguage\":\"de-DE\",\"@id\":\"https:\\\/\\\/mennconcept.com\\\/wp-content\\\/uploads\\\/2021\\\/09\\\/rxyrsugfiinmmzpjdwly_400x400.png\",\"url\":\"https:\\\/\\\/mennconcept.com\\\/wp-content\\\/uploads\\\/2021\\\/09\\\/rxyrsugfiinmmzpjdwly_400x400.png\",\"contentUrl\":\"https:\\\/\\\/mennconcept.com\\\/wp-content\\\/uploads\\\/2021\\\/09\\\/rxyrsugfiinmmzpjdwly_400x400.png\",\"width\":400,\"height\":400,\"caption\":\"mennconcept\"},\"logo\":{\"@id\":\"https:\\\/\\\/mennconcept.com\\\/wp-content\\\/uploads\\\/2021\\\/09\\\/rxyrsugfiinmmzpjdwly_400x400.png\"}}]}<\/script>\n<!-- \/ Yoast SEO plugin. -->","yoast_head_json":{"title":"Lavabo Cuivre Marocain OVAL - Artisanat Marocain Mennconcept","description":"Lavabo Cuivre Marocain OVAL,d'artisanat marocain traditionnel salle de bains laiton maillechort Marrakech Maroc martel\u00e9 ext\u00e9rieur non castr\u00e9e artisanale..","robots":{"index":"index","follow":"follow","max-snippet":"max-snippet:-1","max-image-preview":"max-image-preview:large","max-video-preview":"max-video-preview:-1"},"canonical":"https:\/\/mennconcept.com\/de\/decoration\/waschbecken\/lavabo-cuivre-marocain-oval\/","og_locale":"de_DE","og_type":"article","og_title":"Lavabo Cuivre Marocain OVAL - Artisanat Marocain Mennconcept","og_description":"Lavabo Cuivre Marocain OVAL,d'artisanat marocain traditionnel salle de bains laiton maillechort Marrakech Maroc martel\u00e9 ext\u00e9rieur non castr\u00e9e artisanale..","og_url":"https:\/\/mennconcept.com\/de\/decoration\/waschbecken\/lavabo-cuivre-marocain-oval\/","og_site_name":"Artisanat Marocain Mennconcept","article_modified_time":"2025-12-26T11:59:02+00:00","og_image":[{"width":509,"height":373,"url":"https:\/\/mennconcept.com\/wp-content\/uploads\/2021\/10\/Sans-titre-2.png","type":"image\/png"}],"twitter_card":"summary_large_image","twitter_site":"@ArtisanatM","twitter_misc":{"Gesch\u00e4tzte Lesezeit":"1 minute"},"schema":{"@context":"https:\/\/schema.org","@graph":[{"@type":"WebPage","@id":"https:\/\/mennconcept.com\/de\/decoration\/waschbecken\/lavabo-cuivre-marocain-oval\/","url":"https:\/\/mennconcept.com\/de\/decoration\/waschbecken\/lavabo-cuivre-marocain-oval\/","name":"Lavabo Cuivre Marocain OVAL - Artisanat Marocain Mennconcept","isPartOf":{"@id":"https:\/\/mennconcept.com\/de\/#website"},"primaryImageOfPage":{"@id":"https:\/\/mennconcept.com\/de\/decoration\/waschbecken\/lavabo-cuivre-marocain-oval\/#primaryimage"},"image":{"@id":"https:\/\/mennconcept.com\/de\/decoration\/waschbecken\/lavabo-cuivre-marocain-oval\/#primaryimage"},"thumbnailUrl":"https:\/\/mennconcept.com\/wp-content\/uploads\/2021\/10\/Sans-titre-2.png","datePublished":"2021-10-20T22:08:30+00:00","dateModified":"2025-12-26T11:59:02+00:00","description":"Lavabo Cuivre Marocain OVAL,d'artisanat marocain traditionnel salle de bains laiton maillechort Marrakech Maroc martel\u00e9 ext\u00e9rieur non castr\u00e9e artisanale..","breadcrumb":{"@id":"https:\/\/mennconcept.com\/de\/decoration\/waschbecken\/lavabo-cuivre-marocain-oval\/#breadcrumb"},"inLanguage":"de-DE","potentialAction":[{"@type":"ReadAction","target":["https:\/\/mennconcept.com\/de\/decoration\/waschbecken\/lavabo-cuivre-marocain-oval\/"]}]},{"@type":"ImageObject","inLanguage":"de-DE","@id":"https:\/\/mennconcept.com\/de\/decoration\/waschbecken\/lavabo-cuivre-marocain-oval\/#primaryimage","url":"https:\/\/mennconcept.com\/wp-content\/uploads\/2021\/10\/Sans-titre-2.png","contentUrl":"https:\/\/mennconcept.com\/wp-content\/uploads\/2021\/10\/Sans-titre-2.png","width":509,"height":373,"caption":"Lavabo Cuivre Marocain OVAL d'artisanat marocain"},{"@type":"BreadcrumbList","@id":"https:\/\/mennconcept.com\/de\/decoration\/waschbecken\/lavabo-cuivre-marocain-oval\/#breadcrumb","itemListElement":[{"@type":"ListItem","position":1,"name":"Accueil","item":"https:\/\/mennconcept.com\/de\/"},{"@type":"ListItem","position":2,"name":"Shop","item":"https:\/\/mennconcept.com\/de\/shop-2\/"},{"@type":"ListItem","position":3,"name":"Lavabo Cuivre Marocain OVAL"}]},{"@type":"WebSite","@id":"https:\/\/mennconcept.com\/de\/#website","url":"https:\/\/mennconcept.com\/de\/","name":"Artisanat Marocain Mennconcept","description":"L&#039;Art de la Lumi\u00e8re. Artisanat Marocain de Luxe &amp; Cuivre Massif.","publisher":{"@id":"https:\/\/mennconcept.com\/de\/#\/schema\/person\/2b311a14878282b83fdf0b876d5463fd"},"potentialAction":[{"@type":"SearchAction","target":{"@type":"EntryPoint","urlTemplate":"https:\/\/mennconcept.com\/de\/?s={search_term_string}"},"query-input":{"@type":"PropertyValueSpecification","valueRequired":true,"valueName":"search_term_string"}}],"inLanguage":"de-DE"},{"@type":["Person","Organization"],"@id":"https:\/\/mennconcept.com\/de\/#\/schema\/person\/2b311a14878282b83fdf0b876d5463fd","name":"mennconcept","image":{"@type":"ImageObject","inLanguage":"de-DE","@id":"https:\/\/mennconcept.com\/wp-content\/uploads\/2021\/09\/rxyrsugfiinmmzpjdwly_400x400.png","url":"https:\/\/mennconcept.com\/wp-content\/uploads\/2021\/09\/rxyrsugfiinmmzpjdwly_400x400.png","contentUrl":"https:\/\/mennconcept.com\/wp-content\/uploads\/2021\/09\/rxyrsugfiinmmzpjdwly_400x400.png","width":400,"height":400,"caption":"mennconcept"},"logo":{"@id":"https:\/\/mennconcept.com\/wp-content\/uploads\/2021\/09\/rxyrsugfiinmmzpjdwly_400x400.png"}}]}},"jetpack_publicize_connections":[],"amp_enabled":true,"_links":{"self":[{"href":"https:\/\/mennconcept.com\/de\/wp-json\/wp\/v2\/product\/14812","targetHints":{"allow":["GET"]}}],"collection":[{"href":"https:\/\/mennconcept.com\/de\/wp-json\/wp\/v2\/product"}],"about":[{"href":"https:\/\/mennconcept.com\/de\/wp-json\/wp\/v2\/types\/product"}],"replies":[{"embeddable":true,"href":"https:\/\/mennconcept.com\/de\/wp-json\/wp\/v2\/comments?post=14812"}],"wp:featuredmedia":[{"embeddable":true,"href":"https:\/\/mennconcept.com\/de\/wp-json\/wp\/v2\/media\/20567"}],"wp:attachment":[{"href":"https:\/\/mennconcept.com\/de\/wp-json\/wp\/v2\/media?parent=14812"}],"wp:term":[{"taxonomy":"product_brand","embeddable":true,"href":"https:\/\/mennconcept.com\/de\/wp-json\/wp\/v2\/product_brand?post=14812"},{"taxonomy":"product_cat","embeddable":true,"href":"https:\/\/mennconcept.com\/de\/wp-json\/wp\/v2\/product_cat?post=14812"},{"taxonomy":"product_tag","embeddable":true,"href":"https:\/\/mennconcept.com\/de\/wp-json\/wp\/v2\/product_tag?post=14812"}],"curies":[{"name":"wp","href":"https:\/\/api.w.org\/{rel}","templated":true}]}}