{"id":14753,"date":"2021-09-02T00:38:08","date_gmt":"2021-09-01T22:38:08","guid":{"rendered":"https:\/\/mennconcept.com\/?post_type=product&#038;p=14753"},"modified":"2026-01-16T12:50:06","modified_gmt":"2026-01-16T11:50:06","slug":"lsuspension-marocaine-1","status":"publish","type":"product","link":"https:\/\/mennconcept.com\/de\/decoration\/marokkanische-pendelleuchte\/lsuspension-marocaine-1\/","title":{"rendered":"Suspension Marocaine 1"},"content":{"rendered":"<p>Suspension Marocaine en cuivre, Lampe cuivre d\u00e9coration et style marocain, suspension marocaine traditionnel maillechort cuivre laiton patin\u00e9 vieillis d\u2019ores argent\u00e9 d&#8217;artisanat marocain, artisanat Marrakech en ligne Maroc traditionnel.<\/p>\n<p>Lanterne pendant pour : salon, couloir , chambre, salle \u00e0 manger, terrasse, chambre \u00e0 coucher, Cuisine\u2026<\/p>\n<p>Hauteur : 25 cm.<\/p>\n<p>Largeur : 40 cm.<\/p>\n<p>Notre boutique d&#8217;artisanat marocain en ligne vous propose une Fabrication sure mesure, de diff\u00e9rant taille et mati\u00e8re, production sp\u00e9ciale pour un charme et d\u00e9coration sp\u00e9cial<\/p>\n<p>Transport gratuit pour la France. T.V.A inclut<\/p>\n","protected":false},"excerpt":{"rendered":"<p>Suspension Marocaine cuivre, d\u00e9coration et style marocain traditionnel&#8230;<\/p>\n<p>Hauteur : 25 cm.<\/p>\n<p>Largeur : 40 cm.<\/p>\n<p>Fabrication sure mesure, de diff\u00e9rant taille et mati\u00e8re, production sp\u00e9ciale pour un charme et d\u00e9coration sp\u00e9cial<\/p>\n<p>transport gratuit pour la France. T.V.A inclut<\/p>\n","protected":false},"featured_media":14748,"comment_status":"open","ping_status":"closed","template":"","meta":{"_monsterinsights_skip_tracking":false,"_monsterinsights_sitenote_active":false,"_monsterinsights_sitenote_note":"","_monsterinsights_sitenote_category":0,"_joinchat":[],"jetpack_publicize_message":"","jetpack_publicize_feature_enabled":true,"jetpack_social_post_already_shared":true,"jetpack_social_options":{"image_generator_settings":{"template":"highway","default_image_id":0,"font":"","enabled":false},"version":2}},"product_brand":[],"product_cat":[73],"product_tag":[266],"class_list":{"0":"post-14753","1":"product","2":"type-product","3":"status-publish","4":"has-post-thumbnail","6":"product_cat-suspension","7":"product_tag-suspension-marocaine-1","9":"first","10":"instock","11":"taxable","12":"shipping-taxable","13":"purchasable","14":"product-type-simple"},"yoast_head":"<!-- This site is optimized with the Yoast SEO plugin v27.3 - https:\/\/yoast.com\/product\/yoast-seo-wordpress\/ -->\n<title>Suspension Marocaine 1 - Artisanat Marocain Mennconcept<\/title>\n<meta name=\"description\" content=\"Suspension Marocaine cuivre, d\u00e9coration et style marocain traditionnel...Fabrication sure mesure,transport gratuit\" \/>\n<meta name=\"robots\" content=\"index, follow, max-snippet:-1, max-image-preview:large, max-video-preview:-1\" \/>\n<link rel=\"canonical\" href=\"https:\/\/mennconcept.com\/de\/decoration\/marokkanische-pendelleuchte\/lsuspension-marocaine-1\/\" \/>\n<meta property=\"og:locale\" content=\"de_DE\" \/>\n<meta property=\"og:type\" content=\"article\" \/>\n<meta property=\"og:title\" content=\"Suspension Marocaine 1 - Artisanat Marocain Mennconcept\" \/>\n<meta property=\"og:description\" content=\"Suspension Marocaine cuivre, d\u00e9coration et style marocain traditionnel...Fabrication sure mesure,transport gratuit\" \/>\n<meta property=\"og:url\" content=\"https:\/\/mennconcept.com\/de\/decoration\/marokkanische-pendelleuchte\/lsuspension-marocaine-1\/\" \/>\n<meta property=\"og:site_name\" content=\"Artisanat Marocain Mennconcept\" \/>\n<meta property=\"article:modified_time\" content=\"2026-01-16T11:50:06+00:00\" \/>\n<meta property=\"og:image\" content=\"https:\/\/mennconcept.com\/wp-content\/uploads\/2021\/09\/Sans-titre-7.png\" \/>\n\t<meta property=\"og:image:width\" content=\"731\" \/>\n\t<meta property=\"og:image:height\" content=\"538\" \/>\n\t<meta property=\"og:image:type\" content=\"image\/png\" \/>\n<meta name=\"twitter:card\" content=\"summary_large_image\" \/>\n<meta name=\"twitter:site\" content=\"@ArtisanatM\" \/>\n<meta name=\"twitter:label1\" content=\"Gesch\u00e4tzte Lesezeit\" \/>\n\t<meta name=\"twitter:data1\" content=\"1 minute\" \/>\n<script type=\"application\/ld+json\" class=\"yoast-schema-graph\">{\"@context\":\"https:\\\/\\\/schema.org\",\"@graph\":[{\"@type\":\"WebPage\",\"@id\":\"https:\\\/\\\/mennconcept.com\\\/de\\\/decoration\\\/marokkanische-pendelleuchte\\\/lsuspension-marocaine-1\\\/\",\"url\":\"https:\\\/\\\/mennconcept.com\\\/de\\\/decoration\\\/marokkanische-pendelleuchte\\\/lsuspension-marocaine-1\\\/\",\"name\":\"Suspension Marocaine 1 - Artisanat Marocain Mennconcept\",\"isPartOf\":{\"@id\":\"https:\\\/\\\/mennconcept.com\\\/de\\\/#website\"},\"primaryImageOfPage\":{\"@id\":\"https:\\\/\\\/mennconcept.com\\\/de\\\/decoration\\\/marokkanische-pendelleuchte\\\/lsuspension-marocaine-1\\\/#primaryimage\"},\"image\":{\"@id\":\"https:\\\/\\\/mennconcept.com\\\/de\\\/decoration\\\/marokkanische-pendelleuchte\\\/lsuspension-marocaine-1\\\/#primaryimage\"},\"thumbnailUrl\":\"https:\\\/\\\/mennconcept.com\\\/wp-content\\\/uploads\\\/2021\\\/09\\\/Sans-titre-7.png\",\"datePublished\":\"2021-09-01T22:38:08+00:00\",\"dateModified\":\"2026-01-16T11:50:06+00:00\",\"description\":\"Suspension Marocaine cuivre, d\u00e9coration et style marocain traditionnel...Fabrication sure mesure,transport gratuit\",\"breadcrumb\":{\"@id\":\"https:\\\/\\\/mennconcept.com\\\/de\\\/decoration\\\/marokkanische-pendelleuchte\\\/lsuspension-marocaine-1\\\/#breadcrumb\"},\"inLanguage\":\"de-DE\",\"potentialAction\":[{\"@type\":\"ReadAction\",\"target\":[\"https:\\\/\\\/mennconcept.com\\\/de\\\/decoration\\\/marokkanische-pendelleuchte\\\/lsuspension-marocaine-1\\\/\"]}]},{\"@type\":\"ImageObject\",\"inLanguage\":\"de-DE\",\"@id\":\"https:\\\/\\\/mennconcept.com\\\/de\\\/decoration\\\/marokkanische-pendelleuchte\\\/lsuspension-marocaine-1\\\/#primaryimage\",\"url\":\"https:\\\/\\\/mennconcept.com\\\/wp-content\\\/uploads\\\/2021\\\/09\\\/Sans-titre-7.png\",\"contentUrl\":\"https:\\\/\\\/mennconcept.com\\\/wp-content\\\/uploads\\\/2021\\\/09\\\/Sans-titre-7.png\",\"width\":731,\"height\":538,\"caption\":\"Suspension Marocaine 1\"},{\"@type\":\"BreadcrumbList\",\"@id\":\"https:\\\/\\\/mennconcept.com\\\/de\\\/decoration\\\/marokkanische-pendelleuchte\\\/lsuspension-marocaine-1\\\/#breadcrumb\",\"itemListElement\":[{\"@type\":\"ListItem\",\"position\":1,\"name\":\"Accueil\",\"item\":\"https:\\\/\\\/mennconcept.com\\\/de\\\/\"},{\"@type\":\"ListItem\",\"position\":2,\"name\":\"Shop\",\"item\":\"https:\\\/\\\/mennconcept.com\\\/de\\\/shop-2\\\/\"},{\"@type\":\"ListItem\",\"position\":3,\"name\":\"Suspension Marocaine 1\"}]},{\"@type\":\"WebSite\",\"@id\":\"https:\\\/\\\/mennconcept.com\\\/de\\\/#website\",\"url\":\"https:\\\/\\\/mennconcept.com\\\/de\\\/\",\"name\":\"Artisanat Marocain Mennconcept\",\"description\":\"L&#039;Art de la Lumi\u00e8re. Artisanat Marocain de Luxe &amp; Cuivre Massif.\",\"publisher\":{\"@id\":\"https:\\\/\\\/mennconcept.com\\\/de\\\/#\\\/schema\\\/person\\\/2b311a14878282b83fdf0b876d5463fd\"},\"potentialAction\":[{\"@type\":\"SearchAction\",\"target\":{\"@type\":\"EntryPoint\",\"urlTemplate\":\"https:\\\/\\\/mennconcept.com\\\/de\\\/?s={search_term_string}\"},\"query-input\":{\"@type\":\"PropertyValueSpecification\",\"valueRequired\":true,\"valueName\":\"search_term_string\"}}],\"inLanguage\":\"de-DE\"},{\"@type\":[\"Person\",\"Organization\"],\"@id\":\"https:\\\/\\\/mennconcept.com\\\/de\\\/#\\\/schema\\\/person\\\/2b311a14878282b83fdf0b876d5463fd\",\"name\":\"mennconcept\",\"image\":{\"@type\":\"ImageObject\",\"inLanguage\":\"de-DE\",\"@id\":\"https:\\\/\\\/mennconcept.com\\\/wp-content\\\/uploads\\\/2021\\\/09\\\/rxyrsugfiinmmzpjdwly_400x400.png\",\"url\":\"https:\\\/\\\/mennconcept.com\\\/wp-content\\\/uploads\\\/2021\\\/09\\\/rxyrsugfiinmmzpjdwly_400x400.png\",\"contentUrl\":\"https:\\\/\\\/mennconcept.com\\\/wp-content\\\/uploads\\\/2021\\\/09\\\/rxyrsugfiinmmzpjdwly_400x400.png\",\"width\":400,\"height\":400,\"caption\":\"mennconcept\"},\"logo\":{\"@id\":\"https:\\\/\\\/mennconcept.com\\\/wp-content\\\/uploads\\\/2021\\\/09\\\/rxyrsugfiinmmzpjdwly_400x400.png\"}}]}<\/script>\n<!-- \/ Yoast SEO plugin. -->","yoast_head_json":{"title":"Suspension Marocaine 1 - Artisanat Marocain Mennconcept","description":"Suspension Marocaine cuivre, d\u00e9coration et style marocain traditionnel...Fabrication sure mesure,transport gratuit","robots":{"index":"index","follow":"follow","max-snippet":"max-snippet:-1","max-image-preview":"max-image-preview:large","max-video-preview":"max-video-preview:-1"},"canonical":"https:\/\/mennconcept.com\/de\/decoration\/marokkanische-pendelleuchte\/lsuspension-marocaine-1\/","og_locale":"de_DE","og_type":"article","og_title":"Suspension Marocaine 1 - Artisanat Marocain Mennconcept","og_description":"Suspension Marocaine cuivre, d\u00e9coration et style marocain traditionnel...Fabrication sure mesure,transport gratuit","og_url":"https:\/\/mennconcept.com\/de\/decoration\/marokkanische-pendelleuchte\/lsuspension-marocaine-1\/","og_site_name":"Artisanat Marocain Mennconcept","article_modified_time":"2026-01-16T11:50:06+00:00","og_image":[{"width":731,"height":538,"url":"https:\/\/mennconcept.com\/wp-content\/uploads\/2021\/09\/Sans-titre-7.png","type":"image\/png"}],"twitter_card":"summary_large_image","twitter_site":"@ArtisanatM","twitter_misc":{"Gesch\u00e4tzte Lesezeit":"1 minute"},"schema":{"@context":"https:\/\/schema.org","@graph":[{"@type":"WebPage","@id":"https:\/\/mennconcept.com\/de\/decoration\/marokkanische-pendelleuchte\/lsuspension-marocaine-1\/","url":"https:\/\/mennconcept.com\/de\/decoration\/marokkanische-pendelleuchte\/lsuspension-marocaine-1\/","name":"Suspension Marocaine 1 - Artisanat Marocain Mennconcept","isPartOf":{"@id":"https:\/\/mennconcept.com\/de\/#website"},"primaryImageOfPage":{"@id":"https:\/\/mennconcept.com\/de\/decoration\/marokkanische-pendelleuchte\/lsuspension-marocaine-1\/#primaryimage"},"image":{"@id":"https:\/\/mennconcept.com\/de\/decoration\/marokkanische-pendelleuchte\/lsuspension-marocaine-1\/#primaryimage"},"thumbnailUrl":"https:\/\/mennconcept.com\/wp-content\/uploads\/2021\/09\/Sans-titre-7.png","datePublished":"2021-09-01T22:38:08+00:00","dateModified":"2026-01-16T11:50:06+00:00","description":"Suspension Marocaine cuivre, d\u00e9coration et style marocain traditionnel...Fabrication sure mesure,transport gratuit","breadcrumb":{"@id":"https:\/\/mennconcept.com\/de\/decoration\/marokkanische-pendelleuchte\/lsuspension-marocaine-1\/#breadcrumb"},"inLanguage":"de-DE","potentialAction":[{"@type":"ReadAction","target":["https:\/\/mennconcept.com\/de\/decoration\/marokkanische-pendelleuchte\/lsuspension-marocaine-1\/"]}]},{"@type":"ImageObject","inLanguage":"de-DE","@id":"https:\/\/mennconcept.com\/de\/decoration\/marokkanische-pendelleuchte\/lsuspension-marocaine-1\/#primaryimage","url":"https:\/\/mennconcept.com\/wp-content\/uploads\/2021\/09\/Sans-titre-7.png","contentUrl":"https:\/\/mennconcept.com\/wp-content\/uploads\/2021\/09\/Sans-titre-7.png","width":731,"height":538,"caption":"Suspension Marocaine 1"},{"@type":"BreadcrumbList","@id":"https:\/\/mennconcept.com\/de\/decoration\/marokkanische-pendelleuchte\/lsuspension-marocaine-1\/#breadcrumb","itemListElement":[{"@type":"ListItem","position":1,"name":"Accueil","item":"https:\/\/mennconcept.com\/de\/"},{"@type":"ListItem","position":2,"name":"Shop","item":"https:\/\/mennconcept.com\/de\/shop-2\/"},{"@type":"ListItem","position":3,"name":"Suspension Marocaine 1"}]},{"@type":"WebSite","@id":"https:\/\/mennconcept.com\/de\/#website","url":"https:\/\/mennconcept.com\/de\/","name":"Artisanat Marocain Mennconcept","description":"L&#039;Art de la Lumi\u00e8re. Artisanat Marocain de Luxe &amp; Cuivre Massif.","publisher":{"@id":"https:\/\/mennconcept.com\/de\/#\/schema\/person\/2b311a14878282b83fdf0b876d5463fd"},"potentialAction":[{"@type":"SearchAction","target":{"@type":"EntryPoint","urlTemplate":"https:\/\/mennconcept.com\/de\/?s={search_term_string}"},"query-input":{"@type":"PropertyValueSpecification","valueRequired":true,"valueName":"search_term_string"}}],"inLanguage":"de-DE"},{"@type":["Person","Organization"],"@id":"https:\/\/mennconcept.com\/de\/#\/schema\/person\/2b311a14878282b83fdf0b876d5463fd","name":"mennconcept","image":{"@type":"ImageObject","inLanguage":"de-DE","@id":"https:\/\/mennconcept.com\/wp-content\/uploads\/2021\/09\/rxyrsugfiinmmzpjdwly_400x400.png","url":"https:\/\/mennconcept.com\/wp-content\/uploads\/2021\/09\/rxyrsugfiinmmzpjdwly_400x400.png","contentUrl":"https:\/\/mennconcept.com\/wp-content\/uploads\/2021\/09\/rxyrsugfiinmmzpjdwly_400x400.png","width":400,"height":400,"caption":"mennconcept"},"logo":{"@id":"https:\/\/mennconcept.com\/wp-content\/uploads\/2021\/09\/rxyrsugfiinmmzpjdwly_400x400.png"}}]}},"jetpack_publicize_connections":[],"amp_enabled":true,"_links":{"self":[{"href":"https:\/\/mennconcept.com\/de\/wp-json\/wp\/v2\/product\/14753","targetHints":{"allow":["GET"]}}],"collection":[{"href":"https:\/\/mennconcept.com\/de\/wp-json\/wp\/v2\/product"}],"about":[{"href":"https:\/\/mennconcept.com\/de\/wp-json\/wp\/v2\/types\/product"}],"replies":[{"embeddable":true,"href":"https:\/\/mennconcept.com\/de\/wp-json\/wp\/v2\/comments?post=14753"}],"wp:featuredmedia":[{"embeddable":true,"href":"https:\/\/mennconcept.com\/de\/wp-json\/wp\/v2\/media\/14748"}],"wp:attachment":[{"href":"https:\/\/mennconcept.com\/de\/wp-json\/wp\/v2\/media?parent=14753"}],"wp:term":[{"taxonomy":"product_brand","embeddable":true,"href":"https:\/\/mennconcept.com\/de\/wp-json\/wp\/v2\/product_brand?post=14753"},{"taxonomy":"product_cat","embeddable":true,"href":"https:\/\/mennconcept.com\/de\/wp-json\/wp\/v2\/product_cat?post=14753"},{"taxonomy":"product_tag","embeddable":true,"href":"https:\/\/mennconcept.com\/de\/wp-json\/wp\/v2\/product_tag?post=14753"}],"curies":[{"name":"wp","href":"https:\/\/api.w.org\/{rel}","templated":true}]}}