{"id":13572,"date":"2021-03-03T16:18:16","date_gmt":"2021-03-03T15:18:16","guid":{"rendered":"https:\/\/mennconcept.com\/?post_type=product&#038;p=13572"},"modified":"2025-12-26T15:11:10","modified_gmt":"2025-12-26T14:11:10","slug":"applique-murale-marocain-cuivre-moroccan-copper-wall-light-37","status":"publish","type":"product","link":"https:\/\/mennconcept.com\/de\/decoration\/wandleuchten\/applique-murale-marocain-cuivre-moroccan-copper-wall-light-37\/","title":{"rendered":"Applique murale marocaine cuivre"},"content":{"rendered":"<p>35\/20m<\/p>\n<p>\ud83c\uddeb\ud83c\uddf7 Applique murale marocaine cuivre , applique marocaine, lampe pour m\u00fbr , suspension mural Lampe en cuivre style marocain, berb\u00e8re, filigrane, arabesque, islamique, oriental, lanterne, photophore pour bougie, abat-jour, lampe de chevet, pondant suspension marocaine traditionnel maillechort cuivre laiton patin\u00e9 vieillis d\u2019ores argent\u00e9 artisanat marocain, artisanale Marrakech Maroc traditionnel lampe salon, couloir , chambre, salle \u00e0 manger, terrasse, chambre \u00e0 coucher, Cuisine, escalier\u2026.<br \/>\nFabrication sur mesure, de diff\u00e9rant tailles et mati\u00e8res, production sp\u00e9ciale pour un charme et une d\u00e9coration sp\u00e9ciale<\/p>\n<p>transports gratuit pour la France<br \/>\nTVA inclut<\/p>\n<p>\ud83c\uddec\ud83c\udde7 wall lamp, Moroccan wall lamp, wall lamp, wall suspension Moroccan style copper lamp, Berber, filigree, arabesque, Islamic, oriental, lantern, tealight for candle, lampshade, bedside lamp, laying traditional Moroccan pendant nickel silver copper patinated brass aged silver Moroccan craftsmanship, traditional Marrakech Morocco traditional lamp living room, hallway, bedroom, dining room, terrace, bedroom, kitchen, staircase\u2026.<br \/>\nMade to measure, in different sizes and materials, special production for a special charm and decoration<span style=\"font-style: italic;\">f<\/span><\/p>\n<p><span style=\"font-style: italic;\">free transport for France<\/span><\/p>\n<p>TVA included<\/p>\n","protected":false},"excerpt":{"rendered":"<p>Applique murale marocaine cuivre , applique marocaine, lampe pour m\u00fbr en cuivre style marocain, berb\u00e8re..<\/p>\n<p>Produit d&#8217;artisanat marocain, artisanat Marrakech en ligne , Applique murale marocaine cuivre traditionnel pour salon, couloir , chambre, salle \u00e0 manger, terrasse, chambre \u00e0 coucher, Cuisine, et escalier\u2026.<\/p>\n<p>Fabrication sur mesure, de diff\u00e9rant tailles et mati\u00e8res, production sp\u00e9ciale pour un charme et une d\u00e9coration sp\u00e9ciale de l&#8217;artisanat marocain en ligne<\/p>\n<p>transports gratuit pour la France<\/p>\n<p>TVA inclut<\/p>\n<p>35\/20 cm<\/p>\n","protected":false},"featured_media":13701,"comment_status":"open","ping_status":"closed","template":"","meta":{"_monsterinsights_skip_tracking":false,"_monsterinsights_sitenote_active":false,"_monsterinsights_sitenote_note":"","_monsterinsights_sitenote_category":0,"_joinchat":[],"jetpack_publicize_message":"","jetpack_publicize_feature_enabled":true,"jetpack_social_post_already_shared":false,"jetpack_social_options":{"image_generator_settings":{"template":"highway","default_image_id":0,"font":"","enabled":false},"version":2}},"product_brand":[],"product_cat":[16],"product_tag":[],"class_list":{"0":"post-13572","1":"product","2":"type-product","3":"status-publish","4":"has-post-thumbnail","6":"product_cat-applique_murale","8":"first","9":"instock","10":"taxable","11":"shipping-taxable","12":"purchasable","13":"product-type-simple"},"yoast_head":"<!-- This site is optimized with the Yoast SEO plugin v27.3 - https:\/\/yoast.com\/product\/yoast-seo-wordpress\/ -->\n<title>Applique murale marocaine cuivre - Artisanat Marocain Mennconcept<\/title>\n<meta name=\"description\" content=\"Applique murale marocaine cuivre , applique marocaine, lampe pour m\u00fbr en cuivre style marocain, berb\u00e8re.., Artisanat marocain en ligne\" \/>\n<meta name=\"robots\" content=\"index, follow, max-snippet:-1, max-image-preview:large, max-video-preview:-1\" \/>\n<link rel=\"canonical\" href=\"https:\/\/mennconcept.com\/de\/decoration\/wandleuchten\/applique-murale-marocain-cuivre-moroccan-copper-wall-light-37\/\" \/>\n<meta property=\"og:locale\" content=\"de_DE\" \/>\n<meta property=\"og:type\" content=\"article\" \/>\n<meta property=\"og:title\" content=\"Applique murale marocaine cuivre - Artisanat Marocain Mennconcept\" \/>\n<meta property=\"og:description\" content=\"Applique murale marocaine cuivre , applique marocaine, lampe pour m\u00fbr en cuivre style marocain, berb\u00e8re.., Artisanat marocain en ligne\" \/>\n<meta property=\"og:url\" content=\"https:\/\/mennconcept.com\/de\/decoration\/wandleuchten\/applique-murale-marocain-cuivre-moroccan-copper-wall-light-37\/\" \/>\n<meta property=\"og:site_name\" content=\"Artisanat Marocain Mennconcept\" \/>\n<meta property=\"article:modified_time\" content=\"2025-12-26T14:11:10+00:00\" \/>\n<meta property=\"og:image\" content=\"https:\/\/mennconcept.com\/wp-content\/uploads\/2021\/03\/applique-murale-en-cuivre-moroccan-copper-wall-light-37.jpg\" \/>\n\t<meta property=\"og:image:width\" content=\"481\" \/>\n\t<meta property=\"og:image:height\" content=\"561\" \/>\n\t<meta property=\"og:image:type\" content=\"image\/jpeg\" \/>\n<meta name=\"twitter:card\" content=\"summary_large_image\" \/>\n<meta name=\"twitter:site\" content=\"@ArtisanatM\" \/>\n<meta name=\"twitter:label1\" content=\"Gesch\u00e4tzte Lesezeit\" \/>\n\t<meta name=\"twitter:data1\" content=\"2 minutes\" \/>\n<script type=\"application\/ld+json\" class=\"yoast-schema-graph\">{\"@context\":\"https:\\\/\\\/schema.org\",\"@graph\":[{\"@type\":\"WebPage\",\"@id\":\"https:\\\/\\\/mennconcept.com\\\/de\\\/decoration\\\/wandleuchten\\\/applique-murale-marocain-cuivre-moroccan-copper-wall-light-37\\\/\",\"url\":\"https:\\\/\\\/mennconcept.com\\\/de\\\/decoration\\\/wandleuchten\\\/applique-murale-marocain-cuivre-moroccan-copper-wall-light-37\\\/\",\"name\":\"Applique murale marocaine cuivre - Artisanat Marocain Mennconcept\",\"isPartOf\":{\"@id\":\"https:\\\/\\\/mennconcept.com\\\/de\\\/#website\"},\"primaryImageOfPage\":{\"@id\":\"https:\\\/\\\/mennconcept.com\\\/de\\\/decoration\\\/wandleuchten\\\/applique-murale-marocain-cuivre-moroccan-copper-wall-light-37\\\/#primaryimage\"},\"image\":{\"@id\":\"https:\\\/\\\/mennconcept.com\\\/de\\\/decoration\\\/wandleuchten\\\/applique-murale-marocain-cuivre-moroccan-copper-wall-light-37\\\/#primaryimage\"},\"thumbnailUrl\":\"https:\\\/\\\/mennconcept.com\\\/wp-content\\\/uploads\\\/2021\\\/03\\\/applique-murale-en-cuivre-moroccan-copper-wall-light-37.jpg\",\"datePublished\":\"2021-03-03T15:18:16+00:00\",\"dateModified\":\"2025-12-26T14:11:10+00:00\",\"description\":\"Applique murale marocaine cuivre , applique marocaine, lampe pour m\u00fbr en cuivre style marocain, berb\u00e8re.., Artisanat marocain en ligne\",\"breadcrumb\":{\"@id\":\"https:\\\/\\\/mennconcept.com\\\/de\\\/decoration\\\/wandleuchten\\\/applique-murale-marocain-cuivre-moroccan-copper-wall-light-37\\\/#breadcrumb\"},\"inLanguage\":\"de-DE\",\"potentialAction\":[{\"@type\":\"ReadAction\",\"target\":[\"https:\\\/\\\/mennconcept.com\\\/de\\\/decoration\\\/wandleuchten\\\/applique-murale-marocain-cuivre-moroccan-copper-wall-light-37\\\/\"]}]},{\"@type\":\"ImageObject\",\"inLanguage\":\"de-DE\",\"@id\":\"https:\\\/\\\/mennconcept.com\\\/de\\\/decoration\\\/wandleuchten\\\/applique-murale-marocain-cuivre-moroccan-copper-wall-light-37\\\/#primaryimage\",\"url\":\"https:\\\/\\\/mennconcept.com\\\/wp-content\\\/uploads\\\/2021\\\/03\\\/applique-murale-en-cuivre-moroccan-copper-wall-light-37.jpg\",\"contentUrl\":\"https:\\\/\\\/mennconcept.com\\\/wp-content\\\/uploads\\\/2021\\\/03\\\/applique-murale-en-cuivre-moroccan-copper-wall-light-37.jpg\",\"width\":481,\"height\":561,\"caption\":\"Applique murale marocaine cuivre\"},{\"@type\":\"BreadcrumbList\",\"@id\":\"https:\\\/\\\/mennconcept.com\\\/de\\\/decoration\\\/wandleuchten\\\/applique-murale-marocain-cuivre-moroccan-copper-wall-light-37\\\/#breadcrumb\",\"itemListElement\":[{\"@type\":\"ListItem\",\"position\":1,\"name\":\"Accueil\",\"item\":\"https:\\\/\\\/mennconcept.com\\\/de\\\/\"},{\"@type\":\"ListItem\",\"position\":2,\"name\":\"Shop\",\"item\":\"https:\\\/\\\/mennconcept.com\\\/de\\\/shop-2\\\/\"},{\"@type\":\"ListItem\",\"position\":3,\"name\":\"Applique murale marocaine cuivre\"}]},{\"@type\":\"WebSite\",\"@id\":\"https:\\\/\\\/mennconcept.com\\\/de\\\/#website\",\"url\":\"https:\\\/\\\/mennconcept.com\\\/de\\\/\",\"name\":\"Artisanat Marocain Mennconcept\",\"description\":\"L&#039;Art de la Lumi\u00e8re. Artisanat Marocain de Luxe &amp; Cuivre Massif.\",\"publisher\":{\"@id\":\"https:\\\/\\\/mennconcept.com\\\/de\\\/#\\\/schema\\\/person\\\/2b311a14878282b83fdf0b876d5463fd\"},\"potentialAction\":[{\"@type\":\"SearchAction\",\"target\":{\"@type\":\"EntryPoint\",\"urlTemplate\":\"https:\\\/\\\/mennconcept.com\\\/de\\\/?s={search_term_string}\"},\"query-input\":{\"@type\":\"PropertyValueSpecification\",\"valueRequired\":true,\"valueName\":\"search_term_string\"}}],\"inLanguage\":\"de-DE\"},{\"@type\":[\"Person\",\"Organization\"],\"@id\":\"https:\\\/\\\/mennconcept.com\\\/de\\\/#\\\/schema\\\/person\\\/2b311a14878282b83fdf0b876d5463fd\",\"name\":\"mennconcept\",\"image\":{\"@type\":\"ImageObject\",\"inLanguage\":\"de-DE\",\"@id\":\"https:\\\/\\\/mennconcept.com\\\/wp-content\\\/uploads\\\/2021\\\/09\\\/rxyrsugfiinmmzpjdwly_400x400.png\",\"url\":\"https:\\\/\\\/mennconcept.com\\\/wp-content\\\/uploads\\\/2021\\\/09\\\/rxyrsugfiinmmzpjdwly_400x400.png\",\"contentUrl\":\"https:\\\/\\\/mennconcept.com\\\/wp-content\\\/uploads\\\/2021\\\/09\\\/rxyrsugfiinmmzpjdwly_400x400.png\",\"width\":400,\"height\":400,\"caption\":\"mennconcept\"},\"logo\":{\"@id\":\"https:\\\/\\\/mennconcept.com\\\/wp-content\\\/uploads\\\/2021\\\/09\\\/rxyrsugfiinmmzpjdwly_400x400.png\"}}]}<\/script>\n<!-- \/ Yoast SEO plugin. -->","yoast_head_json":{"title":"Applique murale marocaine cuivre - Artisanat Marocain Mennconcept","description":"Applique murale marocaine cuivre , applique marocaine, lampe pour m\u00fbr en cuivre style marocain, berb\u00e8re.., Artisanat marocain en ligne","robots":{"index":"index","follow":"follow","max-snippet":"max-snippet:-1","max-image-preview":"max-image-preview:large","max-video-preview":"max-video-preview:-1"},"canonical":"https:\/\/mennconcept.com\/de\/decoration\/wandleuchten\/applique-murale-marocain-cuivre-moroccan-copper-wall-light-37\/","og_locale":"de_DE","og_type":"article","og_title":"Applique murale marocaine cuivre - Artisanat Marocain Mennconcept","og_description":"Applique murale marocaine cuivre , applique marocaine, lampe pour m\u00fbr en cuivre style marocain, berb\u00e8re.., Artisanat marocain en ligne","og_url":"https:\/\/mennconcept.com\/de\/decoration\/wandleuchten\/applique-murale-marocain-cuivre-moroccan-copper-wall-light-37\/","og_site_name":"Artisanat Marocain Mennconcept","article_modified_time":"2025-12-26T14:11:10+00:00","og_image":[{"width":481,"height":561,"url":"https:\/\/mennconcept.com\/wp-content\/uploads\/2021\/03\/applique-murale-en-cuivre-moroccan-copper-wall-light-37.jpg","type":"image\/jpeg"}],"twitter_card":"summary_large_image","twitter_site":"@ArtisanatM","twitter_misc":{"Gesch\u00e4tzte Lesezeit":"2 minutes"},"schema":{"@context":"https:\/\/schema.org","@graph":[{"@type":"WebPage","@id":"https:\/\/mennconcept.com\/de\/decoration\/wandleuchten\/applique-murale-marocain-cuivre-moroccan-copper-wall-light-37\/","url":"https:\/\/mennconcept.com\/de\/decoration\/wandleuchten\/applique-murale-marocain-cuivre-moroccan-copper-wall-light-37\/","name":"Applique murale marocaine cuivre - Artisanat Marocain Mennconcept","isPartOf":{"@id":"https:\/\/mennconcept.com\/de\/#website"},"primaryImageOfPage":{"@id":"https:\/\/mennconcept.com\/de\/decoration\/wandleuchten\/applique-murale-marocain-cuivre-moroccan-copper-wall-light-37\/#primaryimage"},"image":{"@id":"https:\/\/mennconcept.com\/de\/decoration\/wandleuchten\/applique-murale-marocain-cuivre-moroccan-copper-wall-light-37\/#primaryimage"},"thumbnailUrl":"https:\/\/mennconcept.com\/wp-content\/uploads\/2021\/03\/applique-murale-en-cuivre-moroccan-copper-wall-light-37.jpg","datePublished":"2021-03-03T15:18:16+00:00","dateModified":"2025-12-26T14:11:10+00:00","description":"Applique murale marocaine cuivre , applique marocaine, lampe pour m\u00fbr en cuivre style marocain, berb\u00e8re.., Artisanat marocain en ligne","breadcrumb":{"@id":"https:\/\/mennconcept.com\/de\/decoration\/wandleuchten\/applique-murale-marocain-cuivre-moroccan-copper-wall-light-37\/#breadcrumb"},"inLanguage":"de-DE","potentialAction":[{"@type":"ReadAction","target":["https:\/\/mennconcept.com\/de\/decoration\/wandleuchten\/applique-murale-marocain-cuivre-moroccan-copper-wall-light-37\/"]}]},{"@type":"ImageObject","inLanguage":"de-DE","@id":"https:\/\/mennconcept.com\/de\/decoration\/wandleuchten\/applique-murale-marocain-cuivre-moroccan-copper-wall-light-37\/#primaryimage","url":"https:\/\/mennconcept.com\/wp-content\/uploads\/2021\/03\/applique-murale-en-cuivre-moroccan-copper-wall-light-37.jpg","contentUrl":"https:\/\/mennconcept.com\/wp-content\/uploads\/2021\/03\/applique-murale-en-cuivre-moroccan-copper-wall-light-37.jpg","width":481,"height":561,"caption":"Applique murale marocaine cuivre"},{"@type":"BreadcrumbList","@id":"https:\/\/mennconcept.com\/de\/decoration\/wandleuchten\/applique-murale-marocain-cuivre-moroccan-copper-wall-light-37\/#breadcrumb","itemListElement":[{"@type":"ListItem","position":1,"name":"Accueil","item":"https:\/\/mennconcept.com\/de\/"},{"@type":"ListItem","position":2,"name":"Shop","item":"https:\/\/mennconcept.com\/de\/shop-2\/"},{"@type":"ListItem","position":3,"name":"Applique murale marocaine cuivre"}]},{"@type":"WebSite","@id":"https:\/\/mennconcept.com\/de\/#website","url":"https:\/\/mennconcept.com\/de\/","name":"Artisanat Marocain Mennconcept","description":"L&#039;Art de la Lumi\u00e8re. Artisanat Marocain de Luxe &amp; Cuivre Massif.","publisher":{"@id":"https:\/\/mennconcept.com\/de\/#\/schema\/person\/2b311a14878282b83fdf0b876d5463fd"},"potentialAction":[{"@type":"SearchAction","target":{"@type":"EntryPoint","urlTemplate":"https:\/\/mennconcept.com\/de\/?s={search_term_string}"},"query-input":{"@type":"PropertyValueSpecification","valueRequired":true,"valueName":"search_term_string"}}],"inLanguage":"de-DE"},{"@type":["Person","Organization"],"@id":"https:\/\/mennconcept.com\/de\/#\/schema\/person\/2b311a14878282b83fdf0b876d5463fd","name":"mennconcept","image":{"@type":"ImageObject","inLanguage":"de-DE","@id":"https:\/\/mennconcept.com\/wp-content\/uploads\/2021\/09\/rxyrsugfiinmmzpjdwly_400x400.png","url":"https:\/\/mennconcept.com\/wp-content\/uploads\/2021\/09\/rxyrsugfiinmmzpjdwly_400x400.png","contentUrl":"https:\/\/mennconcept.com\/wp-content\/uploads\/2021\/09\/rxyrsugfiinmmzpjdwly_400x400.png","width":400,"height":400,"caption":"mennconcept"},"logo":{"@id":"https:\/\/mennconcept.com\/wp-content\/uploads\/2021\/09\/rxyrsugfiinmmzpjdwly_400x400.png"}}]}},"jetpack_publicize_connections":[],"amp_enabled":true,"_links":{"self":[{"href":"https:\/\/mennconcept.com\/de\/wp-json\/wp\/v2\/product\/13572","targetHints":{"allow":["GET"]}}],"collection":[{"href":"https:\/\/mennconcept.com\/de\/wp-json\/wp\/v2\/product"}],"about":[{"href":"https:\/\/mennconcept.com\/de\/wp-json\/wp\/v2\/types\/product"}],"replies":[{"embeddable":true,"href":"https:\/\/mennconcept.com\/de\/wp-json\/wp\/v2\/comments?post=13572"}],"wp:featuredmedia":[{"embeddable":true,"href":"https:\/\/mennconcept.com\/de\/wp-json\/wp\/v2\/media\/13701"}],"wp:attachment":[{"href":"https:\/\/mennconcept.com\/de\/wp-json\/wp\/v2\/media?parent=13572"}],"wp:term":[{"taxonomy":"product_brand","embeddable":true,"href":"https:\/\/mennconcept.com\/de\/wp-json\/wp\/v2\/product_brand?post=13572"},{"taxonomy":"product_cat","embeddable":true,"href":"https:\/\/mennconcept.com\/de\/wp-json\/wp\/v2\/product_cat?post=13572"},{"taxonomy":"product_tag","embeddable":true,"href":"https:\/\/mennconcept.com\/de\/wp-json\/wp\/v2\/product_tag?post=13572"}],"curies":[{"name":"wp","href":"https:\/\/api.w.org\/{rel}","templated":true}]}}