{"id":13404,"date":"2020-11-19T09:33:20","date_gmt":"2020-11-19T08:33:20","guid":{"rendered":"https:\/\/mennconcept.com\/?post_type=product&#038;p=13404"},"modified":"2022-01-15T12:50:08","modified_gmt":"2022-01-15T11:50:08","slug":"paravent-marocain-fer-forger-09","status":"publish","type":"product","link":"https:\/\/mennconcept.com\/de\/decoration\/schmiedeeiserner-bildschirm\/paravent-marocain-fer-forger-09\/","title":{"rendered":"Paravent marocain fer-forger 09"},"content":{"rendered":"<p>&nbsp;<\/p>\n<p><b>160\/120cm<\/b><\/p>\n<p><strong>\ud83c\uddeb\ud83c\uddf7 Paravent fer-forg\u00e9 artisanal marocain, traditionnelle fer-forg\u00e9, pour salon, couloir ,salle de bains, fer-forg\u00e9 chaise, photophore fer-forg\u00e9, canap\u00e9s fer-forg\u00e9. Fournitures fer-forg\u00e9. Miroir en fer-forg\u00e9<\/strong><\/p>\n<p><strong>Fabrication sur mesure de tous le dimensions, toutes les formes,<\/strong><\/p>\n<p>&nbsp;<\/p>\n","protected":false},"excerpt":{"rendered":"<p>&nbsp;<\/p>\n<p><b>160\/120cm<\/b><\/p>\n<p><strong>\ud83c\uddeb\ud83c\uddf7 Paravent fer-forg\u00e9 artisanal marocain, traditionnelle fer-forg\u00e9, pour salon, couloir ,salle de bains, fer-forg\u00e9 chaise, photophore fer-forg\u00e9, canap\u00e9s fer-forg\u00e9. Fournitures fer-forg\u00e9. Miroir en fer-forg\u00e9<\/strong><\/p>\n<p><strong>Fabrication sur mesure de tous le dimensions, toutes les formes,<\/strong><\/p>\n<p>&nbsp;<\/p>\n","protected":false},"featured_media":13382,"comment_status":"open","ping_status":"closed","template":"","meta":{"_monsterinsights_skip_tracking":false,"_monsterinsights_sitenote_active":false,"_monsterinsights_sitenote_note":"","_monsterinsights_sitenote_category":0,"_joinchat":[],"jetpack_publicize_message":"","jetpack_publicize_feature_enabled":true,"jetpack_social_post_already_shared":true,"jetpack_social_options":{"image_generator_settings":{"template":"highway","default_image_id":0,"font":"","enabled":false},"version":2}},"product_brand":[],"product_cat":[24,244],"product_tag":[],"class_list":{"0":"post-13404","1":"product","2":"type-product","3":"status-publish","4":"has-post-thumbnail","6":"product_cat-fer_forge","7":"product_cat-paravent-fer-forge","9":"first","10":"instock","11":"taxable","12":"shipping-taxable","13":"purchasable","14":"product-type-simple"},"yoast_head":"<!-- This site is optimized with the Yoast SEO plugin v27.3 - https:\/\/yoast.com\/product\/yoast-seo-wordpress\/ -->\n<title>Paravent marocain fer-forger 09 - Artisanat Marocain Mennconcept<\/title>\n<meta name=\"robots\" content=\"index, follow, max-snippet:-1, max-image-preview:large, max-video-preview:-1\" \/>\n<link rel=\"canonical\" href=\"https:\/\/mennconcept.com\/de\/decoration\/schmiedeeiserner-bildschirm\/paravent-marocain-fer-forger-09\/\" \/>\n<meta property=\"og:locale\" content=\"de_DE\" \/>\n<meta property=\"og:type\" content=\"article\" \/>\n<meta property=\"og:title\" content=\"Paravent marocain fer-forger 09 - Artisanat Marocain Mennconcept\" \/>\n<meta property=\"og:description\" content=\"&nbsp;  160\/120cm  \ud83c\uddeb\ud83c\uddf7 Paravent fer-forg\u00e9 artisanal marocain, traditionnelle fer-forg\u00e9, pour salon, couloir ,salle de bains, fer-forg\u00e9 chaise, photophore fer-forg\u00e9, canap\u00e9s fer-forg\u00e9. Fournitures fer-forg\u00e9. Miroir en fer-forg\u00e9  Fabrication sur mesure de tous le dimensions, toutes les formes,  &nbsp;\" \/>\n<meta property=\"og:url\" content=\"https:\/\/mennconcept.com\/de\/decoration\/schmiedeeiserner-bildschirm\/paravent-marocain-fer-forger-09\/\" \/>\n<meta property=\"og:site_name\" content=\"Artisanat Marocain Mennconcept\" \/>\n<meta property=\"article:modified_time\" content=\"2022-01-15T11:50:08+00:00\" \/>\n<meta property=\"og:image\" content=\"https:\/\/mennconcept.com\/wp-content\/uploads\/2020\/11\/PSX_20201118_110035.jpg\" \/>\n\t<meta property=\"og:image:width\" content=\"610\" \/>\n\t<meta property=\"og:image:height\" content=\"688\" \/>\n\t<meta property=\"og:image:type\" content=\"image\/jpeg\" \/>\n<meta name=\"twitter:card\" content=\"summary_large_image\" \/>\n<meta name=\"twitter:site\" content=\"@ArtisanatM\" \/>\n<meta name=\"twitter:label1\" content=\"Gesch\u00e4tzte Lesezeit\" \/>\n\t<meta name=\"twitter:data1\" content=\"1 minute\" \/>\n<script type=\"application\/ld+json\" class=\"yoast-schema-graph\">{\"@context\":\"https:\\\/\\\/schema.org\",\"@graph\":[{\"@type\":\"WebPage\",\"@id\":\"https:\\\/\\\/mennconcept.com\\\/de\\\/decoration\\\/schmiedeeiserner-bildschirm\\\/paravent-marocain-fer-forger-09\\\/\",\"url\":\"https:\\\/\\\/mennconcept.com\\\/de\\\/decoration\\\/schmiedeeiserner-bildschirm\\\/paravent-marocain-fer-forger-09\\\/\",\"name\":\"Paravent marocain fer-forger 09 - Artisanat Marocain Mennconcept\",\"isPartOf\":{\"@id\":\"https:\\\/\\\/mennconcept.com\\\/de\\\/#website\"},\"primaryImageOfPage\":{\"@id\":\"https:\\\/\\\/mennconcept.com\\\/de\\\/decoration\\\/schmiedeeiserner-bildschirm\\\/paravent-marocain-fer-forger-09\\\/#primaryimage\"},\"image\":{\"@id\":\"https:\\\/\\\/mennconcept.com\\\/de\\\/decoration\\\/schmiedeeiserner-bildschirm\\\/paravent-marocain-fer-forger-09\\\/#primaryimage\"},\"thumbnailUrl\":\"https:\\\/\\\/mennconcept.com\\\/wp-content\\\/uploads\\\/2020\\\/11\\\/PSX_20201118_110035.jpg\",\"datePublished\":\"2020-11-19T08:33:20+00:00\",\"dateModified\":\"2022-01-15T11:50:08+00:00\",\"breadcrumb\":{\"@id\":\"https:\\\/\\\/mennconcept.com\\\/de\\\/decoration\\\/schmiedeeiserner-bildschirm\\\/paravent-marocain-fer-forger-09\\\/#breadcrumb\"},\"inLanguage\":\"de-DE\",\"potentialAction\":[{\"@type\":\"ReadAction\",\"target\":[\"https:\\\/\\\/mennconcept.com\\\/de\\\/decoration\\\/schmiedeeiserner-bildschirm\\\/paravent-marocain-fer-forger-09\\\/\"]}]},{\"@type\":\"ImageObject\",\"inLanguage\":\"de-DE\",\"@id\":\"https:\\\/\\\/mennconcept.com\\\/de\\\/decoration\\\/schmiedeeiserner-bildschirm\\\/paravent-marocain-fer-forger-09\\\/#primaryimage\",\"url\":\"https:\\\/\\\/mennconcept.com\\\/wp-content\\\/uploads\\\/2020\\\/11\\\/PSX_20201118_110035.jpg\",\"contentUrl\":\"https:\\\/\\\/mennconcept.com\\\/wp-content\\\/uploads\\\/2020\\\/11\\\/PSX_20201118_110035.jpg\",\"width\":610,\"height\":688},{\"@type\":\"BreadcrumbList\",\"@id\":\"https:\\\/\\\/mennconcept.com\\\/de\\\/decoration\\\/schmiedeeiserner-bildschirm\\\/paravent-marocain-fer-forger-09\\\/#breadcrumb\",\"itemListElement\":[{\"@type\":\"ListItem\",\"position\":1,\"name\":\"Accueil\",\"item\":\"https:\\\/\\\/mennconcept.com\\\/de\\\/\"},{\"@type\":\"ListItem\",\"position\":2,\"name\":\"Shop\",\"item\":\"https:\\\/\\\/mennconcept.com\\\/de\\\/shop-2\\\/\"},{\"@type\":\"ListItem\",\"position\":3,\"name\":\"Paravent marocain fer-forger 09\"}]},{\"@type\":\"WebSite\",\"@id\":\"https:\\\/\\\/mennconcept.com\\\/de\\\/#website\",\"url\":\"https:\\\/\\\/mennconcept.com\\\/de\\\/\",\"name\":\"Artisanat Marocain Mennconcept\",\"description\":\"L&#039;Art de la Lumi\u00e8re. Artisanat Marocain de Luxe &amp; Cuivre Massif.\",\"publisher\":{\"@id\":\"https:\\\/\\\/mennconcept.com\\\/de\\\/#\\\/schema\\\/person\\\/2b311a14878282b83fdf0b876d5463fd\"},\"potentialAction\":[{\"@type\":\"SearchAction\",\"target\":{\"@type\":\"EntryPoint\",\"urlTemplate\":\"https:\\\/\\\/mennconcept.com\\\/de\\\/?s={search_term_string}\"},\"query-input\":{\"@type\":\"PropertyValueSpecification\",\"valueRequired\":true,\"valueName\":\"search_term_string\"}}],\"inLanguage\":\"de-DE\"},{\"@type\":[\"Person\",\"Organization\"],\"@id\":\"https:\\\/\\\/mennconcept.com\\\/de\\\/#\\\/schema\\\/person\\\/2b311a14878282b83fdf0b876d5463fd\",\"name\":\"mennconcept\",\"image\":{\"@type\":\"ImageObject\",\"inLanguage\":\"de-DE\",\"@id\":\"https:\\\/\\\/mennconcept.com\\\/wp-content\\\/uploads\\\/2021\\\/09\\\/rxyrsugfiinmmzpjdwly_400x400.png\",\"url\":\"https:\\\/\\\/mennconcept.com\\\/wp-content\\\/uploads\\\/2021\\\/09\\\/rxyrsugfiinmmzpjdwly_400x400.png\",\"contentUrl\":\"https:\\\/\\\/mennconcept.com\\\/wp-content\\\/uploads\\\/2021\\\/09\\\/rxyrsugfiinmmzpjdwly_400x400.png\",\"width\":400,\"height\":400,\"caption\":\"mennconcept\"},\"logo\":{\"@id\":\"https:\\\/\\\/mennconcept.com\\\/wp-content\\\/uploads\\\/2021\\\/09\\\/rxyrsugfiinmmzpjdwly_400x400.png\"}}]}<\/script>\n<!-- \/ Yoast SEO plugin. -->","yoast_head_json":{"title":"Paravent marocain fer-forger 09 - Artisanat Marocain Mennconcept","robots":{"index":"index","follow":"follow","max-snippet":"max-snippet:-1","max-image-preview":"max-image-preview:large","max-video-preview":"max-video-preview:-1"},"canonical":"https:\/\/mennconcept.com\/de\/decoration\/schmiedeeiserner-bildschirm\/paravent-marocain-fer-forger-09\/","og_locale":"de_DE","og_type":"article","og_title":"Paravent marocain fer-forger 09 - Artisanat Marocain Mennconcept","og_description":"&nbsp;  160\/120cm  \ud83c\uddeb\ud83c\uddf7 Paravent fer-forg\u00e9 artisanal marocain, traditionnelle fer-forg\u00e9, pour salon, couloir ,salle de bains, fer-forg\u00e9 chaise, photophore fer-forg\u00e9, canap\u00e9s fer-forg\u00e9. Fournitures fer-forg\u00e9. Miroir en fer-forg\u00e9  Fabrication sur mesure de tous le dimensions, toutes les formes,  &nbsp;","og_url":"https:\/\/mennconcept.com\/de\/decoration\/schmiedeeiserner-bildschirm\/paravent-marocain-fer-forger-09\/","og_site_name":"Artisanat Marocain Mennconcept","article_modified_time":"2022-01-15T11:50:08+00:00","og_image":[{"width":610,"height":688,"url":"https:\/\/mennconcept.com\/wp-content\/uploads\/2020\/11\/PSX_20201118_110035.jpg","type":"image\/jpeg"}],"twitter_card":"summary_large_image","twitter_site":"@ArtisanatM","twitter_misc":{"Gesch\u00e4tzte Lesezeit":"1 minute"},"schema":{"@context":"https:\/\/schema.org","@graph":[{"@type":"WebPage","@id":"https:\/\/mennconcept.com\/de\/decoration\/schmiedeeiserner-bildschirm\/paravent-marocain-fer-forger-09\/","url":"https:\/\/mennconcept.com\/de\/decoration\/schmiedeeiserner-bildschirm\/paravent-marocain-fer-forger-09\/","name":"Paravent marocain fer-forger 09 - Artisanat Marocain Mennconcept","isPartOf":{"@id":"https:\/\/mennconcept.com\/de\/#website"},"primaryImageOfPage":{"@id":"https:\/\/mennconcept.com\/de\/decoration\/schmiedeeiserner-bildschirm\/paravent-marocain-fer-forger-09\/#primaryimage"},"image":{"@id":"https:\/\/mennconcept.com\/de\/decoration\/schmiedeeiserner-bildschirm\/paravent-marocain-fer-forger-09\/#primaryimage"},"thumbnailUrl":"https:\/\/mennconcept.com\/wp-content\/uploads\/2020\/11\/PSX_20201118_110035.jpg","datePublished":"2020-11-19T08:33:20+00:00","dateModified":"2022-01-15T11:50:08+00:00","breadcrumb":{"@id":"https:\/\/mennconcept.com\/de\/decoration\/schmiedeeiserner-bildschirm\/paravent-marocain-fer-forger-09\/#breadcrumb"},"inLanguage":"de-DE","potentialAction":[{"@type":"ReadAction","target":["https:\/\/mennconcept.com\/de\/decoration\/schmiedeeiserner-bildschirm\/paravent-marocain-fer-forger-09\/"]}]},{"@type":"ImageObject","inLanguage":"de-DE","@id":"https:\/\/mennconcept.com\/de\/decoration\/schmiedeeiserner-bildschirm\/paravent-marocain-fer-forger-09\/#primaryimage","url":"https:\/\/mennconcept.com\/wp-content\/uploads\/2020\/11\/PSX_20201118_110035.jpg","contentUrl":"https:\/\/mennconcept.com\/wp-content\/uploads\/2020\/11\/PSX_20201118_110035.jpg","width":610,"height":688},{"@type":"BreadcrumbList","@id":"https:\/\/mennconcept.com\/de\/decoration\/schmiedeeiserner-bildschirm\/paravent-marocain-fer-forger-09\/#breadcrumb","itemListElement":[{"@type":"ListItem","position":1,"name":"Accueil","item":"https:\/\/mennconcept.com\/de\/"},{"@type":"ListItem","position":2,"name":"Shop","item":"https:\/\/mennconcept.com\/de\/shop-2\/"},{"@type":"ListItem","position":3,"name":"Paravent marocain fer-forger 09"}]},{"@type":"WebSite","@id":"https:\/\/mennconcept.com\/de\/#website","url":"https:\/\/mennconcept.com\/de\/","name":"Artisanat Marocain Mennconcept","description":"L&#039;Art de la Lumi\u00e8re. Artisanat Marocain de Luxe &amp; Cuivre Massif.","publisher":{"@id":"https:\/\/mennconcept.com\/de\/#\/schema\/person\/2b311a14878282b83fdf0b876d5463fd"},"potentialAction":[{"@type":"SearchAction","target":{"@type":"EntryPoint","urlTemplate":"https:\/\/mennconcept.com\/de\/?s={search_term_string}"},"query-input":{"@type":"PropertyValueSpecification","valueRequired":true,"valueName":"search_term_string"}}],"inLanguage":"de-DE"},{"@type":["Person","Organization"],"@id":"https:\/\/mennconcept.com\/de\/#\/schema\/person\/2b311a14878282b83fdf0b876d5463fd","name":"mennconcept","image":{"@type":"ImageObject","inLanguage":"de-DE","@id":"https:\/\/mennconcept.com\/wp-content\/uploads\/2021\/09\/rxyrsugfiinmmzpjdwly_400x400.png","url":"https:\/\/mennconcept.com\/wp-content\/uploads\/2021\/09\/rxyrsugfiinmmzpjdwly_400x400.png","contentUrl":"https:\/\/mennconcept.com\/wp-content\/uploads\/2021\/09\/rxyrsugfiinmmzpjdwly_400x400.png","width":400,"height":400,"caption":"mennconcept"},"logo":{"@id":"https:\/\/mennconcept.com\/wp-content\/uploads\/2021\/09\/rxyrsugfiinmmzpjdwly_400x400.png"}}]}},"jetpack_publicize_connections":[],"amp_enabled":true,"_links":{"self":[{"href":"https:\/\/mennconcept.com\/de\/wp-json\/wp\/v2\/product\/13404","targetHints":{"allow":["GET"]}}],"collection":[{"href":"https:\/\/mennconcept.com\/de\/wp-json\/wp\/v2\/product"}],"about":[{"href":"https:\/\/mennconcept.com\/de\/wp-json\/wp\/v2\/types\/product"}],"replies":[{"embeddable":true,"href":"https:\/\/mennconcept.com\/de\/wp-json\/wp\/v2\/comments?post=13404"}],"wp:featuredmedia":[{"embeddable":true,"href":"https:\/\/mennconcept.com\/de\/wp-json\/wp\/v2\/media\/13382"}],"wp:attachment":[{"href":"https:\/\/mennconcept.com\/de\/wp-json\/wp\/v2\/media?parent=13404"}],"wp:term":[{"taxonomy":"product_brand","embeddable":true,"href":"https:\/\/mennconcept.com\/de\/wp-json\/wp\/v2\/product_brand?post=13404"},{"taxonomy":"product_cat","embeddable":true,"href":"https:\/\/mennconcept.com\/de\/wp-json\/wp\/v2\/product_cat?post=13404"},{"taxonomy":"product_tag","embeddable":true,"href":"https:\/\/mennconcept.com\/de\/wp-json\/wp\/v2\/product_tag?post=13404"}],"curies":[{"name":"wp","href":"https:\/\/api.w.org\/{rel}","templated":true}]}}