{"id":13312,"date":"2020-11-17T11:37:50","date_gmt":"2020-11-17T10:37:50","guid":{"rendered":"https:\/\/mennconcept.com\/?post_type=product&#038;p=13312"},"modified":"2021-07-31T00:57:59","modified_gmt":"2021-07-30T22:57:59","slug":"miroir-fer-forge-marocain-moroccan-iron-miror-02","status":"publish","type":"product","link":"https:\/\/mennconcept.com\/de\/decoration\/schmiedeeiserner-spiegel\/miroir-fer-forge-marocain-moroccan-iron-miror-02\/","title":{"rendered":"Miroir fer-forg\u00e9 marocain\/ moroccan iron miror 02"},"content":{"rendered":"<p>&nbsp;<\/p>\n<p><b>60\/40 cm<\/b><\/p>\n<p><strong>\ud83c\uddeb\ud83c\uddf7 Miroir fer-forg\u00e9 artisanal marocain, traditionnelle fer-forg\u00e9, pour salon, couloir ,salle de bains, fer-forg\u00e9 chaise, photophore fer-forg\u00e9, canap\u00e9s fer-forg\u00e9. Fournitures fer-forg\u00e9. Paravent en fer-forg\u00e9<\/strong><\/p>\n<p><strong>Fabrication sur mesure de tous le dimensions, toutes les formes,<\/strong><\/p>\n<p><strong>\ud83c\uddec\ud83c\udde7 Moroccan handcrafted wrought iron mirror, traditional wrought iron, for living room, hallway, bathroom, wrought iron chair, wrought iron candle holder, wrought iron sofas. Wrought iron supplies. Wrought iron screen<\/strong><\/p>\n<p><strong>Custom manufacturing of all sizes, all shapes,<\/strong><\/p>\n","protected":false},"excerpt":{"rendered":"<p>&nbsp;<\/p>\n<p><b>60\/40 cm<\/b><\/p>\n<p><strong>\ud83c\uddeb\ud83c\uddf7 Miroir fer-forg\u00e9 artisanal marocain, traditionnelle fer-forg\u00e9, pour salon, couloir ,salle de bains, fer-forg\u00e9 chaise, photophore fer-forg\u00e9, canap\u00e9s fer-forg\u00e9. Fournitures fer-forg\u00e9. Paravent en fer-forg\u00e9<\/strong><\/p>\n<p><strong>Fabrication sur mesure de tous le dimensions, toutes les formes,<\/strong><\/p>\n<p><strong>\ud83c\uddec\ud83c\udde7 Moroccan handcrafted wrought iron mirror, traditional wrought iron, for living room, hallway, bathroom, wrought iron chair, wrought iron candle holder, wrought iron sofas. Wrought iron supplies. Wrought iron screen<\/strong><\/p>\n<p><strong>Custom manufacturing of all sizes, all shapes,<\/strong><\/p>\n","protected":false},"featured_media":13292,"comment_status":"open","ping_status":"closed","template":"","meta":{"_monsterinsights_skip_tracking":false,"_monsterinsights_sitenote_active":false,"_monsterinsights_sitenote_note":"","_monsterinsights_sitenote_category":0,"_joinchat":[],"jetpack_publicize_message":"","jetpack_publicize_feature_enabled":true,"jetpack_social_post_already_shared":true,"jetpack_social_options":{"image_generator_settings":{"template":"highway","default_image_id":0,"font":"","enabled":false},"version":2}},"product_brand":[],"product_cat":[243],"product_tag":[],"class_list":{"0":"post-13312","1":"product","2":"type-product","3":"status-publish","4":"has-post-thumbnail","6":"product_cat-miroir-fer-forge","8":"first","9":"instock","10":"taxable","11":"shipping-taxable","12":"purchasable","13":"product-type-simple"},"yoast_head":"<!-- This site is optimized with the Yoast SEO plugin v27.3 - https:\/\/yoast.com\/product\/yoast-seo-wordpress\/ -->\n<title>Miroir fer-forg\u00e9 marocain\/ moroccan iron miror 02 - Artisanat Marocain Mennconcept<\/title>\n<meta name=\"robots\" content=\"index, follow, max-snippet:-1, max-image-preview:large, max-video-preview:-1\" \/>\n<link rel=\"canonical\" href=\"https:\/\/mennconcept.com\/de\/decoration\/schmiedeeiserner-spiegel\/miroir-fer-forge-marocain-moroccan-iron-miror-02\/\" \/>\n<meta property=\"og:locale\" content=\"de_DE\" \/>\n<meta property=\"og:type\" content=\"article\" \/>\n<meta property=\"og:title\" content=\"Miroir fer-forg\u00e9 marocain\/ moroccan iron miror 02 - Artisanat Marocain Mennconcept\" \/>\n<meta property=\"og:description\" content=\"&nbsp;  60\/40 cm  \ud83c\uddeb\ud83c\uddf7 Miroir fer-forg\u00e9 artisanal marocain, traditionnelle fer-forg\u00e9, pour salon, couloir ,salle de bains, fer-forg\u00e9 chaise, photophore fer-forg\u00e9, canap\u00e9s fer-forg\u00e9. Fournitures fer-forg\u00e9. Paravent en fer-forg\u00e9  Fabrication sur mesure de tous le dimensions, toutes les formes,  \ud83c\uddec\ud83c\udde7 Moroccan handcrafted wrought iron mirror, traditional wrought iron, for living room, hallway, bathroom, wrought iron chair, wrought iron candle holder, wrought iron sofas. Wrought iron supplies. Wrought iron screen  Custom manufacturing of all sizes, all shapes,\" \/>\n<meta property=\"og:url\" content=\"https:\/\/mennconcept.com\/de\/decoration\/schmiedeeiserner-spiegel\/miroir-fer-forge-marocain-moroccan-iron-miror-02\/\" \/>\n<meta property=\"og:site_name\" content=\"Artisanat Marocain Mennconcept\" \/>\n<meta property=\"article:modified_time\" content=\"2021-07-30T22:57:59+00:00\" \/>\n<meta property=\"og:image\" content=\"https:\/\/i1.wp.com\/mennconcept.com\/wp-content\/uploads\/2020\/11\/PSX_20201115_132713.jpg?fit=1740%2C2353&ssl=1\" \/>\n\t<meta property=\"og:image:width\" content=\"1740\" \/>\n\t<meta property=\"og:image:height\" content=\"2353\" \/>\n\t<meta property=\"og:image:type\" content=\"image\/jpeg\" \/>\n<meta name=\"twitter:card\" content=\"summary_large_image\" \/>\n<meta name=\"twitter:site\" content=\"@ArtisanatM\" \/>\n<script type=\"application\/ld+json\" class=\"yoast-schema-graph\">{\"@context\":\"https:\\\/\\\/schema.org\",\"@graph\":[{\"@type\":\"WebPage\",\"@id\":\"https:\\\/\\\/mennconcept.com\\\/de\\\/decoration\\\/schmiedeeiserner-spiegel\\\/miroir-fer-forge-marocain-moroccan-iron-miror-02\\\/\",\"url\":\"https:\\\/\\\/mennconcept.com\\\/de\\\/decoration\\\/schmiedeeiserner-spiegel\\\/miroir-fer-forge-marocain-moroccan-iron-miror-02\\\/\",\"name\":\"Miroir fer-forg\u00e9 marocain\\\/ moroccan iron miror 02 - Artisanat Marocain Mennconcept\",\"isPartOf\":{\"@id\":\"https:\\\/\\\/mennconcept.com\\\/de\\\/#website\"},\"primaryImageOfPage\":{\"@id\":\"https:\\\/\\\/mennconcept.com\\\/de\\\/decoration\\\/schmiedeeiserner-spiegel\\\/miroir-fer-forge-marocain-moroccan-iron-miror-02\\\/#primaryimage\"},\"image\":{\"@id\":\"https:\\\/\\\/mennconcept.com\\\/de\\\/decoration\\\/schmiedeeiserner-spiegel\\\/miroir-fer-forge-marocain-moroccan-iron-miror-02\\\/#primaryimage\"},\"thumbnailUrl\":\"https:\\\/\\\/mennconcept.com\\\/wp-content\\\/uploads\\\/2020\\\/11\\\/PSX_20201115_132713.jpg\",\"datePublished\":\"2020-11-17T10:37:50+00:00\",\"dateModified\":\"2021-07-30T22:57:59+00:00\",\"breadcrumb\":{\"@id\":\"https:\\\/\\\/mennconcept.com\\\/de\\\/decoration\\\/schmiedeeiserner-spiegel\\\/miroir-fer-forge-marocain-moroccan-iron-miror-02\\\/#breadcrumb\"},\"inLanguage\":\"de-DE\",\"potentialAction\":[{\"@type\":\"ReadAction\",\"target\":[\"https:\\\/\\\/mennconcept.com\\\/de\\\/decoration\\\/schmiedeeiserner-spiegel\\\/miroir-fer-forge-marocain-moroccan-iron-miror-02\\\/\"]}]},{\"@type\":\"ImageObject\",\"inLanguage\":\"de-DE\",\"@id\":\"https:\\\/\\\/mennconcept.com\\\/de\\\/decoration\\\/schmiedeeiserner-spiegel\\\/miroir-fer-forge-marocain-moroccan-iron-miror-02\\\/#primaryimage\",\"url\":\"https:\\\/\\\/mennconcept.com\\\/wp-content\\\/uploads\\\/2020\\\/11\\\/PSX_20201115_132713.jpg\",\"contentUrl\":\"https:\\\/\\\/mennconcept.com\\\/wp-content\\\/uploads\\\/2020\\\/11\\\/PSX_20201115_132713.jpg\",\"width\":1740,\"height\":2353},{\"@type\":\"BreadcrumbList\",\"@id\":\"https:\\\/\\\/mennconcept.com\\\/de\\\/decoration\\\/schmiedeeiserner-spiegel\\\/miroir-fer-forge-marocain-moroccan-iron-miror-02\\\/#breadcrumb\",\"itemListElement\":[{\"@type\":\"ListItem\",\"position\":1,\"name\":\"Accueil\",\"item\":\"https:\\\/\\\/mennconcept.com\\\/de\\\/\"},{\"@type\":\"ListItem\",\"position\":2,\"name\":\"Shop\",\"item\":\"https:\\\/\\\/mennconcept.com\\\/de\\\/shop-2\\\/\"},{\"@type\":\"ListItem\",\"position\":3,\"name\":\"Miroir fer-forg\u00e9 marocain\\\/ moroccan iron miror 02\"}]},{\"@type\":\"WebSite\",\"@id\":\"https:\\\/\\\/mennconcept.com\\\/de\\\/#website\",\"url\":\"https:\\\/\\\/mennconcept.com\\\/de\\\/\",\"name\":\"Artisanat Marocain Mennconcept\",\"description\":\"L&#039;Art de la Lumi\u00e8re. Artisanat Marocain de Luxe &amp; Cuivre Massif.\",\"publisher\":{\"@id\":\"https:\\\/\\\/mennconcept.com\\\/de\\\/#\\\/schema\\\/person\\\/2b311a14878282b83fdf0b876d5463fd\"},\"potentialAction\":[{\"@type\":\"SearchAction\",\"target\":{\"@type\":\"EntryPoint\",\"urlTemplate\":\"https:\\\/\\\/mennconcept.com\\\/de\\\/?s={search_term_string}\"},\"query-input\":{\"@type\":\"PropertyValueSpecification\",\"valueRequired\":true,\"valueName\":\"search_term_string\"}}],\"inLanguage\":\"de-DE\"},{\"@type\":[\"Person\",\"Organization\"],\"@id\":\"https:\\\/\\\/mennconcept.com\\\/de\\\/#\\\/schema\\\/person\\\/2b311a14878282b83fdf0b876d5463fd\",\"name\":\"mennconcept\",\"image\":{\"@type\":\"ImageObject\",\"inLanguage\":\"de-DE\",\"@id\":\"https:\\\/\\\/mennconcept.com\\\/wp-content\\\/uploads\\\/2021\\\/09\\\/rxyrsugfiinmmzpjdwly_400x400.png\",\"url\":\"https:\\\/\\\/mennconcept.com\\\/wp-content\\\/uploads\\\/2021\\\/09\\\/rxyrsugfiinmmzpjdwly_400x400.png\",\"contentUrl\":\"https:\\\/\\\/mennconcept.com\\\/wp-content\\\/uploads\\\/2021\\\/09\\\/rxyrsugfiinmmzpjdwly_400x400.png\",\"width\":400,\"height\":400,\"caption\":\"mennconcept\"},\"logo\":{\"@id\":\"https:\\\/\\\/mennconcept.com\\\/wp-content\\\/uploads\\\/2021\\\/09\\\/rxyrsugfiinmmzpjdwly_400x400.png\"}}]}<\/script>\n<!-- \/ Yoast SEO plugin. -->","yoast_head_json":{"title":"Miroir fer-forg\u00e9 marocain\/ moroccan iron miror 02 - Artisanat Marocain Mennconcept","robots":{"index":"index","follow":"follow","max-snippet":"max-snippet:-1","max-image-preview":"max-image-preview:large","max-video-preview":"max-video-preview:-1"},"canonical":"https:\/\/mennconcept.com\/de\/decoration\/schmiedeeiserner-spiegel\/miroir-fer-forge-marocain-moroccan-iron-miror-02\/","og_locale":"de_DE","og_type":"article","og_title":"Miroir fer-forg\u00e9 marocain\/ moroccan iron miror 02 - Artisanat Marocain Mennconcept","og_description":"&nbsp;  60\/40 cm  \ud83c\uddeb\ud83c\uddf7 Miroir fer-forg\u00e9 artisanal marocain, traditionnelle fer-forg\u00e9, pour salon, couloir ,salle de bains, fer-forg\u00e9 chaise, photophore fer-forg\u00e9, canap\u00e9s fer-forg\u00e9. Fournitures fer-forg\u00e9. Paravent en fer-forg\u00e9  Fabrication sur mesure de tous le dimensions, toutes les formes,  \ud83c\uddec\ud83c\udde7 Moroccan handcrafted wrought iron mirror, traditional wrought iron, for living room, hallway, bathroom, wrought iron chair, wrought iron candle holder, wrought iron sofas. Wrought iron supplies. Wrought iron screen  Custom manufacturing of all sizes, all shapes,","og_url":"https:\/\/mennconcept.com\/de\/decoration\/schmiedeeiserner-spiegel\/miroir-fer-forge-marocain-moroccan-iron-miror-02\/","og_site_name":"Artisanat Marocain Mennconcept","article_modified_time":"2021-07-30T22:57:59+00:00","og_image":[{"width":1740,"height":2353,"url":"https:\/\/i1.wp.com\/mennconcept.com\/wp-content\/uploads\/2020\/11\/PSX_20201115_132713.jpg?fit=1740%2C2353&ssl=1","type":"image\/jpeg"}],"twitter_card":"summary_large_image","twitter_site":"@ArtisanatM","schema":{"@context":"https:\/\/schema.org","@graph":[{"@type":"WebPage","@id":"https:\/\/mennconcept.com\/de\/decoration\/schmiedeeiserner-spiegel\/miroir-fer-forge-marocain-moroccan-iron-miror-02\/","url":"https:\/\/mennconcept.com\/de\/decoration\/schmiedeeiserner-spiegel\/miroir-fer-forge-marocain-moroccan-iron-miror-02\/","name":"Miroir fer-forg\u00e9 marocain\/ moroccan iron miror 02 - Artisanat Marocain Mennconcept","isPartOf":{"@id":"https:\/\/mennconcept.com\/de\/#website"},"primaryImageOfPage":{"@id":"https:\/\/mennconcept.com\/de\/decoration\/schmiedeeiserner-spiegel\/miroir-fer-forge-marocain-moroccan-iron-miror-02\/#primaryimage"},"image":{"@id":"https:\/\/mennconcept.com\/de\/decoration\/schmiedeeiserner-spiegel\/miroir-fer-forge-marocain-moroccan-iron-miror-02\/#primaryimage"},"thumbnailUrl":"https:\/\/mennconcept.com\/wp-content\/uploads\/2020\/11\/PSX_20201115_132713.jpg","datePublished":"2020-11-17T10:37:50+00:00","dateModified":"2021-07-30T22:57:59+00:00","breadcrumb":{"@id":"https:\/\/mennconcept.com\/de\/decoration\/schmiedeeiserner-spiegel\/miroir-fer-forge-marocain-moroccan-iron-miror-02\/#breadcrumb"},"inLanguage":"de-DE","potentialAction":[{"@type":"ReadAction","target":["https:\/\/mennconcept.com\/de\/decoration\/schmiedeeiserner-spiegel\/miroir-fer-forge-marocain-moroccan-iron-miror-02\/"]}]},{"@type":"ImageObject","inLanguage":"de-DE","@id":"https:\/\/mennconcept.com\/de\/decoration\/schmiedeeiserner-spiegel\/miroir-fer-forge-marocain-moroccan-iron-miror-02\/#primaryimage","url":"https:\/\/mennconcept.com\/wp-content\/uploads\/2020\/11\/PSX_20201115_132713.jpg","contentUrl":"https:\/\/mennconcept.com\/wp-content\/uploads\/2020\/11\/PSX_20201115_132713.jpg","width":1740,"height":2353},{"@type":"BreadcrumbList","@id":"https:\/\/mennconcept.com\/de\/decoration\/schmiedeeiserner-spiegel\/miroir-fer-forge-marocain-moroccan-iron-miror-02\/#breadcrumb","itemListElement":[{"@type":"ListItem","position":1,"name":"Accueil","item":"https:\/\/mennconcept.com\/de\/"},{"@type":"ListItem","position":2,"name":"Shop","item":"https:\/\/mennconcept.com\/de\/shop-2\/"},{"@type":"ListItem","position":3,"name":"Miroir fer-forg\u00e9 marocain\/ moroccan iron miror 02"}]},{"@type":"WebSite","@id":"https:\/\/mennconcept.com\/de\/#website","url":"https:\/\/mennconcept.com\/de\/","name":"Artisanat Marocain Mennconcept","description":"L&#039;Art de la Lumi\u00e8re. Artisanat Marocain de Luxe &amp; Cuivre Massif.","publisher":{"@id":"https:\/\/mennconcept.com\/de\/#\/schema\/person\/2b311a14878282b83fdf0b876d5463fd"},"potentialAction":[{"@type":"SearchAction","target":{"@type":"EntryPoint","urlTemplate":"https:\/\/mennconcept.com\/de\/?s={search_term_string}"},"query-input":{"@type":"PropertyValueSpecification","valueRequired":true,"valueName":"search_term_string"}}],"inLanguage":"de-DE"},{"@type":["Person","Organization"],"@id":"https:\/\/mennconcept.com\/de\/#\/schema\/person\/2b311a14878282b83fdf0b876d5463fd","name":"mennconcept","image":{"@type":"ImageObject","inLanguage":"de-DE","@id":"https:\/\/mennconcept.com\/wp-content\/uploads\/2021\/09\/rxyrsugfiinmmzpjdwly_400x400.png","url":"https:\/\/mennconcept.com\/wp-content\/uploads\/2021\/09\/rxyrsugfiinmmzpjdwly_400x400.png","contentUrl":"https:\/\/mennconcept.com\/wp-content\/uploads\/2021\/09\/rxyrsugfiinmmzpjdwly_400x400.png","width":400,"height":400,"caption":"mennconcept"},"logo":{"@id":"https:\/\/mennconcept.com\/wp-content\/uploads\/2021\/09\/rxyrsugfiinmmzpjdwly_400x400.png"}}]}},"jetpack_publicize_connections":[],"amp_enabled":true,"_links":{"self":[{"href":"https:\/\/mennconcept.com\/de\/wp-json\/wp\/v2\/product\/13312","targetHints":{"allow":["GET"]}}],"collection":[{"href":"https:\/\/mennconcept.com\/de\/wp-json\/wp\/v2\/product"}],"about":[{"href":"https:\/\/mennconcept.com\/de\/wp-json\/wp\/v2\/types\/product"}],"replies":[{"embeddable":true,"href":"https:\/\/mennconcept.com\/de\/wp-json\/wp\/v2\/comments?post=13312"}],"wp:featuredmedia":[{"embeddable":true,"href":"https:\/\/mennconcept.com\/de\/wp-json\/wp\/v2\/media\/13292"}],"wp:attachment":[{"href":"https:\/\/mennconcept.com\/de\/wp-json\/wp\/v2\/media?parent=13312"}],"wp:term":[{"taxonomy":"product_brand","embeddable":true,"href":"https:\/\/mennconcept.com\/de\/wp-json\/wp\/v2\/product_brand?post=13312"},{"taxonomy":"product_cat","embeddable":true,"href":"https:\/\/mennconcept.com\/de\/wp-json\/wp\/v2\/product_cat?post=13312"},{"taxonomy":"product_tag","embeddable":true,"href":"https:\/\/mennconcept.com\/de\/wp-json\/wp\/v2\/product_tag?post=13312"}],"curies":[{"name":"wp","href":"https:\/\/api.w.org\/{rel}","templated":true}]}}