{"id":12799,"date":"2020-07-11T21:43:07","date_gmt":"2020-07-11T19:43:07","guid":{"rendered":"https:\/\/mennconcept.com\/?post_type=product&#038;p=12799"},"modified":"2020-07-11T21:43:07","modified_gmt":"2020-07-11T19:43:07","slug":"service-a-the-marocain-tea-service-06","status":"publish","type":"product","link":"https:\/\/mennconcept.com\/de\/decoration\/marokkanische-teekanne-und-teeservice\/service-a-the-marocain-tea-service-06\/","title":{"rendered":"Service \u00e0 th\u00e9 marocain \/ tea service 06"},"content":{"rendered":"<p><strong>\ud83c\uddeb\ud83c\uddf7 Th\u00e9i\u00e8re marocain en cuivre, th\u00e9i\u00e8re marocain argent\u00e9, th\u00e9i\u00e8re marocain artisanal, th\u00e9i\u00e8re marocain simple, th\u00e9i\u00e8re marocain martel\u00e9e, th\u00e9i\u00e8re marocain style berb\u00e8re, th\u00e9i\u00e8re marocain grav\u00e9, th\u00e9i\u00e8re marocain orientale, service a th\u00e9 marocain, service de th\u00e9, service pour th\u00e9, plateaux a service, plateaux pour servir, plateaux argent\u00e9, plateaux artisanal, plateaux marocain martel\u00e9e, plateaux marocain simple, plateaux artisanal grav\u00e9, plateaux en cuivre, verre a th\u00e9, verre de th\u00e9, verre d\u00e9cor\u00e9, verre marocain style berb\u00e8re, verre marocain style simple, verre en cuivre, verre en maillechort<\/strong><br \/>\n<strong>Lampe en cuivre style marocain, berb\u00e8re, filigrane, arabesque, islamique, oriental, lanterne, photophore pour bougie, abat-jour, lampe de chevet, pondant suspension marocaine traditionnel maillechort cuivre laiton patin\u00e9 vieillis d\u2019ores argent\u00e9 artisanat marocain, artisanale Marrakech Maroc traditionnel lampe salon, couloir , chambre, salle \u00e0 manger, terrasse, chambre \u00e0 coucher, Cuisine, escalier\u2026.<\/strong><br \/>\n<strong>Fabrication sur mesure, de diff\u00e9rant tailles et mati\u00e8res, production sp\u00e9ciale pour un charme et une d\u00e9coration sp\u00e9ciale<\/strong><\/p>\n<p><strong>\ud83c\uddec\ud83c\udde7 Copper Moroccan teapot, silver Moroccan teapot, handcrafted Moroccan teapot, simple Moroccan teapot, hammered Moroccan teapot, Berber style Moroccan teapot, engraved Moroccan teapot, Oriental Moroccan teapot, Moroccan tea service, tea service, tea service, serving trays , serving trays, silver trays, artisanal trays, hammered Moroccan trays, simple Moroccan trays, engraved artisanal trays, copper trays, tea glass, tea glass, decorated glass, Berber style Moroccan glass, Simple style Moroccan glass, glass copper, nickel silver glass<\/strong><br \/>\n<strong>Copper lamp Moroccan style, Berber, filigree, arabesque, Islamic, oriental, lantern, tealight holder for candle, lampshade, bedside lamp, laying traditional Moroccan pendant nickel silver copper patinated brass aged silver silver Moroccan craftsmanship, traditional Marrakech traditional Morocco lamp living room, hallway, bedroom, dining room, terrace, bedroom, kitchen, staircase\u2026.<\/strong><br \/>\n<strong>Custom manufacturing, of different sizes and materials, special production for a charm and a special decoration<\/strong><\/p>\n","protected":false},"excerpt":{"rendered":"<p><strong>\ud83c\uddeb\ud83c\uddf7 Th\u00e9i\u00e8re marocain en cuivre, th\u00e9i\u00e8re marocain argent\u00e9, th\u00e9i\u00e8re marocain artisanal, th\u00e9i\u00e8re marocain simple, th\u00e9i\u00e8re marocain martel\u00e9e, th\u00e9i\u00e8re marocain style berb\u00e8re, th\u00e9i\u00e8re marocain grav\u00e9, th\u00e9i\u00e8re marocain orientale, service a th\u00e9 marocain, service de th\u00e9, service pour th\u00e9, plateaux a service, plateaux pour servir, plateaux argent\u00e9, plateaux artisanal, plateaux marocain martel\u00e9e, plateaux marocain simple, plateaux artisanal grav\u00e9, plateaux en cuivre, verre a th\u00e9, verre de th\u00e9, verre d\u00e9cor\u00e9, verre marocain style berb\u00e8re, verre marocain style simple, verre en cuivre, verre en maillechort<\/strong><br \/>\n<strong>Lampe en cuivre style marocain, berb\u00e8re, filigrane, arabesque, islamique, oriental, lanterne, photophore pour bougie, abat-jour, lampe de chevet, pondant suspension marocaine traditionnel maillechort cuivre laiton patin\u00e9 vieillis d\u2019ores argent\u00e9 artisanat marocain, artisanale Marrakech Maroc traditionnel lampe salon, couloir , chambre, salle \u00e0 manger, terrasse, chambre \u00e0 coucher, Cuisine, escalier\u2026.<\/strong><br \/>\n<strong>Fabrication sur mesure, de diff\u00e9rant tailles et mati\u00e8res, production sp\u00e9ciale pour un charme et une d\u00e9coration sp\u00e9ciale<\/strong><\/p>\n<p><strong>\ud83c\uddec\ud83c\udde7 Copper Moroccan teapot, silver Moroccan teapot, handcrafted Moroccan teapot, simple Moroccan teapot, hammered Moroccan teapot, Berber style Moroccan teapot, engraved Moroccan teapot, Oriental Moroccan teapot, Moroccan tea service, tea service, tea service, serving trays , serving trays, silver trays, artisanal trays, hammered Moroccan trays, simple Moroccan trays, engraved artisanal trays, copper trays, tea glass, tea glass, decorated glass, Berber style Moroccan glass, Simple style Moroccan glass, glass copper, nickel silver glass<\/strong><br \/>\n<strong>Copper lamp Moroccan style, Berber, filigree, arabesque, Islamic, oriental, lantern, tealight holder for candle, lampshade, bedside lamp, laying traditional Moroccan pendant nickel silver copper patinated brass aged silver silver Moroccan craftsmanship, traditional Marrakech traditional Morocco lamp living room, hallway, bedroom, dining room, terrace, bedroom, kitchen, staircase\u2026.<\/strong><br \/>\n<strong>Custom manufacturing, of different sizes and materials, special production for a charm and a special decoration<\/strong><\/p>\n","protected":false},"featured_media":12752,"comment_status":"open","ping_status":"closed","template":"","meta":{"_monsterinsights_skip_tracking":false,"_monsterinsights_sitenote_active":false,"_monsterinsights_sitenote_note":"","_monsterinsights_sitenote_category":0,"_joinchat":[],"jetpack_publicize_message":"","jetpack_publicize_feature_enabled":true,"jetpack_social_post_already_shared":true,"jetpack_social_options":{"image_generator_settings":{"template":"highway","default_image_id":0,"font":"","enabled":false},"version":2}},"product_brand":[],"product_cat":[242],"product_tag":[],"class_list":{"0":"post-12799","1":"product","2":"type-product","3":"status-publish","4":"has-post-thumbnail","6":"product_cat-theiere-et-services-de-the-marocain","8":"first","9":"instock","10":"taxable","11":"shipping-taxable","12":"purchasable","13":"product-type-simple"},"yoast_head":"<!-- This site is optimized with the Yoast SEO plugin v27.3 - https:\/\/yoast.com\/product\/yoast-seo-wordpress\/ -->\n<title>Service \u00e0 th\u00e9 marocain \/ tea service 06 - Artisanat Marocain Mennconcept<\/title>\n<meta name=\"robots\" content=\"index, follow, max-snippet:-1, max-image-preview:large, max-video-preview:-1\" \/>\n<link rel=\"canonical\" href=\"https:\/\/mennconcept.com\/de\/decoration\/marokkanische-teekanne-und-teeservice\/service-a-the-marocain-tea-service-06\/\" \/>\n<meta property=\"og:locale\" content=\"de_DE\" \/>\n<meta property=\"og:type\" content=\"article\" \/>\n<meta property=\"og:title\" content=\"Service \u00e0 th\u00e9 marocain \/ tea service 06 - Artisanat Marocain Mennconcept\" \/>\n<meta property=\"og:description\" content=\"\ud83c\uddeb\ud83c\uddf7 Th\u00e9i\u00e8re marocain en cuivre, th\u00e9i\u00e8re marocain argent\u00e9, th\u00e9i\u00e8re marocain artisanal, th\u00e9i\u00e8re marocain simple, th\u00e9i\u00e8re marocain martel\u00e9e, th\u00e9i\u00e8re marocain style berb\u00e8re, th\u00e9i\u00e8re marocain grav\u00e9, th\u00e9i\u00e8re marocain orientale, service a th\u00e9 marocain, service de th\u00e9, service pour th\u00e9, plateaux a service, plateaux pour servir, plateaux argent\u00e9, plateaux artisanal, plateaux marocain martel\u00e9e, plateaux marocain simple, plateaux artisanal grav\u00e9, plateaux en cuivre, verre a th\u00e9, verre de th\u00e9, verre d\u00e9cor\u00e9, verre marocain style berb\u00e8re, verre marocain style simple, verre en cuivre, verre en maillechort Lampe en cuivre style marocain, berb\u00e8re, filigrane, arabesque, islamique, oriental, lanterne, photophore pour bougie, abat-jour, lampe de chevet, pondant suspension marocaine traditionnel maillechort cuivre laiton patin\u00e9 vieillis d\u2019ores argent\u00e9 artisanat marocain, artisanale Marrakech Maroc traditionnel lampe salon, couloir , chambre, salle \u00e0 manger, terrasse, chambre \u00e0 coucher, Cuisine, escalier\u2026. Fabrication sur mesure, de diff\u00e9rant tailles et mati\u00e8res, production sp\u00e9ciale pour un charme et une d\u00e9coration sp\u00e9ciale  \ud83c\uddec\ud83c\udde7 Copper Moroccan teapot, silver Moroccan teapot, handcrafted Moroccan teapot, simple Moroccan teapot, hammered Moroccan teapot, Berber style Moroccan teapot, engraved Moroccan teapot, Oriental Moroccan teapot, Moroccan tea service, tea service, tea service, serving trays , serving trays, silver trays, artisanal trays, hammered Moroccan trays, simple Moroccan trays, engraved artisanal trays, copper trays, tea glass, tea glass, decorated glass, Berber style Moroccan glass, Simple style Moroccan glass, glass copper, nickel silver glass Copper lamp Moroccan style, Berber, filigree, arabesque, Islamic, oriental, lantern, tealight holder for candle, lampshade, bedside lamp, laying traditional Moroccan pendant nickel silver copper patinated brass aged silver silver Moroccan craftsmanship, traditional Marrakech traditional Morocco lamp living room, hallway, bedroom, dining room, terrace, bedroom, kitchen, staircase\u2026. Custom manufacturing, of different sizes and materials, special production for a charm and a special decoration\" \/>\n<meta property=\"og:url\" content=\"https:\/\/mennconcept.com\/de\/decoration\/marokkanische-teekanne-und-teeservice\/service-a-the-marocain-tea-service-06\/\" \/>\n<meta property=\"og:site_name\" content=\"Artisanat Marocain Mennconcept\" \/>\n<meta property=\"og:image\" content=\"https:\/\/i1.wp.com\/mennconcept.com\/wp-content\/uploads\/2020\/07\/PSX_20200705_000416.jpg?fit=437%2C400&ssl=1\" \/>\n\t<meta property=\"og:image:width\" content=\"437\" \/>\n\t<meta property=\"og:image:height\" content=\"400\" \/>\n\t<meta property=\"og:image:type\" content=\"image\/jpeg\" \/>\n<meta name=\"twitter:card\" content=\"summary_large_image\" \/>\n<meta name=\"twitter:site\" content=\"@ArtisanatM\" \/>\n<meta name=\"twitter:label1\" content=\"Gesch\u00e4tzte Lesezeit\" \/>\n\t<meta name=\"twitter:data1\" content=\"2 minutes\" \/>\n<script type=\"application\/ld+json\" class=\"yoast-schema-graph\">{\"@context\":\"https:\\\/\\\/schema.org\",\"@graph\":[{\"@type\":\"WebPage\",\"@id\":\"https:\\\/\\\/mennconcept.com\\\/de\\\/decoration\\\/marokkanische-teekanne-und-teeservice\\\/service-a-the-marocain-tea-service-06\\\/\",\"url\":\"https:\\\/\\\/mennconcept.com\\\/de\\\/decoration\\\/marokkanische-teekanne-und-teeservice\\\/service-a-the-marocain-tea-service-06\\\/\",\"name\":\"Service \u00e0 th\u00e9 marocain \\\/ tea service 06 - Artisanat Marocain Mennconcept\",\"isPartOf\":{\"@id\":\"https:\\\/\\\/mennconcept.com\\\/de\\\/#website\"},\"primaryImageOfPage\":{\"@id\":\"https:\\\/\\\/mennconcept.com\\\/de\\\/decoration\\\/marokkanische-teekanne-und-teeservice\\\/service-a-the-marocain-tea-service-06\\\/#primaryimage\"},\"image\":{\"@id\":\"https:\\\/\\\/mennconcept.com\\\/de\\\/decoration\\\/marokkanische-teekanne-und-teeservice\\\/service-a-the-marocain-tea-service-06\\\/#primaryimage\"},\"thumbnailUrl\":\"https:\\\/\\\/mennconcept.com\\\/wp-content\\\/uploads\\\/2020\\\/07\\\/PSX_20200705_000416.jpg\",\"datePublished\":\"2020-07-11T19:43:07+00:00\",\"breadcrumb\":{\"@id\":\"https:\\\/\\\/mennconcept.com\\\/de\\\/decoration\\\/marokkanische-teekanne-und-teeservice\\\/service-a-the-marocain-tea-service-06\\\/#breadcrumb\"},\"inLanguage\":\"de-DE\",\"potentialAction\":[{\"@type\":\"ReadAction\",\"target\":[\"https:\\\/\\\/mennconcept.com\\\/de\\\/decoration\\\/marokkanische-teekanne-und-teeservice\\\/service-a-the-marocain-tea-service-06\\\/\"]}]},{\"@type\":\"ImageObject\",\"inLanguage\":\"de-DE\",\"@id\":\"https:\\\/\\\/mennconcept.com\\\/de\\\/decoration\\\/marokkanische-teekanne-und-teeservice\\\/service-a-the-marocain-tea-service-06\\\/#primaryimage\",\"url\":\"https:\\\/\\\/mennconcept.com\\\/wp-content\\\/uploads\\\/2020\\\/07\\\/PSX_20200705_000416.jpg\",\"contentUrl\":\"https:\\\/\\\/mennconcept.com\\\/wp-content\\\/uploads\\\/2020\\\/07\\\/PSX_20200705_000416.jpg\",\"width\":437,\"height\":400},{\"@type\":\"BreadcrumbList\",\"@id\":\"https:\\\/\\\/mennconcept.com\\\/de\\\/decoration\\\/marokkanische-teekanne-und-teeservice\\\/service-a-the-marocain-tea-service-06\\\/#breadcrumb\",\"itemListElement\":[{\"@type\":\"ListItem\",\"position\":1,\"name\":\"Accueil\",\"item\":\"https:\\\/\\\/mennconcept.com\\\/de\\\/\"},{\"@type\":\"ListItem\",\"position\":2,\"name\":\"Shop\",\"item\":\"https:\\\/\\\/mennconcept.com\\\/de\\\/shop-2\\\/\"},{\"@type\":\"ListItem\",\"position\":3,\"name\":\"Service \u00e0 th\u00e9 marocain \\\/ tea service 06\"}]},{\"@type\":\"WebSite\",\"@id\":\"https:\\\/\\\/mennconcept.com\\\/de\\\/#website\",\"url\":\"https:\\\/\\\/mennconcept.com\\\/de\\\/\",\"name\":\"Artisanat Marocain Mennconcept\",\"description\":\"L&#039;Art de la Lumi\u00e8re. Artisanat Marocain de Luxe &amp; Cuivre Massif.\",\"publisher\":{\"@id\":\"https:\\\/\\\/mennconcept.com\\\/de\\\/#\\\/schema\\\/person\\\/2b311a14878282b83fdf0b876d5463fd\"},\"potentialAction\":[{\"@type\":\"SearchAction\",\"target\":{\"@type\":\"EntryPoint\",\"urlTemplate\":\"https:\\\/\\\/mennconcept.com\\\/de\\\/?s={search_term_string}\"},\"query-input\":{\"@type\":\"PropertyValueSpecification\",\"valueRequired\":true,\"valueName\":\"search_term_string\"}}],\"inLanguage\":\"de-DE\"},{\"@type\":[\"Person\",\"Organization\"],\"@id\":\"https:\\\/\\\/mennconcept.com\\\/de\\\/#\\\/schema\\\/person\\\/2b311a14878282b83fdf0b876d5463fd\",\"name\":\"mennconcept\",\"image\":{\"@type\":\"ImageObject\",\"inLanguage\":\"de-DE\",\"@id\":\"https:\\\/\\\/mennconcept.com\\\/wp-content\\\/uploads\\\/2021\\\/09\\\/rxyrsugfiinmmzpjdwly_400x400.png\",\"url\":\"https:\\\/\\\/mennconcept.com\\\/wp-content\\\/uploads\\\/2021\\\/09\\\/rxyrsugfiinmmzpjdwly_400x400.png\",\"contentUrl\":\"https:\\\/\\\/mennconcept.com\\\/wp-content\\\/uploads\\\/2021\\\/09\\\/rxyrsugfiinmmzpjdwly_400x400.png\",\"width\":400,\"height\":400,\"caption\":\"mennconcept\"},\"logo\":{\"@id\":\"https:\\\/\\\/mennconcept.com\\\/wp-content\\\/uploads\\\/2021\\\/09\\\/rxyrsugfiinmmzpjdwly_400x400.png\"}}]}<\/script>\n<!-- \/ Yoast SEO plugin. -->","yoast_head_json":{"title":"Service \u00e0 th\u00e9 marocain \/ tea service 06 - Artisanat Marocain Mennconcept","robots":{"index":"index","follow":"follow","max-snippet":"max-snippet:-1","max-image-preview":"max-image-preview:large","max-video-preview":"max-video-preview:-1"},"canonical":"https:\/\/mennconcept.com\/de\/decoration\/marokkanische-teekanne-und-teeservice\/service-a-the-marocain-tea-service-06\/","og_locale":"de_DE","og_type":"article","og_title":"Service \u00e0 th\u00e9 marocain \/ tea service 06 - Artisanat Marocain Mennconcept","og_description":"\ud83c\uddeb\ud83c\uddf7 Th\u00e9i\u00e8re marocain en cuivre, th\u00e9i\u00e8re marocain argent\u00e9, th\u00e9i\u00e8re marocain artisanal, th\u00e9i\u00e8re marocain simple, th\u00e9i\u00e8re marocain martel\u00e9e, th\u00e9i\u00e8re marocain style berb\u00e8re, th\u00e9i\u00e8re marocain grav\u00e9, th\u00e9i\u00e8re marocain orientale, service a th\u00e9 marocain, service de th\u00e9, service pour th\u00e9, plateaux a service, plateaux pour servir, plateaux argent\u00e9, plateaux artisanal, plateaux marocain martel\u00e9e, plateaux marocain simple, plateaux artisanal grav\u00e9, plateaux en cuivre, verre a th\u00e9, verre de th\u00e9, verre d\u00e9cor\u00e9, verre marocain style berb\u00e8re, verre marocain style simple, verre en cuivre, verre en maillechort Lampe en cuivre style marocain, berb\u00e8re, filigrane, arabesque, islamique, oriental, lanterne, photophore pour bougie, abat-jour, lampe de chevet, pondant suspension marocaine traditionnel maillechort cuivre laiton patin\u00e9 vieillis d\u2019ores argent\u00e9 artisanat marocain, artisanale Marrakech Maroc traditionnel lampe salon, couloir , chambre, salle \u00e0 manger, terrasse, chambre \u00e0 coucher, Cuisine, escalier\u2026. Fabrication sur mesure, de diff\u00e9rant tailles et mati\u00e8res, production sp\u00e9ciale pour un charme et une d\u00e9coration sp\u00e9ciale  \ud83c\uddec\ud83c\udde7 Copper Moroccan teapot, silver Moroccan teapot, handcrafted Moroccan teapot, simple Moroccan teapot, hammered Moroccan teapot, Berber style Moroccan teapot, engraved Moroccan teapot, Oriental Moroccan teapot, Moroccan tea service, tea service, tea service, serving trays , serving trays, silver trays, artisanal trays, hammered Moroccan trays, simple Moroccan trays, engraved artisanal trays, copper trays, tea glass, tea glass, decorated glass, Berber style Moroccan glass, Simple style Moroccan glass, glass copper, nickel silver glass Copper lamp Moroccan style, Berber, filigree, arabesque, Islamic, oriental, lantern, tealight holder for candle, lampshade, bedside lamp, laying traditional Moroccan pendant nickel silver copper patinated brass aged silver silver Moroccan craftsmanship, traditional Marrakech traditional Morocco lamp living room, hallway, bedroom, dining room, terrace, bedroom, kitchen, staircase\u2026. Custom manufacturing, of different sizes and materials, special production for a charm and a special decoration","og_url":"https:\/\/mennconcept.com\/de\/decoration\/marokkanische-teekanne-und-teeservice\/service-a-the-marocain-tea-service-06\/","og_site_name":"Artisanat Marocain Mennconcept","og_image":[{"width":437,"height":400,"url":"https:\/\/i1.wp.com\/mennconcept.com\/wp-content\/uploads\/2020\/07\/PSX_20200705_000416.jpg?fit=437%2C400&ssl=1","type":"image\/jpeg"}],"twitter_card":"summary_large_image","twitter_site":"@ArtisanatM","twitter_misc":{"Gesch\u00e4tzte Lesezeit":"2 minutes"},"schema":{"@context":"https:\/\/schema.org","@graph":[{"@type":"WebPage","@id":"https:\/\/mennconcept.com\/de\/decoration\/marokkanische-teekanne-und-teeservice\/service-a-the-marocain-tea-service-06\/","url":"https:\/\/mennconcept.com\/de\/decoration\/marokkanische-teekanne-und-teeservice\/service-a-the-marocain-tea-service-06\/","name":"Service \u00e0 th\u00e9 marocain \/ tea service 06 - Artisanat Marocain Mennconcept","isPartOf":{"@id":"https:\/\/mennconcept.com\/de\/#website"},"primaryImageOfPage":{"@id":"https:\/\/mennconcept.com\/de\/decoration\/marokkanische-teekanne-und-teeservice\/service-a-the-marocain-tea-service-06\/#primaryimage"},"image":{"@id":"https:\/\/mennconcept.com\/de\/decoration\/marokkanische-teekanne-und-teeservice\/service-a-the-marocain-tea-service-06\/#primaryimage"},"thumbnailUrl":"https:\/\/mennconcept.com\/wp-content\/uploads\/2020\/07\/PSX_20200705_000416.jpg","datePublished":"2020-07-11T19:43:07+00:00","breadcrumb":{"@id":"https:\/\/mennconcept.com\/de\/decoration\/marokkanische-teekanne-und-teeservice\/service-a-the-marocain-tea-service-06\/#breadcrumb"},"inLanguage":"de-DE","potentialAction":[{"@type":"ReadAction","target":["https:\/\/mennconcept.com\/de\/decoration\/marokkanische-teekanne-und-teeservice\/service-a-the-marocain-tea-service-06\/"]}]},{"@type":"ImageObject","inLanguage":"de-DE","@id":"https:\/\/mennconcept.com\/de\/decoration\/marokkanische-teekanne-und-teeservice\/service-a-the-marocain-tea-service-06\/#primaryimage","url":"https:\/\/mennconcept.com\/wp-content\/uploads\/2020\/07\/PSX_20200705_000416.jpg","contentUrl":"https:\/\/mennconcept.com\/wp-content\/uploads\/2020\/07\/PSX_20200705_000416.jpg","width":437,"height":400},{"@type":"BreadcrumbList","@id":"https:\/\/mennconcept.com\/de\/decoration\/marokkanische-teekanne-und-teeservice\/service-a-the-marocain-tea-service-06\/#breadcrumb","itemListElement":[{"@type":"ListItem","position":1,"name":"Accueil","item":"https:\/\/mennconcept.com\/de\/"},{"@type":"ListItem","position":2,"name":"Shop","item":"https:\/\/mennconcept.com\/de\/shop-2\/"},{"@type":"ListItem","position":3,"name":"Service \u00e0 th\u00e9 marocain \/ tea service 06"}]},{"@type":"WebSite","@id":"https:\/\/mennconcept.com\/de\/#website","url":"https:\/\/mennconcept.com\/de\/","name":"Artisanat Marocain Mennconcept","description":"L&#039;Art de la Lumi\u00e8re. Artisanat Marocain de Luxe &amp; Cuivre Massif.","publisher":{"@id":"https:\/\/mennconcept.com\/de\/#\/schema\/person\/2b311a14878282b83fdf0b876d5463fd"},"potentialAction":[{"@type":"SearchAction","target":{"@type":"EntryPoint","urlTemplate":"https:\/\/mennconcept.com\/de\/?s={search_term_string}"},"query-input":{"@type":"PropertyValueSpecification","valueRequired":true,"valueName":"search_term_string"}}],"inLanguage":"de-DE"},{"@type":["Person","Organization"],"@id":"https:\/\/mennconcept.com\/de\/#\/schema\/person\/2b311a14878282b83fdf0b876d5463fd","name":"mennconcept","image":{"@type":"ImageObject","inLanguage":"de-DE","@id":"https:\/\/mennconcept.com\/wp-content\/uploads\/2021\/09\/rxyrsugfiinmmzpjdwly_400x400.png","url":"https:\/\/mennconcept.com\/wp-content\/uploads\/2021\/09\/rxyrsugfiinmmzpjdwly_400x400.png","contentUrl":"https:\/\/mennconcept.com\/wp-content\/uploads\/2021\/09\/rxyrsugfiinmmzpjdwly_400x400.png","width":400,"height":400,"caption":"mennconcept"},"logo":{"@id":"https:\/\/mennconcept.com\/wp-content\/uploads\/2021\/09\/rxyrsugfiinmmzpjdwly_400x400.png"}}]}},"jetpack_publicize_connections":[],"amp_enabled":true,"_links":{"self":[{"href":"https:\/\/mennconcept.com\/de\/wp-json\/wp\/v2\/product\/12799","targetHints":{"allow":["GET"]}}],"collection":[{"href":"https:\/\/mennconcept.com\/de\/wp-json\/wp\/v2\/product"}],"about":[{"href":"https:\/\/mennconcept.com\/de\/wp-json\/wp\/v2\/types\/product"}],"replies":[{"embeddable":true,"href":"https:\/\/mennconcept.com\/de\/wp-json\/wp\/v2\/comments?post=12799"}],"wp:featuredmedia":[{"embeddable":true,"href":"https:\/\/mennconcept.com\/de\/wp-json\/wp\/v2\/media\/12752"}],"wp:attachment":[{"href":"https:\/\/mennconcept.com\/de\/wp-json\/wp\/v2\/media?parent=12799"}],"wp:term":[{"taxonomy":"product_brand","embeddable":true,"href":"https:\/\/mennconcept.com\/de\/wp-json\/wp\/v2\/product_brand?post=12799"},{"taxonomy":"product_cat","embeddable":true,"href":"https:\/\/mennconcept.com\/de\/wp-json\/wp\/v2\/product_cat?post=12799"},{"taxonomy":"product_tag","embeddable":true,"href":"https:\/\/mennconcept.com\/de\/wp-json\/wp\/v2\/product_tag?post=12799"}],"curies":[{"name":"wp","href":"https:\/\/api.w.org\/{rel}","templated":true}]}}