{"id":12704,"date":"2020-07-04T16:41:49","date_gmt":"2020-07-04T14:41:49","guid":{"rendered":"https:\/\/mennconcept.com\/?post_type=product&#038;p=12704"},"modified":"2022-09-04T17:29:22","modified_gmt":"2022-09-04T15:29:22","slug":"robinet-marocain-en-cuivre-10","status":"publish","type":"product","link":"https:\/\/mennconcept.com\/de\/decoration\/wasserhahn\/robinet-marocain-en-cuivre-10\/","title":{"rendered":"Robinet marocain en cuivre 10"},"content":{"rendered":"<p>Robinet cuivre marocaine m\u00e9langeur, mitigeurs marocaine laiton bronze d&#8217;artisanat marocain, artisanal m\u00e9tal traditionnel marocain grav\u00e9e, accessoires sanitaires, pour salle de bains, toilettes, douches, lavabos vasques et \u00e9vier\u2026<\/p>\n<p>Fabrication sur mesure, de diff\u00e9rent taille et mati\u00e8re, production sp\u00e9ciale pour un charme et d\u00e9coration sp\u00e9cial<\/p>\n<p>Livraison gratuite pour la France<\/p>\n<p>TVA inclus<\/p>\n<p>&nbsp;<\/p>\n","protected":false},"excerpt":{"rendered":"<p>Robinet cuivre marocaine m\u00e9langeur, mitigeurs marocaine laiton bronze d&#8217;artisanat marocain, artisanal m\u00e9tal traditionnel marocain grav\u00e9e, accessoires sanitaires, pour salle de bains, toilettes, douches, lavabos vasques et \u00e9vier\u2026<\/p>\n<p>Fabrication sur mesure, de diff\u00e9rent taille et mati\u00e8re, production sp\u00e9ciale pour un charme et d\u00e9coration sp\u00e9cial<\/p>\n<p>livraison gratuite pour la France<\/p>\n<p>TVA inclus<\/p>\n","protected":false},"featured_media":5280,"comment_status":"open","ping_status":"closed","template":"","meta":{"_monsterinsights_skip_tracking":false,"_monsterinsights_sitenote_active":false,"_monsterinsights_sitenote_note":"","_monsterinsights_sitenote_category":0,"_joinchat":[],"jetpack_publicize_message":"","jetpack_publicize_feature_enabled":true,"jetpack_social_post_already_shared":true,"jetpack_social_options":{"image_generator_settings":{"template":"highway","default_image_id":0,"font":"","enabled":false},"version":2}},"product_brand":[],"product_cat":[236],"product_tag":[500,225,501,502],"class_list":{"0":"post-12704","1":"product","2":"type-product","3":"status-publish","4":"has-post-thumbnail","6":"product_cat-robinet","7":"product_tag-artisanat-maroc-cuivre","8":"product_tag-artisanat-marocain","9":"product_tag-artisanat-marocaine","10":"product_tag-robinet-marocain-cuivre","12":"first","13":"instock","14":"taxable","15":"shipping-taxable","16":"purchasable","17":"product-type-simple"},"yoast_head":"<!-- This site is optimized with the Yoast SEO plugin v27.3 - https:\/\/yoast.com\/product\/yoast-seo-wordpress\/ -->\n<title>Robinet marocain en cuivre 10 - Artisanat Marocain Mennconcept<\/title>\n<meta name=\"description\" content=\"Robinet cuivre marocaine m\u00e9langeur, mitigeurs marocaine laiton bronze d&#039;artisanat marocain,Marrakech, Maroc, pour salle de bain, cuisine....\" \/>\n<meta name=\"robots\" content=\"index, follow, max-snippet:-1, max-image-preview:large, max-video-preview:-1\" \/>\n<link rel=\"canonical\" href=\"https:\/\/mennconcept.com\/de\/decoration\/wasserhahn\/robinet-marocain-en-cuivre-10\/\" \/>\n<meta property=\"og:locale\" content=\"de_DE\" \/>\n<meta property=\"og:type\" content=\"article\" \/>\n<meta property=\"og:title\" content=\"Robinet marocain en cuivre 10 - Artisanat Marocain Mennconcept\" \/>\n<meta property=\"og:description\" content=\"Robinet cuivre marocaine m\u00e9langeur, mitigeurs marocaine laiton bronze d&#039;artisanat marocain,Marrakech, Maroc, pour salle de bain, cuisine....\" \/>\n<meta property=\"og:url\" content=\"https:\/\/mennconcept.com\/de\/decoration\/wasserhahn\/robinet-marocain-en-cuivre-10\/\" \/>\n<meta property=\"og:site_name\" content=\"Artisanat Marocain Mennconcept\" \/>\n<meta property=\"article:modified_time\" content=\"2022-09-04T15:29:22+00:00\" \/>\n<meta property=\"og:image\" content=\"https:\/\/mennconcept.com\/wp-content\/uploads\/2019\/12\/4de87ee584873d8c1707a467879ec443.jpg\" \/>\n\t<meta property=\"og:image:width\" content=\"735\" \/>\n\t<meta property=\"og:image:height\" content=\"559\" \/>\n\t<meta property=\"og:image:type\" content=\"image\/jpeg\" \/>\n<meta name=\"twitter:card\" content=\"summary_large_image\" \/>\n<meta name=\"twitter:site\" content=\"@ArtisanatM\" \/>\n<meta name=\"twitter:label1\" content=\"Gesch\u00e4tzte Lesezeit\" \/>\n\t<meta name=\"twitter:data1\" content=\"1 minute\" \/>\n<script type=\"application\/ld+json\" class=\"yoast-schema-graph\">{\"@context\":\"https:\\\/\\\/schema.org\",\"@graph\":[{\"@type\":\"WebPage\",\"@id\":\"https:\\\/\\\/mennconcept.com\\\/de\\\/decoration\\\/wasserhahn\\\/robinet-marocain-en-cuivre-10\\\/\",\"url\":\"https:\\\/\\\/mennconcept.com\\\/de\\\/decoration\\\/wasserhahn\\\/robinet-marocain-en-cuivre-10\\\/\",\"name\":\"Robinet marocain en cuivre 10 - Artisanat Marocain Mennconcept\",\"isPartOf\":{\"@id\":\"https:\\\/\\\/mennconcept.com\\\/de\\\/#website\"},\"primaryImageOfPage\":{\"@id\":\"https:\\\/\\\/mennconcept.com\\\/de\\\/decoration\\\/wasserhahn\\\/robinet-marocain-en-cuivre-10\\\/#primaryimage\"},\"image\":{\"@id\":\"https:\\\/\\\/mennconcept.com\\\/de\\\/decoration\\\/wasserhahn\\\/robinet-marocain-en-cuivre-10\\\/#primaryimage\"},\"thumbnailUrl\":\"https:\\\/\\\/mennconcept.com\\\/wp-content\\\/uploads\\\/2019\\\/12\\\/4de87ee584873d8c1707a467879ec443.jpg\",\"datePublished\":\"2020-07-04T14:41:49+00:00\",\"dateModified\":\"2022-09-04T15:29:22+00:00\",\"description\":\"Robinet cuivre marocaine m\u00e9langeur, mitigeurs marocaine laiton bronze d'artisanat marocain,Marrakech, Maroc, pour salle de bain, cuisine....\",\"breadcrumb\":{\"@id\":\"https:\\\/\\\/mennconcept.com\\\/de\\\/decoration\\\/wasserhahn\\\/robinet-marocain-en-cuivre-10\\\/#breadcrumb\"},\"inLanguage\":\"de-DE\",\"potentialAction\":[{\"@type\":\"ReadAction\",\"target\":[\"https:\\\/\\\/mennconcept.com\\\/de\\\/decoration\\\/wasserhahn\\\/robinet-marocain-en-cuivre-10\\\/\"]}]},{\"@type\":\"ImageObject\",\"inLanguage\":\"de-DE\",\"@id\":\"https:\\\/\\\/mennconcept.com\\\/de\\\/decoration\\\/wasserhahn\\\/robinet-marocain-en-cuivre-10\\\/#primaryimage\",\"url\":\"https:\\\/\\\/mennconcept.com\\\/wp-content\\\/uploads\\\/2019\\\/12\\\/4de87ee584873d8c1707a467879ec443.jpg\",\"contentUrl\":\"https:\\\/\\\/mennconcept.com\\\/wp-content\\\/uploads\\\/2019\\\/12\\\/4de87ee584873d8c1707a467879ec443.jpg\",\"width\":735,\"height\":559,\"caption\":\"Robinet d'artisanat marocain en cuivre de Mennconcept\"},{\"@type\":\"BreadcrumbList\",\"@id\":\"https:\\\/\\\/mennconcept.com\\\/de\\\/decoration\\\/wasserhahn\\\/robinet-marocain-en-cuivre-10\\\/#breadcrumb\",\"itemListElement\":[{\"@type\":\"ListItem\",\"position\":1,\"name\":\"Accueil\",\"item\":\"https:\\\/\\\/mennconcept.com\\\/de\\\/\"},{\"@type\":\"ListItem\",\"position\":2,\"name\":\"Shop\",\"item\":\"https:\\\/\\\/mennconcept.com\\\/de\\\/shop-2\\\/\"},{\"@type\":\"ListItem\",\"position\":3,\"name\":\"Robinet marocain en cuivre 10\"}]},{\"@type\":\"WebSite\",\"@id\":\"https:\\\/\\\/mennconcept.com\\\/de\\\/#website\",\"url\":\"https:\\\/\\\/mennconcept.com\\\/de\\\/\",\"name\":\"Artisanat Marocain Mennconcept\",\"description\":\"L&#039;Art de la Lumi\u00e8re. Artisanat Marocain de Luxe &amp; Cuivre Massif.\",\"publisher\":{\"@id\":\"https:\\\/\\\/mennconcept.com\\\/de\\\/#\\\/schema\\\/person\\\/2b311a14878282b83fdf0b876d5463fd\"},\"potentialAction\":[{\"@type\":\"SearchAction\",\"target\":{\"@type\":\"EntryPoint\",\"urlTemplate\":\"https:\\\/\\\/mennconcept.com\\\/de\\\/?s={search_term_string}\"},\"query-input\":{\"@type\":\"PropertyValueSpecification\",\"valueRequired\":true,\"valueName\":\"search_term_string\"}}],\"inLanguage\":\"de-DE\"},{\"@type\":[\"Person\",\"Organization\"],\"@id\":\"https:\\\/\\\/mennconcept.com\\\/de\\\/#\\\/schema\\\/person\\\/2b311a14878282b83fdf0b876d5463fd\",\"name\":\"mennconcept\",\"image\":{\"@type\":\"ImageObject\",\"inLanguage\":\"de-DE\",\"@id\":\"https:\\\/\\\/mennconcept.com\\\/wp-content\\\/uploads\\\/2021\\\/09\\\/rxyrsugfiinmmzpjdwly_400x400.png\",\"url\":\"https:\\\/\\\/mennconcept.com\\\/wp-content\\\/uploads\\\/2021\\\/09\\\/rxyrsugfiinmmzpjdwly_400x400.png\",\"contentUrl\":\"https:\\\/\\\/mennconcept.com\\\/wp-content\\\/uploads\\\/2021\\\/09\\\/rxyrsugfiinmmzpjdwly_400x400.png\",\"width\":400,\"height\":400,\"caption\":\"mennconcept\"},\"logo\":{\"@id\":\"https:\\\/\\\/mennconcept.com\\\/wp-content\\\/uploads\\\/2021\\\/09\\\/rxyrsugfiinmmzpjdwly_400x400.png\"}}]}<\/script>\n<!-- \/ Yoast SEO plugin. -->","yoast_head_json":{"title":"Robinet marocain en cuivre 10 - Artisanat Marocain Mennconcept","description":"Robinet cuivre marocaine m\u00e9langeur, mitigeurs marocaine laiton bronze d'artisanat marocain,Marrakech, Maroc, pour salle de bain, cuisine....","robots":{"index":"index","follow":"follow","max-snippet":"max-snippet:-1","max-image-preview":"max-image-preview:large","max-video-preview":"max-video-preview:-1"},"canonical":"https:\/\/mennconcept.com\/de\/decoration\/wasserhahn\/robinet-marocain-en-cuivre-10\/","og_locale":"de_DE","og_type":"article","og_title":"Robinet marocain en cuivre 10 - Artisanat Marocain Mennconcept","og_description":"Robinet cuivre marocaine m\u00e9langeur, mitigeurs marocaine laiton bronze d'artisanat marocain,Marrakech, Maroc, pour salle de bain, cuisine....","og_url":"https:\/\/mennconcept.com\/de\/decoration\/wasserhahn\/robinet-marocain-en-cuivre-10\/","og_site_name":"Artisanat Marocain Mennconcept","article_modified_time":"2022-09-04T15:29:22+00:00","og_image":[{"width":735,"height":559,"url":"https:\/\/mennconcept.com\/wp-content\/uploads\/2019\/12\/4de87ee584873d8c1707a467879ec443.jpg","type":"image\/jpeg"}],"twitter_card":"summary_large_image","twitter_site":"@ArtisanatM","twitter_misc":{"Gesch\u00e4tzte Lesezeit":"1 minute"},"schema":{"@context":"https:\/\/schema.org","@graph":[{"@type":"WebPage","@id":"https:\/\/mennconcept.com\/de\/decoration\/wasserhahn\/robinet-marocain-en-cuivre-10\/","url":"https:\/\/mennconcept.com\/de\/decoration\/wasserhahn\/robinet-marocain-en-cuivre-10\/","name":"Robinet marocain en cuivre 10 - Artisanat Marocain Mennconcept","isPartOf":{"@id":"https:\/\/mennconcept.com\/de\/#website"},"primaryImageOfPage":{"@id":"https:\/\/mennconcept.com\/de\/decoration\/wasserhahn\/robinet-marocain-en-cuivre-10\/#primaryimage"},"image":{"@id":"https:\/\/mennconcept.com\/de\/decoration\/wasserhahn\/robinet-marocain-en-cuivre-10\/#primaryimage"},"thumbnailUrl":"https:\/\/mennconcept.com\/wp-content\/uploads\/2019\/12\/4de87ee584873d8c1707a467879ec443.jpg","datePublished":"2020-07-04T14:41:49+00:00","dateModified":"2022-09-04T15:29:22+00:00","description":"Robinet cuivre marocaine m\u00e9langeur, mitigeurs marocaine laiton bronze d'artisanat marocain,Marrakech, Maroc, pour salle de bain, cuisine....","breadcrumb":{"@id":"https:\/\/mennconcept.com\/de\/decoration\/wasserhahn\/robinet-marocain-en-cuivre-10\/#breadcrumb"},"inLanguage":"de-DE","potentialAction":[{"@type":"ReadAction","target":["https:\/\/mennconcept.com\/de\/decoration\/wasserhahn\/robinet-marocain-en-cuivre-10\/"]}]},{"@type":"ImageObject","inLanguage":"de-DE","@id":"https:\/\/mennconcept.com\/de\/decoration\/wasserhahn\/robinet-marocain-en-cuivre-10\/#primaryimage","url":"https:\/\/mennconcept.com\/wp-content\/uploads\/2019\/12\/4de87ee584873d8c1707a467879ec443.jpg","contentUrl":"https:\/\/mennconcept.com\/wp-content\/uploads\/2019\/12\/4de87ee584873d8c1707a467879ec443.jpg","width":735,"height":559,"caption":"Robinet d'artisanat marocain en cuivre de Mennconcept"},{"@type":"BreadcrumbList","@id":"https:\/\/mennconcept.com\/de\/decoration\/wasserhahn\/robinet-marocain-en-cuivre-10\/#breadcrumb","itemListElement":[{"@type":"ListItem","position":1,"name":"Accueil","item":"https:\/\/mennconcept.com\/de\/"},{"@type":"ListItem","position":2,"name":"Shop","item":"https:\/\/mennconcept.com\/de\/shop-2\/"},{"@type":"ListItem","position":3,"name":"Robinet marocain en cuivre 10"}]},{"@type":"WebSite","@id":"https:\/\/mennconcept.com\/de\/#website","url":"https:\/\/mennconcept.com\/de\/","name":"Artisanat Marocain Mennconcept","description":"L&#039;Art de la Lumi\u00e8re. Artisanat Marocain de Luxe &amp; Cuivre Massif.","publisher":{"@id":"https:\/\/mennconcept.com\/de\/#\/schema\/person\/2b311a14878282b83fdf0b876d5463fd"},"potentialAction":[{"@type":"SearchAction","target":{"@type":"EntryPoint","urlTemplate":"https:\/\/mennconcept.com\/de\/?s={search_term_string}"},"query-input":{"@type":"PropertyValueSpecification","valueRequired":true,"valueName":"search_term_string"}}],"inLanguage":"de-DE"},{"@type":["Person","Organization"],"@id":"https:\/\/mennconcept.com\/de\/#\/schema\/person\/2b311a14878282b83fdf0b876d5463fd","name":"mennconcept","image":{"@type":"ImageObject","inLanguage":"de-DE","@id":"https:\/\/mennconcept.com\/wp-content\/uploads\/2021\/09\/rxyrsugfiinmmzpjdwly_400x400.png","url":"https:\/\/mennconcept.com\/wp-content\/uploads\/2021\/09\/rxyrsugfiinmmzpjdwly_400x400.png","contentUrl":"https:\/\/mennconcept.com\/wp-content\/uploads\/2021\/09\/rxyrsugfiinmmzpjdwly_400x400.png","width":400,"height":400,"caption":"mennconcept"},"logo":{"@id":"https:\/\/mennconcept.com\/wp-content\/uploads\/2021\/09\/rxyrsugfiinmmzpjdwly_400x400.png"}}]}},"jetpack_publicize_connections":[],"amp_enabled":true,"_links":{"self":[{"href":"https:\/\/mennconcept.com\/de\/wp-json\/wp\/v2\/product\/12704","targetHints":{"allow":["GET"]}}],"collection":[{"href":"https:\/\/mennconcept.com\/de\/wp-json\/wp\/v2\/product"}],"about":[{"href":"https:\/\/mennconcept.com\/de\/wp-json\/wp\/v2\/types\/product"}],"replies":[{"embeddable":true,"href":"https:\/\/mennconcept.com\/de\/wp-json\/wp\/v2\/comments?post=12704"}],"wp:featuredmedia":[{"embeddable":true,"href":"https:\/\/mennconcept.com\/de\/wp-json\/wp\/v2\/media\/5280"}],"wp:attachment":[{"href":"https:\/\/mennconcept.com\/de\/wp-json\/wp\/v2\/media?parent=12704"}],"wp:term":[{"taxonomy":"product_brand","embeddable":true,"href":"https:\/\/mennconcept.com\/de\/wp-json\/wp\/v2\/product_brand?post=12704"},{"taxonomy":"product_cat","embeddable":true,"href":"https:\/\/mennconcept.com\/de\/wp-json\/wp\/v2\/product_cat?post=12704"},{"taxonomy":"product_tag","embeddable":true,"href":"https:\/\/mennconcept.com\/de\/wp-json\/wp\/v2\/product_tag?post=12704"}],"curies":[{"name":"wp","href":"https:\/\/api.w.org\/{rel}","templated":true}]}}