{"id":12699,"date":"2020-07-03T21:41:27","date_gmt":"2020-07-03T19:41:27","guid":{"rendered":"https:\/\/mennconcept.com\/?post_type=product&#038;p=12699"},"modified":"2021-05-04T16:55:53","modified_gmt":"2021-05-04T14:55:53","slug":"pouf-marocain-artisanal-moroccan-artisanal-beanbag-05","status":"publish","type":"product","link":"https:\/\/mennconcept.com\/de\/decoration\/marokkanischer-hocker-und-hocker\/pouf-marocain-artisanal-moroccan-artisanal-beanbag-05\/","title":{"rendered":"Pouf marocain artisanal\/ moroccan artisanal beanbag 05"},"content":{"rendered":"<p>&nbsp;<\/p>\n<p><strong>\ud83c\uddeb\ud83c\uddf7 Pouf marocain artisanal en cuire , pouf marocain artisanal en tissu, pouf marocain artisanal berb\u00e8re ,pouf pour salon, pouf pour couloir, pouf pour entr\u00e9e, pouf pour chambre, tapis berb\u00e8re, tapis Marrakech , tapis marocain, traditionnel artisanat marocain, Maroc, Marrakech, fais \u00e0 la mains, applique mural , applique marocaine, lampe pour m\u00fbr , suspension mural Lampe en cuivre style marocain, berb\u00e8re, filigrane, arabesque, islamique, oriental, lanterne, abat-jour, lampe de chevet, pondant suspension marocaine traditionnel artisanat marocain, artisanale Marrakech Maroc traditionnel lampe salon, couloir , chambre, salle \u00e0 manger, terrasse, chambre \u00e0 coucher, Cuisine, escalier\u2026.<\/strong><br \/>\n<strong>Fabrication sur mesure, de diff\u00e9rant tailles et mati\u00e8res, production sp\u00e9ciale pour un charme et une d\u00e9coration sp\u00e9ciale<\/strong><\/p>\n<p><strong>livraison gratuit pour la France.<\/strong><\/p>\n<p><strong>T.V.A inclus<\/strong><\/p>\n<p><strong>\ud83c\uddec\ud83c\udde7 Handcrafted Moroccan beanbag, handcrafted Moroccan fabric beanbag, handcrafted Berber Moroccan beanbag, beanbag for living room, beanbag for hallway, beanbag for entrance hall, beanbag for bedroom, Berber carpet, Marrakech carpet, Moroccan carpet, traditional Moroccan crafts, Morocco, Marrakech, handmade, wall sconce, Moroccan sconce, wall lamp, wall hanging Copper lamp Moroccan style, Berber, filigree, arabesque, Islamic, oriental, lantern, lampshade, bedside lamp, laying traditional Moroccan pendant Moroccan craftsmanship, traditional Marrakech traditional Morocco lamp living room, hallway, bedroom, dining room, terrace, bedroom, kitchen, staircase\u2026.<\/strong><br \/>\n<strong>Custom manufacturing, of different sizes and materials, special production for a charm and a special decoration<\/strong><\/p>\n<p><strong>free shipping for France<\/strong><\/p>\n<p><strong>TVA included<\/strong><\/p>\n","protected":false},"excerpt":{"rendered":"<p>&nbsp;<\/p>\n<p><strong>\ud83c\uddeb\ud83c\uddf7 Pouf marocain artisanal en cuire , pouf marocain artisanal en tissu, pouf marocain artisanal berb\u00e8re ,pouf pour salon, pouf pour couloir, pouf pour entr\u00e9e, pouf pour chambre, tapis berb\u00e8re, tapis Marrakech , tapis marocain, traditionnel artisanat marocain, Maroc, Marrakech, fais \u00e0 la mains, applique mural , applique marocaine, lampe pour m\u00fbr , suspension mural Lampe en cuivre style marocain, berb\u00e8re, filigrane, arabesque, islamique, oriental, lanterne, abat-jour, lampe de chevet, pondant suspension marocaine traditionnel artisanat marocain, artisanale Marrakech Maroc traditionnel lampe salon, couloir , chambre, salle \u00e0 manger, terrasse, chambre \u00e0 coucher, Cuisine, escalier\u2026.<\/strong><br \/>\n<strong>Fabrication sur mesure, de diff\u00e9rant tailles et mati\u00e8res, production sp\u00e9ciale pour un charme et une d\u00e9coration sp\u00e9ciale<\/strong><\/p>\n<p><strong>livraison gratuit pour la France.<\/strong><\/p>\n<p><strong>T.V.A inclus<\/strong><\/p>\n<p><strong>\ud83c\uddec\ud83c\udde7 Handcrafted Moroccan beanbag, handcrafted Moroccan fabric beanbag, handcrafted Berber Moroccan beanbag, beanbag for living room, beanbag for hallway, beanbag for entrance hall, beanbag for bedroom, Berber carpet, Marrakech carpet, Moroccan carpet, traditional Moroccan crafts, Morocco, Marrakech, handmade, wall sconce, Moroccan sconce, wall lamp, wall hanging Copper lamp Moroccan style, Berber, filigree, arabesque, Islamic, oriental, lantern, lampshade, bedside lamp, laying traditional Moroccan pendant Moroccan craftsmanship, traditional Marrakech traditional Morocco lamp living room, hallway, bedroom, dining room, terrace, bedroom, kitchen, staircase\u2026.<\/strong><br \/>\n<strong>Custom manufacturing, of different sizes and materials, special production for a charm and a special decoration<\/strong><\/p>\n<p><strong>free shipping for France<\/strong><\/p>\n<p><strong>TVA included<\/strong><\/p>\n","protected":false},"featured_media":14051,"comment_status":"open","ping_status":"closed","template":"","meta":{"_monsterinsights_skip_tracking":false,"_monsterinsights_sitenote_active":false,"_monsterinsights_sitenote_note":"","_monsterinsights_sitenote_category":0,"_joinchat":[],"jetpack_publicize_message":"","jetpack_publicize_feature_enabled":true,"jetpack_social_post_already_shared":true,"jetpack_social_options":{"image_generator_settings":{"template":"highway","default_image_id":0,"font":"","enabled":false},"version":2}},"product_brand":[],"product_cat":[241],"product_tag":[],"class_list":{"0":"post-12699","1":"product","2":"type-product","3":"status-publish","4":"has-post-thumbnail","6":"product_cat-pouf-et-tabouret-marocain","8":"first","9":"instock","10":"taxable","11":"shipping-taxable","12":"purchasable","13":"product-type-simple"},"yoast_head":"<!-- This site is optimized with the Yoast SEO plugin v27.3 - https:\/\/yoast.com\/product\/yoast-seo-wordpress\/ -->\n<title>Pouf marocain artisanal\/ moroccan artisanal beanbag 05 - Artisanat Marocain Mennconcept<\/title>\n<meta name=\"robots\" content=\"index, follow, max-snippet:-1, max-image-preview:large, max-video-preview:-1\" \/>\n<link rel=\"canonical\" href=\"https:\/\/mennconcept.com\/de\/decoration\/marokkanischer-hocker-und-hocker\/pouf-marocain-artisanal-moroccan-artisanal-beanbag-05\/\" \/>\n<meta property=\"og:locale\" content=\"de_DE\" \/>\n<meta property=\"og:type\" content=\"article\" \/>\n<meta property=\"og:title\" content=\"Pouf marocain artisanal\/ moroccan artisanal beanbag 05 - Artisanat Marocain Mennconcept\" \/>\n<meta property=\"og:description\" content=\"&nbsp;  \ud83c\uddeb\ud83c\uddf7 Pouf marocain artisanal en cuire , pouf marocain artisanal en tissu, pouf marocain artisanal berb\u00e8re ,pouf pour salon, pouf pour couloir, pouf pour entr\u00e9e, pouf pour chambre, tapis berb\u00e8re, tapis Marrakech , tapis marocain, traditionnel artisanat marocain, Maroc, Marrakech, fais \u00e0 la mains, applique mural , applique marocaine, lampe pour m\u00fbr , suspension mural Lampe en cuivre style marocain, berb\u00e8re, filigrane, arabesque, islamique, oriental, lanterne, abat-jour, lampe de chevet, pondant suspension marocaine traditionnel artisanat marocain, artisanale Marrakech Maroc traditionnel lampe salon, couloir , chambre, salle \u00e0 manger, terrasse, chambre \u00e0 coucher, Cuisine, escalier\u2026. Fabrication sur mesure, de diff\u00e9rant tailles et mati\u00e8res, production sp\u00e9ciale pour un charme et une d\u00e9coration sp\u00e9ciale  livraison gratuit pour la France.  T.V.A inclus  \ud83c\uddec\ud83c\udde7 Handcrafted Moroccan beanbag, handcrafted Moroccan fabric beanbag, handcrafted Berber Moroccan beanbag, beanbag for living room, beanbag for hallway, beanbag for entrance hall, beanbag for bedroom, Berber carpet, Marrakech carpet, Moroccan carpet, traditional Moroccan crafts, Morocco, Marrakech, handmade, wall sconce, Moroccan sconce, wall lamp, wall hanging Copper lamp Moroccan style, Berber, filigree, arabesque, Islamic, oriental, lantern, lampshade, bedside lamp, laying traditional Moroccan pendant Moroccan craftsmanship, traditional Marrakech traditional Morocco lamp living room, hallway, bedroom, dining room, terrace, bedroom, kitchen, staircase\u2026. Custom manufacturing, of different sizes and materials, special production for a charm and a special decoration  free shipping for France  TVA included\" \/>\n<meta property=\"og:url\" content=\"https:\/\/mennconcept.com\/de\/decoration\/marokkanischer-hocker-und-hocker\/pouf-marocain-artisanal-moroccan-artisanal-beanbag-05\/\" \/>\n<meta property=\"og:site_name\" content=\"Artisanat Marocain Mennconcept\" \/>\n<meta property=\"article:modified_time\" content=\"2021-05-04T14:55:53+00:00\" \/>\n<meta property=\"og:image\" content=\"https:\/\/i1.wp.com\/mennconcept.com\/wp-content\/uploads\/2020\/07\/Pouf-marocain-artisanal-moroccan-artisanal-beanbag-05.jpg?fit=396%2C418&ssl=1\" \/>\n\t<meta property=\"og:image:width\" content=\"396\" \/>\n\t<meta property=\"og:image:height\" content=\"418\" \/>\n\t<meta property=\"og:image:type\" content=\"image\/jpeg\" \/>\n<meta name=\"twitter:card\" content=\"summary_large_image\" \/>\n<meta name=\"twitter:site\" content=\"@ArtisanatM\" \/>\n<meta name=\"twitter:label1\" content=\"Gesch\u00e4tzte Lesezeit\" \/>\n\t<meta name=\"twitter:data1\" content=\"1 minute\" \/>\n<script type=\"application\/ld+json\" class=\"yoast-schema-graph\">{\"@context\":\"https:\\\/\\\/schema.org\",\"@graph\":[{\"@type\":\"WebPage\",\"@id\":\"https:\\\/\\\/mennconcept.com\\\/de\\\/decoration\\\/marokkanischer-hocker-und-hocker\\\/pouf-marocain-artisanal-moroccan-artisanal-beanbag-05\\\/\",\"url\":\"https:\\\/\\\/mennconcept.com\\\/de\\\/decoration\\\/marokkanischer-hocker-und-hocker\\\/pouf-marocain-artisanal-moroccan-artisanal-beanbag-05\\\/\",\"name\":\"Pouf marocain artisanal\\\/ moroccan artisanal beanbag 05 - Artisanat Marocain Mennconcept\",\"isPartOf\":{\"@id\":\"https:\\\/\\\/mennconcept.com\\\/de\\\/#website\"},\"primaryImageOfPage\":{\"@id\":\"https:\\\/\\\/mennconcept.com\\\/de\\\/decoration\\\/marokkanischer-hocker-und-hocker\\\/pouf-marocain-artisanal-moroccan-artisanal-beanbag-05\\\/#primaryimage\"},\"image\":{\"@id\":\"https:\\\/\\\/mennconcept.com\\\/de\\\/decoration\\\/marokkanischer-hocker-und-hocker\\\/pouf-marocain-artisanal-moroccan-artisanal-beanbag-05\\\/#primaryimage\"},\"thumbnailUrl\":\"https:\\\/\\\/mennconcept.com\\\/wp-content\\\/uploads\\\/2020\\\/07\\\/Pouf-marocain-artisanal-moroccan-artisanal-beanbag-05.jpg\",\"datePublished\":\"2020-07-03T19:41:27+00:00\",\"dateModified\":\"2021-05-04T14:55:53+00:00\",\"breadcrumb\":{\"@id\":\"https:\\\/\\\/mennconcept.com\\\/de\\\/decoration\\\/marokkanischer-hocker-und-hocker\\\/pouf-marocain-artisanal-moroccan-artisanal-beanbag-05\\\/#breadcrumb\"},\"inLanguage\":\"de-DE\",\"potentialAction\":[{\"@type\":\"ReadAction\",\"target\":[\"https:\\\/\\\/mennconcept.com\\\/de\\\/decoration\\\/marokkanischer-hocker-und-hocker\\\/pouf-marocain-artisanal-moroccan-artisanal-beanbag-05\\\/\"]}]},{\"@type\":\"ImageObject\",\"inLanguage\":\"de-DE\",\"@id\":\"https:\\\/\\\/mennconcept.com\\\/de\\\/decoration\\\/marokkanischer-hocker-und-hocker\\\/pouf-marocain-artisanal-moroccan-artisanal-beanbag-05\\\/#primaryimage\",\"url\":\"https:\\\/\\\/mennconcept.com\\\/wp-content\\\/uploads\\\/2020\\\/07\\\/Pouf-marocain-artisanal-moroccan-artisanal-beanbag-05.jpg\",\"contentUrl\":\"https:\\\/\\\/mennconcept.com\\\/wp-content\\\/uploads\\\/2020\\\/07\\\/Pouf-marocain-artisanal-moroccan-artisanal-beanbag-05.jpg\",\"width\":396,\"height\":418},{\"@type\":\"BreadcrumbList\",\"@id\":\"https:\\\/\\\/mennconcept.com\\\/de\\\/decoration\\\/marokkanischer-hocker-und-hocker\\\/pouf-marocain-artisanal-moroccan-artisanal-beanbag-05\\\/#breadcrumb\",\"itemListElement\":[{\"@type\":\"ListItem\",\"position\":1,\"name\":\"Accueil\",\"item\":\"https:\\\/\\\/mennconcept.com\\\/de\\\/\"},{\"@type\":\"ListItem\",\"position\":2,\"name\":\"Shop\",\"item\":\"https:\\\/\\\/mennconcept.com\\\/de\\\/shop-2\\\/\"},{\"@type\":\"ListItem\",\"position\":3,\"name\":\"Pouf marocain artisanal\\\/ moroccan artisanal beanbag 05\"}]},{\"@type\":\"WebSite\",\"@id\":\"https:\\\/\\\/mennconcept.com\\\/de\\\/#website\",\"url\":\"https:\\\/\\\/mennconcept.com\\\/de\\\/\",\"name\":\"Artisanat Marocain Mennconcept\",\"description\":\"L&#039;Art de la Lumi\u00e8re. Artisanat Marocain de Luxe &amp; Cuivre Massif.\",\"publisher\":{\"@id\":\"https:\\\/\\\/mennconcept.com\\\/de\\\/#\\\/schema\\\/person\\\/2b311a14878282b83fdf0b876d5463fd\"},\"potentialAction\":[{\"@type\":\"SearchAction\",\"target\":{\"@type\":\"EntryPoint\",\"urlTemplate\":\"https:\\\/\\\/mennconcept.com\\\/de\\\/?s={search_term_string}\"},\"query-input\":{\"@type\":\"PropertyValueSpecification\",\"valueRequired\":true,\"valueName\":\"search_term_string\"}}],\"inLanguage\":\"de-DE\"},{\"@type\":[\"Person\",\"Organization\"],\"@id\":\"https:\\\/\\\/mennconcept.com\\\/de\\\/#\\\/schema\\\/person\\\/2b311a14878282b83fdf0b876d5463fd\",\"name\":\"mennconcept\",\"image\":{\"@type\":\"ImageObject\",\"inLanguage\":\"de-DE\",\"@id\":\"https:\\\/\\\/mennconcept.com\\\/wp-content\\\/uploads\\\/2021\\\/09\\\/rxyrsugfiinmmzpjdwly_400x400.png\",\"url\":\"https:\\\/\\\/mennconcept.com\\\/wp-content\\\/uploads\\\/2021\\\/09\\\/rxyrsugfiinmmzpjdwly_400x400.png\",\"contentUrl\":\"https:\\\/\\\/mennconcept.com\\\/wp-content\\\/uploads\\\/2021\\\/09\\\/rxyrsugfiinmmzpjdwly_400x400.png\",\"width\":400,\"height\":400,\"caption\":\"mennconcept\"},\"logo\":{\"@id\":\"https:\\\/\\\/mennconcept.com\\\/wp-content\\\/uploads\\\/2021\\\/09\\\/rxyrsugfiinmmzpjdwly_400x400.png\"}}]}<\/script>\n<!-- \/ Yoast SEO plugin. -->","yoast_head_json":{"title":"Pouf marocain artisanal\/ moroccan artisanal beanbag 05 - Artisanat Marocain Mennconcept","robots":{"index":"index","follow":"follow","max-snippet":"max-snippet:-1","max-image-preview":"max-image-preview:large","max-video-preview":"max-video-preview:-1"},"canonical":"https:\/\/mennconcept.com\/de\/decoration\/marokkanischer-hocker-und-hocker\/pouf-marocain-artisanal-moroccan-artisanal-beanbag-05\/","og_locale":"de_DE","og_type":"article","og_title":"Pouf marocain artisanal\/ moroccan artisanal beanbag 05 - Artisanat Marocain Mennconcept","og_description":"&nbsp;  \ud83c\uddeb\ud83c\uddf7 Pouf marocain artisanal en cuire , pouf marocain artisanal en tissu, pouf marocain artisanal berb\u00e8re ,pouf pour salon, pouf pour couloir, pouf pour entr\u00e9e, pouf pour chambre, tapis berb\u00e8re, tapis Marrakech , tapis marocain, traditionnel artisanat marocain, Maroc, Marrakech, fais \u00e0 la mains, applique mural , applique marocaine, lampe pour m\u00fbr , suspension mural Lampe en cuivre style marocain, berb\u00e8re, filigrane, arabesque, islamique, oriental, lanterne, abat-jour, lampe de chevet, pondant suspension marocaine traditionnel artisanat marocain, artisanale Marrakech Maroc traditionnel lampe salon, couloir , chambre, salle \u00e0 manger, terrasse, chambre \u00e0 coucher, Cuisine, escalier\u2026. Fabrication sur mesure, de diff\u00e9rant tailles et mati\u00e8res, production sp\u00e9ciale pour un charme et une d\u00e9coration sp\u00e9ciale  livraison gratuit pour la France.  T.V.A inclus  \ud83c\uddec\ud83c\udde7 Handcrafted Moroccan beanbag, handcrafted Moroccan fabric beanbag, handcrafted Berber Moroccan beanbag, beanbag for living room, beanbag for hallway, beanbag for entrance hall, beanbag for bedroom, Berber carpet, Marrakech carpet, Moroccan carpet, traditional Moroccan crafts, Morocco, Marrakech, handmade, wall sconce, Moroccan sconce, wall lamp, wall hanging Copper lamp Moroccan style, Berber, filigree, arabesque, Islamic, oriental, lantern, lampshade, bedside lamp, laying traditional Moroccan pendant Moroccan craftsmanship, traditional Marrakech traditional Morocco lamp living room, hallway, bedroom, dining room, terrace, bedroom, kitchen, staircase\u2026. Custom manufacturing, of different sizes and materials, special production for a charm and a special decoration  free shipping for France  TVA included","og_url":"https:\/\/mennconcept.com\/de\/decoration\/marokkanischer-hocker-und-hocker\/pouf-marocain-artisanal-moroccan-artisanal-beanbag-05\/","og_site_name":"Artisanat Marocain Mennconcept","article_modified_time":"2021-05-04T14:55:53+00:00","og_image":[{"width":396,"height":418,"url":"https:\/\/i1.wp.com\/mennconcept.com\/wp-content\/uploads\/2020\/07\/Pouf-marocain-artisanal-moroccan-artisanal-beanbag-05.jpg?fit=396%2C418&ssl=1","type":"image\/jpeg"}],"twitter_card":"summary_large_image","twitter_site":"@ArtisanatM","twitter_misc":{"Gesch\u00e4tzte Lesezeit":"1 minute"},"schema":{"@context":"https:\/\/schema.org","@graph":[{"@type":"WebPage","@id":"https:\/\/mennconcept.com\/de\/decoration\/marokkanischer-hocker-und-hocker\/pouf-marocain-artisanal-moroccan-artisanal-beanbag-05\/","url":"https:\/\/mennconcept.com\/de\/decoration\/marokkanischer-hocker-und-hocker\/pouf-marocain-artisanal-moroccan-artisanal-beanbag-05\/","name":"Pouf marocain artisanal\/ moroccan artisanal beanbag 05 - Artisanat Marocain Mennconcept","isPartOf":{"@id":"https:\/\/mennconcept.com\/de\/#website"},"primaryImageOfPage":{"@id":"https:\/\/mennconcept.com\/de\/decoration\/marokkanischer-hocker-und-hocker\/pouf-marocain-artisanal-moroccan-artisanal-beanbag-05\/#primaryimage"},"image":{"@id":"https:\/\/mennconcept.com\/de\/decoration\/marokkanischer-hocker-und-hocker\/pouf-marocain-artisanal-moroccan-artisanal-beanbag-05\/#primaryimage"},"thumbnailUrl":"https:\/\/mennconcept.com\/wp-content\/uploads\/2020\/07\/Pouf-marocain-artisanal-moroccan-artisanal-beanbag-05.jpg","datePublished":"2020-07-03T19:41:27+00:00","dateModified":"2021-05-04T14:55:53+00:00","breadcrumb":{"@id":"https:\/\/mennconcept.com\/de\/decoration\/marokkanischer-hocker-und-hocker\/pouf-marocain-artisanal-moroccan-artisanal-beanbag-05\/#breadcrumb"},"inLanguage":"de-DE","potentialAction":[{"@type":"ReadAction","target":["https:\/\/mennconcept.com\/de\/decoration\/marokkanischer-hocker-und-hocker\/pouf-marocain-artisanal-moroccan-artisanal-beanbag-05\/"]}]},{"@type":"ImageObject","inLanguage":"de-DE","@id":"https:\/\/mennconcept.com\/de\/decoration\/marokkanischer-hocker-und-hocker\/pouf-marocain-artisanal-moroccan-artisanal-beanbag-05\/#primaryimage","url":"https:\/\/mennconcept.com\/wp-content\/uploads\/2020\/07\/Pouf-marocain-artisanal-moroccan-artisanal-beanbag-05.jpg","contentUrl":"https:\/\/mennconcept.com\/wp-content\/uploads\/2020\/07\/Pouf-marocain-artisanal-moroccan-artisanal-beanbag-05.jpg","width":396,"height":418},{"@type":"BreadcrumbList","@id":"https:\/\/mennconcept.com\/de\/decoration\/marokkanischer-hocker-und-hocker\/pouf-marocain-artisanal-moroccan-artisanal-beanbag-05\/#breadcrumb","itemListElement":[{"@type":"ListItem","position":1,"name":"Accueil","item":"https:\/\/mennconcept.com\/de\/"},{"@type":"ListItem","position":2,"name":"Shop","item":"https:\/\/mennconcept.com\/de\/shop-2\/"},{"@type":"ListItem","position":3,"name":"Pouf marocain artisanal\/ moroccan artisanal beanbag 05"}]},{"@type":"WebSite","@id":"https:\/\/mennconcept.com\/de\/#website","url":"https:\/\/mennconcept.com\/de\/","name":"Artisanat Marocain Mennconcept","description":"L&#039;Art de la Lumi\u00e8re. Artisanat Marocain de Luxe &amp; Cuivre Massif.","publisher":{"@id":"https:\/\/mennconcept.com\/de\/#\/schema\/person\/2b311a14878282b83fdf0b876d5463fd"},"potentialAction":[{"@type":"SearchAction","target":{"@type":"EntryPoint","urlTemplate":"https:\/\/mennconcept.com\/de\/?s={search_term_string}"},"query-input":{"@type":"PropertyValueSpecification","valueRequired":true,"valueName":"search_term_string"}}],"inLanguage":"de-DE"},{"@type":["Person","Organization"],"@id":"https:\/\/mennconcept.com\/de\/#\/schema\/person\/2b311a14878282b83fdf0b876d5463fd","name":"mennconcept","image":{"@type":"ImageObject","inLanguage":"de-DE","@id":"https:\/\/mennconcept.com\/wp-content\/uploads\/2021\/09\/rxyrsugfiinmmzpjdwly_400x400.png","url":"https:\/\/mennconcept.com\/wp-content\/uploads\/2021\/09\/rxyrsugfiinmmzpjdwly_400x400.png","contentUrl":"https:\/\/mennconcept.com\/wp-content\/uploads\/2021\/09\/rxyrsugfiinmmzpjdwly_400x400.png","width":400,"height":400,"caption":"mennconcept"},"logo":{"@id":"https:\/\/mennconcept.com\/wp-content\/uploads\/2021\/09\/rxyrsugfiinmmzpjdwly_400x400.png"}}]}},"jetpack_publicize_connections":[],"amp_enabled":true,"_links":{"self":[{"href":"https:\/\/mennconcept.com\/de\/wp-json\/wp\/v2\/product\/12699","targetHints":{"allow":["GET"]}}],"collection":[{"href":"https:\/\/mennconcept.com\/de\/wp-json\/wp\/v2\/product"}],"about":[{"href":"https:\/\/mennconcept.com\/de\/wp-json\/wp\/v2\/types\/product"}],"replies":[{"embeddable":true,"href":"https:\/\/mennconcept.com\/de\/wp-json\/wp\/v2\/comments?post=12699"}],"wp:featuredmedia":[{"embeddable":true,"href":"https:\/\/mennconcept.com\/de\/wp-json\/wp\/v2\/media\/14051"}],"wp:attachment":[{"href":"https:\/\/mennconcept.com\/de\/wp-json\/wp\/v2\/media?parent=12699"}],"wp:term":[{"taxonomy":"product_brand","embeddable":true,"href":"https:\/\/mennconcept.com\/de\/wp-json\/wp\/v2\/product_brand?post=12699"},{"taxonomy":"product_cat","embeddable":true,"href":"https:\/\/mennconcept.com\/de\/wp-json\/wp\/v2\/product_cat?post=12699"},{"taxonomy":"product_tag","embeddable":true,"href":"https:\/\/mennconcept.com\/de\/wp-json\/wp\/v2\/product_tag?post=12699"}],"curies":[{"name":"wp","href":"https:\/\/api.w.org\/{rel}","templated":true}]}}