{"id":12613,"date":"2020-06-25T15:31:03","date_gmt":"2020-06-25T13:31:03","guid":{"rendered":"https:\/\/mennconcept.com\/?post_type=product&#038;p=12613"},"modified":"2020-06-25T15:58:46","modified_gmt":"2020-06-25T13:58:46","slug":"lampe-palmier","status":"publish","type":"product","link":"https:\/\/mennconcept.com\/de\/decoration\/pendelleuchte\/lampe-palmier\/","title":{"rendered":"Lampe palmier 01"},"content":{"rendered":"<p><strong>50\/40 cm<\/strong><\/p>\n<p><strong>\ud83c\uddeb\ud83c\uddf7Lampe en rotin, suspension en rotin naturel, suspension en raphia , lampe en palmier, file de rotin , abat-jour rotin naturel vert et sec traditionnel artisanat marocain, Maroc, Marrakech, fais \u00e0 la mains, applique mural , applique marocaine, lampe pour m\u00fbr , suspension mural Lampe en cuivre style marocain, berb\u00e8re, filigrane, arabesque, islamique, oriental, lanterne, abat-jour, lampe de chevet, pondant suspension marocaine traditionnel artisanat marocain, artisanale Marrakech Maroc traditionnel lampe salon, couloir , chambre, salle \u00e0 manger, terrasse, chambre \u00e0 coucher, Cuisine, escalier\u2026.<\/strong><br \/>\n<strong>Fabrication sur mesure, de diff\u00e9rant tailles et mati\u00e8res, production sp\u00e9ciale pour un charme et une d\u00e9coration sp\u00e9ciale<\/strong><\/p>\n<p><strong>\ud83c\uddec\ud83c\udde7 Rattan lamp, natural rattan pendant, raffia pendant, palm lamp, rattan file, natural green and dry natural rattan lampshade traditional Moroccan crafts, Morocco, Marrakech, handmade, wall sconce, Moroccan sconce, lamp for ripe, wall hanging Moroccan style copper lamp, Berber, filigree, arabesque, Islamic, oriental, lantern, lampshade, bedside lamp, laying traditional Moroccan pendant Moroccan craft, Marrakech traditional Moroccan lamp living room, hallway, bedroom, bathroom dining, terrace, bedroom, kitchen, staircase\u2026.<\/strong><br \/>\n<strong>Custom manufacturing, of different sizes and materials, special production for a charm and a special decoration<\/strong><\/p>\n","protected":false},"excerpt":{"rendered":"<p><strong>50\/40 cm<\/strong><\/p>\n<p><strong>\ud83c\uddeb\ud83c\uddf7Lampe en rotin, suspension en rotin naturel, suspension en raphia , lampe en palmier, file de rotin , abat-jour rotin naturel vert et sec traditionnel artisanat marocain, Maroc, Marrakech, fais \u00e0 la mains, applique mural , applique marocaine, lampe pour m\u00fbr , suspension mural Lampe en cuivre style marocain, berb\u00e8re, filigrane, arabesque, islamique, oriental, lanterne, abat-jour, lampe de chevet, pondant suspension marocaine traditionnel artisanat marocain, artisanale Marrakech Maroc traditionnel lampe salon, couloir , chambre, salle \u00e0 manger, terrasse, chambre \u00e0 coucher, Cuisine, escalier\u2026.<\/strong><br \/>\n<strong>Fabrication sur mesure, de diff\u00e9rant tailles et mati\u00e8res, production sp\u00e9ciale pour un charme et une d\u00e9coration sp\u00e9ciale<\/strong><\/p>\n<p><strong>\ud83c\uddec\ud83c\udde7 Rattan lamp, natural rattan pendant, raffia pendant, palm lamp, rattan file, natural green and dry natural rattan lampshade traditional Moroccan crafts, Morocco, Marrakech, handmade, wall sconce, Moroccan sconce, lamp for ripe, wall hanging Moroccan style copper lamp, Berber, filigree, arabesque, Islamic, oriental, lantern, lampshade, bedside lamp, laying traditional Moroccan pendant Moroccan craft, Marrakech traditional Moroccan lamp living room, hallway, bedroom, bathroom dining, terrace, bedroom, kitchen, staircase\u2026.<\/strong><br \/>\n<strong>Custom manufacturing, of different sizes and materials, special production for a charm and a special decoration<\/strong><\/p>\n","protected":false},"featured_media":12554,"comment_status":"open","ping_status":"closed","template":"","meta":{"_monsterinsights_skip_tracking":false,"_monsterinsights_sitenote_active":false,"_monsterinsights_sitenote_note":"","_monsterinsights_sitenote_category":0,"_joinchat":[],"jetpack_publicize_message":"","jetpack_publicize_feature_enabled":true,"jetpack_social_post_already_shared":true,"jetpack_social_options":{"image_generator_settings":{"template":"highway","default_image_id":0,"font":"","enabled":false},"version":2}},"product_brand":[],"product_cat":[238],"product_tag":[],"class_list":{"0":"post-12613","1":"product","2":"type-product","3":"status-publish","4":"has-post-thumbnail","6":"product_cat-lampe-suspensions","8":"first","9":"instock","10":"taxable","11":"shipping-taxable","12":"purchasable","13":"product-type-simple"},"yoast_head":"<!-- This site is optimized with the Yoast SEO plugin v27.3 - https:\/\/yoast.com\/product\/yoast-seo-wordpress\/ -->\n<title>Lampe palmier 01 - Artisanat Marocain Mennconcept<\/title>\n<meta name=\"robots\" content=\"index, follow, max-snippet:-1, max-image-preview:large, max-video-preview:-1\" \/>\n<link rel=\"canonical\" href=\"https:\/\/mennconcept.com\/de\/decoration\/pendelleuchte\/lampe-palmier\/\" \/>\n<meta property=\"og:locale\" content=\"de_DE\" \/>\n<meta property=\"og:type\" content=\"article\" \/>\n<meta property=\"og:title\" content=\"Lampe palmier 01 - Artisanat Marocain Mennconcept\" \/>\n<meta property=\"og:description\" content=\"50\/40 cm  \ud83c\uddeb\ud83c\uddf7Lampe en rotin, suspension en rotin naturel, suspension en raphia , lampe en palmier, file de rotin , abat-jour rotin naturel vert et sec traditionnel artisanat marocain, Maroc, Marrakech, fais \u00e0 la mains, applique mural , applique marocaine, lampe pour m\u00fbr , suspension mural Lampe en cuivre style marocain, berb\u00e8re, filigrane, arabesque, islamique, oriental, lanterne, abat-jour, lampe de chevet, pondant suspension marocaine traditionnel artisanat marocain, artisanale Marrakech Maroc traditionnel lampe salon, couloir , chambre, salle \u00e0 manger, terrasse, chambre \u00e0 coucher, Cuisine, escalier\u2026. Fabrication sur mesure, de diff\u00e9rant tailles et mati\u00e8res, production sp\u00e9ciale pour un charme et une d\u00e9coration sp\u00e9ciale  \ud83c\uddec\ud83c\udde7 Rattan lamp, natural rattan pendant, raffia pendant, palm lamp, rattan file, natural green and dry natural rattan lampshade traditional Moroccan crafts, Morocco, Marrakech, handmade, wall sconce, Moroccan sconce, lamp for ripe, wall hanging Moroccan style copper lamp, Berber, filigree, arabesque, Islamic, oriental, lantern, lampshade, bedside lamp, laying traditional Moroccan pendant Moroccan craft, Marrakech traditional Moroccan lamp living room, hallway, bedroom, bathroom dining, terrace, bedroom, kitchen, staircase\u2026. Custom manufacturing, of different sizes and materials, special production for a charm and a special decoration\" \/>\n<meta property=\"og:url\" content=\"https:\/\/mennconcept.com\/de\/decoration\/pendelleuchte\/lampe-palmier\/\" \/>\n<meta property=\"og:site_name\" content=\"Artisanat Marocain Mennconcept\" \/>\n<meta property=\"article:modified_time\" content=\"2020-06-25T13:58:46+00:00\" \/>\n<meta property=\"og:image\" content=\"https:\/\/i1.wp.com\/mennconcept.com\/wp-content\/uploads\/2020\/06\/PSX_20200623_013636.jpg?fit=246%2C229&ssl=1\" \/>\n\t<meta property=\"og:image:width\" content=\"246\" \/>\n\t<meta property=\"og:image:height\" content=\"229\" \/>\n\t<meta property=\"og:image:type\" content=\"image\/jpeg\" \/>\n<meta name=\"twitter:card\" content=\"summary_large_image\" \/>\n<meta name=\"twitter:site\" content=\"@ArtisanatM\" \/>\n<meta name=\"twitter:label1\" content=\"Gesch\u00e4tzte Lesezeit\" \/>\n\t<meta name=\"twitter:data1\" content=\"1 minute\" \/>\n<script type=\"application\/ld+json\" class=\"yoast-schema-graph\">{\"@context\":\"https:\\\/\\\/schema.org\",\"@graph\":[{\"@type\":\"WebPage\",\"@id\":\"https:\\\/\\\/mennconcept.com\\\/de\\\/decoration\\\/pendelleuchte\\\/lampe-palmier\\\/\",\"url\":\"https:\\\/\\\/mennconcept.com\\\/de\\\/decoration\\\/pendelleuchte\\\/lampe-palmier\\\/\",\"name\":\"Lampe palmier 01 - Artisanat Marocain Mennconcept\",\"isPartOf\":{\"@id\":\"https:\\\/\\\/mennconcept.com\\\/de\\\/#website\"},\"primaryImageOfPage\":{\"@id\":\"https:\\\/\\\/mennconcept.com\\\/de\\\/decoration\\\/pendelleuchte\\\/lampe-palmier\\\/#primaryimage\"},\"image\":{\"@id\":\"https:\\\/\\\/mennconcept.com\\\/de\\\/decoration\\\/pendelleuchte\\\/lampe-palmier\\\/#primaryimage\"},\"thumbnailUrl\":\"https:\\\/\\\/mennconcept.com\\\/wp-content\\\/uploads\\\/2020\\\/06\\\/PSX_20200623_013636.jpg\",\"datePublished\":\"2020-06-25T13:31:03+00:00\",\"dateModified\":\"2020-06-25T13:58:46+00:00\",\"breadcrumb\":{\"@id\":\"https:\\\/\\\/mennconcept.com\\\/de\\\/decoration\\\/pendelleuchte\\\/lampe-palmier\\\/#breadcrumb\"},\"inLanguage\":\"de-DE\",\"potentialAction\":[{\"@type\":\"ReadAction\",\"target\":[\"https:\\\/\\\/mennconcept.com\\\/de\\\/decoration\\\/pendelleuchte\\\/lampe-palmier\\\/\"]}]},{\"@type\":\"ImageObject\",\"inLanguage\":\"de-DE\",\"@id\":\"https:\\\/\\\/mennconcept.com\\\/de\\\/decoration\\\/pendelleuchte\\\/lampe-palmier\\\/#primaryimage\",\"url\":\"https:\\\/\\\/mennconcept.com\\\/wp-content\\\/uploads\\\/2020\\\/06\\\/PSX_20200623_013636.jpg\",\"contentUrl\":\"https:\\\/\\\/mennconcept.com\\\/wp-content\\\/uploads\\\/2020\\\/06\\\/PSX_20200623_013636.jpg\",\"width\":246,\"height\":229},{\"@type\":\"BreadcrumbList\",\"@id\":\"https:\\\/\\\/mennconcept.com\\\/de\\\/decoration\\\/pendelleuchte\\\/lampe-palmier\\\/#breadcrumb\",\"itemListElement\":[{\"@type\":\"ListItem\",\"position\":1,\"name\":\"Accueil\",\"item\":\"https:\\\/\\\/mennconcept.com\\\/de\\\/\"},{\"@type\":\"ListItem\",\"position\":2,\"name\":\"Shop\",\"item\":\"https:\\\/\\\/mennconcept.com\\\/de\\\/shop-2\\\/\"},{\"@type\":\"ListItem\",\"position\":3,\"name\":\"Lampe palmier 01\"}]},{\"@type\":\"WebSite\",\"@id\":\"https:\\\/\\\/mennconcept.com\\\/de\\\/#website\",\"url\":\"https:\\\/\\\/mennconcept.com\\\/de\\\/\",\"name\":\"Artisanat Marocain Mennconcept\",\"description\":\"L&#039;Art de la Lumi\u00e8re. Artisanat Marocain de Luxe &amp; Cuivre Massif.\",\"publisher\":{\"@id\":\"https:\\\/\\\/mennconcept.com\\\/de\\\/#\\\/schema\\\/person\\\/2b311a14878282b83fdf0b876d5463fd\"},\"potentialAction\":[{\"@type\":\"SearchAction\",\"target\":{\"@type\":\"EntryPoint\",\"urlTemplate\":\"https:\\\/\\\/mennconcept.com\\\/de\\\/?s={search_term_string}\"},\"query-input\":{\"@type\":\"PropertyValueSpecification\",\"valueRequired\":true,\"valueName\":\"search_term_string\"}}],\"inLanguage\":\"de-DE\"},{\"@type\":[\"Person\",\"Organization\"],\"@id\":\"https:\\\/\\\/mennconcept.com\\\/de\\\/#\\\/schema\\\/person\\\/2b311a14878282b83fdf0b876d5463fd\",\"name\":\"mennconcept\",\"image\":{\"@type\":\"ImageObject\",\"inLanguage\":\"de-DE\",\"@id\":\"https:\\\/\\\/mennconcept.com\\\/wp-content\\\/uploads\\\/2021\\\/09\\\/rxyrsugfiinmmzpjdwly_400x400.png\",\"url\":\"https:\\\/\\\/mennconcept.com\\\/wp-content\\\/uploads\\\/2021\\\/09\\\/rxyrsugfiinmmzpjdwly_400x400.png\",\"contentUrl\":\"https:\\\/\\\/mennconcept.com\\\/wp-content\\\/uploads\\\/2021\\\/09\\\/rxyrsugfiinmmzpjdwly_400x400.png\",\"width\":400,\"height\":400,\"caption\":\"mennconcept\"},\"logo\":{\"@id\":\"https:\\\/\\\/mennconcept.com\\\/wp-content\\\/uploads\\\/2021\\\/09\\\/rxyrsugfiinmmzpjdwly_400x400.png\"}}]}<\/script>\n<!-- \/ Yoast SEO plugin. -->","yoast_head_json":{"title":"Lampe palmier 01 - Artisanat Marocain Mennconcept","robots":{"index":"index","follow":"follow","max-snippet":"max-snippet:-1","max-image-preview":"max-image-preview:large","max-video-preview":"max-video-preview:-1"},"canonical":"https:\/\/mennconcept.com\/de\/decoration\/pendelleuchte\/lampe-palmier\/","og_locale":"de_DE","og_type":"article","og_title":"Lampe palmier 01 - Artisanat Marocain Mennconcept","og_description":"50\/40 cm  \ud83c\uddeb\ud83c\uddf7Lampe en rotin, suspension en rotin naturel, suspension en raphia , lampe en palmier, file de rotin , abat-jour rotin naturel vert et sec traditionnel artisanat marocain, Maroc, Marrakech, fais \u00e0 la mains, applique mural , applique marocaine, lampe pour m\u00fbr , suspension mural Lampe en cuivre style marocain, berb\u00e8re, filigrane, arabesque, islamique, oriental, lanterne, abat-jour, lampe de chevet, pondant suspension marocaine traditionnel artisanat marocain, artisanale Marrakech Maroc traditionnel lampe salon, couloir , chambre, salle \u00e0 manger, terrasse, chambre \u00e0 coucher, Cuisine, escalier\u2026. Fabrication sur mesure, de diff\u00e9rant tailles et mati\u00e8res, production sp\u00e9ciale pour un charme et une d\u00e9coration sp\u00e9ciale  \ud83c\uddec\ud83c\udde7 Rattan lamp, natural rattan pendant, raffia pendant, palm lamp, rattan file, natural green and dry natural rattan lampshade traditional Moroccan crafts, Morocco, Marrakech, handmade, wall sconce, Moroccan sconce, lamp for ripe, wall hanging Moroccan style copper lamp, Berber, filigree, arabesque, Islamic, oriental, lantern, lampshade, bedside lamp, laying traditional Moroccan pendant Moroccan craft, Marrakech traditional Moroccan lamp living room, hallway, bedroom, bathroom dining, terrace, bedroom, kitchen, staircase\u2026. Custom manufacturing, of different sizes and materials, special production for a charm and a special decoration","og_url":"https:\/\/mennconcept.com\/de\/decoration\/pendelleuchte\/lampe-palmier\/","og_site_name":"Artisanat Marocain Mennconcept","article_modified_time":"2020-06-25T13:58:46+00:00","og_image":[{"width":246,"height":229,"url":"https:\/\/i1.wp.com\/mennconcept.com\/wp-content\/uploads\/2020\/06\/PSX_20200623_013636.jpg?fit=246%2C229&ssl=1","type":"image\/jpeg"}],"twitter_card":"summary_large_image","twitter_site":"@ArtisanatM","twitter_misc":{"Gesch\u00e4tzte Lesezeit":"1 minute"},"schema":{"@context":"https:\/\/schema.org","@graph":[{"@type":"WebPage","@id":"https:\/\/mennconcept.com\/de\/decoration\/pendelleuchte\/lampe-palmier\/","url":"https:\/\/mennconcept.com\/de\/decoration\/pendelleuchte\/lampe-palmier\/","name":"Lampe palmier 01 - Artisanat Marocain Mennconcept","isPartOf":{"@id":"https:\/\/mennconcept.com\/de\/#website"},"primaryImageOfPage":{"@id":"https:\/\/mennconcept.com\/de\/decoration\/pendelleuchte\/lampe-palmier\/#primaryimage"},"image":{"@id":"https:\/\/mennconcept.com\/de\/decoration\/pendelleuchte\/lampe-palmier\/#primaryimage"},"thumbnailUrl":"https:\/\/mennconcept.com\/wp-content\/uploads\/2020\/06\/PSX_20200623_013636.jpg","datePublished":"2020-06-25T13:31:03+00:00","dateModified":"2020-06-25T13:58:46+00:00","breadcrumb":{"@id":"https:\/\/mennconcept.com\/de\/decoration\/pendelleuchte\/lampe-palmier\/#breadcrumb"},"inLanguage":"de-DE","potentialAction":[{"@type":"ReadAction","target":["https:\/\/mennconcept.com\/de\/decoration\/pendelleuchte\/lampe-palmier\/"]}]},{"@type":"ImageObject","inLanguage":"de-DE","@id":"https:\/\/mennconcept.com\/de\/decoration\/pendelleuchte\/lampe-palmier\/#primaryimage","url":"https:\/\/mennconcept.com\/wp-content\/uploads\/2020\/06\/PSX_20200623_013636.jpg","contentUrl":"https:\/\/mennconcept.com\/wp-content\/uploads\/2020\/06\/PSX_20200623_013636.jpg","width":246,"height":229},{"@type":"BreadcrumbList","@id":"https:\/\/mennconcept.com\/de\/decoration\/pendelleuchte\/lampe-palmier\/#breadcrumb","itemListElement":[{"@type":"ListItem","position":1,"name":"Accueil","item":"https:\/\/mennconcept.com\/de\/"},{"@type":"ListItem","position":2,"name":"Shop","item":"https:\/\/mennconcept.com\/de\/shop-2\/"},{"@type":"ListItem","position":3,"name":"Lampe palmier 01"}]},{"@type":"WebSite","@id":"https:\/\/mennconcept.com\/de\/#website","url":"https:\/\/mennconcept.com\/de\/","name":"Artisanat Marocain Mennconcept","description":"L&#039;Art de la Lumi\u00e8re. Artisanat Marocain de Luxe &amp; Cuivre Massif.","publisher":{"@id":"https:\/\/mennconcept.com\/de\/#\/schema\/person\/2b311a14878282b83fdf0b876d5463fd"},"potentialAction":[{"@type":"SearchAction","target":{"@type":"EntryPoint","urlTemplate":"https:\/\/mennconcept.com\/de\/?s={search_term_string}"},"query-input":{"@type":"PropertyValueSpecification","valueRequired":true,"valueName":"search_term_string"}}],"inLanguage":"de-DE"},{"@type":["Person","Organization"],"@id":"https:\/\/mennconcept.com\/de\/#\/schema\/person\/2b311a14878282b83fdf0b876d5463fd","name":"mennconcept","image":{"@type":"ImageObject","inLanguage":"de-DE","@id":"https:\/\/mennconcept.com\/wp-content\/uploads\/2021\/09\/rxyrsugfiinmmzpjdwly_400x400.png","url":"https:\/\/mennconcept.com\/wp-content\/uploads\/2021\/09\/rxyrsugfiinmmzpjdwly_400x400.png","contentUrl":"https:\/\/mennconcept.com\/wp-content\/uploads\/2021\/09\/rxyrsugfiinmmzpjdwly_400x400.png","width":400,"height":400,"caption":"mennconcept"},"logo":{"@id":"https:\/\/mennconcept.com\/wp-content\/uploads\/2021\/09\/rxyrsugfiinmmzpjdwly_400x400.png"}}]}},"jetpack_publicize_connections":[],"amp_enabled":true,"_links":{"self":[{"href":"https:\/\/mennconcept.com\/de\/wp-json\/wp\/v2\/product\/12613","targetHints":{"allow":["GET"]}}],"collection":[{"href":"https:\/\/mennconcept.com\/de\/wp-json\/wp\/v2\/product"}],"about":[{"href":"https:\/\/mennconcept.com\/de\/wp-json\/wp\/v2\/types\/product"}],"replies":[{"embeddable":true,"href":"https:\/\/mennconcept.com\/de\/wp-json\/wp\/v2\/comments?post=12613"}],"wp:featuredmedia":[{"embeddable":true,"href":"https:\/\/mennconcept.com\/de\/wp-json\/wp\/v2\/media\/12554"}],"wp:attachment":[{"href":"https:\/\/mennconcept.com\/de\/wp-json\/wp\/v2\/media?parent=12613"}],"wp:term":[{"taxonomy":"product_brand","embeddable":true,"href":"https:\/\/mennconcept.com\/de\/wp-json\/wp\/v2\/product_brand?post=12613"},{"taxonomy":"product_cat","embeddable":true,"href":"https:\/\/mennconcept.com\/de\/wp-json\/wp\/v2\/product_cat?post=12613"},{"taxonomy":"product_tag","embeddable":true,"href":"https:\/\/mennconcept.com\/de\/wp-json\/wp\/v2\/product_tag?post=12613"}],"curies":[{"name":"wp","href":"https:\/\/api.w.org\/{rel}","templated":true}]}}