{"id":12162,"date":"2020-05-17T18:52:50","date_gmt":"2020-05-17T16:52:50","guid":{"rendered":"https:\/\/mennconcept.com\/?post_type=product&#038;p=12162"},"modified":"2021-07-29T01:06:57","modified_gmt":"2021-07-28T23:06:57","slug":"lettres-metalliques-metallic-letters-6","status":"publish","type":"product","link":"https:\/\/mennconcept.com\/de\/decoration\/verschiedene\/lettres-metalliques-metallic-letters-6\/","title":{"rendered":"Lettres m\u00e9talliques \/ metallic letters 6"},"content":{"rendered":"<p><strong>8 cm<\/strong><\/p>\n<p><strong>\ud83c\uddeb\ud83c\uddf7 Num\u00e9ros m\u00e9talliques, mots m\u00e9talliques, phrases en m\u00e9tal, alphabet m\u00e9talliques, lettres m\u00e9talliques, symboles m\u00e9tallique, artisanal , accroch\u00e9 au mur, pour mur, \u00e0 pos\u00e9e, pour entr\u00e9e, artisanat marocain , fait a la main, traditionnel, en cuivre, en maillechort, en Fer , en laiton, accessoires cuivre, argent\u00e9 , dor\u00e9, cuivr\u00e9, vieillie, patin\u00e9, fonc\u00e9, galvanis\u00e9, rouill\u00e9,\u2026.<\/strong><br \/>\n<strong>Fabrication sur mesure, de diff\u00e9rant tailles et mati\u00e8res, production sp\u00e9ciale pour un charme et une d\u00e9coration sp\u00e9ciale<\/strong><\/p>\n<p><strong>\ud83c\uddec\ud83c\udde7 Metallic numbers, metallic words, metal phrases, metallic alphabet, metallic letters, metallic symbols, handcrafted, hanging on the wall, for wall, standing, for entry, Moroccan craftsmanship, handmade, traditional, copper, nickel silver, in Iron, brass, copper accessories, silver, gold, copper, aged, patina, dark, galvanized, rusty,\u2026.<\/strong><br \/>\n<strong>\u00a0 Custom manufacturing, of different sizes and materials, special production for a charm and a special decoration<\/strong><\/p>\n","protected":false},"excerpt":{"rendered":"<p>8 cm \ud83c\uddeb\ud83c\uddf7 Num\u00e9ros m\u00e9talliques, mots m\u00e9talliques, phrases en m\u00e9tal, alphabet m\u00e9talliques, lettres m\u00e9talliques, symboles m\u00e9tallique, artisanal , accroch\u00e9 au mur, pour mur, \u00e0 pos\u00e9e, pour entr\u00e9e, artisanat marocain , fait a la main, traditionnel, en cuivre, en maillechort, en Fer , en laiton, accessoires cuivre, argent\u00e9 , dor\u00e9, cuivr\u00e9, vieillie, patin\u00e9, fonc\u00e9, galvanis\u00e9, rouill\u00e9,\u2026. [&hellip;]<\/p>\n","protected":false},"featured_media":12155,"comment_status":"open","ping_status":"closed","template":"","meta":{"_monsterinsights_skip_tracking":false,"_monsterinsights_sitenote_active":false,"_monsterinsights_sitenote_note":"","_monsterinsights_sitenote_category":0,"_joinchat":[],"jetpack_publicize_message":"","jetpack_publicize_feature_enabled":true,"jetpack_social_post_already_shared":true,"jetpack_social_options":{"image_generator_settings":{"template":"highway","default_image_id":0,"font":"","enabled":false},"version":2}},"product_brand":[],"product_cat":[262],"product_tag":[],"class_list":{"0":"post-12162","1":"product","2":"type-product","3":"status-publish","4":"has-post-thumbnail","6":"product_cat-divers","8":"first","9":"instock","10":"taxable","11":"shipping-taxable","12":"purchasable","13":"product-type-simple"},"yoast_head":"<!-- This site is optimized with the Yoast SEO plugin v27.3 - https:\/\/yoast.com\/product\/yoast-seo-wordpress\/ -->\n<title>Lettres m\u00e9talliques \/ metallic letters 6 - Artisanat Marocain Mennconcept<\/title>\n<meta name=\"robots\" content=\"index, follow, max-snippet:-1, max-image-preview:large, max-video-preview:-1\" \/>\n<link rel=\"canonical\" href=\"https:\/\/mennconcept.com\/de\/decoration\/verschiedene\/lettres-metalliques-metallic-letters-6\/\" \/>\n<meta property=\"og:locale\" content=\"de_DE\" \/>\n<meta property=\"og:type\" content=\"article\" \/>\n<meta property=\"og:title\" content=\"Lettres m\u00e9talliques \/ metallic letters 6 - Artisanat Marocain Mennconcept\" \/>\n<meta property=\"og:description\" content=\"8 cm \ud83c\uddeb\ud83c\uddf7 Num\u00e9ros m\u00e9talliques, mots m\u00e9talliques, phrases en m\u00e9tal, alphabet m\u00e9talliques, lettres m\u00e9talliques, symboles m\u00e9tallique, artisanal , accroch\u00e9 au mur, pour mur, \u00e0 pos\u00e9e, pour entr\u00e9e, artisanat marocain , fait a la main, traditionnel, en cuivre, en maillechort, en Fer , en laiton, accessoires cuivre, argent\u00e9 , dor\u00e9, cuivr\u00e9, vieillie, patin\u00e9, fonc\u00e9, galvanis\u00e9, rouill\u00e9,\u2026. [&hellip;]\" \/>\n<meta property=\"og:url\" content=\"https:\/\/mennconcept.com\/de\/decoration\/verschiedene\/lettres-metalliques-metallic-letters-6\/\" \/>\n<meta property=\"og:site_name\" content=\"Artisanat Marocain Mennconcept\" \/>\n<meta property=\"article:modified_time\" content=\"2021-07-28T23:06:57+00:00\" \/>\n<meta property=\"og:image\" content=\"https:\/\/i2.wp.com\/mennconcept.com\/wp-content\/uploads\/2020\/05\/PSX_20200517_155151.jpg?fit=556%2C541&ssl=1\" \/>\n\t<meta property=\"og:image:width\" content=\"556\" \/>\n\t<meta property=\"og:image:height\" content=\"541\" \/>\n\t<meta property=\"og:image:type\" content=\"image\/jpeg\" \/>\n<meta name=\"twitter:card\" content=\"summary_large_image\" \/>\n<meta name=\"twitter:site\" content=\"@ArtisanatM\" \/>\n<meta name=\"twitter:label1\" content=\"Gesch\u00e4tzte Lesezeit\" \/>\n\t<meta name=\"twitter:data1\" content=\"1 minute\" \/>\n<script type=\"application\/ld+json\" class=\"yoast-schema-graph\">{\"@context\":\"https:\\\/\\\/schema.org\",\"@graph\":[{\"@type\":\"WebPage\",\"@id\":\"https:\\\/\\\/mennconcept.com\\\/de\\\/decoration\\\/verschiedene\\\/lettres-metalliques-metallic-letters-6\\\/\",\"url\":\"https:\\\/\\\/mennconcept.com\\\/de\\\/decoration\\\/verschiedene\\\/lettres-metalliques-metallic-letters-6\\\/\",\"name\":\"Lettres m\u00e9talliques \\\/ metallic letters 6 - Artisanat Marocain Mennconcept\",\"isPartOf\":{\"@id\":\"https:\\\/\\\/mennconcept.com\\\/de\\\/#website\"},\"primaryImageOfPage\":{\"@id\":\"https:\\\/\\\/mennconcept.com\\\/de\\\/decoration\\\/verschiedene\\\/lettres-metalliques-metallic-letters-6\\\/#primaryimage\"},\"image\":{\"@id\":\"https:\\\/\\\/mennconcept.com\\\/de\\\/decoration\\\/verschiedene\\\/lettres-metalliques-metallic-letters-6\\\/#primaryimage\"},\"thumbnailUrl\":\"https:\\\/\\\/mennconcept.com\\\/wp-content\\\/uploads\\\/2020\\\/05\\\/PSX_20200517_155151.jpg\",\"datePublished\":\"2020-05-17T16:52:50+00:00\",\"dateModified\":\"2021-07-28T23:06:57+00:00\",\"breadcrumb\":{\"@id\":\"https:\\\/\\\/mennconcept.com\\\/de\\\/decoration\\\/verschiedene\\\/lettres-metalliques-metallic-letters-6\\\/#breadcrumb\"},\"inLanguage\":\"de-DE\",\"potentialAction\":[{\"@type\":\"ReadAction\",\"target\":[\"https:\\\/\\\/mennconcept.com\\\/de\\\/decoration\\\/verschiedene\\\/lettres-metalliques-metallic-letters-6\\\/\"]}]},{\"@type\":\"ImageObject\",\"inLanguage\":\"de-DE\",\"@id\":\"https:\\\/\\\/mennconcept.com\\\/de\\\/decoration\\\/verschiedene\\\/lettres-metalliques-metallic-letters-6\\\/#primaryimage\",\"url\":\"https:\\\/\\\/mennconcept.com\\\/wp-content\\\/uploads\\\/2020\\\/05\\\/PSX_20200517_155151.jpg\",\"contentUrl\":\"https:\\\/\\\/mennconcept.com\\\/wp-content\\\/uploads\\\/2020\\\/05\\\/PSX_20200517_155151.jpg\",\"width\":556,\"height\":541},{\"@type\":\"BreadcrumbList\",\"@id\":\"https:\\\/\\\/mennconcept.com\\\/de\\\/decoration\\\/verschiedene\\\/lettres-metalliques-metallic-letters-6\\\/#breadcrumb\",\"itemListElement\":[{\"@type\":\"ListItem\",\"position\":1,\"name\":\"Accueil\",\"item\":\"https:\\\/\\\/mennconcept.com\\\/de\\\/\"},{\"@type\":\"ListItem\",\"position\":2,\"name\":\"Shop\",\"item\":\"https:\\\/\\\/mennconcept.com\\\/de\\\/shop-2\\\/\"},{\"@type\":\"ListItem\",\"position\":3,\"name\":\"Lettres m\u00e9talliques \\\/ metallic letters 6\"}]},{\"@type\":\"WebSite\",\"@id\":\"https:\\\/\\\/mennconcept.com\\\/de\\\/#website\",\"url\":\"https:\\\/\\\/mennconcept.com\\\/de\\\/\",\"name\":\"Artisanat Marocain Mennconcept\",\"description\":\"L&#039;Art de la Lumi\u00e8re. Artisanat Marocain de Luxe &amp; Cuivre Massif.\",\"publisher\":{\"@id\":\"https:\\\/\\\/mennconcept.com\\\/de\\\/#\\\/schema\\\/person\\\/2b311a14878282b83fdf0b876d5463fd\"},\"potentialAction\":[{\"@type\":\"SearchAction\",\"target\":{\"@type\":\"EntryPoint\",\"urlTemplate\":\"https:\\\/\\\/mennconcept.com\\\/de\\\/?s={search_term_string}\"},\"query-input\":{\"@type\":\"PropertyValueSpecification\",\"valueRequired\":true,\"valueName\":\"search_term_string\"}}],\"inLanguage\":\"de-DE\"},{\"@type\":[\"Person\",\"Organization\"],\"@id\":\"https:\\\/\\\/mennconcept.com\\\/de\\\/#\\\/schema\\\/person\\\/2b311a14878282b83fdf0b876d5463fd\",\"name\":\"mennconcept\",\"image\":{\"@type\":\"ImageObject\",\"inLanguage\":\"de-DE\",\"@id\":\"https:\\\/\\\/mennconcept.com\\\/wp-content\\\/uploads\\\/2021\\\/09\\\/rxyrsugfiinmmzpjdwly_400x400.png\",\"url\":\"https:\\\/\\\/mennconcept.com\\\/wp-content\\\/uploads\\\/2021\\\/09\\\/rxyrsugfiinmmzpjdwly_400x400.png\",\"contentUrl\":\"https:\\\/\\\/mennconcept.com\\\/wp-content\\\/uploads\\\/2021\\\/09\\\/rxyrsugfiinmmzpjdwly_400x400.png\",\"width\":400,\"height\":400,\"caption\":\"mennconcept\"},\"logo\":{\"@id\":\"https:\\\/\\\/mennconcept.com\\\/wp-content\\\/uploads\\\/2021\\\/09\\\/rxyrsugfiinmmzpjdwly_400x400.png\"}}]}<\/script>\n<!-- \/ Yoast SEO plugin. -->","yoast_head_json":{"title":"Lettres m\u00e9talliques \/ metallic letters 6 - Artisanat Marocain Mennconcept","robots":{"index":"index","follow":"follow","max-snippet":"max-snippet:-1","max-image-preview":"max-image-preview:large","max-video-preview":"max-video-preview:-1"},"canonical":"https:\/\/mennconcept.com\/de\/decoration\/verschiedene\/lettres-metalliques-metallic-letters-6\/","og_locale":"de_DE","og_type":"article","og_title":"Lettres m\u00e9talliques \/ metallic letters 6 - Artisanat Marocain Mennconcept","og_description":"8 cm \ud83c\uddeb\ud83c\uddf7 Num\u00e9ros m\u00e9talliques, mots m\u00e9talliques, phrases en m\u00e9tal, alphabet m\u00e9talliques, lettres m\u00e9talliques, symboles m\u00e9tallique, artisanal , accroch\u00e9 au mur, pour mur, \u00e0 pos\u00e9e, pour entr\u00e9e, artisanat marocain , fait a la main, traditionnel, en cuivre, en maillechort, en Fer , en laiton, accessoires cuivre, argent\u00e9 , dor\u00e9, cuivr\u00e9, vieillie, patin\u00e9, fonc\u00e9, galvanis\u00e9, rouill\u00e9,\u2026. [&hellip;]","og_url":"https:\/\/mennconcept.com\/de\/decoration\/verschiedene\/lettres-metalliques-metallic-letters-6\/","og_site_name":"Artisanat Marocain Mennconcept","article_modified_time":"2021-07-28T23:06:57+00:00","og_image":[{"width":556,"height":541,"url":"https:\/\/i2.wp.com\/mennconcept.com\/wp-content\/uploads\/2020\/05\/PSX_20200517_155151.jpg?fit=556%2C541&ssl=1","type":"image\/jpeg"}],"twitter_card":"summary_large_image","twitter_site":"@ArtisanatM","twitter_misc":{"Gesch\u00e4tzte Lesezeit":"1 minute"},"schema":{"@context":"https:\/\/schema.org","@graph":[{"@type":"WebPage","@id":"https:\/\/mennconcept.com\/de\/decoration\/verschiedene\/lettres-metalliques-metallic-letters-6\/","url":"https:\/\/mennconcept.com\/de\/decoration\/verschiedene\/lettres-metalliques-metallic-letters-6\/","name":"Lettres m\u00e9talliques \/ metallic letters 6 - Artisanat Marocain Mennconcept","isPartOf":{"@id":"https:\/\/mennconcept.com\/de\/#website"},"primaryImageOfPage":{"@id":"https:\/\/mennconcept.com\/de\/decoration\/verschiedene\/lettres-metalliques-metallic-letters-6\/#primaryimage"},"image":{"@id":"https:\/\/mennconcept.com\/de\/decoration\/verschiedene\/lettres-metalliques-metallic-letters-6\/#primaryimage"},"thumbnailUrl":"https:\/\/mennconcept.com\/wp-content\/uploads\/2020\/05\/PSX_20200517_155151.jpg","datePublished":"2020-05-17T16:52:50+00:00","dateModified":"2021-07-28T23:06:57+00:00","breadcrumb":{"@id":"https:\/\/mennconcept.com\/de\/decoration\/verschiedene\/lettres-metalliques-metallic-letters-6\/#breadcrumb"},"inLanguage":"de-DE","potentialAction":[{"@type":"ReadAction","target":["https:\/\/mennconcept.com\/de\/decoration\/verschiedene\/lettres-metalliques-metallic-letters-6\/"]}]},{"@type":"ImageObject","inLanguage":"de-DE","@id":"https:\/\/mennconcept.com\/de\/decoration\/verschiedene\/lettres-metalliques-metallic-letters-6\/#primaryimage","url":"https:\/\/mennconcept.com\/wp-content\/uploads\/2020\/05\/PSX_20200517_155151.jpg","contentUrl":"https:\/\/mennconcept.com\/wp-content\/uploads\/2020\/05\/PSX_20200517_155151.jpg","width":556,"height":541},{"@type":"BreadcrumbList","@id":"https:\/\/mennconcept.com\/de\/decoration\/verschiedene\/lettres-metalliques-metallic-letters-6\/#breadcrumb","itemListElement":[{"@type":"ListItem","position":1,"name":"Accueil","item":"https:\/\/mennconcept.com\/de\/"},{"@type":"ListItem","position":2,"name":"Shop","item":"https:\/\/mennconcept.com\/de\/shop-2\/"},{"@type":"ListItem","position":3,"name":"Lettres m\u00e9talliques \/ metallic letters 6"}]},{"@type":"WebSite","@id":"https:\/\/mennconcept.com\/de\/#website","url":"https:\/\/mennconcept.com\/de\/","name":"Artisanat Marocain Mennconcept","description":"L&#039;Art de la Lumi\u00e8re. Artisanat Marocain de Luxe &amp; Cuivre Massif.","publisher":{"@id":"https:\/\/mennconcept.com\/de\/#\/schema\/person\/2b311a14878282b83fdf0b876d5463fd"},"potentialAction":[{"@type":"SearchAction","target":{"@type":"EntryPoint","urlTemplate":"https:\/\/mennconcept.com\/de\/?s={search_term_string}"},"query-input":{"@type":"PropertyValueSpecification","valueRequired":true,"valueName":"search_term_string"}}],"inLanguage":"de-DE"},{"@type":["Person","Organization"],"@id":"https:\/\/mennconcept.com\/de\/#\/schema\/person\/2b311a14878282b83fdf0b876d5463fd","name":"mennconcept","image":{"@type":"ImageObject","inLanguage":"de-DE","@id":"https:\/\/mennconcept.com\/wp-content\/uploads\/2021\/09\/rxyrsugfiinmmzpjdwly_400x400.png","url":"https:\/\/mennconcept.com\/wp-content\/uploads\/2021\/09\/rxyrsugfiinmmzpjdwly_400x400.png","contentUrl":"https:\/\/mennconcept.com\/wp-content\/uploads\/2021\/09\/rxyrsugfiinmmzpjdwly_400x400.png","width":400,"height":400,"caption":"mennconcept"},"logo":{"@id":"https:\/\/mennconcept.com\/wp-content\/uploads\/2021\/09\/rxyrsugfiinmmzpjdwly_400x400.png"}}]}},"jetpack_publicize_connections":[],"amp_enabled":true,"_links":{"self":[{"href":"https:\/\/mennconcept.com\/de\/wp-json\/wp\/v2\/product\/12162","targetHints":{"allow":["GET"]}}],"collection":[{"href":"https:\/\/mennconcept.com\/de\/wp-json\/wp\/v2\/product"}],"about":[{"href":"https:\/\/mennconcept.com\/de\/wp-json\/wp\/v2\/types\/product"}],"replies":[{"embeddable":true,"href":"https:\/\/mennconcept.com\/de\/wp-json\/wp\/v2\/comments?post=12162"}],"wp:featuredmedia":[{"embeddable":true,"href":"https:\/\/mennconcept.com\/de\/wp-json\/wp\/v2\/media\/12155"}],"wp:attachment":[{"href":"https:\/\/mennconcept.com\/de\/wp-json\/wp\/v2\/media?parent=12162"}],"wp:term":[{"taxonomy":"product_brand","embeddable":true,"href":"https:\/\/mennconcept.com\/de\/wp-json\/wp\/v2\/product_brand?post=12162"},{"taxonomy":"product_cat","embeddable":true,"href":"https:\/\/mennconcept.com\/de\/wp-json\/wp\/v2\/product_cat?post=12162"},{"taxonomy":"product_tag","embeddable":true,"href":"https:\/\/mennconcept.com\/de\/wp-json\/wp\/v2\/product_tag?post=12162"}],"curies":[{"name":"wp","href":"https:\/\/api.w.org\/{rel}","templated":true}]}}