{"id":23900,"date":"2025-12-16T16:56:47","date_gmt":"2025-12-16T15:56:47","guid":{"rendered":"https:\/\/mennconcept.com\/die-kunst-der-messingleuchten-unsere-geschichte-mennconcept\/"},"modified":"2025-12-16T16:56:48","modified_gmt":"2025-12-16T15:56:48","slug":"die-kunst-der-messingleuchten-unsere-geschichte-mennconcept","status":"publish","type":"page","link":"https:\/\/mennconcept.com\/de\/die-kunst-der-messingleuchten-unsere-geschichte-mennconcept\/","title":{"rendered":"Die Kunst der Messingleuchten | Unsere Geschichte &#8211; MENNCONCEPT"},"content":{"rendered":"\t\t<div data-elementor-type=\"wp-page\" data-elementor-id=\"23900\" class=\"elementor elementor-23900 elementor-23823\">\n\t\t\t\t\t\t<section class=\"elementor-section elementor-top-section elementor-element elementor-element-85d48ac elementor-section-height-min-height elementor-section-boxed elementor-section-height-default elementor-section-items-middle\" data-id=\"85d48ac\" data-element_type=\"section\" data-e-type=\"section\" data-settings=\"{&quot;background_background&quot;:&quot;classic&quot;}\">\n\t\t\t\t\t\t\t<div class=\"elementor-background-overlay\"><\/div>\n\t\t\t\t\t\t\t<div class=\"elementor-container elementor-column-gap-default\">\n\t\t\t\t\t<div class=\"elementor-column elementor-col-100 elementor-top-column elementor-element elementor-element-3e83e56\" data-id=\"3e83e56\" data-element_type=\"column\" data-e-type=\"column\">\n\t\t\t<div class=\"elementor-widget-wrap elementor-element-populated\">\n\t\t\t\t\t\t<div class=\"elementor-element elementor-element-2c3b455 elementor-widget elementor-widget-heading\" data-id=\"2c3b455\" data-element_type=\"widget\" data-e-type=\"widget\" data-widget_type=\"heading.default\">\n\t\t\t\t<div class=\"elementor-widget-container\">\n\t\t\t\t\t<h6 class=\"elementor-heading-title elementor-size-default\">MENNCONCEPT \u2022 MAROKKANISCHES KUNSTHANDWERK<\/h6>\t\t\t\t<\/div>\n\t\t\t\t<\/div>\n\t\t\t\t<div class=\"elementor-element elementor-element-f25def8 elementor-widget elementor-widget-heading\" data-id=\"f25def8\" data-element_type=\"widget\" data-e-type=\"widget\" data-widget_type=\"heading.default\">\n\t\t\t\t<div class=\"elementor-widget-container\">\n\t\t\t\t\t<h1 class=\"elementor-heading-title elementor-size-default\">Die Kunst des Lichts, Der Geist von Marrakesch<\/h1>\t\t\t\t<\/div>\n\t\t\t\t<\/div>\n\t\t\t\t\t<\/div>\n\t\t<\/div>\n\t\t\t\t\t<\/div>\n\t\t<\/section>\n\t\t\t\t<section class=\"elementor-section elementor-top-section elementor-element elementor-element-823a7f3 elementor-section-boxed elementor-section-height-default elementor-section-height-default\" data-id=\"823a7f3\" data-element_type=\"section\" data-e-type=\"section\">\n\t\t\t\t\t\t<div class=\"elementor-container elementor-column-gap-default\">\n\t\t\t\t\t<div class=\"elementor-column elementor-col-100 elementor-top-column elementor-element elementor-element-9aaccc7\" data-id=\"9aaccc7\" data-element_type=\"column\" data-e-type=\"column\">\n\t\t\t<div class=\"elementor-widget-wrap\">\n\t\t\t\t\t\t\t<\/div>\n\t\t<\/div>\n\t\t\t\t\t<\/div>\n\t\t<\/section>\n\t\t\t\t<section class=\"elementor-section elementor-top-section elementor-element elementor-element-d1e592b elementor-section-boxed elementor-section-height-default elementor-section-height-default\" data-id=\"d1e592b\" data-element_type=\"section\" data-e-type=\"section\">\n\t\t\t\t\t\t<div class=\"elementor-container elementor-column-gap-default\">\n\t\t\t\t\t<div class=\"elementor-column elementor-col-100 elementor-top-column elementor-element elementor-element-6d27c9a\" data-id=\"6d27c9a\" data-element_type=\"column\" data-e-type=\"column\">\n\t\t\t<div class=\"elementor-widget-wrap elementor-element-populated\">\n\t\t\t\t\t\t<div class=\"elementor-element elementor-element-3a419f0 elementor-widget elementor-widget-heading\" data-id=\"3a419f0\" data-element_type=\"widget\" data-e-type=\"widget\" data-widget_type=\"heading.default\">\n\t\t\t\t<div class=\"elementor-widget-container\">\n\t\t\t\t\t<h2 class=\"elementor-heading-title elementor-size-default\">Sch\u00f6pfer von Messingleuchten<\/h2>\t\t\t\t<\/div>\n\t\t\t\t<\/div>\n\t\t\t\t<div class=\"elementor-element elementor-element-74c2c84 elementor-widget elementor-widget-text-editor\" data-id=\"74c2c84\" data-element_type=\"widget\" data-e-type=\"widget\" data-widget_type=\"text-editor.default\">\n\t\t\t\t<div class=\"elementor-widget-container\">\n\t\t\t\t\t\t\t\t\t<p>Bienvenue chez MENNCONCEPT, une signature unique dans le monde de la haute d\u00e9coration. Unsere Essenz liegt in der Kreation von Messingleuchten, die \u00fcber blo\u00dfe Beleuchtung hinausgehen und zu echten Lichtskulpturen werden.<\/p><h2 style=\"font-family: 'Playfair Display', serif; color: #2c2c2c; margin-top: 30px;\">L&#8217;Excellence de la Mati\u00e8re<\/h2><p>Warum Messing? Weil es ein lebendiges, edles und zeitloses Material ist. Im Gegensatz zur Industrieware werden unsere Messingleuchten in unseren Werkst\u00e4tten in <a style=\"color: #a04000; text-decoration: none;\" href=\"https:\/\/de.wikipedia.org\/wiki\/Marrakesch\" target=\"_blank\" rel=\"noopener\">Marrakesch<\/a> handgefertigt. Jeder Mei\u00dfelschlag, jede Biegung ist das Ergebnis eines stummen Dialogs zwischen dem Handwerker und dem Metall und bewahrt ein seltenes Know-how, das sich der Standardisierung verweigert.<\/p><h3 style=\"font-family: 'Playfair Display', serif; color: #a04000;\">Ein Design aus Marrakesch<\/h3><p>Unsere Inspiration sch\u00f6pfen wir aus der arabisch-andalusischen Architektur, neu interpretiert f\u00fcr moderne Interieurs. Que ce soit pour un salon parisien ou une villa m\u00e9diterran\u00e9enne, nos cr\u00e9ations apportent cette touche de chaleur indescriptible. Mit unseren <a style=\"color: #a04000; text-decoration: none;\" href=\"https:\/\/www.google.com\/search?q=Messingst%C3%BCcken\" target=\"_blank\" rel=\"noopener\">Messingst\u00fccken <\/a>w\u00e4hlen Sie ein Kunstwerk, das mit der Zeit wundersch\u00f6n altert und die Geschichte eines authentischen und nachhaltigen Luxus erz\u00e4hlt.<\/p>\t\t\t\t\t\t\t\t<\/div>\n\t\t\t\t<\/div>\n\t\t\t\t<div class=\"elementor-element elementor-element-572c888 elementor-align-center elementor-widget elementor-widget-button\" data-id=\"572c888\" data-element_type=\"widget\" data-e-type=\"widget\" data-widget_type=\"button.default\">\n\t\t\t\t<div class=\"elementor-widget-container\">\n\t\t\t\t\t\t\t\t\t<div class=\"elementor-button-wrapper\">\n\t\t\t\t\t<a class=\"elementor-button elementor-button-link elementor-size-sm elementor-animation-grow\" href=\"https:\/\/mennconcept.com\/boutique\/\">\n\t\t\t\t\t\t<span class=\"elementor-button-content-wrapper\">\n\t\t\t\t\t\t\t\t\t<span class=\"elementor-button-text\">Die Kollektion entdecken<\/span>\n\t\t\t\t\t<\/span>\n\t\t\t\t\t<\/a>\n\t\t\t\t<\/div>\n\t\t\t\t\t\t\t\t<\/div>\n\t\t\t\t<\/div>\n\t\t\t\t\t<\/div>\n\t\t<\/div>\n\t\t\t\t\t<\/div>\n\t\t<\/section>\n\t\t\t\t<section class=\"elementor-section elementor-top-section elementor-element elementor-element-15101cc elementor-section-boxed elementor-section-height-default elementor-section-height-default\" data-id=\"15101cc\" data-element_type=\"section\" data-e-type=\"section\">\n\t\t\t\t\t\t<div class=\"elementor-container elementor-column-gap-default\">\n\t\t\t\t\t<div class=\"elementor-column elementor-col-33 elementor-top-column elementor-element elementor-element-ba048df\" data-id=\"ba048df\" data-element_type=\"column\" data-e-type=\"column\">\n\t\t\t<div class=\"elementor-widget-wrap elementor-element-populated\">\n\t\t\t\t\t\t<div class=\"elementor-element elementor-element-fc737b1 elementor-view-default elementor-position-block-start elementor-mobile-position-block-start elementor-widget elementor-widget-icon-box\" data-id=\"fc737b1\" data-element_type=\"widget\" data-e-type=\"widget\" data-widget_type=\"icon-box.default\">\n\t\t\t\t<div class=\"elementor-widget-container\">\n\t\t\t\t\t\t\t<div class=\"elementor-icon-box-wrapper\">\n\n\t\t\t\t\t\t<div class=\"elementor-icon-box-icon\">\n\t\t\t\t<span  class=\"elementor-icon\">\n\t\t\t\t<i aria-hidden=\"true\" class=\"far fa-gem\"><\/i>\t\t\t\t<\/span>\n\t\t\t<\/div>\n\t\t\t\n\t\t\t\t\t\t<div class=\"elementor-icon-box-content\">\n\n\t\t\t\t\t\t\t\t\t<h3 class=\"elementor-icon-box-title\">\n\t\t\t\t\t\t<span  >\n\t\t\t\t\t\t\tEchtes massives Messing\t\t\t\t\t\t<\/span>\n\t\t\t\t\t<\/h3>\n\t\t\t\t\n\t\t\t\t\t\t\t\t\t<p class=\"elementor-icon-box-description\">\n\t\t\t\t\t\tWir verwenden ausschlie\u00dflich erstklassiges Messing, ein edles Material, das die Zeit \u00fcberdauert, ohne zu rosten.\t\t\t\t\t<\/p>\n\t\t\t\t\n\t\t\t<\/div>\n\t\t\t\n\t\t<\/div>\n\t\t\t\t\t\t<\/div>\n\t\t\t\t<\/div>\n\t\t\t\t\t<\/div>\n\t\t<\/div>\n\t\t\t\t<div class=\"elementor-column elementor-col-33 elementor-top-column elementor-element elementor-element-6c9d45b\" data-id=\"6c9d45b\" data-element_type=\"column\" data-e-type=\"column\">\n\t\t\t<div class=\"elementor-widget-wrap elementor-element-populated\">\n\t\t\t\t\t\t<div class=\"elementor-element elementor-element-d61f640 elementor-view-default elementor-position-block-start elementor-mobile-position-block-start elementor-widget elementor-widget-icon-box\" data-id=\"d61f640\" data-element_type=\"widget\" data-e-type=\"widget\" data-widget_type=\"icon-box.default\">\n\t\t\t\t<div class=\"elementor-widget-container\">\n\t\t\t\t\t\t\t<div class=\"elementor-icon-box-wrapper\">\n\n\t\t\t\t\t\t<div class=\"elementor-icon-box-icon\">\n\t\t\t\t<span  class=\"elementor-icon\">\n\t\t\t\t<i aria-hidden=\"true\" class=\"fas fa-hammer\"><\/i>\t\t\t\t<\/span>\n\t\t\t<\/div>\n\t\t\t\n\t\t\t\t\t\t<div class=\"elementor-icon-box-content\">\n\n\t\t\t\t\t\t\t\t\t<h3 class=\"elementor-icon-box-title\">\n\t\t\t\t\t\t<span  >\n\t\t\t\t\t\t\tHandgefertigt in Marrakesch\t\t\t\t\t\t<\/span>\n\t\t\t\t\t<\/h3>\n\t\t\t\t\n\t\t\t\t\t\t\t\t\t<p class=\"elementor-icon-box-description\">\n\t\t\t\t\t\tJede Leuchte wird von unseren Meisterhandwerkern manuell ziseliert, was ein Unikat mit makellosen Details garantiert.\t\t\t\t\t<\/p>\n\t\t\t\t\n\t\t\t<\/div>\n\t\t\t\n\t\t<\/div>\n\t\t\t\t\t\t<\/div>\n\t\t\t\t<\/div>\n\t\t\t\t\t<\/div>\n\t\t<\/div>\n\t\t\t\t<div class=\"elementor-column elementor-col-33 elementor-top-column elementor-element elementor-element-b046fe9\" data-id=\"b046fe9\" data-element_type=\"column\" data-e-type=\"column\">\n\t\t\t<div class=\"elementor-widget-wrap elementor-element-populated\">\n\t\t\t\t\t\t<div class=\"elementor-element elementor-element-8a773f9 elementor-view-default elementor-position-block-start elementor-mobile-position-block-start elementor-widget elementor-widget-icon-box\" data-id=\"8a773f9\" data-element_type=\"widget\" data-e-type=\"widget\" data-widget_type=\"icon-box.default\">\n\t\t\t\t<div class=\"elementor-widget-container\">\n\t\t\t\t\t\t\t<div class=\"elementor-icon-box-wrapper\">\n\n\t\t\t\t\t\t<div class=\"elementor-icon-box-icon\">\n\t\t\t\t<span  class=\"elementor-icon\">\n\t\t\t\t<i aria-hidden=\"true\" class=\"fas fa-truck\"><\/i>\t\t\t\t<\/span>\n\t\t\t<\/div>\n\t\t\t\n\t\t\t\t\t\t<div class=\"elementor-icon-box-content\">\n\n\t\t\t\t\t\t\t\t\t<h3 class=\"elementor-icon-box-title\">\n\t\t\t\t\t\t<span  >\n\t\t\t\t\t\t\tSicherer Versand\t\t\t\t\t\t<\/span>\n\t\t\t\t\t<\/h3>\n\t\t\t\t\n\t\t\t\t\t\t\t\t\t<p class=\"elementor-icon-box-description\">\n\t\t\t\t\t\tVerst\u00e4rkte Verpackung in Holzkisten f\u00fcr eine risikofreie internationale Lieferung. Ihre Zufriedenheit ist unsere Priorit\u00e4t.\t\t\t\t\t<\/p>\n\t\t\t\t\n\t\t\t<\/div>\n\t\t\t\n\t\t<\/div>\n\t\t\t\t\t\t<\/div>\n\t\t\t\t<\/div>\n\t\t\t\t\t<\/div>\n\t\t<\/div>\n\t\t\t\t\t<\/div>\n\t\t<\/section>\n\t\t\t\t<section class=\"elementor-section elementor-top-section elementor-element elementor-element-e6cd119 elementor-section-boxed elementor-section-height-default elementor-section-height-default\" data-id=\"e6cd119\" data-element_type=\"section\" data-e-type=\"section\">\n\t\t\t\t\t\t<div class=\"elementor-container elementor-column-gap-default\">\n\t\t\t\t\t<div class=\"elementor-column elementor-col-100 elementor-top-column elementor-element elementor-element-11c2a47\" data-id=\"11c2a47\" data-element_type=\"column\" data-e-type=\"column\">\n\t\t\t<div class=\"elementor-widget-wrap\">\n\t\t\t\t\t\t\t<\/div>\n\t\t<\/div>\n\t\t\t\t\t<\/div>\n\t\t<\/section>\n\t\t\t\t<\/div>\n\t\t","protected":false},"excerpt":{"rendered":"<p>MENNCONCEPT \u2022 MAROKKANISCHES KUNSTHANDWERK Die Kunst des Lichts, Der Geist von Marrakesch Sch\u00f6pfer von Messingleuchten Bienvenue chez MENNCONCEPT, une signature unique dans le monde de la haute d\u00e9coration. Unsere Essenz liegt in der Kreation von Messingleuchten, die \u00fcber blo\u00dfe Beleuchtung hinausgehen und zu echten Lichtskulpturen werden. L&#8217;Excellence de la Mati\u00e8re Warum Messing? Weil es ein [&hellip;]<\/p>\n","protected":false},"author":1,"featured_media":23861,"parent":0,"menu_order":0,"comment_status":"closed","ping_status":"closed","template":"elementor_header_footer","meta":{"_monsterinsights_skip_tracking":false,"_monsterinsights_sitenote_active":false,"_monsterinsights_sitenote_note":"","_monsterinsights_sitenote_category":0,"_joinchat":[],"footnotes":""},"class_list":["post-23900","page","type-page","status-publish","has-post-thumbnail","hentry"],"yoast_head":"<!-- This site is optimized with the Yoast SEO plugin v27.3 - https:\/\/yoast.com\/product\/yoast-seo-wordpress\/ -->\n<title>Die Kunst der Messingleuchten | Unsere Geschichte - MENNCONCEPT - Artisanat Marocain Mennconcept<\/title>\n<meta name=\"description\" content=\"MENNCONCEPT: Sch\u00f6pfer von handgefertigten Messingleuchten aus Marrakesch. Die perfekte Allianz zwischen modernem Design und Erbe. Die perfekte Allianz zwischen zeitgen\u00f6ssischem Design und Erbe.\" \/>\n<meta name=\"robots\" content=\"index, follow, max-snippet:-1, max-image-preview:large, max-video-preview:-1\" \/>\n<link rel=\"canonical\" href=\"https:\/\/mennconcept.com\/de\/die-kunst-der-messingleuchten-unsere-geschichte-mennconcept\/\" \/>\n<meta property=\"og:locale\" content=\"de_DE\" \/>\n<meta property=\"og:type\" content=\"article\" \/>\n<meta property=\"og:title\" content=\"Die Kunst der Messingleuchten | Unsere Geschichte - MENNCONCEPT - Artisanat Marocain Mennconcept\" \/>\n<meta property=\"og:description\" content=\"MENNCONCEPT: Sch\u00f6pfer von handgefertigten Messingleuchten aus Marrakesch. Die perfekte Allianz zwischen modernem Design und Erbe. Die perfekte Allianz zwischen zeitgen\u00f6ssischem Design und Erbe.\" \/>\n<meta property=\"og:url\" content=\"https:\/\/mennconcept.com\/de\/die-kunst-der-messingleuchten-unsere-geschichte-mennconcept\/\" \/>\n<meta property=\"og:site_name\" content=\"Artisanat Marocain Mennconcept\" \/>\n<meta property=\"article:modified_time\" content=\"2025-12-16T15:56:48+00:00\" \/>\n<meta property=\"og:image\" content=\"https:\/\/mennconcept.com\/wp-content\/uploads\/2025\/12\/Applique-Murale-Kasbah-\u2013-Laiton-Dore-Ombres-Portees-Fait-Main-scaled.jpg\" \/>\n\t<meta property=\"og:image:width\" content=\"1920\" \/>\n\t<meta property=\"og:image:height\" content=\"2560\" \/>\n\t<meta property=\"og:image:type\" content=\"image\/jpeg\" \/>\n<meta name=\"twitter:card\" content=\"summary_large_image\" \/>\n<meta name=\"twitter:site\" content=\"@ArtisanatM\" \/>\n<meta name=\"twitter:label1\" content=\"Gesch\u00e4tzte Lesezeit\" \/>\n\t<meta name=\"twitter:data1\" content=\"1 minute\" \/>\n<script type=\"application\/ld+json\" class=\"yoast-schema-graph\">{\"@context\":\"https:\\\/\\\/schema.org\",\"@graph\":[{\"@type\":\"WebPage\",\"@id\":\"https:\\\/\\\/mennconcept.com\\\/de\\\/die-kunst-der-messingleuchten-unsere-geschichte-mennconcept\\\/\",\"url\":\"https:\\\/\\\/mennconcept.com\\\/de\\\/die-kunst-der-messingleuchten-unsere-geschichte-mennconcept\\\/\",\"name\":\"Die Kunst der Messingleuchten | Unsere Geschichte - MENNCONCEPT - Artisanat Marocain Mennconcept\",\"isPartOf\":{\"@id\":\"https:\\\/\\\/mennconcept.com\\\/de\\\/#website\"},\"primaryImageOfPage\":{\"@id\":\"https:\\\/\\\/mennconcept.com\\\/de\\\/die-kunst-der-messingleuchten-unsere-geschichte-mennconcept\\\/#primaryimage\"},\"image\":{\"@id\":\"https:\\\/\\\/mennconcept.com\\\/de\\\/die-kunst-der-messingleuchten-unsere-geschichte-mennconcept\\\/#primaryimage\"},\"thumbnailUrl\":\"https:\\\/\\\/mennconcept.com\\\/wp-content\\\/uploads\\\/2025\\\/12\\\/Applique-Murale-Kasbah-\u2013-Laiton-Dore-Ombres-Portees-Fait-Main-scaled.jpg\",\"datePublished\":\"2025-12-16T15:56:47+00:00\",\"dateModified\":\"2025-12-16T15:56:48+00:00\",\"description\":\"MENNCONCEPT: Sch\u00f6pfer von handgefertigten Messingleuchten aus Marrakesch. Die perfekte Allianz zwischen modernem Design und Erbe. Die perfekte Allianz zwischen zeitgen\u00f6ssischem Design und Erbe.\",\"breadcrumb\":{\"@id\":\"https:\\\/\\\/mennconcept.com\\\/de\\\/die-kunst-der-messingleuchten-unsere-geschichte-mennconcept\\\/#breadcrumb\"},\"inLanguage\":\"de-DE\",\"potentialAction\":[{\"@type\":\"ReadAction\",\"target\":[\"https:\\\/\\\/mennconcept.com\\\/de\\\/die-kunst-der-messingleuchten-unsere-geschichte-mennconcept\\\/\"]}]},{\"@type\":\"ImageObject\",\"inLanguage\":\"de-DE\",\"@id\":\"https:\\\/\\\/mennconcept.com\\\/de\\\/die-kunst-der-messingleuchten-unsere-geschichte-mennconcept\\\/#primaryimage\",\"url\":\"https:\\\/\\\/mennconcept.com\\\/wp-content\\\/uploads\\\/2025\\\/12\\\/Applique-Murale-Kasbah-\u2013-Laiton-Dore-Ombres-Portees-Fait-Main-scaled.jpg\",\"contentUrl\":\"https:\\\/\\\/mennconcept.com\\\/wp-content\\\/uploads\\\/2025\\\/12\\\/Applique-Murale-Kasbah-\u2013-Laiton-Dore-Ombres-Portees-Fait-Main-scaled.jpg\",\"width\":1920,\"height\":2560,\"caption\":\"Die Kunst von Licht und Schatten: eine handgefertigte Wandleuchte von Mennconcept aus Marrakesch.\"},{\"@type\":\"BreadcrumbList\",\"@id\":\"https:\\\/\\\/mennconcept.com\\\/de\\\/die-kunst-der-messingleuchten-unsere-geschichte-mennconcept\\\/#breadcrumb\",\"itemListElement\":[{\"@type\":\"ListItem\",\"position\":1,\"name\":\"Accueil\",\"item\":\"https:\\\/\\\/mennconcept.com\\\/de\\\/\"},{\"@type\":\"ListItem\",\"position\":2,\"name\":\"Die Kunst der Messingleuchten | Unsere Geschichte &#8211; MENNCONCEPT\"}]},{\"@type\":\"WebSite\",\"@id\":\"https:\\\/\\\/mennconcept.com\\\/de\\\/#website\",\"url\":\"https:\\\/\\\/mennconcept.com\\\/de\\\/\",\"name\":\"Artisanat Marocain Mennconcept\",\"description\":\"L&#039;Art de la Lumi\u00e8re. Artisanat Marocain de Luxe &amp; Cuivre Massif.\",\"publisher\":{\"@id\":\"https:\\\/\\\/mennconcept.com\\\/de\\\/#\\\/schema\\\/person\\\/2b311a14878282b83fdf0b876d5463fd\"},\"potentialAction\":[{\"@type\":\"SearchAction\",\"target\":{\"@type\":\"EntryPoint\",\"urlTemplate\":\"https:\\\/\\\/mennconcept.com\\\/de\\\/?s={search_term_string}\"},\"query-input\":{\"@type\":\"PropertyValueSpecification\",\"valueRequired\":true,\"valueName\":\"search_term_string\"}}],\"inLanguage\":\"de-DE\"},{\"@type\":[\"Person\",\"Organization\"],\"@id\":\"https:\\\/\\\/mennconcept.com\\\/de\\\/#\\\/schema\\\/person\\\/2b311a14878282b83fdf0b876d5463fd\",\"name\":\"mennconcept\",\"image\":{\"@type\":\"ImageObject\",\"inLanguage\":\"de-DE\",\"@id\":\"https:\\\/\\\/mennconcept.com\\\/wp-content\\\/uploads\\\/2021\\\/09\\\/rxyrsugfiinmmzpjdwly_400x400.png\",\"url\":\"https:\\\/\\\/mennconcept.com\\\/wp-content\\\/uploads\\\/2021\\\/09\\\/rxyrsugfiinmmzpjdwly_400x400.png\",\"contentUrl\":\"https:\\\/\\\/mennconcept.com\\\/wp-content\\\/uploads\\\/2021\\\/09\\\/rxyrsugfiinmmzpjdwly_400x400.png\",\"width\":400,\"height\":400,\"caption\":\"mennconcept\"},\"logo\":{\"@id\":\"https:\\\/\\\/mennconcept.com\\\/wp-content\\\/uploads\\\/2021\\\/09\\\/rxyrsugfiinmmzpjdwly_400x400.png\"}}]}<\/script>\n<!-- \/ Yoast SEO plugin. -->","yoast_head_json":{"title":"Die Kunst der Messingleuchten | Unsere Geschichte - MENNCONCEPT - Artisanat Marocain Mennconcept","description":"MENNCONCEPT: Sch\u00f6pfer von handgefertigten Messingleuchten aus Marrakesch. Die perfekte Allianz zwischen modernem Design und Erbe. Die perfekte Allianz zwischen zeitgen\u00f6ssischem Design und Erbe.","robots":{"index":"index","follow":"follow","max-snippet":"max-snippet:-1","max-image-preview":"max-image-preview:large","max-video-preview":"max-video-preview:-1"},"canonical":"https:\/\/mennconcept.com\/de\/die-kunst-der-messingleuchten-unsere-geschichte-mennconcept\/","og_locale":"de_DE","og_type":"article","og_title":"Die Kunst der Messingleuchten | Unsere Geschichte - MENNCONCEPT - Artisanat Marocain Mennconcept","og_description":"MENNCONCEPT: Sch\u00f6pfer von handgefertigten Messingleuchten aus Marrakesch. Die perfekte Allianz zwischen modernem Design und Erbe. Die perfekte Allianz zwischen zeitgen\u00f6ssischem Design und Erbe.","og_url":"https:\/\/mennconcept.com\/de\/die-kunst-der-messingleuchten-unsere-geschichte-mennconcept\/","og_site_name":"Artisanat Marocain Mennconcept","article_modified_time":"2025-12-16T15:56:48+00:00","og_image":[{"width":1920,"height":2560,"url":"https:\/\/mennconcept.com\/wp-content\/uploads\/2025\/12\/Applique-Murale-Kasbah-\u2013-Laiton-Dore-Ombres-Portees-Fait-Main-scaled.jpg","type":"image\/jpeg"}],"twitter_card":"summary_large_image","twitter_site":"@ArtisanatM","twitter_misc":{"Gesch\u00e4tzte Lesezeit":"1 minute"},"schema":{"@context":"https:\/\/schema.org","@graph":[{"@type":"WebPage","@id":"https:\/\/mennconcept.com\/de\/die-kunst-der-messingleuchten-unsere-geschichte-mennconcept\/","url":"https:\/\/mennconcept.com\/de\/die-kunst-der-messingleuchten-unsere-geschichte-mennconcept\/","name":"Die Kunst der Messingleuchten | Unsere Geschichte - MENNCONCEPT - Artisanat Marocain Mennconcept","isPartOf":{"@id":"https:\/\/mennconcept.com\/de\/#website"},"primaryImageOfPage":{"@id":"https:\/\/mennconcept.com\/de\/die-kunst-der-messingleuchten-unsere-geschichte-mennconcept\/#primaryimage"},"image":{"@id":"https:\/\/mennconcept.com\/de\/die-kunst-der-messingleuchten-unsere-geschichte-mennconcept\/#primaryimage"},"thumbnailUrl":"https:\/\/mennconcept.com\/wp-content\/uploads\/2025\/12\/Applique-Murale-Kasbah-\u2013-Laiton-Dore-Ombres-Portees-Fait-Main-scaled.jpg","datePublished":"2025-12-16T15:56:47+00:00","dateModified":"2025-12-16T15:56:48+00:00","description":"MENNCONCEPT: Sch\u00f6pfer von handgefertigten Messingleuchten aus Marrakesch. Die perfekte Allianz zwischen modernem Design und Erbe. Die perfekte Allianz zwischen zeitgen\u00f6ssischem Design und Erbe.","breadcrumb":{"@id":"https:\/\/mennconcept.com\/de\/die-kunst-der-messingleuchten-unsere-geschichte-mennconcept\/#breadcrumb"},"inLanguage":"de-DE","potentialAction":[{"@type":"ReadAction","target":["https:\/\/mennconcept.com\/de\/die-kunst-der-messingleuchten-unsere-geschichte-mennconcept\/"]}]},{"@type":"ImageObject","inLanguage":"de-DE","@id":"https:\/\/mennconcept.com\/de\/die-kunst-der-messingleuchten-unsere-geschichte-mennconcept\/#primaryimage","url":"https:\/\/mennconcept.com\/wp-content\/uploads\/2025\/12\/Applique-Murale-Kasbah-\u2013-Laiton-Dore-Ombres-Portees-Fait-Main-scaled.jpg","contentUrl":"https:\/\/mennconcept.com\/wp-content\/uploads\/2025\/12\/Applique-Murale-Kasbah-\u2013-Laiton-Dore-Ombres-Portees-Fait-Main-scaled.jpg","width":1920,"height":2560,"caption":"Die Kunst von Licht und Schatten: eine handgefertigte Wandleuchte von Mennconcept aus Marrakesch."},{"@type":"BreadcrumbList","@id":"https:\/\/mennconcept.com\/de\/die-kunst-der-messingleuchten-unsere-geschichte-mennconcept\/#breadcrumb","itemListElement":[{"@type":"ListItem","position":1,"name":"Accueil","item":"https:\/\/mennconcept.com\/de\/"},{"@type":"ListItem","position":2,"name":"Die Kunst der Messingleuchten | Unsere Geschichte &#8211; MENNCONCEPT"}]},{"@type":"WebSite","@id":"https:\/\/mennconcept.com\/de\/#website","url":"https:\/\/mennconcept.com\/de\/","name":"Artisanat Marocain Mennconcept","description":"L&#039;Art de la Lumi\u00e8re. Artisanat Marocain de Luxe &amp; Cuivre Massif.","publisher":{"@id":"https:\/\/mennconcept.com\/de\/#\/schema\/person\/2b311a14878282b83fdf0b876d5463fd"},"potentialAction":[{"@type":"SearchAction","target":{"@type":"EntryPoint","urlTemplate":"https:\/\/mennconcept.com\/de\/?s={search_term_string}"},"query-input":{"@type":"PropertyValueSpecification","valueRequired":true,"valueName":"search_term_string"}}],"inLanguage":"de-DE"},{"@type":["Person","Organization"],"@id":"https:\/\/mennconcept.com\/de\/#\/schema\/person\/2b311a14878282b83fdf0b876d5463fd","name":"mennconcept","image":{"@type":"ImageObject","inLanguage":"de-DE","@id":"https:\/\/mennconcept.com\/wp-content\/uploads\/2021\/09\/rxyrsugfiinmmzpjdwly_400x400.png","url":"https:\/\/mennconcept.com\/wp-content\/uploads\/2021\/09\/rxyrsugfiinmmzpjdwly_400x400.png","contentUrl":"https:\/\/mennconcept.com\/wp-content\/uploads\/2021\/09\/rxyrsugfiinmmzpjdwly_400x400.png","width":400,"height":400,"caption":"mennconcept"},"logo":{"@id":"https:\/\/mennconcept.com\/wp-content\/uploads\/2021\/09\/rxyrsugfiinmmzpjdwly_400x400.png"}}]}},"amp_enabled":false,"_links":{"self":[{"href":"https:\/\/mennconcept.com\/de\/wp-json\/wp\/v2\/pages\/23900","targetHints":{"allow":["GET"]}}],"collection":[{"href":"https:\/\/mennconcept.com\/de\/wp-json\/wp\/v2\/pages"}],"about":[{"href":"https:\/\/mennconcept.com\/de\/wp-json\/wp\/v2\/types\/page"}],"author":[{"embeddable":true,"href":"https:\/\/mennconcept.com\/de\/wp-json\/wp\/v2\/users\/1"}],"replies":[{"embeddable":true,"href":"https:\/\/mennconcept.com\/de\/wp-json\/wp\/v2\/comments?post=23900"}],"version-history":[{"count":1,"href":"https:\/\/mennconcept.com\/de\/wp-json\/wp\/v2\/pages\/23900\/revisions"}],"predecessor-version":[{"id":23901,"href":"https:\/\/mennconcept.com\/de\/wp-json\/wp\/v2\/pages\/23900\/revisions\/23901"}],"wp:featuredmedia":[{"embeddable":true,"href":"https:\/\/mennconcept.com\/de\/wp-json\/wp\/v2\/media\/23861"}],"wp:attachment":[{"href":"https:\/\/mennconcept.com\/de\/wp-json\/wp\/v2\/media?parent=23900"}],"curies":[{"name":"wp","href":"https:\/\/api.w.org\/{rel}","templated":true}]}}